{"id":5017,"date":"2022-01-05T14:02:46","date_gmt":"2022-01-05T13:02:46","guid":{"rendered":"https:\/\/skola.karlstad.se\/elev\/?page_id=5017"},"modified":"2022-01-18T16:17:36","modified_gmt":"2022-01-18T15:17:36","slug":"till-vardnadhavare","status":"publish","type":"page","link":"https:\/\/skola.karlstad.se\/elev\/till-vardnadhavare\/","title":{"rendered":"Till v\u00e5rdnadshavare"},"content":{"rendered":"<style>.kb-posts-id-_61afd4-89 .entry.loop-entry .entry-header .entry-title{font-size:20px;}.kb-posts-id-_61afd4-89 .kb-post-list-item{display:grid;}<\/style><ul class=\"wp-block-kadence-posts kb-posts kadence-posts-list kb-posts-id-_61afd4-89 content-wrap grid-cols kb-posts-style-boxed grid-sm-col-1 grid-lg-col-1 item-image-style-beside\"><li class=\"kb-post-list-item\">\n\t<article class=\"entry content-bg loop-entry post-3418 post type-post status-publish format-standard has-post-thumbnail hentry category-vardnadshavare\">\n\t\t\t\t<a aria-hidden=\"true\" tabindex=\"-1\" role=\"presentation\" class=\"post-thumbnail kadence-thumbnail-ratio-9-16\" href=\"https:\/\/skola.karlstad.se\/elev\/snabbguider-till-digitala-medier\/\" aria-label=\"Snabbguider till digitala medier\">\n\t\t\t<div class=\"post-thumbnail-inner\">\n\t\t\t\t<img loading=\"lazy\" decoding=\"async\" width=\"267\" height=\"189\" src=\"https:\/\/skola.karlstad.se\/elev\/wp-content\/uploads\/sites\/583\/2022\/01\/image.jpeg\" class=\"attachment-medium_large size-medium_large wp-post-image\" alt=\"Olika sociala medier\" \/>\t\t\t<\/div>\n\t\t<\/a><!-- .post-thumbnail -->\n\t\t\t\t<div class=\"entry-content-wrap\">\n\t\t\t<header class=\"entry-header\">\n\t<h6 class=\"entry-title\"><a href=\"https:\/\/skola.karlstad.se\/elev\/snabbguider-till-digitala-medier\/\" rel=\"bookmark\">Snabbguider till digitala medier<\/a><\/h6>\t<div class=\"entry-meta entry-meta-divider-dot\">\n\t\t\t\t<span class=\"posted-on\">\n\t\t\t\t<time class=\"entry-date published updated\" datetime=\"2023-06-01T16:21:55+02:00\">1 juni, 2023<\/time>\t\t\t<\/span>\n\t\t\t\t<\/div><!-- .entry-meta -->\n\t<\/header><!-- .entry-header -->\n\t<div class=\"entry-summary\">\n\t\t<p>Statens medier\u00e5ds snabbguider till f\u00f6r\u00e4ldrar om de vanligaste och mest anv\u00e4nda sociala medier som finns idag.<\/p>\n\t<\/div><!-- .entry-summary -->\n\t<footer class=\"entry-footer\">\n\t<\/footer><!-- .entry-footer -->\t\t<\/div>\n\t<\/article>\n<\/li>\n<li class=\"kb-post-list-item\">\n\t<article class=\"entry content-bg loop-entry post-4758 post type-post status-publish format-standard has-post-thumbnail hentry category-vardnadshavare\">\n\t\t\t\t<a aria-hidden=\"true\" tabindex=\"-1\" role=\"presentation\" class=\"post-thumbnail kadence-thumbnail-ratio-9-16\" href=\"https:\/\/skola.karlstad.se\/elev\/haldor-kommunikation-mellan-skolan-och-hemmet\/\" aria-label=\"Haldor &#8211; kommunikation mellan skolan och hemmet\">\n\t\t\t<div class=\"post-thumbnail-inner\">\n\t\t\t\t<img loading=\"lazy\" decoding=\"async\" width=\"768\" height=\"427\" src=\"https:\/\/skola.karlstad.se\/elev\/wp-content\/uploads\/sites\/583\/2021\/12\/Haldor-i-Teams-800x445-1-768x427.jpeg\" class=\"attachment-medium_large size-medium_large wp-post-image\" alt=\"Haldor &#8211; kommunikation mellan skolan och hemmet\" srcset=\"https:\/\/skola.karlstad.se\/elev\/wp-content\/uploads\/sites\/583\/2021\/12\/Haldor-i-Teams-800x445-1-768x427.jpeg 768w, https:\/\/skola.karlstad.se\/elev\/wp-content\/uploads\/sites\/583\/2021\/12\/Haldor-i-Teams-800x445-1-420x234.jpeg 420w, https:\/\/skola.karlstad.se\/elev\/wp-content\/uploads\/sites\/583\/2021\/12\/Haldor-i-Teams-800x445-1.jpeg 800w\" sizes=\"auto, (max-width: 768px) 100vw, 768px\" \/>\t\t\t<\/div>\n\t\t<\/a><!-- .post-thumbnail -->\n\t\t\t\t<div class=\"entry-content-wrap\">\n\t\t\t<header class=\"entry-header\">\n\t<h6 class=\"entry-title\"><a href=\"https:\/\/skola.karlstad.se\/elev\/haldor-kommunikation-mellan-skolan-och-hemmet\/\" rel=\"bookmark\">Haldor &#8211; kommunikation mellan skolan och hemmet<\/a><\/h6>\t<div class=\"entry-meta entry-meta-divider-dot\">\n\t\t\t\t<span class=\"posted-on\">\n\t\t\t\t<time class=\"entry-date published\" datetime=\"2021-12-12T14:29:47+01:00\">12 december, 2021<\/time><time class=\"updated\" datetime=\"2023-09-15T11:21:26+02:00\">15 september, 2023<\/time>\t\t\t<\/span>\n\t\t\t\t<\/div><!-- .entry-meta -->\n\t<\/header><!-- .entry-header -->\n\t<div class=\"entry-summary\">\n\t\t<p>I Haldor Education kan du som v\u00e5rdnadshavare f\u00f6lja och vara delaktig i ditt barns l\u00e4rande och utveckling, ta del av nyheter fr\u00e5n skolan och kommunicera med mentor eller ansvarig pedagog.<\/p>\n\t<\/div><!-- .entry-summary -->\n\t<footer class=\"entry-footer\">\n\t<\/footer><!-- .entry-footer -->\t\t<\/div>\n\t<\/article>\n<\/li>\n<li class=\"kb-post-list-item\">\n\t<article class=\"entry content-bg loop-entry post-1003 post type-post status-publish format-standard has-post-thumbnail hentry category-vardnadshavare tag-digitala-moten tag-teams tag-teamsmote tag-vardnadshavare tag-videomote\">\n\t\t\t\t<a aria-hidden=\"true\" tabindex=\"-1\" role=\"presentation\" class=\"post-thumbnail kadence-thumbnail-ratio-9-16\" href=\"https:\/\/skola.karlstad.se\/elev\/instruktioner-till-vardnadshavare-som-ska-delta-pa-teamsmote\/\" aria-label=\"Instruktioner till v\u00e5rdnadshavare som ska delta i ett Teamsm\u00f6te\">\n\t\t\t<div class=\"post-thumbnail-inner\">\n\t\t\t\t<img loading=\"lazy\" decoding=\"async\" width=\"768\" height=\"523\" src=\"https:\/\/skola.karlstad.se\/elev\/wp-content\/uploads\/sites\/583\/2020\/04\/video-conference-5352757_1280-768x523.png\" class=\"attachment-medium_large size-medium_large wp-post-image\" alt=\"Instruktioner till v\u00e5rdnadshavare som ska delta i ett Teamsm\u00f6te\" srcset=\"https:\/\/skola.karlstad.se\/elev\/wp-content\/uploads\/sites\/583\/2020\/04\/video-conference-5352757_1280-768x523.png 768w, https:\/\/skola.karlstad.se\/elev\/wp-content\/uploads\/sites\/583\/2020\/04\/video-conference-5352757_1280-420x286.png 420w, https:\/\/skola.karlstad.se\/elev\/wp-content\/uploads\/sites\/583\/2020\/04\/video-conference-5352757_1280-800x544.png 800w, https:\/\/skola.karlstad.se\/elev\/wp-content\/uploads\/sites\/583\/2020\/04\/video-conference-5352757_1280-e1641391675509.png 600w\" sizes=\"auto, (max-width: 768px) 100vw, 768px\" \/>\t\t\t<\/div>\n\t\t<\/a><!-- .post-thumbnail -->\n\t\t\t\t<div class=\"entry-content-wrap\">\n\t\t\t<header class=\"entry-header\">\n\t<h6 class=\"entry-title\"><a href=\"https:\/\/skola.karlstad.se\/elev\/instruktioner-till-vardnadshavare-som-ska-delta-pa-teamsmote\/\" rel=\"bookmark\">Instruktioner till v\u00e5rdnadshavare som ska delta i ett Teamsm\u00f6te<\/a><\/h6>\t<div class=\"entry-meta entry-meta-divider-dot\">\n\t\t\t\t<span class=\"posted-on\">\n\t\t\t\t<time class=\"entry-date published\" datetime=\"2021-10-12T12:02:06+02:00\">12 oktober, 2021<\/time><time class=\"updated\" datetime=\"2023-09-15T11:13:23+02:00\">15 september, 2023<\/time>\t\t\t<\/span>\n\t\t\t\t<\/div><!-- .entry-meta -->\n\t<\/header><!-- .entry-header -->\n\t<div class=\"entry-summary\">\n\t\t<p>Nu har det blivit vanligt med m\u00f6ten via dator eller en mobil enhet. H\u00e4r \u00e4r guider f\u00f6r att delta i Teamsm\u00f6te utan Microsoft-konto.<\/p>\n\t<\/div><!-- .entry-summary -->\n\t<footer class=\"entry-footer\">\n\t<\/footer><!-- .entry-footer -->\t\t<\/div>\n\t<\/article>\n<\/li>\n<\/ul>","protected":false},"excerpt":{"rendered":"","protected":false},"author":2,"featured_media":0,"parent":0,"menu_order":0,"comment_status":"closed","ping_status":"closed","template":"","meta":{"colormag_page_container_layout":"default_layout","colormag_page_sidebar_layout":"default_layout","_uag_custom_page_level_css":"","footnotes":""},"class_list":["post-5017","page","type-page","status-publish","hentry"],"uagb_featured_image_src":{"full":false,"thumbnail":false,"medium":false,"medium_large":false,"large":false,"1536x1536":false,"2048x2048":false,"colormag-highlighted-post":false,"colormag-featured-post-medium":false,"colormag-featured-post-small":false,"colormag-featured-image":false,"colormag-default-news":false,"colormag-featured-image-large":false,"sow-carousel-default":false},"uagb_author_info":{"display_name":"Ola H","author_link":"https:\/\/skola.karlstad.se\/elev\/author\/oahn00\/"},"uagb_comment_info":0,"uagb_excerpt":null,"_links":{"self":[{"href":"https:\/\/skola.karlstad.se\/elev\/wp-json\/wp\/v2\/pages\/5017","targetHints":{"allow":["GET"]}}],"collection":[{"href":"https:\/\/skola.karlstad.se\/elev\/wp-json\/wp\/v2\/pages"}],"about":[{"href":"https:\/\/skola.karlstad.se\/elev\/wp-json\/wp\/v2\/types\/page"}],"author":[{"embeddable":true,"href":"https:\/\/skola.karlstad.se\/elev\/wp-json\/wp\/v2\/users\/2"}],"replies":[{"embeddable":true,"href":"https:\/\/skola.karlstad.se\/elev\/wp-json\/wp\/v2\/comments?post=5017"}],"version-history":[{"count":10,"href":"https:\/\/skola.karlstad.se\/elev\/wp-json\/wp\/v2\/pages\/5017\/revisions"}],"predecessor-version":[{"id":5547,"href":"https:\/\/skola.karlstad.se\/elev\/wp-json\/wp\/v2\/pages\/5017\/revisions\/5547"}],"wp:attachment":[{"href":"https:\/\/skola.karlstad.se\/elev\/wp-json\/wp\/v2\/media?parent=5017"}],"curies":[{"name":"wp","href":"https:\/\/api.w.org\/{rel}","templated":true}]}}