{"id":5431,"date":"2022-01-17T14:32:25","date_gmt":"2022-01-17T13:32:25","guid":{"rendered":"https:\/\/skola.karlstad.se\/elev\/?page_id=5431"},"modified":"2022-11-10T14:12:39","modified_gmt":"2022-11-10T13:12:39","slug":"lyssna-pa-bocker-och-laromedel","status":"publish","type":"page","link":"https:\/\/skola.karlstad.se\/elev\/lyssna-pa-bocker-och-laromedel\/","title":{"rendered":"Lyssna p\u00e5 b\u00f6cker och l\u00e4romedel"},"content":{"rendered":"\n<div style=\"height:25px\" aria-hidden=\"true\" class=\"wp-block-spacer\"><\/div>\n\n\n\n<div class=\"wp-block-columns is-layout-flex wp-container-core-columns-is-layout-28f84493 wp-block-columns-is-layout-flex\">\n<div class=\"wp-block-column is-layout-flow wp-block-column-is-layout-flow\"><style>.wp-block-kadence-column.kb-section-dir-horizontal > .kt-inside-inner-col > #kt-info-box_a7ad14-c7 .kt-blocks-info-box-link-wrap{max-width:unset;}#kt-info-box_a7ad14-c7 .kt-blocks-info-box-link-wrap{border-color:#cf2e2e;border-radius:5px;border-top-width:3px;border-right-width:3px;border-bottom-width:3px;border-left-width:3px;padding-top:var(--global-kb-spacing-xs, 1rem);padding-right:var(--global-kb-spacing-xs, 1rem);padding-bottom:var(--global-kb-spacing-xs, 1rem);padding-left:var(--global-kb-spacing-xs, 1rem);}#kt-info-box_a7ad14-c7 .kt-blocks-info-box-link-wrap:hover{border-color:#cf2e2e;background:#cf2e2e;}#kt-info-box_a7ad14-c7.wp-block-kadence-infobox{max-width:100%;}#kt-info-box_a7ad14-c7 .kadence-info-box-image-inner-intrisic-container{max-width:250px;}#kt-info-box_a7ad14-c7 .kadence-info-box-image-inner-intrisic-container .kadence-info-box-image-intrisic{padding-bottom:52.6667%;width:150px;height:0px;max-width:100%;}#kt-info-box_a7ad14-c7 .kadence-info-box-icon-container .kt-info-svg-icon, #kt-info-box_a7ad14-c7 .kt-info-svg-icon-flip, #kt-info-box_a7ad14-c7 .kt-blocks-info-box-number{font-size:50px;}#kt-info-box_a7ad14-c7 .kt-blocks-info-box-media{color:#444444;border-top-width:0px;border-right-width:0px;border-bottom-width:0px;border-left-width:0px;padding-top:10px;padding-right:10px;padding-bottom:10px;padding-left:10px;}#kt-info-box_a7ad14-c7 .kt-blocks-info-box-media-container{margin-top:0px;margin-right:15px;margin-bottom:0px;margin-left:15px;}#kt-info-box_a7ad14-c7 .kt-blocks-info-box-link-wrap:hover .kt-blocks-info-box-media{color:#444444;}#kt-info-box_a7ad14-c7 .kt-infobox-textcontent h6.kt-blocks-info-box-title{padding-top:0px;padding-right:0px;padding-bottom:0px;padding-left:0px;margin-top:5px;margin-right:0px;margin-bottom:10px;margin-left:0px;}#kt-info-box_a7ad14-c7 .kt-blocks-info-box-link-wrap:hover h6.kt-blocks-info-box-title{color:#ffffff;}#kt-info-box_a7ad14-c7 .kt-blocks-info-box-learnmore{background:transparent;border-width:0px 0px 0px 0px;padding-top:4px;padding-right:8px;padding-bottom:4px;padding-left:8px;margin-top:10px;margin-right:0px;margin-bottom:10px;margin-left:0px;}<\/style>\n<div id=\"kt-info-box_a7ad14-c7\" class=\"wp-block-kadence-infobox\"><a class=\"kt-blocks-info-box-link-wrap info-box-link kt-blocks-info-box-media-align-top kt-info-halign-center\" href=\"https:\/\/skola.karlstad.se\/elev\/inlasningstjanst\/\"><div class=\"kt-blocks-info-box-media-container\"><div class=\"kt-blocks-info-box-media kt-info-media-animate-none\"><div class=\"kadence-info-box-image-inner-intrisic-container\"><div class=\"kadence-info-box-image-intrisic kt-info-animate-none\"><div class=\"kadence-info-box-image-inner-intrisic\"><img loading=\"lazy\" decoding=\"async\" src=\"https:\/\/skola.karlstad.se\/elevsajten2022\/wp-content\/uploads\/sites\/1515\/2020\/04\/ILT.jpg\" alt=\"\" width=\"150\" height=\"79\" class=\"kt-info-box-image wp-image-1271\"\/><\/div><\/div><\/div><\/div><\/div><div class=\"kt-infobox-textcontent\"><h6 class=\"kt-blocks-info-box-title\">Inl\u00e4sningstj\u00e4nst<\/h6><\/div><\/a><\/div>\n<\/div>\n\n\n\n<div class=\"wp-block-column is-layout-flow wp-block-column-is-layout-flow\"><style>.wp-block-kadence-column.kb-section-dir-horizontal > .kt-inside-inner-col > #kt-info-box_168e2e-93 .kt-blocks-info-box-link-wrap{max-width:unset;}#kt-info-box_168e2e-93 .kt-blocks-info-box-link-wrap{border-color:#cf2e2e;border-radius:5px;border-top-width:3px;border-right-width:3px;border-bottom-width:3px;border-left-width:3px;padding-top:var(--global-kb-spacing-xs, 1rem);padding-right:var(--global-kb-spacing-xs, 1rem);padding-bottom:var(--global-kb-spacing-xs, 1rem);padding-left:var(--global-kb-spacing-xs, 1rem);}#kt-info-box_168e2e-93 .kt-blocks-info-box-link-wrap:hover{border-color:#cf2e2e;background:#cf2e2e;}#kt-info-box_168e2e-93.wp-block-kadence-infobox{max-width:100%;}#kt-info-box_168e2e-93 .kadence-info-box-image-inner-intrisic-container{max-width:152px;}#kt-info-box_168e2e-93 .kadence-info-box-image-inner-intrisic-container .kadence-info-box-image-intrisic{padding-bottom:52.26%;width:5000px;height:0px;max-width:100%;}#kt-info-box_168e2e-93 .kadence-info-box-icon-container .kt-info-svg-icon, #kt-info-box_168e2e-93 .kt-info-svg-icon-flip, #kt-info-box_168e2e-93 .kt-blocks-info-box-number{font-size:50px;}#kt-info-box_168e2e-93 .kt-blocks-info-box-media{color:#444444;border-top-width:0px;border-right-width:0px;border-bottom-width:0px;border-left-width:0px;padding-top:10px;padding-right:10px;padding-bottom:10px;padding-left:10px;}#kt-info-box_168e2e-93 .kt-blocks-info-box-media-container{margin-top:0px;margin-right:15px;margin-bottom:0px;margin-left:15px;}#kt-info-box_168e2e-93 .kt-blocks-info-box-link-wrap:hover .kt-blocks-info-box-media{color:#444444;}#kt-info-box_168e2e-93 .kt-infobox-textcontent h6.kt-blocks-info-box-title{color:#000000;padding-top:0px;padding-right:0px;padding-bottom:0px;padding-left:0px;margin-top:5px;margin-right:0px;margin-bottom:10px;margin-left:0px;}#kt-info-box_168e2e-93 .kt-blocks-info-box-link-wrap:hover h6.kt-blocks-info-box-title{color:#ffffff;}#kt-info-box_168e2e-93 .kt-blocks-info-box-learnmore{background:transparent;border-width:0px 0px 0px 0px;padding-top:4px;padding-right:8px;padding-bottom:4px;padding-left:8px;margin-top:10px;margin-right:0px;margin-bottom:10px;margin-left:0px;}<\/style>\n<div id=\"kt-info-box_168e2e-93\" class=\"wp-block-kadence-infobox\"><a class=\"kt-blocks-info-box-link-wrap info-box-link kt-blocks-info-box-media-align-top kt-info-halign-center\" href=\"https:\/\/skola.karlstad.se\/elev\/polylino-skola\/\"><div class=\"kt-blocks-info-box-media-container\"><div class=\"kt-blocks-info-box-media kt-info-media-animate-none\"><div class=\"kadence-info-box-image-inner-intrisic-container\"><div class=\"kadence-info-box-image-intrisic kt-info-animate-none\"><div class=\"kadence-info-box-image-inner-intrisic\"><img loading=\"lazy\" decoding=\"async\" src=\"https:\/\/skola.karlstad.se\/elevsajten2022\/wp-content\/uploads\/sites\/1515\/2021\/11\/polylino.png\" alt=\"\" width=\"5000\" height=\"2613\" class=\"kt-info-box-image wp-image-13569\"\/><\/div><\/div><\/div><\/div><\/div><div class=\"kt-infobox-textcontent\"><h6 class=\"kt-blocks-info-box-title\">Polylino skola<\/h6><\/div><\/a><\/div>\n<\/div>\n\n\n\n<div class=\"wp-block-column is-layout-flow wp-block-column-is-layout-flow\"><style>.wp-block-kadence-column.kb-section-dir-horizontal > .kt-inside-inner-col > #kt-info-box_5fcf3c-3c .kt-blocks-info-box-link-wrap{max-width:unset;}#kt-info-box_5fcf3c-3c .kt-blocks-info-box-link-wrap{border-color:#cf2e2e;border-radius:5px;border-top-width:3px;border-right-width:3px;border-bottom-width:3px;border-left-width:3px;padding-top:var(--global-kb-spacing-xs, 1rem);padding-right:var(--global-kb-spacing-xs, 1rem);padding-bottom:var(--global-kb-spacing-xs, 1rem);padding-left:var(--global-kb-spacing-xs, 1rem);}#kt-info-box_5fcf3c-3c .kt-blocks-info-box-link-wrap:hover{border-color:#cf2e2e;background:#cf2e2e;}#kt-info-box_5fcf3c-3c.wp-block-kadence-infobox{max-width:100%;}#kt-info-box_5fcf3c-3c .kadence-info-box-image-inner-intrisic-container{max-width:81px;}#kt-info-box_5fcf3c-3c .kadence-info-box-image-inner-intrisic-container .kadence-info-box-image-intrisic{padding-bottom:96.2766%;width:188px;height:0px;max-width:100%;}#kt-info-box_5fcf3c-3c .kadence-info-box-icon-container .kt-info-svg-icon, #kt-info-box_5fcf3c-3c .kt-info-svg-icon-flip, #kt-info-box_5fcf3c-3c .kt-blocks-info-box-number{font-size:50px;}#kt-info-box_5fcf3c-3c .kt-blocks-info-box-media{color:#444444;background:transparent;border-color:#444444;border-top-width:0px;border-right-width:0px;border-bottom-width:0px;border-left-width:0px;padding-top:10px;padding-right:10px;padding-bottom:10px;padding-left:10px;}#kt-info-box_5fcf3c-3c .kt-blocks-info-box-media-container{margin-top:0px;margin-right:15px;margin-bottom:0px;margin-left:15px;}#kt-info-box_5fcf3c-3c .kt-blocks-info-box-link-wrap:hover .kt-blocks-info-box-media{color:#444444;background:transparent;border-color:#444444;}#kt-info-box_5fcf3c-3c .kt-infobox-textcontent h6.kt-blocks-info-box-title{padding-top:0px;padding-right:0px;padding-bottom:0px;padding-left:0px;margin-top:5px;margin-right:0px;margin-bottom:10px;margin-left:0px;}#kt-info-box_5fcf3c-3c .kt-blocks-info-box-link-wrap:hover h6.kt-blocks-info-box-title{color:#ffffff;}#kt-info-box_5fcf3c-3c .kt-blocks-info-box-learnmore{background:transparent;border-width:0px 0px 0px 0px;padding-top:4px;padding-right:8px;padding-bottom:4px;padding-left:8px;margin-top:10px;margin-right:0px;margin-bottom:10px;margin-left:0px;}<\/style>\n<div id=\"kt-info-box_5fcf3c-3c\" class=\"wp-block-kadence-infobox\"><a class=\"kt-blocks-info-box-link-wrap info-box-link kt-blocks-info-box-media-align-top kt-info-halign-center\" href=\"https:\/\/skola.karlstad.se\/elev\/legimus\/\"><div class=\"kt-blocks-info-box-media-container\"><div class=\"kt-blocks-info-box-media kt-info-media-animate-none\"><div class=\"kadence-info-box-image-inner-intrisic-container\"><div class=\"kadence-info-box-image-intrisic kt-info-animate-none\"><div class=\"kadence-info-box-image-inner-intrisic\"><img loading=\"lazy\" decoding=\"async\" src=\"https:\/\/skola.karlstad.se\/elevsajten2022\/wp-content\/uploads\/sites\/1515\/2021\/11\/legimus.png\" alt=\"\" width=\"188\" height=\"181\" class=\"kt-info-box-image wp-image-13594\"\/><\/div><\/div><\/div><\/div><\/div><div class=\"kt-infobox-textcontent\"><h6 class=\"kt-blocks-info-box-title\">Legimus<\/h6><\/div><\/a><\/div>\n<\/div>\n<\/div>\n\n\n\n<div style=\"height:25px\" aria-hidden=\"true\" class=\"wp-block-spacer\"><\/div>\n","protected":false},"excerpt":{"rendered":"","protected":false},"author":3113,"featured_media":0,"parent":0,"menu_order":0,"comment_status":"closed","ping_status":"closed","template":"","meta":{"colormag_page_container_layout":"default_layout","colormag_page_sidebar_layout":"default_layout","_uag_custom_page_level_css":"","footnotes":""},"class_list":["post-5431","page","type-page","status-publish","hentry"],"uagb_featured_image_src":{"full":false,"thumbnail":false,"medium":false,"medium_large":false,"large":false,"1536x1536":false,"2048x2048":false,"colormag-highlighted-post":false,"colormag-featured-post-medium":false,"colormag-featured-post-small":false,"colormag-featured-image":false,"colormag-default-news":false,"colormag-featured-image-large":false,"sow-carousel-default":false},"uagb_author_info":{"display_name":"lahe00","author_link":"https:\/\/skola.karlstad.se\/elev\/author\/lahe00\/"},"uagb_comment_info":0,"uagb_excerpt":null,"_links":{"self":[{"href":"https:\/\/skola.karlstad.se\/elev\/wp-json\/wp\/v2\/pages\/5431","targetHints":{"allow":["GET"]}}],"collection":[{"href":"https:\/\/skola.karlstad.se\/elev\/wp-json\/wp\/v2\/pages"}],"about":[{"href":"https:\/\/skola.karlstad.se\/elev\/wp-json\/wp\/v2\/types\/page"}],"author":[{"embeddable":true,"href":"https:\/\/skola.karlstad.se\/elev\/wp-json\/wp\/v2\/users\/3113"}],"replies":[{"embeddable":true,"href":"https:\/\/skola.karlstad.se\/elev\/wp-json\/wp\/v2\/comments?post=5431"}],"version-history":[{"count":53,"href":"https:\/\/skola.karlstad.se\/elev\/wp-json\/wp\/v2\/pages\/5431\/revisions"}],"predecessor-version":[{"id":7996,"href":"https:\/\/skola.karlstad.se\/elev\/wp-json\/wp\/v2\/pages\/5431\/revisions\/7996"}],"wp:attachment":[{"href":"https:\/\/skola.karlstad.se\/elev\/wp-json\/wp\/v2\/media?parent=5431"}],"curies":[{"name":"wp","href":"https:\/\/api.w.org\/{rel}","templated":true}]}}