{"id":1123,"date":"2024-05-02T11:18:40","date_gmt":"2024-05-02T09:18:40","guid":{"rendered":"https:\/\/skola.karlstad.se\/elevborgarrad\/?page_id=1123"},"modified":"2024-05-02T11:25:37","modified_gmt":"2024-05-02T09:25:37","slug":"till-kommuner","status":"publish","type":"page","link":"https:\/\/skola.karlstad.se\/elevborgarrad\/till-kommuner\/","title":{"rendered":"Till kommuner"},"content":{"rendered":"\n<p>\u00c4r ni som kommun nyfikna p\u00e5 konceptet Elevborgarr\u00e5d?<\/p>\n\n\n\n<p>Siten Elevborgarr\u00e5d f\u00f6r klimatet \u00e4r \u00f6ppen och h\u00e4r finns bland annat alla elevf\u00f6rslagen, inspirationsmaterial samt fr\u00e5gor och svar. <\/p>\n\n\n\n<p class=\"has-medium-font-size\"><strong>Film <\/strong><\/p>\n\n\n\n<p><strong>Elevborgarr\u00e5d f\u00f6r klimatet SKR (11 minuter) <\/strong><\/p>\n\n\n\n<figure class=\"wp-block-image\"><a href=\"https:\/\/api.screen9.com\/preview\/3jojzFkCbjIm0OT_b9nT_BK0mYp1PKmZoMtqz2CpCDEMuNpot1vpKmUPdVX5M9l0\" target=\"_blank\" rel=\"noreferrer noopener\"><img decoding=\"async\" src=\"http:\/\/skola.karlstad.se\/elevborgarrad\/wp-content\/uploads\/sites\/1517\/2024\/03\/Elevborgarrad-for-klimatet-SKR.jpg\" alt=\"\" \/><\/a><\/figure>\n\n\n\n<p><\/p>\n\n\n\n<p class=\"has-medium-font-size\"><strong>Podd <\/strong><\/p>\n\n\n\n<p>SKRs podd demokratiresan gjorde i april 2023 ett avsnitt om Elevborgarr\u00e5d f\u00f6r klimatet. <a href=\"https:\/\/demokratiresan.libsyn.com\/102-elevborgarrd\" target=\"_blank\" rel=\"noreferrer noopener\">Demokratiresan, Elevborgarr\u00e5d f\u00f6r klimatet. <\/a><\/p>\n\n\n\n<p>Plan B podden <\/p>\n\n\n\n<p>Emma Sundh och Maria Soxbo som genomf\u00f6rt delar av Elevborgarr\u00e5d f\u00f6r klimatet p\u00e5 uppdrag av och\u00a0 i samarbete med Karlstads kommun har gjort ett avsnitt i plan B \u2013 podden som finns h\u00e4r, eller d\u00e4r poddar finns.\u00a0\u00a0<a href=\"http:\/\/xn---%20frslagen%20vi%20ftt%20in%20r%20kloka,%20skarpa%20och%20visar%20p%20en%20hg%20kunskap%20i%20mnet,%20men%20framfr%20allt%20r%20de%20uppfodrande,%20tydliga%20och%20krver%20en%20frndring-gkpwd4a6bn2a2c80wfcvb5d.xn--%20eleverna%20har%20ocks%20understrukit%20hur%20viktigt%20de%20tycker%20det%20r%20att%20vi%20vuxna%20lyssnar%20p%20dem,%20inkluderar%20dem%20och%20att%20detta%20r%20ngot%20som%20sker%20p%20riktigt,%20sger%20lina%20larhult,%20ordfrande%20i%20barn-%20och%20ungdomsnmnden%20i%20karlstads%20kommun-s5x3dwbydzc7ercu852c.\/\">Bonusavsnitt, Elevborgarr\u00e5d f\u00f6r klimatet Plan B- podden.\u00a0<\/a><\/p>\n","protected":false},"excerpt":{"rendered":"<p>\u00c4r ni som kommun nyfikna p\u00e5 konceptet Elevborgarr\u00e5d? Siten Elevborgarr\u00e5d f\u00f6r klimatet \u00e4r \u00f6ppen och h\u00e4r finns bland annat alla elevf\u00f6rslagen, inspirationsmaterial samt fr\u00e5gor och svar. Film Elevborgarr\u00e5d f\u00f6r klimatet SKR (11 minuter) Podd SKRs podd demokratiresan gjorde i april 2023 ett avsnitt om Elevborgarr\u00e5d f\u00f6r klimatet. Demokratiresan, Elevborgarr\u00e5d f\u00f6r klimatet. Plan B podden Emma &hellip; <\/p>\n<p class=\"link-more\"><a href=\"https:\/\/skola.karlstad.se\/elevborgarrad\/till-kommuner\/\" class=\"more-link\">Forts\u00e4tt l\u00e4sa<span class=\"screen-reader-text\"> \u201dTill kommuner\u201d<\/span><\/a><\/p>\n","protected":false},"author":1622,"featured_media":0,"parent":0,"menu_order":0,"comment_status":"closed","ping_status":"closed","template":"","meta":{"footnotes":""},"class_list":["post-1123","page","type-page","status-publish","hentry"],"_links":{"self":[{"href":"https:\/\/skola.karlstad.se\/elevborgarrad\/wp-json\/wp\/v2\/pages\/1123","targetHints":{"allow":["GET"]}}],"collection":[{"href":"https:\/\/skola.karlstad.se\/elevborgarrad\/wp-json\/wp\/v2\/pages"}],"about":[{"href":"https:\/\/skola.karlstad.se\/elevborgarrad\/wp-json\/wp\/v2\/types\/page"}],"author":[{"embeddable":true,"href":"https:\/\/skola.karlstad.se\/elevborgarrad\/wp-json\/wp\/v2\/users\/1622"}],"replies":[{"embeddable":true,"href":"https:\/\/skola.karlstad.se\/elevborgarrad\/wp-json\/wp\/v2\/comments?post=1123"}],"version-history":[{"count":5,"href":"https:\/\/skola.karlstad.se\/elevborgarrad\/wp-json\/wp\/v2\/pages\/1123\/revisions"}],"predecessor-version":[{"id":1132,"href":"https:\/\/skola.karlstad.se\/elevborgarrad\/wp-json\/wp\/v2\/pages\/1123\/revisions\/1132"}],"wp:attachment":[{"href":"https:\/\/skola.karlstad.se\/elevborgarrad\/wp-json\/wp\/v2\/media?parent=1123"}],"curies":[{"name":"wp","href":"https:\/\/api.w.org\/{rel}","templated":true}]}}