{"id":1211,"date":"2025-05-07T10:52:12","date_gmt":"2025-05-07T08:52:12","guid":{"rendered":"https:\/\/skola.karlstad.se\/elevborgarrad\/?page_id=1211"},"modified":"2025-11-04T09:17:53","modified_gmt":"2025-11-04T08:17:53","slug":"bakgrund","status":"publish","type":"page","link":"https:\/\/skola.karlstad.se\/elevborgarrad\/bakgrund\/","title":{"rendered":"Om Elevborgarr\u00e5det"},"content":{"rendered":"\n<p><strong>Elevborgarr\u00e5det f\u00f6r klimatet 2022-2023<\/strong><br>Karlstads kommun var f\u00f6rst i landet med att starta ett elevborgarr\u00e5d f\u00f6r klimatet.&nbsp; Ett demokratiprojekt med syfte engagera barn och unga i klimat och milj\u00f6fr\u00e5gor samt skapa framtidstro och handlingskraft genom att m\u00f6jligg\u00f6ra f\u00f6r reell p\u00e5verkan p\u00e5 den lokala demokratin. &nbsp;Under h\u00f6sten 2022 tog&nbsp;elever vid Karlstad kommuns grundskolor fram 967 skarpa f\u00f6rslag som sedan bearbetades vid en elevworkshop. Av slutligen 67 f\u00f6rslag som l\u00e4mnades till politiken har m\u00e5nga beslutats att genomf\u00f6ras.&nbsp;Ett av f\u00f6rslagen som barn- och ungdomsn\u00e4mnden beslutade om var att skapa ett permanent elevborgarr\u00e5d.<\/p>\n\n\n\n<figure class=\"wp-block-image size-full\"><a href=\"https:\/\/api.screen9.com\/preview\/KkJmIXrNTHe0eG-uV0ZCawh6cipaguHcjv6QZjoTlWLIa5MbBbOBXRJCBwOOOsPW\" target=\"_blank\" rel=\"noreferrer noopener\"><img loading=\"lazy\" decoding=\"async\" width=\"816\" height=\"460\" src=\"https:\/\/skola.karlstad.se\/elevborgarrad\/wp-content\/uploads\/sites\/1517\/2024\/12\/Film.jpg\" alt=\"\" class=\"wp-image-1183\" srcset=\"https:\/\/skola.karlstad.se\/elevborgarrad\/wp-content\/uploads\/sites\/1517\/2024\/12\/Film.jpg 816w, https:\/\/skola.karlstad.se\/elevborgarrad\/wp-content\/uploads\/sites\/1517\/2024\/12\/Film-300x169.jpg 300w, https:\/\/skola.karlstad.se\/elevborgarrad\/wp-content\/uploads\/sites\/1517\/2024\/12\/Film-768x433.jpg 768w\" sizes=\"auto, (max-width: 706px) 89vw, (max-width: 767px) 82vw, 740px\" \/><\/a><\/figure>\n\n\n\n<p><strong>Elevborgarr\u00e5det f\u00f6r social h\u00e5llbarhet 2025 &#8211; 2026<\/strong><br>Utifr\u00e5n beslutet om att skapa ett permanent Elevborgarr\u00e5d kommer under 2025 \u2013 2026 ett nytt Elevborgarr\u00e5d att genomf\u00f6ras med fokus p\u00e5 social h\u00e5llbarhet. Alla elever i Karlstads kommuns kommunala skolor kommer bjudas in till att l\u00e4mna f\u00f6rslag p\u00e5 hur de tycker att Karlstad kan utvecklas i en h\u00e5llbar riktning. F\u00f6rslagen kommer bearbetas och sammanst\u00e4llas p\u00e5 en elevdemokratiworkshop och sedan l\u00e4mnas \u00f6ver till kommunens beslutsfattare.<br><br>Genom ett aktivt elevinflytande vill vi skapa ett Elevborgarr\u00e5d d\u00e4r barn och elever ges m\u00f6jlighet att bli nyfikna, modiga karlstadsbor som k\u00e4nner hopp och handlingskraft inf\u00f6r framtiden. V\u00e4ljer vi att lyssna p\u00e5 och inkludera barn och i elever i demokratiska processer i tidig \u00e5lder kan vi ocks\u00e5 st\u00e4rka barn och elever i att deras r\u00f6st \u00e4r viktig.&nbsp;<\/p>\n\n\n\n<p><strong>Tema social h\u00e5llbarhet<br><\/strong>\u00c5rets tema \u00e4r social h\u00e5llbarhet, och har sin utg\u00e5ngspunkt i elevernas insamlade f\u00f6rslag p\u00e5 ett nytt tema f\u00f6r ett kommande Elevborgarr\u00e5d. D\u00e4r flera av f\u00f6rslagen sedan sammanf\u00f6rts under temat social h\u00e5llbarhet. Social h\u00e5llbarhet kan i sin tur, i stora drag, s\u00e4gas handlar om att skapa ett samh\u00e4lle d\u00e4r alla m\u00e4nniskor ska m\u00e5 bra, k\u00e4nna sig trygga och delaktiga och har lika m\u00f6jligheter att leva ett bra liv. <br><br><strong>Hur g\u00e5r det till?<\/strong> <br>Alla elever i Karlstads kommuns kommunala grundskolor \u00e4r varmt v\u00e4lkomna att l\u00e4mna in f\u00f6rslag till elevborgarr\u00e5det. F\u00f6rslagen ska utg\u00e5 ifr\u00e5n elevborgarr\u00e5dets presenterade fr\u00e5gest\u00e4llningar som denna omg\u00e5ng \u00e4r kopplade till teamat social h\u00e5llbarhet. F\u00f6r att komma ig\u00e5ng med arbetet tillsammans med eleverna finns inspirations blad som rikar sig till dig som l\u00e4rare. H\u00e4r hittar ni \u00e4ven \u00e5rets fr\u00e5gest\u00e4llningar samt information om vart f\u00f6rslagen ska l\u00e4mnas in.<br><br>L\u00e4nk till inspirationbladen: <a href=\"https:\/\/skola.karlstad.se\/elevborgarrad\/uppdrag-och-inspiration\/\" data-type=\"page\" data-id=\"1497\"><strong>Uppdrag och inspiration<\/strong><\/a> <\/p>\n\n\n\n<p><strong>Elevdemokrati<\/strong><br>F\u00f6r att medvetandeg\u00f6ra eleverna p\u00e5 demokratiska processer ser vi stora f\u00f6rdelar med att fr\u00e5gest\u00e4llningarna lyfts under exempelvis klassr\u00e5d. Kanske kommer f\u00f6rslag eller tankar upp som tas vidare till elevr\u00e5d?<br><br>Genom Elevborgarr\u00e5det st\u00e4rker vi elevernas inflytande och f\u00f6rst\u00e5else f\u00f6r demokratins kraft. Deltagandet kan ses som en naturlig del av skolans demokratiuppdrag \u2013 att l\u00e4ra <strong>om, genom och f\u00f6r<\/strong> demokrati. H\u00e4r f\u00e5r eleverna kunskap <em>om<\/em> demokrati, de f\u00e5r uppleva <em>genom<\/em> praktiskt arbete och de f\u00e5r verka <em>f\u00f6r<\/em> ett mer h\u00e5llbart samh\u00e4lle.<br><\/p>\n\n\n\n<p><strong>Material fr\u00e5n tidigare Elevborgarr\u00e5det f\u00f6r klimatet <\/strong><\/p>\n\n\n\n<p><strong><a href=\"https:\/\/skola.karlstad.se\/elevborgarrad\/inspirationsblad-elever\/\">Inspirationsblad <\/a>2022-2023<\/strong><\/p>\n\n\n\n<p><a href=\"https:\/\/skola.karlstad.se\/elevborgarrad\/svar-pa-elevforslagen\/\"><strong>Svar p\u00e5 elevernas f\u00f6rslag fr\u00e5n politiken<\/strong><\/a><\/p>\n\n\n\n<p><strong><a href=\"https:\/\/skola.karlstad.se\/elevborgarrad\/elevborgarradet-i-media\/\">Media<\/a><\/strong><\/p>\n\n\n\n<figure class=\"wp-block-image\"><a href=\"https:\/\/api.screen9.com\/preview\/3jojzFkCbjIm0OT_b9nT_BK0mYp1PKmZoMtqz2CpCDEMuNpot1vpKmUPdVX5M9l0\"><img decoding=\"async\" src=\"http:\/\/skola.karlstad.se\/elevborgarrad\/wp-content\/uploads\/sites\/1517\/2024\/03\/Elevborgarrad-for-klimatet-SKR.jpg\" alt=\"Denna bild har ett alt-attribut som \u00e4r tomt. Dess filnamn \u00e4r Elevborgarrad-for-klimatet-SKR.jpg\" \/><\/a><\/figure>\n","protected":false},"excerpt":{"rendered":"<p>Elevborgarr\u00e5det f\u00f6r klimatet 2022-2023Karlstads kommun var f\u00f6rst i landet med att starta ett elevborgarr\u00e5d f\u00f6r klimatet.&nbsp; Ett demokratiprojekt med syfte engagera barn och unga i klimat och milj\u00f6fr\u00e5gor samt skapa framtidstro och handlingskraft genom att m\u00f6jligg\u00f6ra f\u00f6r reell p\u00e5verkan p\u00e5 den lokala demokratin. &nbsp;Under h\u00f6sten 2022 tog&nbsp;elever vid Karlstad kommuns grundskolor fram 967 skarpa f\u00f6rslag &hellip; <\/p>\n<p class=\"link-more\"><a href=\"https:\/\/skola.karlstad.se\/elevborgarrad\/bakgrund\/\" class=\"more-link\">Forts\u00e4tt l\u00e4sa<span class=\"screen-reader-text\"> \u201dOm Elevborgarr\u00e5det\u201d<\/span><\/a><\/p>\n","protected":false},"author":3594,"featured_media":0,"parent":0,"menu_order":0,"comment_status":"closed","ping_status":"closed","template":"","meta":{"footnotes":""},"class_list":["post-1211","page","type-page","status-publish","hentry"],"_links":{"self":[{"href":"https:\/\/skola.karlstad.se\/elevborgarrad\/wp-json\/wp\/v2\/pages\/1211","targetHints":{"allow":["GET"]}}],"collection":[{"href":"https:\/\/skola.karlstad.se\/elevborgarrad\/wp-json\/wp\/v2\/pages"}],"about":[{"href":"https:\/\/skola.karlstad.se\/elevborgarrad\/wp-json\/wp\/v2\/types\/page"}],"author":[{"embeddable":true,"href":"https:\/\/skola.karlstad.se\/elevborgarrad\/wp-json\/wp\/v2\/users\/3594"}],"replies":[{"embeddable":true,"href":"https:\/\/skola.karlstad.se\/elevborgarrad\/wp-json\/wp\/v2\/comments?post=1211"}],"version-history":[{"count":19,"href":"https:\/\/skola.karlstad.se\/elevborgarrad\/wp-json\/wp\/v2\/pages\/1211\/revisions"}],"predecessor-version":[{"id":1658,"href":"https:\/\/skola.karlstad.se\/elevborgarrad\/wp-json\/wp\/v2\/pages\/1211\/revisions\/1658"}],"wp:attachment":[{"href":"https:\/\/skola.karlstad.se\/elevborgarrad\/wp-json\/wp\/v2\/media?parent=1211"}],"curies":[{"name":"wp","href":"https:\/\/api.w.org\/{rel}","templated":true}]}}