{"id":1265,"date":"2025-05-08T11:33:22","date_gmt":"2025-05-08T09:33:22","guid":{"rendered":"https:\/\/skola.karlstad.se\/elevborgarrad\/?page_id=1265"},"modified":"2026-01-19T08:03:56","modified_gmt":"2026-01-19T07:03:56","slug":"viktiga-datum","status":"publish","type":"page","link":"https:\/\/skola.karlstad.se\/elevborgarrad\/viktiga-datum\/","title":{"rendered":"Elevborgarr\u00e5det f\u00f6r social h\u00e5llbarhet  2025 -2026"},"content":{"rendered":"\n<figure class=\"wp-block-image size-full\"><img loading=\"lazy\" decoding=\"async\" width=\"605\" height=\"403\" src=\"http:\/\/skola.karlstad.se\/elevborgarrad\/wp-content\/uploads\/sites\/1517\/2025\/10\/demokrai.jpg\" alt=\"\" class=\"wp-image-1502\" srcset=\"https:\/\/skola.karlstad.se\/elevborgarrad\/wp-content\/uploads\/sites\/1517\/2025\/10\/demokrai.jpg 605w, https:\/\/skola.karlstad.se\/elevborgarrad\/wp-content\/uploads\/sites\/1517\/2025\/10\/demokrai-300x200.jpg 300w\" sizes=\"auto, (max-width: 605px) 100vw, 605px\" \/><\/figure>\n\n\n\n<p><strong>Inspirationsf\u00f6rel\u00e4sning<\/strong> med Maria Wiman, <strong>Augusti 2025<\/strong><br>Digitalt inspirations tillf\u00e4lle f\u00f6r l\u00e4rare och pedagoger, med extern f\u00f6rel\u00e4sare p\u00e5 temat demokrat. F\u00f6rel\u00e4sningen kommer finnas tillg\u00e4nglig digitalt fr\u00e5n 13\/8 &#8211; oktober 2025. <br><strong><a href=\"https:\/\/skola.karlstad.se\/elevborgarrad\/forelasning\/\" data-type=\"link\" data-id=\"https:\/\/skola.karlstad.se\/elevborgarrad\/forelasning\/\">Klicka h\u00e4r f\u00f6r att l\u00e4sa mer!<\/a><\/strong><\/p>\n\n\n\n<p><strong>Utbildning f\u00f6r elevr\u00e5dsrepresentanter<\/strong>, <strong>September 2025<\/strong><br>Bjuder in elevr\u00e5dsrepresentanter till utbildningstillf\u00e4lle under h\u00f6stterminen. F\u00f6r att f\u00f6rankra den nya barn och elevdemokrati planen och st\u00e4rka elevinflytande. <br><strong><a href=\"https:\/\/skola.karlstad.se\/elevborgarrad\/utbildning-for-elevrad\/\" data-type=\"link\" data-id=\"https:\/\/skola.karlstad.se\/elevborgarrad\/lararinfo\/\">Klicka h\u00e4r f\u00f6r att l\u00e4sa mer!<\/a><\/strong><\/p>\n\n\n\n<p><strong>Utskick av uppdrag till skolor<\/strong>, <strong>3<\/strong> <strong>November 2025,<\/strong><br>Den 3 november publiceras Elevborgarr\u00e5dets uppdrag i form av ett inspirationsblad. Bladen v\u00e4nder sig till dig som l\u00e4rare eller pedagog i grundskolan och inneh\u00e5ller anv\u00e4ndbar information f\u00f6r att delta\/arbeta med Elevborgarr\u00e5det. Inspirationsbladet ska ge en \u00f6versikt av Elevborgarr\u00e5dets aktuella fr\u00e5gest\u00e4llningar och uppdrag, en introduktion till temat social h\u00e5llbarhet, samt instruktioner f\u00f6r hur f\u00f6rslag skickas in.<\/p>\n\n\n\n<p><strong>Arbetsperiod<\/strong>: <br>3 november 2025 \u2013 13 mars 2026&nbsp;<br>Under denna tid arbetar elever, klasser med att ta fram <strong>konkreta f\u00f6rslag<\/strong>.<\/p>\n\n\n\n<p><strong>Barntoppm\u00f6te, 13 april 2026<\/strong><br>Elevrepresentanter fr\u00e5n \u00e5k 4- 9 bjuds in till ett barntoppm\u00f6te f\u00f6r bearbetning av inl\u00e4mnade f\u00f6rslag. Info om anm\u00e4lan kommer. <br><br><strong>Augusti\/September 2026, Skolval<\/strong><br>I samband med riksdagsvalet kommer elever \u00e5k 7-9 genomf\u00f6ra skolval.\u00a0<br>D\u00e4r elever f\u00e5r tr\u00e4na p\u00e5 demokratiska processer genom att r\u00f6sta p\u00e5 aktuella riksdagspartier.<\/p>\n","protected":false},"excerpt":{"rendered":"<p>Inspirationsf\u00f6rel\u00e4sning med Maria Wiman, Augusti 2025Digitalt inspirations tillf\u00e4lle f\u00f6r l\u00e4rare och pedagoger, med extern f\u00f6rel\u00e4sare p\u00e5 temat demokrat. F\u00f6rel\u00e4sningen kommer finnas tillg\u00e4nglig digitalt fr\u00e5n 13\/8 &#8211; oktober 2025. Klicka h\u00e4r f\u00f6r att l\u00e4sa mer! Utbildning f\u00f6r elevr\u00e5dsrepresentanter, September 2025Bjuder in elevr\u00e5dsrepresentanter till utbildningstillf\u00e4lle under h\u00f6stterminen. F\u00f6r att f\u00f6rankra den nya barn och elevdemokrati planen och &hellip; <\/p>\n<p class=\"link-more\"><a href=\"https:\/\/skola.karlstad.se\/elevborgarrad\/viktiga-datum\/\" class=\"more-link\">Forts\u00e4tt l\u00e4sa<span class=\"screen-reader-text\"> \u201dElevborgarr\u00e5det f\u00f6r social h\u00e5llbarhet  2025 -2026\u201d<\/span><\/a><\/p>\n","protected":false},"author":3594,"featured_media":0,"parent":0,"menu_order":0,"comment_status":"closed","ping_status":"closed","template":"","meta":{"footnotes":""},"class_list":["post-1265","page","type-page","status-publish","hentry"],"_links":{"self":[{"href":"https:\/\/skola.karlstad.se\/elevborgarrad\/wp-json\/wp\/v2\/pages\/1265","targetHints":{"allow":["GET"]}}],"collection":[{"href":"https:\/\/skola.karlstad.se\/elevborgarrad\/wp-json\/wp\/v2\/pages"}],"about":[{"href":"https:\/\/skola.karlstad.se\/elevborgarrad\/wp-json\/wp\/v2\/types\/page"}],"author":[{"embeddable":true,"href":"https:\/\/skola.karlstad.se\/elevborgarrad\/wp-json\/wp\/v2\/users\/3594"}],"replies":[{"embeddable":true,"href":"https:\/\/skola.karlstad.se\/elevborgarrad\/wp-json\/wp\/v2\/comments?post=1265"}],"version-history":[{"count":18,"href":"https:\/\/skola.karlstad.se\/elevborgarrad\/wp-json\/wp\/v2\/pages\/1265\/revisions"}],"predecessor-version":[{"id":1599,"href":"https:\/\/skola.karlstad.se\/elevborgarrad\/wp-json\/wp\/v2\/pages\/1265\/revisions\/1599"}],"wp:attachment":[{"href":"https:\/\/skola.karlstad.se\/elevborgarrad\/wp-json\/wp\/v2\/media?parent=1265"}],"curies":[{"name":"wp","href":"https:\/\/api.w.org\/{rel}","templated":true}]}}