{"id":1268,"date":"2025-05-08T11:30:16","date_gmt":"2025-05-08T09:30:16","guid":{"rendered":"https:\/\/skola.karlstad.se\/elevborgarrad\/?page_id=1268"},"modified":"2025-10-20T10:55:42","modified_gmt":"2025-10-20T08:55:42","slug":"lararinfo","status":"publish","type":"page","link":"https:\/\/skola.karlstad.se\/elevborgarrad\/lararinfo\/","title":{"rendered":"V\u00e4lkommen till l\u00e4rarsidan f\u00f6r Elevborgarr\u00e5det"},"content":{"rendered":"\n<h3 class=\"wp-block-heading\">Den h\u00e4r sidan riktar sig till dig som \u00e4r l\u00e4rare och arbetar eller \u00e4r nyfiken p\u00e5 att arbeta med Elevborgarr\u00e5det p\u00e5 din skola. H\u00e4r samlar vi den information du beh\u00f6ver f\u00f6r att p\u00e5b\u00f6rja arbetet\u2013 allt fr\u00e5n uppdrag, inspiration och anm\u00e4lan till kommande evenemang. <\/h3>\n\n\n\n<figure class=\"wp-block-gallery has-nested-images columns-default is-cropped wp-block-gallery-1 is-layout-flex wp-block-gallery-is-layout-flex\">\n<figure class=\"wp-block-image size-large is-resized\"><img loading=\"lazy\" decoding=\"async\" width=\"643\" height=\"660\" data-id=\"1484\" src=\"https:\/\/skola.karlstad.se\/elevborgarrad\/wp-content\/uploads\/sites\/1517\/2025\/10\/Symbol_CMYK_Color.jpg\" alt=\"\" class=\"wp-image-1484\" style=\"width:265px;height:auto\" srcset=\"https:\/\/skola.karlstad.se\/elevborgarrad\/wp-content\/uploads\/sites\/1517\/2025\/10\/Symbol_CMYK_Color.jpg 643w, https:\/\/skola.karlstad.se\/elevborgarrad\/wp-content\/uploads\/sites\/1517\/2025\/10\/Symbol_CMYK_Color-292x300.jpg 292w\" sizes=\"auto, (max-width: 643px) 100vw, 643px\" \/><\/figure>\n\n\n\n<figure class=\"wp-block-image size-large is-style-rounded\"><img loading=\"lazy\" decoding=\"async\" width=\"604\" height=\"258\" data-id=\"1485\" src=\"https:\/\/skola.karlstad.se\/elevborgarrad\/wp-content\/uploads\/sites\/1517\/2025\/10\/Bild3.jpg\" alt=\"\" class=\"wp-image-1485\" srcset=\"https:\/\/skola.karlstad.se\/elevborgarrad\/wp-content\/uploads\/sites\/1517\/2025\/10\/Bild3.jpg 604w, https:\/\/skola.karlstad.se\/elevborgarrad\/wp-content\/uploads\/sites\/1517\/2025\/10\/Bild3-300x128.jpg 300w\" sizes=\"auto, (max-width: 604px) 100vw, 604px\" \/><\/figure>\n<\/figure>\n\n\n\n<div class=\"wp-block-columns are-vertically-aligned-bottom is-layout-flex wp-container-core-columns-is-layout-9d6595d7 wp-block-columns-is-layout-flex\">\n<div class=\"wp-block-column is-layout-flow wp-block-column-is-layout-flow\" style=\"flex-basis:50%\">\n<p><a href=\"https:\/\/skola.karlstad.se\/elevborgarrad\/uppdrag-och-inspiration\/\" data-type=\"page\" data-id=\"1497\"><strong>Uppdrag och inspiration<\/strong><br>L\u00e4s mer om Elevborgarr\u00e5det f\u00f6r social h\u00e5llbarhet. H\u00e4r hittar du l\u00e4nk till inspirationsblad f\u00f6r l\u00e4rare.<\/a><\/p>\n<\/div>\n\n\n\n<div class=\"wp-block-column is-layout-flow wp-block-column-is-layout-flow\" style=\"flex-basis:50%\">\n<p><a href=\"https:\/\/skola.karlstad.se\/elevborgarrad\/evenemang-och-anmalan\/\" data-type=\"page\" data-id=\"1500\"><strong><strong>Evenemang och anm\u00e4lan <\/strong><\/strong><br>H\u00e4r samlas information om evenemang och anm\u00e4lningsl\u00e4nkar.<\/a><\/p>\n<\/div>\n<\/div>\n\n\n\n<p class=\"has-text-align-left\"><\/p>\n\n\n\n<figure class=\"wp-block-gallery has-nested-images columns-default is-cropped wp-block-gallery-2 is-layout-flex wp-block-gallery-is-layout-flex\">\n<figure class=\"wp-block-image size-large is-resized\"><img loading=\"lazy\" decoding=\"async\" width=\"1024\" height=\"398\" data-id=\"1269\" src=\"http:\/\/skola.karlstad.se\/elevborgarrad\/wp-content\/uploads\/sites\/1517\/2025\/05\/Demokrati1-1024x398.jpg\" alt=\"\" class=\"wp-image-1269\" style=\"width:310px;height:auto\" \/><\/figure>\n<\/figure>\n\n\n\n<div class=\"wp-block-columns are-vertically-aligned-bottom is-layout-flex wp-container-core-columns-is-layout-9d6595d7 wp-block-columns-is-layout-flex\">\n<div class=\"wp-block-column is-layout-flow wp-block-column-is-layout-flow\" style=\"flex-basis:50%\">\n<p><a href=\"https:\/\/skola.karlstad.se\/elevborgarrad\/samlat-material\/\" data-type=\"page\" data-id=\"1505\"><strong>Tips och l\u00e4nkar <\/strong><br>H\u00e4r samlas vi material fr\u00e5n utbildningar, inspelade f\u00f6rel\u00e4sningar och annan inspiration f\u00f6r dig som arbetar med Elevborgarr\u00e5det f\u00f6r social h\u00e5llbarhet.<\/a><\/p>\n<\/div>\n\n\n\n<div class=\"wp-block-column is-layout-flow wp-block-column-is-layout-flow\" style=\"flex-basis:50%\">\n<p><\/p>\n<\/div>\n<\/div>\n\n\n\n<p class=\"has-text-align-left\"><\/p>\n\n\n\n<p><\/p>\n\n\n\n<div class=\"wp-block-columns is-layout-flex wp-container-core-columns-is-layout-9d6595d7 wp-block-columns-is-layout-flex\">\n<div class=\"wp-block-column is-layout-flow wp-block-column-is-layout-flow\">\n<div class=\"wp-block-columns is-layout-flex wp-container-core-columns-is-layout-9d6595d7 wp-block-columns-is-layout-flex\">\n<div class=\"wp-block-column is-layout-flow wp-block-column-is-layout-flow\"><\/div>\n\n\n\n<div class=\"wp-block-column is-layout-flow wp-block-column-is-layout-flow\">\n<p><br><\/p>\n\n\n\n<p><br><\/p>\n<\/div>\n<\/div>\n<\/div>\n<\/div>\n\n\n\n<p><\/p>\n","protected":false},"excerpt":{"rendered":"<p>Den h\u00e4r sidan riktar sig till dig som \u00e4r l\u00e4rare och arbetar eller \u00e4r nyfiken p\u00e5 att arbeta med Elevborgarr\u00e5det p\u00e5 din skola. H\u00e4r samlar vi den information du beh\u00f6ver f\u00f6r att p\u00e5b\u00f6rja arbetet\u2013 allt fr\u00e5n uppdrag, inspiration och anm\u00e4lan till kommande evenemang. Uppdrag och inspirationL\u00e4s mer om Elevborgarr\u00e5det f\u00f6r social h\u00e5llbarhet. H\u00e4r hittar du &hellip; <\/p>\n<p class=\"link-more\"><a href=\"https:\/\/skola.karlstad.se\/elevborgarrad\/lararinfo\/\" class=\"more-link\">Forts\u00e4tt l\u00e4sa<span class=\"screen-reader-text\"> \u201dV\u00e4lkommen till l\u00e4rarsidan f\u00f6r Elevborgarr\u00e5det\u201d<\/span><\/a><\/p>\n","protected":false},"author":3594,"featured_media":0,"parent":0,"menu_order":0,"comment_status":"closed","ping_status":"closed","template":"","meta":{"footnotes":""},"class_list":["post-1268","page","type-page","status-publish","hentry"],"_links":{"self":[{"href":"https:\/\/skola.karlstad.se\/elevborgarrad\/wp-json\/wp\/v2\/pages\/1268","targetHints":{"allow":["GET"]}}],"collection":[{"href":"https:\/\/skola.karlstad.se\/elevborgarrad\/wp-json\/wp\/v2\/pages"}],"about":[{"href":"https:\/\/skola.karlstad.se\/elevborgarrad\/wp-json\/wp\/v2\/types\/page"}],"author":[{"embeddable":true,"href":"https:\/\/skola.karlstad.se\/elevborgarrad\/wp-json\/wp\/v2\/users\/3594"}],"replies":[{"embeddable":true,"href":"https:\/\/skola.karlstad.se\/elevborgarrad\/wp-json\/wp\/v2\/comments?post=1268"}],"version-history":[{"count":25,"href":"https:\/\/skola.karlstad.se\/elevborgarrad\/wp-json\/wp\/v2\/pages\/1268\/revisions"}],"predecessor-version":[{"id":1509,"href":"https:\/\/skola.karlstad.se\/elevborgarrad\/wp-json\/wp\/v2\/pages\/1268\/revisions\/1509"}],"wp:attachment":[{"href":"https:\/\/skola.karlstad.se\/elevborgarrad\/wp-json\/wp\/v2\/media?parent=1268"}],"curies":[{"name":"wp","href":"https:\/\/api.w.org\/{rel}","templated":true}]}}