{"id":1271,"date":"2025-05-08T11:04:59","date_gmt":"2025-05-08T09:04:59","guid":{"rendered":"https:\/\/skola.karlstad.se\/elevborgarrad\/?page_id=1271"},"modified":"2025-05-08T13:56:06","modified_gmt":"2025-05-08T11:56:06","slug":"forelasning","status":"publish","type":"page","link":"https:\/\/skola.karlstad.se\/elevborgarrad\/forelasning\/","title":{"rendered":"F\u00f6rel\u00e4sning om demokrati och elevinflytande"},"content":{"rendered":"\n<figure class=\"wp-block-image size-large\"><img loading=\"lazy\" decoding=\"async\" width=\"1024\" height=\"398\" src=\"https:\/\/skola.karlstad.se\/elevborgarrad\/wp-content\/uploads\/sites\/1517\/2025\/05\/Demokrati1-1-1024x398.jpg\" alt=\"\" class=\"wp-image-1272\" srcset=\"https:\/\/skola.karlstad.se\/elevborgarrad\/wp-content\/uploads\/sites\/1517\/2025\/05\/Demokrati1-1-1024x398.jpg 1024w, https:\/\/skola.karlstad.se\/elevborgarrad\/wp-content\/uploads\/sites\/1517\/2025\/05\/Demokrati1-1-300x117.jpg 300w, https:\/\/skola.karlstad.se\/elevborgarrad\/wp-content\/uploads\/sites\/1517\/2025\/05\/Demokrati1-1-768x298.jpg 768w, https:\/\/skola.karlstad.se\/elevborgarrad\/wp-content\/uploads\/sites\/1517\/2025\/05\/Demokrati1-1.jpg 1086w\" sizes=\"auto, (max-width: 706px) 89vw, (max-width: 767px) 82vw, 740px\" \/><\/figure>\n\n\n\n<p>V\u00e4lkomna till en f\u00f6rel\u00e4sning med Maria Wiman, d\u00e4r hon inspirerar och engagerar kopplat till \u00e4mnet demokrati och elevinflytande. F\u00f6rel\u00e4sningstillf\u00e4llet \u00e4r \u00e4ven en introduktion till uppstarten av ett nytt Elevborgarr\u00e5d.&nbsp;<\/p>\n\n\n\n<p><strong>M\u00e5lgrupp:<\/strong>&nbsp;Rektorer, l\u00e4rare och pedagoger F-9 inklusive AG.<br><strong>Datum och tid:&nbsp;13 augusti, kl 13:00 &#8211; 14:00&nbsp;<br>Sista anm\u00e4lan:&nbsp;<\/strong>12 juni<\/p>\n\n\n\n<p><strong>Om f\u00f6rel\u00e4sningen<\/strong><br>Hur kan vi st\u00e4rka v\u00e5ra elevers r\u00f6ster, f\u00e5 dem att f\u00f6rst\u00e5 att kunskap \u00e4r makt och att ge dem hopp inf\u00f6r framtiden? Det \u00e4r v\u00e5r uppgift att visa dem att deras r\u00f6ster r\u00e4knas och att deras deltagande kan g\u00f6ra skillnad. Varje r\u00f6st \u00e4r viktig, och tillsammans kan vi skapa en inkluderande och engagerande l\u00e4rmilj\u00f6 som v\u00e4cker deras nyfikenhet och st\u00e4rker deras tro p\u00e5 demokratins kraft.&nbsp;<\/p>\n\n\n\n<p>Denna f\u00f6rel\u00e4sning handlar om l\u00e4rares ledarskap och vad som h\u00e4nder om vi tror att eleverna kan f\u00f6r\u00e4ndra v\u00e4rlden.&nbsp;Det blir en f\u00f6rel\u00e4sning om hur oerh\u00f6rt viktig l\u00e4rarens f\u00f6rh\u00e5llningss\u00e4tt \u00e4r i klassrummet, om mjuka v\u00e4rden, elevdelaktighet och hur vi i skolan ska navigera i en v\u00e4rld som tycks snurra allt snabbare. L\u00e5t oss tillsammans bygga en framtid d\u00e4r varje ung person k\u00e4nner sig delaktig och motiverad att bidra till ett demokratiskt samh\u00e4lle. Er roll som l\u00e4rare \u00e4r avg\u00f6rande i denna resa att inspirera och utbilda v\u00e5ra unga till att bli medvetna medborgare och ge dem verktygen att p\u00e5verka och f\u00f6rb\u00e4ttra samh\u00e4llet.<\/p>\n\n\n\n<div class=\"wp-block-columns is-layout-flex wp-container-core-columns-is-layout-9d6595d7 wp-block-columns-is-layout-flex\">\n<div class=\"wp-block-column is-layout-flow wp-block-column-is-layout-flow\" style=\"flex-basis:33.33%\">\n<figure class=\"wp-block-image size-large\"><img loading=\"lazy\" decoding=\"async\" width=\"771\" height=\"1024\" src=\"https:\/\/skola.karlstad.se\/elevborgarrad\/wp-content\/uploads\/sites\/1517\/2025\/05\/Maria-Wiman-771x1024.jpg\" alt=\"\" class=\"wp-image-1273\" srcset=\"https:\/\/skola.karlstad.se\/elevborgarrad\/wp-content\/uploads\/sites\/1517\/2025\/05\/Maria-Wiman-771x1024.jpg 771w, https:\/\/skola.karlstad.se\/elevborgarrad\/wp-content\/uploads\/sites\/1517\/2025\/05\/Maria-Wiman-226x300.jpg 226w, https:\/\/skola.karlstad.se\/elevborgarrad\/wp-content\/uploads\/sites\/1517\/2025\/05\/Maria-Wiman-768x1020.jpg 768w, https:\/\/skola.karlstad.se\/elevborgarrad\/wp-content\/uploads\/sites\/1517\/2025\/05\/Maria-Wiman.jpg 1080w\" sizes=\"auto, (max-width: 706px) 89vw, (max-width: 767px) 82vw, 740px\" \/><\/figure>\n<\/div>\n\n\n\n<div class=\"wp-block-column is-layout-flow wp-block-column-is-layout-flow\" style=\"flex-basis:66.66%\">\n<p><\/p>\n\n\n\n<p>Maria Wiman \u00e4r l\u00e4rare, kolumnist och f\u00f6rfattare och har skrivit flera b\u00f6cker om v\u00e4rdeskapande l\u00e4rande. Hon har under \u00e5ren f\u00e5tt flera utm\u00e4rkelser och blev nyligen utsedd till Sveriges b\u00e4sta l\u00e4rare. Idag arbetar hon som h\u00f6gstadiel\u00e4rare i SO och svenska. Maria har hittat sin metod genom att ge elever m\u00f6jligheter att p\u00e5verka v\u00e4rden utanf\u00f6r klassrummet.  <\/p>\n<\/div>\n<\/div>\n\n\n\n<p><strong>Inspirationstillf\u00e4llet \u00e4r en introduktion till arbetet med Elevborgarr\u00e5det f\u00f6r social h\u00e5llbarhet som inleds HT2025 &#8211; 2026 d\u00e4rf\u00f6r \u00e4r det viktigt att samtliga skolenheter deltar<\/strong>.\u00a0F\u00f6rel\u00e4sningen s\u00e4nds live den 13 augusti, men kommer \u00e4ven att spelas in och finnas tillg\u00e4nglig i efterhand under ht2025.\u00a0Rektor f\u00e5r g\u00e4rna anm\u00e4la hela sitt arbetslag och titta p\u00e5 f\u00f6rel\u00e4sningen tillsammans. Alternativt kan varje pedagog och l\u00e4rare anm\u00e4la sig individuellt.<\/p>\n\n\n\n<div class=\"wp-block-buttons is-layout-flex wp-block-buttons-is-layout-flex\">\n<div class=\"wp-block-button\"><a class=\"wp-block-button__link wp-element-button\" href=\"https:\/\/forms.office.com\/e\/JAh5tw6fyb\" target=\"_blank\" rel=\"noreferrer noopener\">Anm\u00e4l dig h\u00e4r!<\/a><\/div>\n<\/div>\n","protected":false},"excerpt":{"rendered":"<p>V\u00e4lkomna till en f\u00f6rel\u00e4sning med Maria Wiman, d\u00e4r hon inspirerar och engagerar kopplat till \u00e4mnet demokrati och elevinflytande. F\u00f6rel\u00e4sningstillf\u00e4llet \u00e4r \u00e4ven en introduktion till uppstarten av ett nytt Elevborgarr\u00e5d.&nbsp; M\u00e5lgrupp:&nbsp;Rektorer, l\u00e4rare och pedagoger F-9 inklusive AG.Datum och tid:&nbsp;13 augusti, kl 13:00 &#8211; 14:00&nbsp;Sista anm\u00e4lan:&nbsp;12 juni Om f\u00f6rel\u00e4sningenHur kan vi st\u00e4rka v\u00e5ra elevers r\u00f6ster, f\u00e5 dem &hellip; <\/p>\n<p class=\"link-more\"><a href=\"https:\/\/skola.karlstad.se\/elevborgarrad\/forelasning\/\" class=\"more-link\">Forts\u00e4tt l\u00e4sa<span class=\"screen-reader-text\"> \u201dF\u00f6rel\u00e4sning om demokrati och elevinflytande\u201d<\/span><\/a><\/p>\n","protected":false},"author":3594,"featured_media":0,"parent":0,"menu_order":0,"comment_status":"closed","ping_status":"closed","template":"","meta":{"footnotes":""},"class_list":["post-1271","page","type-page","status-publish","hentry"],"_links":{"self":[{"href":"https:\/\/skola.karlstad.se\/elevborgarrad\/wp-json\/wp\/v2\/pages\/1271","targetHints":{"allow":["GET"]}}],"collection":[{"href":"https:\/\/skola.karlstad.se\/elevborgarrad\/wp-json\/wp\/v2\/pages"}],"about":[{"href":"https:\/\/skola.karlstad.se\/elevborgarrad\/wp-json\/wp\/v2\/types\/page"}],"author":[{"embeddable":true,"href":"https:\/\/skola.karlstad.se\/elevborgarrad\/wp-json\/wp\/v2\/users\/3594"}],"replies":[{"embeddable":true,"href":"https:\/\/skola.karlstad.se\/elevborgarrad\/wp-json\/wp\/v2\/comments?post=1271"}],"version-history":[{"count":4,"href":"https:\/\/skola.karlstad.se\/elevborgarrad\/wp-json\/wp\/v2\/pages\/1271\/revisions"}],"predecessor-version":[{"id":1304,"href":"https:\/\/skola.karlstad.se\/elevborgarrad\/wp-json\/wp\/v2\/pages\/1271\/revisions\/1304"}],"wp:attachment":[{"href":"https:\/\/skola.karlstad.se\/elevborgarrad\/wp-json\/wp\/v2\/media?parent=1271"}],"curies":[{"name":"wp","href":"https:\/\/api.w.org\/{rel}","templated":true}]}}