{"id":1305,"date":"2025-05-08T14:21:42","date_gmt":"2025-05-08T12:21:42","guid":{"rendered":"https:\/\/skola.karlstad.se\/elevborgarrad\/?page_id=1305"},"modified":"2025-08-13T08:56:44","modified_gmt":"2025-08-13T06:56:44","slug":"utbildning-for-elevrad","status":"publish","type":"page","link":"https:\/\/skola.karlstad.se\/elevborgarrad\/utbildning-for-elevrad\/","title":{"rendered":"Utbildning f\u00f6r elevr\u00e5d"},"content":{"rendered":"\n<figure class=\"wp-block-image size-large\"><img loading=\"lazy\" decoding=\"async\" width=\"1024\" height=\"461\" src=\"https:\/\/skola.karlstad.se\/elevborgarrad\/wp-content\/uploads\/sites\/1517\/2025\/05\/Elevrad-2-1024x461.jpg\" alt=\"\" class=\"wp-image-1308\" srcset=\"https:\/\/skola.karlstad.se\/elevborgarrad\/wp-content\/uploads\/sites\/1517\/2025\/05\/Elevrad-2-1024x461.jpg 1024w, https:\/\/skola.karlstad.se\/elevborgarrad\/wp-content\/uploads\/sites\/1517\/2025\/05\/Elevrad-2-300x135.jpg 300w, https:\/\/skola.karlstad.se\/elevborgarrad\/wp-content\/uploads\/sites\/1517\/2025\/05\/Elevrad-2-768x346.jpg 768w, https:\/\/skola.karlstad.se\/elevborgarrad\/wp-content\/uploads\/sites\/1517\/2025\/05\/Elevrad-2.jpg 1089w\" sizes=\"auto, (max-width: 706px) 89vw, (max-width: 767px) 82vw, 740px\" \/><\/figure>\n\n\n\n<p>Under h\u00f6sten 2025 kommer vi att bjuda in elevr\u00e5dsrepresentanter (elevr\u00e5dsordf\u00f6rande samt elevskyddsombud) fr\u00e5n alla Karlstads kommuns skolor till ett utbildningstillf\u00e4lle. Under detta tillf\u00e4lle bjuds eleverna in en f\u00f6rmiddag till Karolinen f\u00f6r en utbildning i den nya riktlinjen f\u00f6r barn- och elevdemokrati samt inspiration omkring demokrati och elevinflytande. <br><br><strong>Datum f\u00f6r utbildningstillf\u00e4llet: <\/strong><br>9 september 2025 &#8211; f\u00f6r \u00e5k 3<br>11 september 2025 &#8211; f\u00f6r \u00e5k 7 &#8211; 9 <br>18 september 2025 &#8211; f\u00f6r \u00e5k 4 &#8211; 6<br><br>Mer info och en inbjudan kommer att skickas ut senare under v\u00e5rterminen 2025. <br><br><\/p>\n","protected":false},"excerpt":{"rendered":"<p>Under h\u00f6sten 2025 kommer vi att bjuda in elevr\u00e5dsrepresentanter (elevr\u00e5dsordf\u00f6rande samt elevskyddsombud) fr\u00e5n alla Karlstads kommuns skolor till ett utbildningstillf\u00e4lle. Under detta tillf\u00e4lle bjuds eleverna in en f\u00f6rmiddag till Karolinen f\u00f6r en utbildning i den nya riktlinjen f\u00f6r barn- och elevdemokrati samt inspiration omkring demokrati och elevinflytande. Datum f\u00f6r utbildningstillf\u00e4llet: 9 september 2025 &#8211; f\u00f6r &hellip; <\/p>\n<p class=\"link-more\"><a href=\"https:\/\/skola.karlstad.se\/elevborgarrad\/utbildning-for-elevrad\/\" class=\"more-link\">Forts\u00e4tt l\u00e4sa<span class=\"screen-reader-text\"> \u201dUtbildning f\u00f6r elevr\u00e5d\u201d<\/span><\/a><\/p>\n","protected":false},"author":3594,"featured_media":0,"parent":0,"menu_order":0,"comment_status":"closed","ping_status":"closed","template":"","meta":{"footnotes":""},"class_list":["post-1305","page","type-page","status-publish","hentry"],"_links":{"self":[{"href":"https:\/\/skola.karlstad.se\/elevborgarrad\/wp-json\/wp\/v2\/pages\/1305","targetHints":{"allow":["GET"]}}],"collection":[{"href":"https:\/\/skola.karlstad.se\/elevborgarrad\/wp-json\/wp\/v2\/pages"}],"about":[{"href":"https:\/\/skola.karlstad.se\/elevborgarrad\/wp-json\/wp\/v2\/types\/page"}],"author":[{"embeddable":true,"href":"https:\/\/skola.karlstad.se\/elevborgarrad\/wp-json\/wp\/v2\/users\/3594"}],"replies":[{"embeddable":true,"href":"https:\/\/skola.karlstad.se\/elevborgarrad\/wp-json\/wp\/v2\/comments?post=1305"}],"version-history":[{"count":4,"href":"https:\/\/skola.karlstad.se\/elevborgarrad\/wp-json\/wp\/v2\/pages\/1305\/revisions"}],"predecessor-version":[{"id":1329,"href":"https:\/\/skola.karlstad.se\/elevborgarrad\/wp-json\/wp\/v2\/pages\/1305\/revisions\/1329"}],"wp:attachment":[{"href":"https:\/\/skola.karlstad.se\/elevborgarrad\/wp-json\/wp\/v2\/media?parent=1305"}],"curies":[{"name":"wp","href":"https:\/\/api.w.org\/{rel}","templated":true}]}}