{"id":1360,"date":"2025-08-15T09:21:40","date_gmt":"2025-08-15T07:21:40","guid":{"rendered":"https:\/\/skola.karlstad.se\/elevborgarrad\/?page_id=1360"},"modified":"2025-08-29T15:04:11","modified_gmt":"2025-08-29T13:04:11","slug":"utbildning-for-elevradsrepresentanter","status":"publish","type":"page","link":"https:\/\/skola.karlstad.se\/elevborgarrad\/utbildning-for-elevradsrepresentanter\/","title":{"rendered":"Utbildning f\u00f6r elevr\u00e5dsrepresentanter"},"content":{"rendered":"\n<figure class=\"wp-block-gallery has-nested-images columns-default is-cropped wp-block-gallery-1 is-layout-flex wp-block-gallery-is-layout-flex\">\n<figure class=\"wp-block-image size-large\"><img loading=\"lazy\" decoding=\"async\" width=\"604\" height=\"258\" data-id=\"1361\" src=\"https:\/\/skola.karlstad.se\/elevborgarrad\/wp-content\/uploads\/sites\/1517\/2025\/08\/Bild3-1.jpg\" alt=\"\" class=\"wp-image-1361\" srcset=\"https:\/\/skola.karlstad.se\/elevborgarrad\/wp-content\/uploads\/sites\/1517\/2025\/08\/Bild3-1.jpg 604w, https:\/\/skola.karlstad.se\/elevborgarrad\/wp-content\/uploads\/sites\/1517\/2025\/08\/Bild3-1-300x128.jpg 300w\" sizes=\"auto, (max-width: 604px) 100vw, 604px\" \/><\/figure>\n<\/figure>\n\n\n\n<p>Nu bjuder Barn- och ungdomsf\u00f6rvaltningen in kommunens elever&nbsp;till en inspirerande utbildning i elevdemokrati. Utbildningen \u00e4r uppdelad p\u00e5 tre tillf\u00e4llen anpassad efter respektive \u00e5rskurs.&nbsp;<br><br>9 september 09.00-11.00 \u2013 \u00c5rskurs 3&nbsp;&nbsp;<br>11 september 09.00-11.00&nbsp; \u2013 \u00c5rskurs 7\u20139<br>18 september 09.00-11.00&nbsp;\u2013\u00c5rskurs 4-6&nbsp;<\/p>\n\n\n\n<p><strong>Utbildningen \u00e4r en del av Elevborgarr\u00e5det f\u00f6r social h\u00e5llbarhet och genomf\u00f6rs i enlighet med Barn- och ungdomsf\u00f6rvaltningens riktlinje f\u00f6r barn- och elevdemokrati.<\/strong>&nbsp;Syftet med utbildningen \u00e4r att st\u00e4rka elevernas f\u00f6rst\u00e5else f\u00f6r demokratiska processer samt deras roll och m\u00f6jligheter till delaktighet och inflytande i skolan. Under utbildningstillf\u00e4llena f\u00e5r eleverna m\u00f6jlighet att: <\/p>\n\n\n\n<p class=\"has-text-align-left\">F\u00f6rdjupa sina kunskaper om elevinflytande, t.ex elevr\u00e5dets och klassr\u00e5dets funktioner. <br>Utforska hur de sj\u00e4lva kan p\u00e5verka skolmilj\u00f6n<br>Utbyta erfarenheter med andra elevr\u00e5dsrepresentanter<br>Problematisera och synligg\u00f6ra normer och dessa kan p\u00e5verka demokrati och inkludering<br><br><strong>Praktisk information<\/strong><br>Anm\u00e4lan g\u00e4ller f\u00f6r tv\u00e5 elever per skola\/stadie, tillsammans med medf\u00f6ljande skolpersonal. <br>Plats: Karolinen, V\u00e5xn\u00e4sgatan 10, 65340 Karlstad<br>Sal: Samling BUF, v\u00e5ning 4 &#8211; Molkomsalen B450<br>Tid: 09.00-11.00<br><strong>Anm\u00e4lan \u00e4r \u00f6ppen till och med 2025.<\/strong>09.05<br><br>Hoppas vi ses! <br>Vid fr\u00e5gor eller funderingar, v\u00e4lkommen att h\u00f6ra av dig via:<br>elevborgarradet@karlstad.se<\/p>\n\n\n<style>.wp-block-kadence-advancedbtn.kb-btns1360_ed99de-ba{gap:var(--global-kb-gap-xs, 0.5rem );justify-content:flex-start;align-items:center;}.kt-btns1360_ed99de-ba .kt-button{font-weight:normal;font-style:normal;}.kt-btns1360_ed99de-ba .kt-btn-wrap-0{margin-right:5px;}.wp-block-kadence-advancedbtn.kt-btns1360_ed99de-ba .kt-btn-wrap-0 .kt-button{color:#555555;border-color:#555555;}.wp-block-kadence-advancedbtn.kt-btns1360_ed99de-ba .kt-btn-wrap-0 .kt-button:hover, .wp-block-kadence-advancedbtn.kt-btns1360_ed99de-ba .kt-btn-wrap-0 .kt-button:focus{color:#ffffff;border-color:#444444;}.wp-block-kadence-advancedbtn.kt-btns1360_ed99de-ba .kt-btn-wrap-0 .kt-button::before{display:none;}.wp-block-kadence-advancedbtn.kt-btns1360_ed99de-ba .kt-btn-wrap-0 .kt-button:hover, .wp-block-kadence-advancedbtn.kt-btns1360_ed99de-ba .kt-btn-wrap-0 .kt-button:focus{background:#444444;}<\/style>\n<div class=\"wp-block-kadence-advancedbtn kb-buttons-wrap kb-btns1360_ed99de-ba\"><style>ul.menu .wp-block-kadence-advancedbtn .kb-btn1360_b39bea-0a.kb-button{width:initial;}.wp-block-kadence-advancedbtn .kb-btn1360_b39bea-0a.kb-button{background:#000000;}<\/style><a class=\"kb-button kt-button button kb-btn1360_b39bea-0a kt-btn-size-standard kt-btn-width-type-auto kb-btn-global-fill kt-btn-has-text-true kt-btn-has-svg-false wp-block-kadence-singlebtn\" href=\"https:\/\/forms.office.com\/e\/XKKZvys28v\" target=\"_blank\" rel=\"noreferrer noopener\"><span class=\"kt-btn-inner-text\">Anm\u00e4l h\u00e4r <\/span><\/a><\/div>\n\n\n\n<p><\/p>\n","protected":false},"excerpt":{"rendered":"<p>Nu bjuder Barn- och ungdomsf\u00f6rvaltningen in kommunens elever&nbsp;till en inspirerande utbildning i elevdemokrati. Utbildningen \u00e4r uppdelad p\u00e5 tre tillf\u00e4llen anpassad efter respektive \u00e5rskurs.&nbsp; 9 september 09.00-11.00 \u2013 \u00c5rskurs 3&nbsp;&nbsp;11 september 09.00-11.00&nbsp; \u2013 \u00c5rskurs 7\u2013918 september 09.00-11.00&nbsp;\u2013\u00c5rskurs 4-6&nbsp; Utbildningen \u00e4r en del av Elevborgarr\u00e5det f\u00f6r social h\u00e5llbarhet och genomf\u00f6rs i enlighet med Barn- och ungdomsf\u00f6rvaltningens riktlinje &hellip; <\/p>\n<p class=\"link-more\"><a href=\"https:\/\/skola.karlstad.se\/elevborgarrad\/utbildning-for-elevradsrepresentanter\/\" class=\"more-link\">Forts\u00e4tt l\u00e4sa<span class=\"screen-reader-text\"> \u201dUtbildning f\u00f6r elevr\u00e5dsrepresentanter\u201d<\/span><\/a><\/p>\n","protected":false},"author":3598,"featured_media":0,"parent":0,"menu_order":0,"comment_status":"closed","ping_status":"closed","template":"","meta":{"footnotes":""},"class_list":["post-1360","page","type-page","status-publish","hentry"],"_links":{"self":[{"href":"https:\/\/skola.karlstad.se\/elevborgarrad\/wp-json\/wp\/v2\/pages\/1360","targetHints":{"allow":["GET"]}}],"collection":[{"href":"https:\/\/skola.karlstad.se\/elevborgarrad\/wp-json\/wp\/v2\/pages"}],"about":[{"href":"https:\/\/skola.karlstad.se\/elevborgarrad\/wp-json\/wp\/v2\/types\/page"}],"author":[{"embeddable":true,"href":"https:\/\/skola.karlstad.se\/elevborgarrad\/wp-json\/wp\/v2\/users\/3598"}],"replies":[{"embeddable":true,"href":"https:\/\/skola.karlstad.se\/elevborgarrad\/wp-json\/wp\/v2\/comments?post=1360"}],"version-history":[{"count":10,"href":"https:\/\/skola.karlstad.se\/elevborgarrad\/wp-json\/wp\/v2\/pages\/1360\/revisions"}],"predecessor-version":[{"id":1390,"href":"https:\/\/skola.karlstad.se\/elevborgarrad\/wp-json\/wp\/v2\/pages\/1360\/revisions\/1390"}],"wp:attachment":[{"href":"https:\/\/skola.karlstad.se\/elevborgarrad\/wp-json\/wp\/v2\/media?parent=1360"}],"curies":[{"name":"wp","href":"https:\/\/api.w.org\/{rel}","templated":true}]}}