{"id":1412,"date":"2025-09-24T11:39:58","date_gmt":"2025-09-24T09:39:58","guid":{"rendered":"https:\/\/skola.karlstad.se\/elevborgarrad\/?page_id=1412"},"modified":"2025-09-25T11:59:59","modified_gmt":"2025-09-25T09:59:59","slug":"material-och-ovningar-elevradsutbildning","status":"publish","type":"page","link":"https:\/\/skola.karlstad.se\/elevborgarrad\/material-och-ovningar-elevradsutbildning\/","title":{"rendered":"Material och \u00f6vningar Elevr\u00e5dsutbildning"},"content":{"rendered":"\n<figure class=\"wp-block-image size-full\"><img loading=\"lazy\" decoding=\"async\" width=\"768\" height=\"507\" src=\"https:\/\/skola.karlstad.se\/elevborgarrad\/wp-content\/uploads\/sites\/1517\/2025\/09\/bild-sajt-2.jpg\" alt=\"\" class=\"wp-image-1441\" srcset=\"https:\/\/skola.karlstad.se\/elevborgarrad\/wp-content\/uploads\/sites\/1517\/2025\/09\/bild-sajt-2.jpg 768w, https:\/\/skola.karlstad.se\/elevborgarrad\/wp-content\/uploads\/sites\/1517\/2025\/09\/bild-sajt-2-300x198.jpg 300w\" sizes=\"auto, (max-width: 706px) 89vw, (max-width: 767px) 82vw, 740px\" \/><\/figure>\n\n\n\n<p>Under h\u00f6sten 2025 har representanter fr\u00e5n Karlstads kommuns elevr\u00e5d deltagit vid elevr\u00e5dsutbildningar. Utbildningarna har genomf\u00f6rts i samband med lansering av barn och ungdomsf\u00f6rvaltningens riktlinje f\u00f6r barn och elevdemokrati. <br>Fokus har varit p\u00e5 att skapa \u00f6kad kunskap om elevinflytande och demokrati hos v\u00e5ra elever likv\u00e4l som det f\u00e5tt \u00f6va sig i demokratiska arbetsformer s\u00e5 som samarbeta, ta beslut, lyssna och utbyta erfarenheter mellan varandra.  <br><br>\u00c4r ni nyfikna och vill arbeta vidare med elevinflytande, kanske p\u00e5 klass eller elevr\u00e5d? <br>Nedan hittar ni l\u00e4nk till material och \u00f6vningar fr\u00e5n respektive \u00e5rskurs\/ utbildningstillf\u00e4lle.<br><strong><br>\u00c5k 3-6 <\/strong><\/p>\n\n\n\n<div class=\"wp-block-file\"><a id=\"wp-block-file--media-e897f924-7234-4f8b-98c3-b6ebea884de5\" href=\"https:\/\/skola.karlstad.se\/elevborgarrad\/wp-content\/uploads\/sites\/1517\/2025\/09\/Tipspromenad-demokrati-ak-3-.docx\">Tipspromenad demokrati \u00e5k 3<\/a><a href=\"https:\/\/skola.karlstad.se\/elevborgarrad\/wp-content\/uploads\/sites\/1517\/2025\/09\/Tipspromenad-demokrati-ak-3-.docx\" class=\"wp-block-file__button wp-element-button\" download aria-describedby=\"wp-block-file--media-e897f924-7234-4f8b-98c3-b6ebea884de5\">Ladda ner<\/a><\/div>\n\n\n\n<div class=\"wp-block-file\"><a id=\"wp-block-file--media-2a75596b-0ae4-4f5d-a965-3c2b5dff8bc8\" href=\"https:\/\/skola.karlstad.se\/elevborgarrad\/wp-content\/uploads\/sites\/1517\/2025\/09\/Tipspromenad-ak-4-6-1.docx\">Tipspromenad \u00e5k 4-6<\/a><a href=\"https:\/\/skola.karlstad.se\/elevborgarrad\/wp-content\/uploads\/sites\/1517\/2025\/09\/Tipspromenad-ak-4-6-1.docx\" class=\"wp-block-file__button wp-element-button\" download aria-describedby=\"wp-block-file--media-2a75596b-0ae4-4f5d-a965-3c2b5dff8bc8\">Ladda ner<\/a><\/div>\n\n\n\n<div class=\"wp-block-file\"><a id=\"wp-block-file--media-0fac5cb8-0f88-4dce-8649-f6d572fbd189\" href=\"https:\/\/skola.karlstad.se\/elevborgarrad\/wp-content\/uploads\/sites\/1517\/2025\/09\/Lina-bygg-ett-beslut-.docx\">Lina &#8211; bygg ett beslut<\/a><a href=\"https:\/\/skola.karlstad.se\/elevborgarrad\/wp-content\/uploads\/sites\/1517\/2025\/09\/Lina-bygg-ett-beslut-.docx\" class=\"wp-block-file__button wp-element-button\" download aria-describedby=\"wp-block-file--media-0fac5cb8-0f88-4dce-8649-f6d572fbd189\">Ladda ner<\/a><\/div>\n\n\n\n<div class=\"wp-block-file\"><a id=\"wp-block-file--media-ef4a0474-2993-4fed-80f8-cf3b6361b5d2\" href=\"https:\/\/skola.karlstad.se\/elevborgarrad\/wp-content\/uploads\/sites\/1517\/2025\/09\/Ode-on-2.docx\">\u00d6de \u00f6n<\/a><a href=\"https:\/\/skola.karlstad.se\/elevborgarrad\/wp-content\/uploads\/sites\/1517\/2025\/09\/Ode-on-2.docx\" class=\"wp-block-file__button wp-element-button\" download aria-describedby=\"wp-block-file--media-ef4a0474-2993-4fed-80f8-cf3b6361b5d2\">Ladda ner<\/a><\/div>\n\n\n\n<p><\/p>\n\n\n\n<p><strong>\u00c5k 7-9<\/strong><\/p>\n\n\n\n<div class=\"wp-block-file\"><a id=\"wp-block-file--media-939ca798-e81b-425e-88cd-4857742877a9\" href=\"https:\/\/skola.karlstad.se\/elevborgarrad\/wp-content\/uploads\/sites\/1517\/2025\/09\/Demokratiska-arbetsformer-ak-7-9-1.docx\">Demokratiska arbetsformer \u00e5k 7-9<\/a><a href=\"https:\/\/skola.karlstad.se\/elevborgarrad\/wp-content\/uploads\/sites\/1517\/2025\/09\/Demokratiska-arbetsformer-ak-7-9-1.docx\" class=\"wp-block-file__button wp-element-button\" download aria-describedby=\"wp-block-file--media-939ca798-e81b-425e-88cd-4857742877a9\">Ladda ner<\/a><\/div>\n\n\n\n<div class=\"wp-block-file\"><a id=\"wp-block-file--media-d1b8351b-1328-4ac4-829d-2bf342db509d\" href=\"https:\/\/skola.karlstad.se\/elevborgarrad\/wp-content\/uploads\/sites\/1517\/2025\/09\/Ode-on-1.docx\">\u00d6de \u00f6n<\/a><a href=\"https:\/\/skola.karlstad.se\/elevborgarrad\/wp-content\/uploads\/sites\/1517\/2025\/09\/Ode-on-1.docx\" class=\"wp-block-file__button wp-element-button\" download aria-describedby=\"wp-block-file--media-d1b8351b-1328-4ac4-829d-2bf342db509d\">Ladda ner<\/a><\/div>\n\n\n\n<p><\/p>\n\n\n","protected":false},"excerpt":{"rendered":"<p>Under h\u00f6sten 2025 har representanter fr\u00e5n Karlstads kommuns elevr\u00e5d deltagit vid elevr\u00e5dsutbildningar. Utbildningarna har genomf\u00f6rts i samband med lansering av barn och ungdomsf\u00f6rvaltningens riktlinje f\u00f6r barn och elevdemokrati. Fokus har varit p\u00e5 att skapa \u00f6kad kunskap om elevinflytande och demokrati hos v\u00e5ra elever likv\u00e4l som det f\u00e5tt \u00f6va sig i demokratiska arbetsformer s\u00e5 som samarbeta, &hellip; <\/p>\n<p class=\"link-more\"><a href=\"https:\/\/skola.karlstad.se\/elevborgarrad\/material-och-ovningar-elevradsutbildning\/\" class=\"more-link\">Forts\u00e4tt l\u00e4sa<span class=\"screen-reader-text\"> \u201dMaterial och \u00f6vningar Elevr\u00e5dsutbildning\u201d<\/span><\/a><\/p>\n","protected":false},"author":3598,"featured_media":0,"parent":0,"menu_order":0,"comment_status":"closed","ping_status":"closed","template":"","meta":{"footnotes":""},"class_list":["post-1412","page","type-page","status-publish","hentry"],"_links":{"self":[{"href":"https:\/\/skola.karlstad.se\/elevborgarrad\/wp-json\/wp\/v2\/pages\/1412","targetHints":{"allow":["GET"]}}],"collection":[{"href":"https:\/\/skola.karlstad.se\/elevborgarrad\/wp-json\/wp\/v2\/pages"}],"about":[{"href":"https:\/\/skola.karlstad.se\/elevborgarrad\/wp-json\/wp\/v2\/types\/page"}],"author":[{"embeddable":true,"href":"https:\/\/skola.karlstad.se\/elevborgarrad\/wp-json\/wp\/v2\/users\/3598"}],"replies":[{"embeddable":true,"href":"https:\/\/skola.karlstad.se\/elevborgarrad\/wp-json\/wp\/v2\/comments?post=1412"}],"version-history":[{"count":7,"href":"https:\/\/skola.karlstad.se\/elevborgarrad\/wp-json\/wp\/v2\/pages\/1412\/revisions"}],"predecessor-version":[{"id":1449,"href":"https:\/\/skola.karlstad.se\/elevborgarrad\/wp-json\/wp\/v2\/pages\/1412\/revisions\/1449"}],"wp:attachment":[{"href":"https:\/\/skola.karlstad.se\/elevborgarrad\/wp-json\/wp\/v2\/media?parent=1412"}],"curies":[{"name":"wp","href":"https:\/\/api.w.org\/{rel}","templated":true}]}}