{"id":1497,"date":"2025-10-17T11:48:19","date_gmt":"2025-10-17T09:48:19","guid":{"rendered":"https:\/\/skola.karlstad.se\/elevborgarrad\/?page_id=1497"},"modified":"2026-01-27T10:52:13","modified_gmt":"2026-01-27T09:52:13","slug":"uppdrag-och-inspiration","status":"publish","type":"page","link":"https:\/\/skola.karlstad.se\/elevborgarrad\/uppdrag-och-inspiration\/","title":{"rendered":"Uppdrag och inspiration"},"content":{"rendered":"<div class=\"wp-block-image\">\n<figure class=\"alignright size-large is-resized\"><img loading=\"lazy\" decoding=\"async\" width=\"1024\" height=\"1024\" src=\"https:\/\/skola.karlstad.se\/elevborgarrad\/wp-content\/uploads\/sites\/1517\/2025\/10\/Speak_up-1024x1024.jpg\" alt=\"\" class=\"wp-image-1494\" style=\"width:201px;height:auto\" srcset=\"https:\/\/skola.karlstad.se\/elevborgarrad\/wp-content\/uploads\/sites\/1517\/2025\/10\/Speak_up-1024x1024.jpg 1024w, https:\/\/skola.karlstad.se\/elevborgarrad\/wp-content\/uploads\/sites\/1517\/2025\/10\/Speak_up-300x300.jpg 300w, https:\/\/skola.karlstad.se\/elevborgarrad\/wp-content\/uploads\/sites\/1517\/2025\/10\/Speak_up-150x150.jpg 150w, https:\/\/skola.karlstad.se\/elevborgarrad\/wp-content\/uploads\/sites\/1517\/2025\/10\/Speak_up-768x768.jpg 768w, https:\/\/skola.karlstad.se\/elevborgarrad\/wp-content\/uploads\/sites\/1517\/2025\/10\/Speak_up-1536x1536.jpg 1536w, https:\/\/skola.karlstad.se\/elevborgarrad\/wp-content\/uploads\/sites\/1517\/2025\/10\/Speak_up-2048x2048.jpg 2048w, https:\/\/skola.karlstad.se\/elevborgarrad\/wp-content\/uploads\/sites\/1517\/2025\/10\/Speak_up-100x100.jpg 100w\" sizes=\"auto, (max-width: 706px) 89vw, (max-width: 767px) 82vw, 740px\" \/><\/figure><\/div>\n\n\n<p><strong>ELEVBORGARR\u00c5D F\u00d6R SOCIAL H\u00c5LLBARHET<\/strong> <\/p>\n\n\n\n<p>Nu bjuder Karlstads kommun in till  Elevborgarr\u00e5d f\u00f6r barn och unga p\u00e5 temat social h\u00e5llbarhet. Syftet \u00e4r att barn och unga i Karlstads kommun ska f\u00e5 sina r\u00f6ster h\u00f6rda och samtidigt ges m\u00f6jlighet att skapa och p\u00e5verka sin framtid.<br>Genom ett aktivt demokratiarbete i praktiken ge elever m\u00f6jligheter att p\u00e5verka samt kunskap om hur en demokrati fungerar.<\/p>\n\n\n\n<p><strong>Inspirationblad f\u00f6r l\u00e4rare <\/strong><br>Nedan finner du Elevborgarr\u00e5dets inspirationsblad som v\u00e4nder sig till dig som l\u00e4rare i grundskolan. Bladen ger en introduktion till deltagande i elevborgarr\u00e5det och temat social h\u00e5llbarhet. H\u00e4r finns aktuella fr\u00e5gest\u00e4llningar presenterade och tips p\u00e5 hur ni kan starta arbetet p\u00e5 skolan tillsammans med era elever.<\/p>\n\n\n\n<p><strong>OBS<\/strong>: \u00c4<strong>ndrat datum f\u00f6r inl\u00e4mning av elevf\u00f6rslag<\/strong>.<br><strong>F\u00f6rl\u00e4ngt till 13 mars 2026 <\/strong><\/p>\n\n\n\n<div class=\"wp-block-buttons is-layout-flex wp-block-buttons-is-layout-flex\">\n<div class=\"wp-block-button\"><a class=\"wp-block-button__link wp-element-button\" href=\"https:\/\/skola.karlstad.se\/elevborgarrad\/wp-content\/uploads\/sites\/1517\/2025\/10\/A4_blad_elevborgarradet_lagstadiet.pdf\" target=\"_blank\" rel=\"noreferrer noopener\">L\u00e5gstadiet <\/a><\/div>\n\n\n\n<div class=\"wp-block-button\"><a class=\"wp-block-button__link wp-element-button\" href=\"https:\/\/skola.karlstad.se\/elevborgarrad\/wp-content\/uploads\/sites\/1517\/2025\/10\/A4_blad_elevborgarradet_mellanstadiet.pdf\" target=\"_blank\" rel=\"noreferrer noopener\">Mellanstadiet<\/a><\/div>\n\n\n\n<div class=\"wp-block-button\"><a class=\"wp-block-button__link wp-element-button\" href=\"https:\/\/skola.karlstad.se\/elevborgarrad\/wp-content\/uploads\/sites\/1517\/2025\/10\/A4_blad_elevborgarradet_Hogstadiet.pdf\" target=\"_blank\" rel=\"noreferrer noopener\">H\u00f6gstadiet <\/a><\/div>\n<\/div>\n\n\n\n<p><br><strong>Affisch tillg\u00e4nglig f\u00f6r skola\/ klassrum,  Elevborgarr\u00e5det <\/strong><\/p>\n\n\n\n<div data-wp-interactive=\"core\/file\" class=\"wp-block-file\"><object data-wp-bind--hidden=\"!state.hasPdfPreview\" hidden class=\"wp-block-file__embed\" data=\"https:\/\/skola.karlstad.se\/elevborgarrad\/wp-content\/uploads\/sites\/1517\/2026\/01\/Affisch-elevborgarradet-2.pdf\" type=\"application\/pdf\" style=\"width:100%;height:200px\" aria-label=\"Inb\u00e4ddning av Affisch elevborgarradet.\"><\/object><a id=\"wp-block-file--media-1de4eadc-9b37-4db5-b869-766916e0f391\" href=\"https:\/\/skola.karlstad.se\/elevborgarrad\/wp-content\/uploads\/sites\/1517\/2026\/01\/Affisch-elevborgarradet-2.pdf\">Affisch elevborgarradet<\/a><a href=\"https:\/\/skola.karlstad.se\/elevborgarrad\/wp-content\/uploads\/sites\/1517\/2026\/01\/Affisch-elevborgarradet-2.pdf\" class=\"wp-block-file__button wp-element-button\" download aria-describedby=\"wp-block-file--media-1de4eadc-9b37-4db5-b869-766916e0f391\">Ladda ner<\/a><\/div>\n\n\n\n<p><\/p>\n","protected":false},"excerpt":{"rendered":"<p>ELEVBORGARR\u00c5D F\u00d6R SOCIAL H\u00c5LLBARHET Nu bjuder Karlstads kommun in till Elevborgarr\u00e5d f\u00f6r barn och unga p\u00e5 temat social h\u00e5llbarhet. Syftet \u00e4r att barn och unga i Karlstads kommun ska f\u00e5 sina r\u00f6ster h\u00f6rda och samtidigt ges m\u00f6jlighet att skapa och p\u00e5verka sin framtid.Genom ett aktivt demokratiarbete i praktiken ge elever m\u00f6jligheter att p\u00e5verka samt kunskap &hellip; <\/p>\n<p class=\"link-more\"><a href=\"https:\/\/skola.karlstad.se\/elevborgarrad\/uppdrag-och-inspiration\/\" class=\"more-link\">Forts\u00e4tt l\u00e4sa<span class=\"screen-reader-text\"> \u201dUppdrag och inspiration\u201d<\/span><\/a><\/p>\n","protected":false},"author":3598,"featured_media":0,"parent":0,"menu_order":0,"comment_status":"closed","ping_status":"closed","template":"","meta":{"footnotes":""},"class_list":["post-1497","page","type-page","status-publish","hentry"],"_links":{"self":[{"href":"https:\/\/skola.karlstad.se\/elevborgarrad\/wp-json\/wp\/v2\/pages\/1497","targetHints":{"allow":["GET"]}}],"collection":[{"href":"https:\/\/skola.karlstad.se\/elevborgarrad\/wp-json\/wp\/v2\/pages"}],"about":[{"href":"https:\/\/skola.karlstad.se\/elevborgarrad\/wp-json\/wp\/v2\/types\/page"}],"author":[{"embeddable":true,"href":"https:\/\/skola.karlstad.se\/elevborgarrad\/wp-json\/wp\/v2\/users\/3598"}],"replies":[{"embeddable":true,"href":"https:\/\/skola.karlstad.se\/elevborgarrad\/wp-json\/wp\/v2\/comments?post=1497"}],"version-history":[{"count":14,"href":"https:\/\/skola.karlstad.se\/elevborgarrad\/wp-json\/wp\/v2\/pages\/1497\/revisions"}],"predecessor-version":[{"id":1615,"href":"https:\/\/skola.karlstad.se\/elevborgarrad\/wp-json\/wp\/v2\/pages\/1497\/revisions\/1615"}],"wp:attachment":[{"href":"https:\/\/skola.karlstad.se\/elevborgarrad\/wp-json\/wp\/v2\/media?parent=1497"}],"curies":[{"name":"wp","href":"https:\/\/api.w.org\/{rel}","templated":true}]}}