{"id":1505,"date":"2025-10-17T12:07:15","date_gmt":"2025-10-17T10:07:15","guid":{"rendered":"https:\/\/skola.karlstad.se\/elevborgarrad\/?page_id=1505"},"modified":"2025-12-15T15:37:24","modified_gmt":"2025-12-15T14:37:24","slug":"samlat-material","status":"publish","type":"page","link":"https:\/\/skola.karlstad.se\/elevborgarrad\/samlat-material\/","title":{"rendered":"Samlat material"},"content":{"rendered":"\n<p><\/p>\n\n\n\n<figure class=\"wp-block-gallery has-nested-images columns-default is-cropped wp-block-gallery-1 is-layout-flex wp-block-gallery-is-layout-flex\">\n<figure class=\"wp-block-image size-full is-resized is-style-rounded\"><img loading=\"lazy\" decoding=\"async\" width=\"768\" height=\"507\" data-id=\"1517\" src=\"https:\/\/skola.karlstad.se\/elevborgarrad\/wp-content\/uploads\/sites\/1517\/2025\/10\/bild-sajt-1.jpg\" alt=\"\" class=\"wp-image-1517\" style=\"width:265px;height:auto\" srcset=\"https:\/\/skola.karlstad.se\/elevborgarrad\/wp-content\/uploads\/sites\/1517\/2025\/10\/bild-sajt-1.jpg 768w, https:\/\/skola.karlstad.se\/elevborgarrad\/wp-content\/uploads\/sites\/1517\/2025\/10\/bild-sajt-1-300x198.jpg 300w\" sizes=\"auto, (max-width: 706px) 89vw, (max-width: 767px) 82vw, 740px\" \/><\/figure>\n\n\n\n<figure class=\"wp-block-image size-large is-style-rounded\"><img loading=\"lazy\" decoding=\"async\" width=\"1024\" height=\"988\" data-id=\"1516\" src=\"https:\/\/skola.karlstad.se\/elevborgarrad\/wp-content\/uploads\/sites\/1517\/2025\/10\/Maria-Wiman-2-1024x988.jpg\" alt=\"\" class=\"wp-image-1516\" srcset=\"https:\/\/skola.karlstad.se\/elevborgarrad\/wp-content\/uploads\/sites\/1517\/2025\/10\/Maria-Wiman-2-1024x988.jpg 1024w, https:\/\/skola.karlstad.se\/elevborgarrad\/wp-content\/uploads\/sites\/1517\/2025\/10\/Maria-Wiman-2-300x289.jpg 300w, https:\/\/skola.karlstad.se\/elevborgarrad\/wp-content\/uploads\/sites\/1517\/2025\/10\/Maria-Wiman-2-768x741.jpg 768w, https:\/\/skola.karlstad.se\/elevborgarrad\/wp-content\/uploads\/sites\/1517\/2025\/10\/Maria-Wiman-2.jpg 1080w\" sizes=\"auto, (max-width: 706px) 89vw, (max-width: 767px) 82vw, 740px\" \/><\/figure>\n<\/figure>\n\n\n\n<div class=\"wp-block-columns are-vertically-aligned-bottom is-layout-flex wp-container-core-columns-is-layout-9d6595d7 wp-block-columns-is-layout-flex\">\n<div class=\"wp-block-column is-layout-flow wp-block-column-is-layout-flow\" style=\"flex-basis:50%\">\n<p><a href=\"https:\/\/skola.karlstad.se\/elevborgarrad\/material-och-ovningar-elevradsutbildning\/\" data-type=\"link\" data-id=\"https:\/\/skola.karlstad.se\/elevborgarrad\/material-och-ovningar-elevradsutbildning\/\"><strong>Elevr\u00e5ds utbildning 2025 <\/strong><br>Forts\u00e4tt arbetet med elevinflytande! Vi ser g\u00e4rna att ni arbetar vidare med elevdemokrati och sprider kunskapen till fler elever ute p\u00e5 skolorna. Nedan hittar ni l\u00e4nk till material och \u00f6vningar fr\u00e5n respektive \u00e5rskurs\/ utbildningstillf\u00e4lle.<\/a><\/p>\n<\/div>\n\n\n\n<div class=\"wp-block-column is-layout-flow wp-block-column-is-layout-flow\" style=\"flex-basis:50%\">\n<p><a href=\"https:\/\/skola.karlstad.se\/elevborgarrad\/evenemang-och-anmalan\/\" data-type=\"page\" data-id=\"1500\"><\/a><a href=\"https:\/\/skola.karlstad.se\/elevborgarrad\/2025\/08\/14\/inspirationsforelasning-med-maria-wiman\/\" data-type=\"post\" data-id=\"1339\"><strong>F\u00f6rel\u00e4sning om demokrati och elevinflytande<\/strong>.<br>V\u00e4lkommen till f\u00f6rel\u00e4sning med Maria Wiman som en introduktion till elevborgarradet f\u00f6r social h\u00e5llbarhet!<br>L\u00e4s mer och se f\u00f6rel\u00e4sningen h\u00e4r!<\/a><\/p>\n<\/div>\n<\/div>\n\n\n\n<p class=\"has-text-align-left\"><\/p>\n\n\n\n<figure class=\"wp-block-image size-full is-resized is-style-rounded\"><img loading=\"lazy\" decoding=\"async\" width=\"513\" height=\"472\" src=\"http:\/\/skola.karlstad.se\/elevborgarrad\/wp-content\/uploads\/sites\/1517\/2025\/05\/Elevborgarrad-din-rost-ar-viktig.jpg\" alt=\"\" class=\"wp-image-1241\" style=\"width:229px;height:auto\" srcset=\"https:\/\/skola.karlstad.se\/elevborgarrad\/wp-content\/uploads\/sites\/1517\/2025\/05\/Elevborgarrad-din-rost-ar-viktig.jpg 513w, https:\/\/skola.karlstad.se\/elevborgarrad\/wp-content\/uploads\/sites\/1517\/2025\/05\/Elevborgarrad-din-rost-ar-viktig-300x276.jpg 300w\" sizes=\"auto, (max-width: 513px) 100vw, 513px\" \/><\/figure>\n\n\n\n<p class=\"has-text-align-left\"><a href=\"https:\/\/skola.karlstad.se\/elevborgarrad\/kolla-in\/\" data-type=\"page\" data-id=\"1568\"><strong>L\u00e4s mer. <\/strong><br>Samlade tips och l\u00e4nkar f\u00f6r arbete med <br>demokrati f\u00f6rskola, grundskola och anpassad <br>grundskola. <\/a><\/p>\n\n\n\n<p class=\"has-text-align-left\"><\/p>\n\n\n\n<p><\/p>\n","protected":false},"excerpt":{"rendered":"<p>Elevr\u00e5ds utbildning 2025 Forts\u00e4tt arbetet med elevinflytande! Vi ser g\u00e4rna att ni arbetar vidare med elevdemokrati och sprider kunskapen till fler elever ute p\u00e5 skolorna. Nedan hittar ni l\u00e4nk till material och \u00f6vningar fr\u00e5n respektive \u00e5rskurs\/ utbildningstillf\u00e4lle. F\u00f6rel\u00e4sning om demokrati och elevinflytande.V\u00e4lkommen till f\u00f6rel\u00e4sning med Maria Wiman som en introduktion till elevborgarradet f\u00f6r social h\u00e5llbarhet!L\u00e4s &hellip; <\/p>\n<p class=\"link-more\"><a href=\"https:\/\/skola.karlstad.se\/elevborgarrad\/samlat-material\/\" class=\"more-link\">Forts\u00e4tt l\u00e4sa<span class=\"screen-reader-text\"> \u201dSamlat material\u201d<\/span><\/a><\/p>\n","protected":false},"author":3598,"featured_media":0,"parent":0,"menu_order":0,"comment_status":"closed","ping_status":"closed","template":"","meta":{"footnotes":""},"class_list":["post-1505","page","type-page","status-publish","hentry"],"_links":{"self":[{"href":"https:\/\/skola.karlstad.se\/elevborgarrad\/wp-json\/wp\/v2\/pages\/1505","targetHints":{"allow":["GET"]}}],"collection":[{"href":"https:\/\/skola.karlstad.se\/elevborgarrad\/wp-json\/wp\/v2\/pages"}],"about":[{"href":"https:\/\/skola.karlstad.se\/elevborgarrad\/wp-json\/wp\/v2\/types\/page"}],"author":[{"embeddable":true,"href":"https:\/\/skola.karlstad.se\/elevborgarrad\/wp-json\/wp\/v2\/users\/3598"}],"replies":[{"embeddable":true,"href":"https:\/\/skola.karlstad.se\/elevborgarrad\/wp-json\/wp\/v2\/comments?post=1505"}],"version-history":[{"count":5,"href":"https:\/\/skola.karlstad.se\/elevborgarrad\/wp-json\/wp\/v2\/pages\/1505\/revisions"}],"predecessor-version":[{"id":1575,"href":"https:\/\/skola.karlstad.se\/elevborgarrad\/wp-json\/wp\/v2\/pages\/1505\/revisions\/1575"}],"wp:attachment":[{"href":"https:\/\/skola.karlstad.se\/elevborgarrad\/wp-json\/wp\/v2\/media?parent=1505"}],"curies":[{"name":"wp","href":"https:\/\/api.w.org\/{rel}","templated":true}]}}