{"id":1645,"date":"2026-03-12T11:17:06","date_gmt":"2026-03-12T10:17:06","guid":{"rendered":"https:\/\/skola.karlstad.se\/elevborgarrad\/?page_id=1645"},"modified":"2026-03-12T11:23:38","modified_gmt":"2026-03-12T10:23:38","slug":"barntoppmote-13-april-2026","status":"publish","type":"page","link":"https:\/\/skola.karlstad.se\/elevborgarrad\/barntoppmote-13-april-2026\/","title":{"rendered":"Barntoppm\u00f6te 13 april 2026"},"content":{"rendered":"<div class=\"wp-block-image\">\n<figure class=\"aligncenter size-full is-resized\"><img loading=\"lazy\" decoding=\"async\" width=\"643\" height=\"660\" src=\"https:\/\/skola.karlstad.se\/elevborgarrad\/wp-content\/uploads\/sites\/1517\/2026\/03\/Symbol_CMYK_Color.png\" alt=\"\" class=\"wp-image-1648\" style=\"width:179px;height:auto\" srcset=\"https:\/\/skola.karlstad.se\/elevborgarrad\/wp-content\/uploads\/sites\/1517\/2026\/03\/Symbol_CMYK_Color.png 643w, https:\/\/skola.karlstad.se\/elevborgarrad\/wp-content\/uploads\/sites\/1517\/2026\/03\/Symbol_CMYK_Color-292x300.png 292w\" sizes=\"auto, (max-width: 643px) 100vw, 643px\" \/><\/figure><\/div>\n\n\n<h2 class=\"wp-block-heading\">Nu tar vi n\u00e4sta steg i processen. Efter att eleverna arbetat ute p\u00e5 enheterna och skickat in sina f\u00f6rslag \u00e4r det dags f\u00f6r Barntoppm\u00f6tet.<\/h2>\n\n\n\n<p><strong>Vad \u00e4r Barntoppm\u00f6tet?<\/strong><br>Barntoppm\u00f6tet \u00e4r den workshop d\u00e4r elever fr\u00e5n kommunens grundskolor samlas f\u00f6r att arbeta vidare med de f\u00f6rslag som har skickats in till Elevborgarr\u00e5det. Under dagen f\u00e5r eleverna diskutera, utveckla och konkretisera id\u00e9erna i grupper tillsammans med andra elever. <\/p>\n\n\n\n<p>I grupperna finns \u00e4ven experter fr\u00e5n kommunen, myndigheter och organisationer som kan svara p\u00e5 fr\u00e5gor och bidra med kunskap. <strong>Men det \u00e4r elevernas egna id\u00e9er som st\u00e5r i centrum.<\/strong> Dagen avslutas med att eleverna presenterar sina f\u00f6rslag f\u00f6r kommunens politiker.<\/p>\n\n\n\n<p><strong>N\u00e4r och var?<\/strong><br>Barntoppm\u00f6tet genomf\u00f6rs i samband med Barnr\u00e4ttsdagarna i Karlstad p\u00e5 Karlstad CCC den 13 april.<strong> <em>Tv\u00e5 elever per stadium fr\u00e5n varje kommunal grundskola (\u00e5rskurs 4\u20139) deltar under dagen.<\/em><\/strong><\/p>\n\n\n\n<p><mark style=\"color:#f0aa12\" class=\"has-inline-color\">OBS: <strong>Anm\u00e4laningsl\u00e4nk har skickats till samtliga rektorer. <\/strong>Sista anm\u00e4lan 25\/3. <\/mark><\/p>\n\n\n\n<p><strong>Prelimin\u00e4ra h\u00e5lltider<\/strong> <strong>f\u00f6r dagen <\/strong><br>08.30\u201309.00 Ankomst och frukost<br>09.00\u201309.30 Inledning (Lars Lerin-salen v\u00e5ning 4)<br>09.30\u201311.30 Pass 1 <br>11.30\u201312.30 Lunch<br>12.30\u201314.00 Pass 2<br>14.15\u201315.30 Presentation och avslutning i konferenssalen Sola<br>(Media kommer att bjudas in till presentationerna.)<\/p>\n\n\n\n<hr class=\"wp-block-separator has-alpha-channel-opacity\" \/>\n\n\n\n<p>&#x2728; <strong>Stort tack till alla skolor, klasser och elever som redan har skickat in f\u00f6rslag!<\/strong><br>Nu ser vi fram emot att utveckla id\u00e9erna vidare tillsammans p\u00e5 Barntoppm\u00f6tet.<\/p>\n\n\n\n<p>Har du fr\u00e5gor eller funderingar kontakta: <br><sup>elevborgarradet@karlstad.se <\/sup><\/p>\n\n\n\n<p><\/p>\n","protected":false},"excerpt":{"rendered":"<p>Nu tar vi n\u00e4sta steg i processen. Efter att eleverna arbetat ute p\u00e5 enheterna och skickat in sina f\u00f6rslag \u00e4r det dags f\u00f6r Barntoppm\u00f6tet. Vad \u00e4r Barntoppm\u00f6tet?Barntoppm\u00f6tet \u00e4r den workshop d\u00e4r elever fr\u00e5n kommunens grundskolor samlas f\u00f6r att arbeta vidare med de f\u00f6rslag som har skickats in till Elevborgarr\u00e5det. Under dagen f\u00e5r eleverna diskutera, utveckla &hellip; <\/p>\n<p class=\"link-more\"><a href=\"https:\/\/skola.karlstad.se\/elevborgarrad\/barntoppmote-13-april-2026\/\" class=\"more-link\">Forts\u00e4tt l\u00e4sa<span class=\"screen-reader-text\"> \u201dBarntoppm\u00f6te 13 april 2026\u201d<\/span><\/a><\/p>\n","protected":false},"author":3598,"featured_media":0,"parent":0,"menu_order":0,"comment_status":"closed","ping_status":"closed","template":"","meta":{"footnotes":""},"class_list":["post-1645","page","type-page","status-publish","hentry"],"_links":{"self":[{"href":"https:\/\/skola.karlstad.se\/elevborgarrad\/wp-json\/wp\/v2\/pages\/1645","targetHints":{"allow":["GET"]}}],"collection":[{"href":"https:\/\/skola.karlstad.se\/elevborgarrad\/wp-json\/wp\/v2\/pages"}],"about":[{"href":"https:\/\/skola.karlstad.se\/elevborgarrad\/wp-json\/wp\/v2\/types\/page"}],"author":[{"embeddable":true,"href":"https:\/\/skola.karlstad.se\/elevborgarrad\/wp-json\/wp\/v2\/users\/3598"}],"replies":[{"embeddable":true,"href":"https:\/\/skola.karlstad.se\/elevborgarrad\/wp-json\/wp\/v2\/comments?post=1645"}],"version-history":[{"count":2,"href":"https:\/\/skola.karlstad.se\/elevborgarrad\/wp-json\/wp\/v2\/pages\/1645\/revisions"}],"predecessor-version":[{"id":1650,"href":"https:\/\/skola.karlstad.se\/elevborgarrad\/wp-json\/wp\/v2\/pages\/1645\/revisions\/1650"}],"wp:attachment":[{"href":"https:\/\/skola.karlstad.se\/elevborgarrad\/wp-json\/wp\/v2\/media?parent=1645"}],"curies":[{"name":"wp","href":"https:\/\/api.w.org\/{rel}","templated":true}]}}