{"id":190,"date":"2022-12-09T14:07:03","date_gmt":"2022-12-09T13:07:03","guid":{"rendered":"https:\/\/skola.karlstad.se\/elevborgarrad\/?page_id=190"},"modified":"2024-05-02T12:42:23","modified_gmt":"2024-05-02T10:42:23","slug":"miljo-och-klimatarbetet-i-karlstads-kommun","status":"publish","type":"page","link":"https:\/\/skola.karlstad.se\/elevborgarrad\/miljo-och-klimatarbetet-i-karlstads-kommun\/","title":{"rendered":"Milj\u00f6arbete i Karlstad"},"content":{"rendered":"<p><span style=\"font-size: 28.0pt;line-height: 107%;font-family: 'Arial',sans-serif;color: #444444\">Karlstads kommuns milj\u00f6- och klimatarbete<\/span><\/p>\n<blockquote><p>Vi s\u00e4tter milj\u00f6- och klimatfr\u00e5gorna h\u00f6gt p\u00e5 agendan och arbetar f\u00f6r att skapa ett bra liv f\u00f6r alla som bor och vistas h\u00e4r. Till exempel har vi m\u00e5l om att vi internt i kommunen ska bli fossilfria till 2026 och klimatneutrala \u00e5r 2030. H\u00e4r nedan kan du l\u00e4sa mer om v\u00e5rt milj\u00f6- och klimatarbete.<\/p>\n<p>L\u00e4s mer om kommunens milj\u00f6arbete p\u00e5:\u00a0 <a href=\"https:\/\/karlstad.se\/kommun-och-politik\/sa-arbetar-vi-med\/miljo-och-hallbarhet\" target=\"_blank\" rel=\"noopener\">Milj\u00f6- och h\u00e5llbarhet Karlstads kommun<\/a><\/p>\n<h2>M\u00e5l i strategisk plan<\/h2>\n<\/blockquote>\n<p>Kommunfullm\u00e4ktige i Karlstads kommun har fastst\u00e4llt det \u00f6vergripande m\u00e5let att \u201dKarlstad ska vara en fossilfri och klimatsmart kommun\u201d. M\u00e5let omfattar hela kommunkoncernen.<br \/>\nM\u00e5let beskrivs n\u00e4rmare i strategisk plan:<br \/>\n\u201dF\u00f6r att bidra till att n\u00e5 de globala klimatm\u00e5len ska Karlstad arbeta f\u00f6r att inom n\u00e5gra \u00e5rtionden bli en fossilfri kommun. Karlstad ska \u00e4ven vara en kommun som \u00e4r innovativ och anv\u00e4nder smarta l\u00f6sningar f\u00f6r att begr\u00e4nsa klimatp\u00e5verkan. Det betyder att ingen uppv\u00e4rmning eller el och inga transporter sker med fossila br\u00e4nslen som till<br \/>\nexempel olja eller kol. Varje Karlstadsbos kunskap, delaktighet och agerande i klimatfr\u00e5gan \u00e4r viktig f\u00f6r att Karlstad ska n\u00e5 klimatm\u00e5len. I v\u00e5rt klimatarbete vill vi d\u00e4rf\u00f6r underl\u00e4tta f\u00f6r Karlstadsbor att minska sina utsl\u00e4pp av v\u00e4xthusgaser. Det ska vara l\u00e4tt<br \/>\nf\u00f6r inv\u00e5nare och f\u00f6retagare i v\u00e5r kommun att g\u00f6ra milj\u00f6- och klimatsmarta val.\u201d<\/p>\n<blockquote>\n<h2>Karlstads kommun skriver under klimatkontrakt<\/h2>\n<\/blockquote>\n<p>&#8211; 2030 \u00e4r n\u00e4rmare \u00e4n vad vi tror. Om vi ska klara klimatm\u00e5len \u00e4r det viktigt att kommunerna g\u00e5r f\u00f6re och visar v\u00e4gen. Vi har h\u00f6ga ambitioner inom milj\u00f6- och klimatomr\u00e5det och Klimatkontrakt 2030 \u00e4r en f\u00f6ruts\u00e4ttning f\u00f6r att vi tillsammans med andra ska lyckas skapa ett mer h\u00e5llbart samh\u00e4lle, s\u00e4ger Linda Larsson (S), kommunstyrelsen ordf\u00f6rande i Karlstads kommun. <a href=\"https:\/\/karlstad.se\/Nyheter\/2022\/december\/karlstads-kommun-har-skrivit-pa-sitt-forsta-klimatkontrakt\/?fbclid=IwAR00CLH_PUTJ0bT1z5kuJMKW5Hht_drHLfEwqyupGeUJUtooBzFqmh4YTpw\">L\u00e4s nyheten h\u00e4r<\/a>. och kontraktet h\u00e4r:\u00a0<a href=\"http:\/\/skola.karlstad.se\/elevborgarrad\/wp-content\/uploads\/sites\/1517\/2022\/12\/viable-cities-klimatkontrakt-karlstad-1.pdf\">viable-cities-klimatkontrakt-karlstad (1)<\/a><\/p>\n<p><span style=\"font-size: 1.25rem;color: #666666;font-style: italic\">En h\u00e5llbar stad<\/span><\/p>\n<blockquote><p><img loading=\"lazy\" decoding=\"async\" class=\"alignnone size-medium wp-image-151\" src=\"http:\/\/skola.karlstad.se\/elevborgarrad\/wp-content\/uploads\/sites\/1517\/2022\/11\/stad-300x169.png\" alt=\"\" width=\"300\" height=\"169\" srcset=\"https:\/\/skola.karlstad.se\/elevborgarrad\/wp-content\/uploads\/sites\/1517\/2022\/11\/stad-300x169.png 300w, https:\/\/skola.karlstad.se\/elevborgarrad\/wp-content\/uploads\/sites\/1517\/2022\/11\/stad-1024x576.png 1024w, https:\/\/skola.karlstad.se\/elevborgarrad\/wp-content\/uploads\/sites\/1517\/2022\/11\/stad-768x432.png 768w, https:\/\/skola.karlstad.se\/elevborgarrad\/wp-content\/uploads\/sites\/1517\/2022\/11\/stad-1536x864.png 1536w, https:\/\/skola.karlstad.se\/elevborgarrad\/wp-content\/uploads\/sites\/1517\/2022\/11\/stad-2048x1152.png 2048w\" sizes=\"auto, (max-width: 300px) 100vw, 300px\" \/><\/p><\/blockquote>\n<p>H\u00e4r nedan \u00e4r exempel p\u00e5 vad som g\u00f6rs f\u00f6r att Karlstad ska vara en h\u00e5llbar kommun.<\/p>\n<ul>\n<li>Det planeras f\u00f6r h\u00e5llbara stadsdelar.<\/li>\n<li>Det finns flera utegym till allm\u00e4nheten.<\/li>\n<li>En del byggnader byggs i tr\u00e4, samt med l\u00e5g milj\u00f6p\u00e5verkan och energianv\u00e4ndning.<\/li>\n<li>Befintlig bebyggelse och nybyggnation skyddas genom att h\u00e4nsyn tas till \u00f6versv\u00e4mningsrisker.<\/li>\n<li>Det jobbas f\u00f6r att evenemang i Karlstad ska vara h\u00e5llbara.<\/li>\n<li>Det finns ett 30-tal vandringsleder och flertal naturreservat.<\/li>\n<li>P\u00e5 v\u00e5ra vinterv\u00e4gar och cykelv\u00e4gar anv\u00e4nds en sopsaltning med l\u00e5g milj\u00f6p\u00e5verkan.<\/li>\n<\/ul>\n<h2>\u00c5terbruka innan det blir avfall samt nedskr\u00e4pning<img loading=\"lazy\" decoding=\"async\" class=\"alignnone size-medium wp-image-115\" style=\"color: #333333;font-size: 1rem\" src=\"http:\/\/skola.karlstad.se\/elevborgarrad\/wp-content\/uploads\/sites\/1517\/2022\/11\/radrummet_jordglob-225x300.jpg\" alt=\"\" width=\"225\" height=\"300\" srcset=\"https:\/\/skola.karlstad.se\/elevborgarrad\/wp-content\/uploads\/sites\/1517\/2022\/11\/radrummet_jordglob-225x300.jpg 225w, https:\/\/skola.karlstad.se\/elevborgarrad\/wp-content\/uploads\/sites\/1517\/2022\/11\/radrummet_jordglob-769x1024.jpg 769w, https:\/\/skola.karlstad.se\/elevborgarrad\/wp-content\/uploads\/sites\/1517\/2022\/11\/radrummet_jordglob-768x1023.jpg 768w, https:\/\/skola.karlstad.se\/elevborgarrad\/wp-content\/uploads\/sites\/1517\/2022\/11\/radrummet_jordglob-1153x1536.jpg 1153w, https:\/\/skola.karlstad.se\/elevborgarrad\/wp-content\/uploads\/sites\/1517\/2022\/11\/radrummet_jordglob-1538x2048.jpg 1538w, https:\/\/skola.karlstad.se\/elevborgarrad\/wp-content\/uploads\/sites\/1517\/2022\/11\/radrummet_jordglob-scaled.jpg 1441w\" sizes=\"auto, (max-width: 225px) 100vw, 225px\" \/><\/h2>\n<p>H\u00e4r nedan \u00e4r exempel p\u00e5 vad som g\u00f6rs i kommunen, samt hur du kan bidra till en h\u00e5llbar konsumtion och en stad fri fr\u00e5n nedskr\u00e4pning<\/p>\n<ul>\n<li>I <a href=\"https:\/\/www.smartakartan.se\/karlstad\/\">Smarta kartan<\/a> finns verksamheter i Karlstad d\u00e4r du kan hyra, byta, l\u00e5na, dela, ge och f\u00e5, men \u00e4ven reparat\u00f6rer och second hand butiker.<\/li>\n<li>P\u00e5 Instagramkontot <a href=\"https:\/\/www.instagram.com\/smartakartankarlstad\/\">Smartakartankarlstad<\/a> kan du f\u00e5 tips p\u00e5 \u00e5terbruk.<\/li>\n<li>P\u00e5 Fritidsbanken kan allm\u00e4nheten l\u00e5na fritidsutrustning gratis.<\/li>\n<li>Solareturen och Sola bygg\u00e5terbruk \u00e4r kommunala second hand verksamheter med prylar och byggmaterial.<\/li>\n<li>P\u00e5 V\u00e5xn\u00e4s \u00e5tervinningscentral finns m\u00f6jlighet att l\u00e4mna prylar till bland annat Sola bygg\u00e5terbruk, Solareturen och Fritidsbanken.<\/li>\n<li>Det planeras f\u00f6r Fastighetsn\u00e4ra insamling av f\u00f6rpackningar.<\/li>\n<li>Allm\u00e4nheten har m\u00f6jlighet att delta i \u00e5rliga skr\u00e4pplockardagar som anordnas av kommunen. F\u00f6reningar hj\u00e4lper till med skr\u00e4pplockning och \u00e4lvst\u00e4dning.<\/li>\n<li>Innan bads\u00e4songen sker badplatsst\u00e4dningar av gr\u00e4s- och strandytor, men \u00e4ven badplatsers sj\u00f6botten st\u00e4das f\u00f6r att s\u00e4kra att inga farliga f\u00f6rem\u00e5l, s\u00e5som glasflaskor finns.<\/li>\n<li>F\u00f6rskolebarn har f\u00e5tt bes\u00f6k av sopbilar f\u00f6r att l\u00e4ra sig mer om \u00e5tervinning och sortering.<\/li>\n<\/ul>\n<h2>Energi<\/h2>\n<h2><img loading=\"lazy\" decoding=\"async\" class=\"size-medium wp-image-220 alignleft\" style=\"color: #333333;font-size: 1rem\" src=\"http:\/\/skola.karlstad.se\/elevborgarrad\/wp-content\/uploads\/sites\/1517\/2022\/12\/0099_himmel_liggande-300x200.jpg\" alt=\"\" width=\"300\" height=\"200\" srcset=\"https:\/\/skola.karlstad.se\/elevborgarrad\/wp-content\/uploads\/sites\/1517\/2022\/12\/0099_himmel_liggande-300x200.jpg 300w, https:\/\/skola.karlstad.se\/elevborgarrad\/wp-content\/uploads\/sites\/1517\/2022\/12\/0099_himmel_liggande.jpg 600w\" sizes=\"auto, (max-width: 300px) 100vw, 300px\" \/><\/h2>\n<p>H\u00e4r nedan \u00e4<span style=\"font-size: 1rem\">r en beskrivning av vad som g\u00f6rs i Karlstad f\u00f6r att energin ska bli mer f\u00f6rnybar och fri fr\u00e5n olja<\/span><\/p>\n<ul>\n<li>Det planeras f\u00f6r byggnation av en v\u00e4tgasfabrik.<\/li>\n<li>Det finns laddstolpar f\u00f6r elbilar f\u00f6r allm\u00e4nheten.<\/li>\n<li>P\u00e5 <a href=\"https:\/\/karlstad.se\/Miljo-och-Energi\/klimat-och-energi\/energi--och-klimatradgivning\/solenergi\/solkarta\/\">solkartan<\/a> kan du se om det \u00e4r v\u00e4rt att skaffa solceller, det vill s\u00e4ga hur mycket sol du f\u00e5r p\u00e5 ditt tak, hur mycket el du f\u00e5r ut, hur mycket pengar du kan spara och vilken klimatnytta det g\u00f6r.<\/li>\n<li>I Karlstad har vi ett fj\u00e4rrv\u00e4rmeverk.<\/li>\n<li>Ett \u00e5tg\u00e4rdspaket har tagits fram f\u00f6r att kommunens verksamheter ska spara el.<\/li>\n<li>Kommunen erbjuder kostnadsfri energir\u00e5dgivning till kommuninv\u00e5nare.<\/li>\n<\/ul>\n<h2>H\u00e5llbara transporter<\/h2>\n<p><img loading=\"lazy\" decoding=\"async\" class=\"alignnone size-medium wp-image-224\" style=\"font-size: 1rem\" src=\"http:\/\/skola.karlstad.se\/elevborgarrad\/wp-content\/uploads\/sites\/1517\/2022\/12\/0131_cykel-200x300.jpg\" alt=\"\" width=\"200\" height=\"300\" srcset=\"https:\/\/skola.karlstad.se\/elevborgarrad\/wp-content\/uploads\/sites\/1517\/2022\/12\/0131_cykel-200x300.jpg 200w, https:\/\/skola.karlstad.se\/elevborgarrad\/wp-content\/uploads\/sites\/1517\/2022\/12\/0131_cykel-683x1024.jpg 683w, https:\/\/skola.karlstad.se\/elevborgarrad\/wp-content\/uploads\/sites\/1517\/2022\/12\/0131_cykel.jpg 699w\" sizes=\"auto, (max-width: 200px) 100vw, 200px\" \/><\/p>\n<p>H\u00e4r nedan f\u00e5r du tips p\u00e5 hur du genom dina transporter kan bidra till en stad med bra luftkvalitet<\/p>\n<ul>\n<li>Karlstads stadsbussar drivs av f\u00f6rnybart br\u00e4nsle, biogas- och el.<\/li>\n<li>Det erbjuds laddning av elfordon p\u00e5 flera allm\u00e4nna platser.<\/li>\n<li>L\u00e5necyklar finns att l\u00e5na vid Centralstationen.<\/li>\n<li>Under sommartid finns Solacykel att l\u00e5na kostnadsfritt.<\/li>\n<li>Kommunen genomf\u00f6r varje \u00e5r en Cykla till skolan kampanj.<\/li>\n<li>Cykelv\u00e4gar best\u00e5r av ett omfattande cykeln\u00e4t.<\/li>\n<\/ul>\n<h2>Biologisk m\u00e5ngfald<\/h2>\n<p><img loading=\"lazy\" decoding=\"async\" class=\"alignnone size-medium wp-image-141\" style=\"font-size: 1rem\" src=\"http:\/\/skola.karlstad.se\/elevborgarrad\/wp-content\/uploads\/sites\/1517\/2022\/11\/IMG_2909-300x225.jpg\" alt=\"\" width=\"300\" height=\"225\" srcset=\"https:\/\/skola.karlstad.se\/elevborgarrad\/wp-content\/uploads\/sites\/1517\/2022\/11\/IMG_2909-300x225.jpg 300w, https:\/\/skola.karlstad.se\/elevborgarrad\/wp-content\/uploads\/sites\/1517\/2022\/11\/IMG_2909-1024x768.jpg 1024w, https:\/\/skola.karlstad.se\/elevborgarrad\/wp-content\/uploads\/sites\/1517\/2022\/11\/IMG_2909-768x576.jpg 768w, https:\/\/skola.karlstad.se\/elevborgarrad\/wp-content\/uploads\/sites\/1517\/2022\/11\/IMG_2909-1536x1152.jpg 1536w, https:\/\/skola.karlstad.se\/elevborgarrad\/wp-content\/uploads\/sites\/1517\/2022\/11\/IMG_2909-2048x1536.jpg 2048w, https:\/\/skola.karlstad.se\/elevborgarrad\/wp-content\/uploads\/sites\/1517\/2022\/11\/IMG_2909-scaled.jpg 1707w\" sizes=\"auto, (max-width: 300px) 100vw, 300px\" \/><\/p>\n<p>H\u00e4r nedan \u00e4r en beskrivning av vad som g\u00f6rs f\u00f6r att Karlstad ska forts\u00e4tta att f\u00e5 en biologisk m\u00e5ngfald<\/p>\n<ul>\n<li>F\u00f6r att underl\u00e4tta f\u00f6r pollinat\u00f6rer finns \u00e4ven bikupor, biholkar, kryddland eller planteringar med nektarv\u00e4xter och \u00e4ngsmark.<\/li>\n<li>Det jobbas med att undvika spridning av invasiva arter.<\/li>\n<li>Det g\u00f6rs kartl\u00e4ggning av fladderm\u00f6ss, f\u00e5glar och v\u00e4xter i detaljplanearbete.<\/li>\n<\/ul>\n<h2>Livsmedel<\/h2>\n<p><img loading=\"lazy\" decoding=\"async\" class=\"alignnone size-medium wp-image-119\" style=\"font-size: 1rem\" src=\"http:\/\/skola.karlstad.se\/elevborgarrad\/wp-content\/uploads\/sites\/1517\/2022\/11\/Skolmat-300x200.jpg\" alt=\"\" width=\"300\" height=\"200\" srcset=\"https:\/\/skola.karlstad.se\/elevborgarrad\/wp-content\/uploads\/sites\/1517\/2022\/11\/Skolmat-300x200.jpg 300w, https:\/\/skola.karlstad.se\/elevborgarrad\/wp-content\/uploads\/sites\/1517\/2022\/11\/Skolmat-1024x683.jpg 1024w, https:\/\/skola.karlstad.se\/elevborgarrad\/wp-content\/uploads\/sites\/1517\/2022\/11\/Skolmat-768x512.jpg 768w, https:\/\/skola.karlstad.se\/elevborgarrad\/wp-content\/uploads\/sites\/1517\/2022\/11\/Skolmat-1536x1024.jpg 1536w, https:\/\/skola.karlstad.se\/elevborgarrad\/wp-content\/uploads\/sites\/1517\/2022\/11\/Skolmat-2048x1365.jpg 2048w, https:\/\/skola.karlstad.se\/elevborgarrad\/wp-content\/uploads\/sites\/1517\/2022\/11\/Skolmat-scaled.jpg 1920w\" sizes=\"auto, (max-width: 300px) 100vw, 300px\" \/><\/p>\n<p>Du kan bidra till att minska matsvinn genom att inte sl\u00e4nga mat fr\u00e5n din tallrik. H\u00e4r nedan \u00e4r en beskrivning av vad som g\u00f6rs kring livsmedel<\/p>\n<ul>\n<li>\u00d6verbliven mat fr\u00e5n bland annat skolk\u00f6k s\u00e4ljs genom r\u00e4dda-maten-l\u00e5dan.<\/li>\n<li>Av Karlstads kommuns totala ink\u00f6p av livsmedel best\u00e5r 35 procent av ekologiska ink\u00f6p.<\/li>\n<li>Kommunen jobbar med att minska matsvinn fr\u00e5n skolk\u00f6k.<\/li>\n<li>F\u00f6r att s\u00e4kerst\u00e4lla god hygien i alla skolk\u00f6k och restauranger g\u00f6rs cirka 700 livsmedelskontroller per \u00e5r.<\/li>\n<\/ul>\n<h2>\u00d6vrigt<\/h2>\n<p><img loading=\"lazy\" decoding=\"async\" class=\"alignnone wp-image-112\" src=\"http:\/\/skola.karlstad.se\/elevborgarrad\/wp-content\/uploads\/sites\/1517\/2022\/11\/karta-globala-malen-logo-och-ikoner-300x148.jpg\" alt=\"\" width=\"418\" height=\"206\" srcset=\"https:\/\/skola.karlstad.se\/elevborgarrad\/wp-content\/uploads\/sites\/1517\/2022\/11\/karta-globala-malen-logo-och-ikoner-300x148.jpg 300w, https:\/\/skola.karlstad.se\/elevborgarrad\/wp-content\/uploads\/sites\/1517\/2022\/11\/karta-globala-malen-logo-och-ikoner-1024x504.jpg 1024w, https:\/\/skola.karlstad.se\/elevborgarrad\/wp-content\/uploads\/sites\/1517\/2022\/11\/karta-globala-malen-logo-och-ikoner-768x378.jpg 768w, https:\/\/skola.karlstad.se\/elevborgarrad\/wp-content\/uploads\/sites\/1517\/2022\/11\/karta-globala-malen-logo-och-ikoner.jpg 1053w\" sizes=\"auto, (max-width: 418px) 100vw, 418px\" \/><\/p>\n<ul>\n<li>Karlstad \u00e4r en<a href=\"https:\/\/karlstad.se\/Miljo-och-Energi\/sa-har-ligger-vi-till\/Karlstad-Fairtrade-City\/\"> Fairtrade City kommun<\/a>.<\/li>\n<li>Karlstads kommun driver projektet <a href=\"https:\/\/karlstad.se\/Miljo-och-Energi\/klimat-och-energi\/klimatneutrala-karlstad\/\">Klimatneutrala Karlstad 2030,<\/a> d\u00e4r man arbetar f\u00f6r att minska klimatp\u00e5verkan b\u00e5de inom kommunen men \u00e4ven mot kommuninv\u00e5nare. Till exempel kommer Klimatkontrakt att tecknas med f\u00f6retag och medborgare.<\/li>\n<\/ul>\n<h2>Milj\u00f6\u00f6verenskommelse<\/h2>\n<p><img loading=\"lazy\" decoding=\"async\" class=\"alignnone size-medium wp-image-192\" src=\"http:\/\/skola.karlstad.se\/elevborgarrad\/wp-content\/uploads\/sites\/1517\/2022\/12\/politik-pension-300x200.png\" alt=\"\" width=\"300\" height=\"200\" srcset=\"https:\/\/skola.karlstad.se\/elevborgarrad\/wp-content\/uploads\/sites\/1517\/2022\/12\/politik-pension-300x200.png 300w, https:\/\/skola.karlstad.se\/elevborgarrad\/wp-content\/uploads\/sites\/1517\/2022\/12\/politik-pension.png 600w\" sizes=\"auto, (max-width: 300px) 100vw, 300px\" \/><\/p>\n<p>Karlstads kommun har i januari 2022 tecknat en s\u00e5 kallad milj\u00f6\u00f6verenskommelse med L\u00e4nsstyrelsen i V\u00e4rmland. L\u00e4nsstyrelsen har uppdraget att samordna det regionala arbetet f\u00f6r att uppn\u00e5 de svenska milj\u00f6m\u00e5len, och milj\u00f6\u00f6verenskommelserna \u00e4r ett av de verktyg som anv\u00e4nds. Karlstad kommun har beslutat att samverka med en rad akt\u00f6rer inom l\u00e4net under programperioden 2022\u20132025. Denna samverkan ska ske inom sex prioriterade \u00e5tg\u00e4rdsomr\u00e5den, d\u00e4r 1) Infrastruktur f\u00f6r f\u00f6rnybara drivmedel<br \/>\noch laddbara fordon samt 2) Fysisk planering f\u00f6r f\u00f6rnybar energi \u00e4r s\u00e4rskilt intressanta kopplat till klimatomst\u00e4llningen.<br \/>\nL\u00e4nsstyrelsen V\u00e4rmland samordnar arbetet med klimatanpassning i l\u00e4net.<br \/>\nKommunfullm\u00e4ktige i Karlstads kommun beslutade 2016 att st\u00e4lla sig bakom intentionerna i L\u00e4nsstyrelsens och Regions V\u00e4rmlands upprop om att V\u00e4rmland ska var klimatneutralt 2030. I praktiken inneb\u00e4r det, enligt L\u00e4nsstyrelsen, att vi ska klara oss utan fossila br\u00e4nslen senast \u00e5r 2030. Karlstads kommun deltar i en rad regionala projekt inom energi- och klimatomr\u00e5det.<\/p>\n<h2>Fossilfritt Sverige<\/h2>\n<p><img loading=\"lazy\" decoding=\"async\" class=\"alignnone size-medium wp-image-114\" src=\"http:\/\/skola.karlstad.se\/elevborgarrad\/wp-content\/uploads\/sites\/1517\/2022\/11\/pressbild-Tolvmansgatan-300x290.jpg\" alt=\"\" width=\"300\" height=\"290\" srcset=\"https:\/\/skola.karlstad.se\/elevborgarrad\/wp-content\/uploads\/sites\/1517\/2022\/11\/pressbild-Tolvmansgatan-300x290.jpg 300w, https:\/\/skola.karlstad.se\/elevborgarrad\/wp-content\/uploads\/sites\/1517\/2022\/11\/pressbild-Tolvmansgatan.jpg 720w\" sizes=\"auto, (max-width: 300px) 100vw, 300px\" \/><br \/>\nKarlstads kommun har \u00e4ven skrivit p\u00e5 regeringens initiativ Fossilfritt Sverige och d\u00e4rigenom antagit fyra utmaningar:<br \/>\n\u2022 Transportutmaningen<br \/>\n\u2022 Solutmaningen<br \/>\n\u2022 Klimatv\u00e4xlingsutmaningen<br \/>\n\u2022 Tj\u00e4nstebilsutmaningen<\/p>\n<h2>Milj\u00f6miljonerna<\/h2>\n<p><img loading=\"lazy\" decoding=\"async\" class=\"size-medium wp-image-210\" src=\"http:\/\/skola.karlstad.se\/elevborgarrad\/wp-content\/uploads\/sites\/1517\/2022\/12\/Sola_vinter_LinnM-168x300.jpg\" alt=\"\" width=\"168\" height=\"300\" srcset=\"https:\/\/skola.karlstad.se\/elevborgarrad\/wp-content\/uploads\/sites\/1517\/2022\/12\/Sola_vinter_LinnM-168x300.jpg 168w, https:\/\/skola.karlstad.se\/elevborgarrad\/wp-content\/uploads\/sites\/1517\/2022\/12\/Sola_vinter_LinnM-575x1024.jpg 575w, https:\/\/skola.karlstad.se\/elevborgarrad\/wp-content\/uploads\/sites\/1517\/2022\/12\/Sola_vinter_LinnM-768x1369.jpg 768w, https:\/\/skola.karlstad.se\/elevborgarrad\/wp-content\/uploads\/sites\/1517\/2022\/12\/Sola_vinter_LinnM-862x1536.jpg 862w, https:\/\/skola.karlstad.se\/elevborgarrad\/wp-content\/uploads\/sites\/1517\/2022\/12\/Sola_vinter_LinnM-1149x2048.jpg 1149w, https:\/\/skola.karlstad.se\/elevborgarrad\/wp-content\/uploads\/sites\/1517\/2022\/12\/Sola_vinter_LinnM-scaled.jpg 718w\" sizes=\"auto, (max-width: 168px) 100vw, 168px\" \/><\/p>\n<p>Kommunfullm\u00e4ktige har beslutat att ansl\u00e5 110 miljoner kronor, f\u00f6rdelat p\u00e5 2022 och 2023, samt 2024 och 2025, f\u00f6r att genomf\u00f6ra satsningar p\u00e5 minskade klimatutsl\u00e4pp.<br \/>\nMilj\u00f6n\u00e4mnden och teknik- och fastighetsn\u00e4mnden, tillsammans med kommunstyrelsen, gavs i uppdrag att utreda hur dessa medel b\u00e4st kan anv\u00e4ndas f\u00f6r att ge st\u00f6rsta m\u00f6jliga klimatnytta och d\u00e4rigenom bidra till att kommunen klarar den klimatbudget som ber\u00e4knats i klimatutredningen f\u00f6r Karlstads kommun 2019.<\/p>\n","protected":false},"excerpt":{"rendered":"<p>Karlstads kommuns milj\u00f6- och klimatarbete Vi s\u00e4tter milj\u00f6- och klimatfr\u00e5gorna h\u00f6gt p\u00e5 agendan och arbetar f\u00f6r att skapa ett bra liv f\u00f6r alla som bor och vistas h\u00e4r. Till exempel har vi m\u00e5l om att vi internt i kommunen ska bli fossilfria till 2026 och klimatneutrala \u00e5r 2030. H\u00e4r nedan kan du l\u00e4sa mer om &hellip; <\/p>\n<p class=\"link-more\"><a href=\"https:\/\/skola.karlstad.se\/elevborgarrad\/miljo-och-klimatarbetet-i-karlstads-kommun\/\" class=\"more-link\">Forts\u00e4tt l\u00e4sa<span class=\"screen-reader-text\"> \u201dMilj\u00f6arbete i Karlstad\u201d<\/span><\/a><\/p>\n","protected":false},"author":1622,"featured_media":0,"parent":0,"menu_order":0,"comment_status":"closed","ping_status":"closed","template":"","meta":{"footnotes":""},"class_list":["post-190","page","type-page","status-publish","hentry"],"_links":{"self":[{"href":"https:\/\/skola.karlstad.se\/elevborgarrad\/wp-json\/wp\/v2\/pages\/190","targetHints":{"allow":["GET"]}}],"collection":[{"href":"https:\/\/skola.karlstad.se\/elevborgarrad\/wp-json\/wp\/v2\/pages"}],"about":[{"href":"https:\/\/skola.karlstad.se\/elevborgarrad\/wp-json\/wp\/v2\/types\/page"}],"author":[{"embeddable":true,"href":"https:\/\/skola.karlstad.se\/elevborgarrad\/wp-json\/wp\/v2\/users\/1622"}],"replies":[{"embeddable":true,"href":"https:\/\/skola.karlstad.se\/elevborgarrad\/wp-json\/wp\/v2\/comments?post=190"}],"version-history":[{"count":12,"href":"https:\/\/skola.karlstad.se\/elevborgarrad\/wp-json\/wp\/v2\/pages\/190\/revisions"}],"predecessor-version":[{"id":1146,"href":"https:\/\/skola.karlstad.se\/elevborgarrad\/wp-json\/wp\/v2\/pages\/190\/revisions\/1146"}],"wp:attachment":[{"href":"https:\/\/skola.karlstad.se\/elevborgarrad\/wp-json\/wp\/v2\/media?parent=190"}],"curies":[{"name":"wp","href":"https:\/\/api.w.org\/{rel}","templated":true}]}}