{"id":34,"date":"2022-11-23T12:58:34","date_gmt":"2022-11-23T11:58:34","guid":{"rendered":"https:\/\/skola.karlstad.se\/elevborgarrad\/?page_id=34"},"modified":"2022-12-22T18:42:46","modified_gmt":"2022-12-22T17:42:46","slug":"informationsmaterial","status":"publish","type":"page","link":"https:\/\/skola.karlstad.se\/elevborgarrad\/informationsmaterial\/","title":{"rendered":"Inspirationsmaterial"},"content":{"rendered":"<p><iframe loading=\"lazy\" title=\"I will be a hummingbird - Wangari Maathai (English)\" width=\"525\" height=\"295\" src=\"https:\/\/www.youtube.com\/embed\/IGMW6YWjMxw?feature=oembed\" frameborder=\"0\" allow=\"accelerometer; autoplay; clipboard-write; encrypted-media; gyroscope; picture-in-picture; web-share\" referrerpolicy=\"strict-origin-when-cross-origin\" allowfullscreen><\/iframe><\/p>\n<blockquote><p>Nobels fredspristagare Wangari Maathai.<\/p>\n<p>I will be a hummingbird. I will do the best I can.<\/p>\n<h2>Inspirationsblad<\/h2>\n<p>Vi har gjort inspirationsblad till alla barn och elever.<\/p>\n<p><a href=\"http:\/\/skola.karlstad.se\/elevborgarrad\/wp-content\/uploads\/sites\/1517\/2022\/12\/KstdKomm_elevborgarrad-infoblad_A4_forskola.pdf\">F\u00f6rskola<\/a><\/p>\n<p><a href=\"http:\/\/skola.karlstad.se\/elevborgarrad\/wp-content\/uploads\/sites\/1517\/2022\/12\/KstdKomm_elevborgarrad-infoblad_A4_lagstadiet.pdf\">L\u00e5gstadiet\u00a0<\/a><\/p>\n<p><a href=\"http:\/\/skola.karlstad.se\/elevborgarrad\/wp-content\/uploads\/sites\/1517\/2022\/12\/KstdKomm_elevborgarrad-infoblad_A4_mellanstadiet.pdf\">Mellanstadiet<\/a><\/p>\n<p><a href=\"http:\/\/skola.karlstad.se\/elevborgarrad\/wp-content\/uploads\/sites\/1517\/2022\/12\/KstdKomm_elevborgarrad-infoblad_A4_hogstadiet.pdf\">H\u00f6gstadiet<\/a><\/p>\n<h2>Inspiration om milj\u00f6 och klimat<\/h2>\n<\/blockquote>\n<p><a href=\"https:\/\/skola.karlstad.se\/elevborgarrad\/hallbarhetsarbetet-pa-barn-och-ungdomsforvaltningen\/\">Milj\u00f6arbetet p\u00e5 barn- och ungdomsf\u00f6rvaltningen<\/a> (kommunala f\u00f6rskolor och grundskolor)<\/p>\n<p><a href=\"https:\/\/skola.karlstad.se\/elevborgarrad\/miljo-och-klimat\u2026karlstads-kommun\/\">Milj\u00f6arbetet p\u00e5 Karlstads kommun\u00a0<\/a><\/p>\n<p><a href=\"https:\/\/karlstad.se\/Miljo-och-Energi\/sa-har-ligger-vi-till\/\">S\u00e5 h\u00e4r ligger vi till med milj\u00f6arbetet<\/a> i Karlstad<\/p>\n<p><a href=\"https:\/\/karlstad.se\/Miljo-och-Energi\/sa-har-ligger-vi-till\/klimatutredningen-for-karlstads-kommun\/\">\u00a0Klimatutredningen<\/a> Karlstad<\/p>\n<p><img loading=\"lazy\" decoding=\"async\" class=\"alignnone size-medium wp-image-151\" src=\"http:\/\/skola.karlstad.se\/elevborgarrad\/wp-content\/uploads\/sites\/1517\/2022\/11\/stad-300x169.png\" alt=\"\" width=\"300\" height=\"169\" srcset=\"https:\/\/skola.karlstad.se\/elevborgarrad\/wp-content\/uploads\/sites\/1517\/2022\/11\/stad-300x169.png 300w, https:\/\/skola.karlstad.se\/elevborgarrad\/wp-content\/uploads\/sites\/1517\/2022\/11\/stad-1024x576.png 1024w, https:\/\/skola.karlstad.se\/elevborgarrad\/wp-content\/uploads\/sites\/1517\/2022\/11\/stad-768x432.png 768w, https:\/\/skola.karlstad.se\/elevborgarrad\/wp-content\/uploads\/sites\/1517\/2022\/11\/stad-1536x864.png 1536w, https:\/\/skola.karlstad.se\/elevborgarrad\/wp-content\/uploads\/sites\/1517\/2022\/11\/stad-2048x1152.png 2048w\" sizes=\"auto, (max-width: 300px) 100vw, 300px\" \/><\/p>\n<p><a href=\"https:\/\/klimatklubben.se\/\">Klimatklubben<\/a><\/p>\n<p><a href=\"https:\/\/varabarnsklimat.se\/\">V\u00e5ra barns klimat<\/a><\/p>\n<p><a href=\"https:\/\/www.globalamalen.se\/\">Globala m\u00e5len<\/a><\/p>\n<p><a href=\"https:\/\/www.naturskyddsforeningen.se\/skola\/\">Naturskyddsf\u00f6reningen skolmaterial<\/a><\/p>\n<p><a href=\"https:\/\/www.naturskyddsforeningen.se\/skola\/bortom-fossilsamhallet\/\">Bortom fossilsamh\u00e4llet<\/a><\/p>\n<p><a href=\"https:\/\/www.naturskyddsforeningen.se\/skola\/bortom-fossilsamhallet-faktaunderlag\/\">Fakta om klimat<\/a><\/p>\n<p><a href=\"https:\/\/www.ur.se\/hallbar-utveckling\/\">Utbildningsradion om h\u00e5llbar utveckling<\/a><\/p>\n<p><a href=\"https:\/\/klimatkollen.se\/kommuner\">Klimatkollen &#8211; hur g\u00e5r det f\u00f6r kommunerna?<\/a><\/p>\n<p><a href=\"https:\/\/urplay.se\/serie\/211017-radda-varlden\">UR-film om milj\u00f6 (f\u00f6rskola)<\/a><\/p>\n<p><a href=\"https:\/\/urplay.se\/serie\/216571-uppdrag-framtid\">UR-film om att g\u00f6ra skillnad (F-3)<\/a><\/p>\n<p><a href=\"https:\/\/skraplabbet.se\/contentpage\/filmer\/f\">Filmer fr\u00e5n H\u00e5ll Sverige rent<\/a><\/p>\n<h2>Biologisk m\u00e5ngfald<\/h2>\n<p><img loading=\"lazy\" decoding=\"async\" class=\"alignnone wp-image-191\" src=\"http:\/\/skola.karlstad.se\/elevborgarrad\/wp-content\/uploads\/sites\/1517\/2022\/12\/nyckelpiga-300x225.jpg\" alt=\"\" width=\"256\" height=\"192\" srcset=\"https:\/\/skola.karlstad.se\/elevborgarrad\/wp-content\/uploads\/sites\/1517\/2022\/12\/nyckelpiga-300x225.jpg 300w, https:\/\/skola.karlstad.se\/elevborgarrad\/wp-content\/uploads\/sites\/1517\/2022\/12\/nyckelpiga-1024x768.jpg 1024w, https:\/\/skola.karlstad.se\/elevborgarrad\/wp-content\/uploads\/sites\/1517\/2022\/12\/nyckelpiga-768x576.jpg 768w, https:\/\/skola.karlstad.se\/elevborgarrad\/wp-content\/uploads\/sites\/1517\/2022\/12\/nyckelpiga-1536x1152.jpg 1536w, https:\/\/skola.karlstad.se\/elevborgarrad\/wp-content\/uploads\/sites\/1517\/2022\/12\/nyckelpiga-2048x1536.jpg 2048w, https:\/\/skola.karlstad.se\/elevborgarrad\/wp-content\/uploads\/sites\/1517\/2022\/12\/nyckelpiga-scaled.jpg 1707w\" sizes=\"auto, (max-width: 256px) 100vw, 256px\" \/><\/p>\n<p><a href=\"https:\/\/pollinerasverige.se\/\">Pollinera Sverige<\/a> med bland annat undervisningsmaterial f\u00f6r mellanstadiet.<\/p>\n<p><a href=\"https:\/\/www.actionsforinsects.com\/\">Actions for insects <\/a>Inneh\u00e5ller informationer om olika insektsgrupper, minskning av insekter och m\u00f6jligheter att hj\u00e4lpa dem, och n\u00e5gra litteraturtips \u2013 finns p\u00e5 engelska och svenska. \u00c4ven p\u00e5 <a href=\"https:\/\/www.instagram.com\/actionsforinsects\/\">Instagram<\/a>.<\/p>\n<p>Forskning p\u00e5 Karlstads universitet<a href=\"https:\/\/www.kau.se\/biologi\/forskning\/forskning-vid-biologi\/pagaende-forskningsprojekt\/handlingskompetens-i-att-vidta\">\u00a0HANDLINGSKOMPETENS I ATT VIDTA \u00c5TG\u00c4RDER F\u00d6R INSEKTER.\u00a0<\/a><\/p>\n<h2>Litteraturtips<\/h2>\n<p><strong>F\u00f6r yngre elever: <\/strong><br \/>\n\u201cPiraterna och vinterjakten\u201d, av Karin Frimodig och Sara Berg.<\/p>\n<p>\u201cGreta och j\u00e4ttarna\u201d, av Zoe T\u00fccker och Zoe Persico.<br \/>\n\u201cBarbapapas ark\u201d, av Anette Tison och Talus Taylor.<br \/>\n\u201cAnnalisa och skr\u00e4pmonstret\u201d, av Angeli Sj\u00f6str\u00f6m Hederberg och Caroline Sellstone.<br \/>\n\u201cPudlar och pommes\u201d, av Pija Lindenbaum.<br \/>\n\u201cGalonisarna\u201d (URplay).<br \/>\n\u201cF\u00f6rsta Naturhj\u00e4lpen r\u00e4ddar djuren\u201d av Grethe Rottb\u00f6ll, bild Anna-Karin Garhamn.<br \/>\n\u201cMiris klimathj\u00e4ltar \u2013 \u00e4ventyret b\u00f6rjar\u201d av Kerstin Hennerdal.<\/p>\n<p><strong>F\u00f6r \u00e4ldre elever:\u00a0 <\/strong><\/p>\n<p>\u201cPlaneten, klimatet &amp; framtiden: vad kan vi g\u00f6ra?\u201d av Anja Gatu och \u00c5sa Callmer.<br \/>\n\u201cHeja Jorden!\u201d, av J\u00f6rn Spolander och Stina Wirs\u00e9n.<\/p>\n<p><strong>F\u00f6r vuxna: <\/strong><br \/>\n\u201cPrata med barn om klimatet\u201d av Frida Berry Eklund.<br \/>\n\u201cS\u00e5 hj\u00e4lper du djuren i din tr\u00e4dg\u00e5rd : inspirerande id\u00e9er f\u00f6r en rikare tr\u00e4dg\u00e5rd och biologisk m\u00e5ngfald\u201d av Helen Bostock och Sophie Collins.<br \/>\n\u201cG\u00f6r skillnad \u2013 fr\u00e5n klimat\u00e5ngest till handlingskraft\u201d av Maria Soxbo, Emma Sundh och Johanna Nilsson.<br \/>\n\u201cPlaneten, klimatet &amp; framtiden: vad kan vi g\u00f6ra?\u201d av Anja Gatu och \u00c5sa Callmer (f\u00f6r barn, men l\u00e4sv\u00e4rd f\u00f6r vuxna ocks\u00e5).<br \/>\n\u201cNaturligtvis : biologisk m\u00e5ngfald i din tr\u00e4dg\u00e5rd\u201d, av Justine Lagache.<\/p>\n","protected":false},"excerpt":{"rendered":"<p>Nobels fredspristagare Wangari Maathai. I will be a hummingbird. I will do the best I can. Inspirationsblad Vi har gjort inspirationsblad till alla barn och elever. F\u00f6rskola L\u00e5gstadiet\u00a0 Mellanstadiet H\u00f6gstadiet Inspiration om milj\u00f6 och klimat Milj\u00f6arbetet p\u00e5 barn- och ungdomsf\u00f6rvaltningen (kommunala f\u00f6rskolor och grundskolor) Milj\u00f6arbetet p\u00e5 Karlstads kommun\u00a0 S\u00e5 h\u00e4r ligger vi till med milj\u00f6arbetet &hellip; <\/p>\n<p class=\"link-more\"><a href=\"https:\/\/skola.karlstad.se\/elevborgarrad\/informationsmaterial\/\" class=\"more-link\">Forts\u00e4tt l\u00e4sa<span class=\"screen-reader-text\"> \u201dInspirationsmaterial\u201d<\/span><\/a><\/p>\n","protected":false},"author":2,"featured_media":0,"parent":0,"menu_order":0,"comment_status":"closed","ping_status":"closed","template":"","meta":{"footnotes":""},"class_list":["post-34","page","type-page","status-publish","hentry"],"_links":{"self":[{"href":"https:\/\/skola.karlstad.se\/elevborgarrad\/wp-json\/wp\/v2\/pages\/34","targetHints":{"allow":["GET"]}}],"collection":[{"href":"https:\/\/skola.karlstad.se\/elevborgarrad\/wp-json\/wp\/v2\/pages"}],"about":[{"href":"https:\/\/skola.karlstad.se\/elevborgarrad\/wp-json\/wp\/v2\/types\/page"}],"author":[{"embeddable":true,"href":"https:\/\/skola.karlstad.se\/elevborgarrad\/wp-json\/wp\/v2\/users\/2"}],"replies":[{"embeddable":true,"href":"https:\/\/skola.karlstad.se\/elevborgarrad\/wp-json\/wp\/v2\/comments?post=34"}],"version-history":[{"count":14,"href":"https:\/\/skola.karlstad.se\/elevborgarrad\/wp-json\/wp\/v2\/pages\/34\/revisions"}],"predecessor-version":[{"id":306,"href":"https:\/\/skola.karlstad.se\/elevborgarrad\/wp-json\/wp\/v2\/pages\/34\/revisions\/306"}],"wp:attachment":[{"href":"https:\/\/skola.karlstad.se\/elevborgarrad\/wp-json\/wp\/v2\/media?parent=34"}],"curies":[{"name":"wp","href":"https:\/\/api.w.org\/{rel}","templated":true}]}}