{"id":424,"date":"2023-04-25T08:38:22","date_gmt":"2023-04-25T06:38:22","guid":{"rendered":"https:\/\/skola.karlstad.se\/elevborgarrad\/?page_id=424"},"modified":"2024-06-20T08:45:52","modified_gmt":"2024-06-20T06:45:52","slug":"elevborgarradet-i-media","status":"publish","type":"page","link":"https:\/\/skola.karlstad.se\/elevborgarrad\/elevborgarradet-i-media\/","title":{"rendered":"Elevborgarr\u00e5det i media"},"content":{"rendered":"<h2>Elevborgarr\u00e5d f\u00f6r klimatet i media<\/h2>\n<p><iframe loading=\"lazy\" title=\"Elevborgarr\u00e5d f\u00f6r Klimatet\" src=\"https:\/\/player.vimeo.com\/video\/824037032?h=5d8057b093&amp;dnt=1&amp;app_id=122963\" width=\"525\" height=\"295\" frameborder=\"0\" allow=\"autoplay; fullscreen; picture-in-picture; clipboard-write\"><\/iframe><\/p>\n<p>Intresset f\u00f6r Elevborgarr\u00e5det har varit stort och nedan l\u00e4nkar vi till n\u00e5gra artiklar och nyhetsinslag om arbetet.<\/p>\n<p><a href=\"https:\/\/www.svt.se\/nyheter\/lokalt\/varmland\/karlstads-elevborgarrad-for-klimatet-i-final-om-internationellt-demokratipris\" target=\"_blank\" rel=\"noopener\">SVT Elevborgarr\u00e5d i final i internationellt demokratipris\u00a0<\/a><\/p>\n<p><a href=\"https:\/\/www.etc.se\/klimat-miljo\/elevers-klimatfoerslag-blir-verklighet\" target=\"_blank\" rel=\"noopener\">ETC Elevernas klimatf\u00f6rslag blir verklighet\u00a0<\/a><\/p>\n<p><a href=\"https:\/\/www.vf.se\/2024\/04\/12\/siri-och-liam-12-fick-igenom-sitt-forslag-cykelvagar-breddas-nodvandigt-77059\/\">Artikel i VF, Siri och Liam fick igenom sina f\u00f6rslag<\/a><\/p>\n<p><a href=\"https:\/\/www.nwt.se\/2024\/04\/01\/sa-gick-det-med-karlstadsbarnens-miljoforslag-bilfri-vecka-drojer-tva-ar-7e2b7\/\">Artikel i NWT s\u00e5 gick det med Karlstadsbarnens milj\u00f6f\u00f6rslag<\/a><\/p>\n<p><a href=\"https:\/\/karlstad.se\/nyheter\/startsida\/2024-04-12-elevborgarrad-atertraffen---eleverna-motte-politikerna-for-aterrapportering--%E2%80%8B\">Nyhet p\u00e5 Karlstad.se om Elevborgarr\u00e5dets \u00e5tertr\u00e4ff<\/a><\/p>\n<p><a href=\"https:\/\/api.screen9.com\/preview\/3jojzFkCbjIm0OT_b9nT_BK0mYp1PKmZoMtqz2CpCDEMuNpot1vpKmUPdVX5M9l0\">SKR film om Elevborgarr\u00e5d (11 min)<\/a><\/p>\n<p><a href=\"https:\/\/www.tv4play.se\/program\/nyhetsmorgon\/ungas-klimatsmarta-id%C3%A9er-ska-bli-verklighet-i-karlstad\/20515304?offset=19\">Nyhetsmorgon i TV4\u00a0<\/a><\/p>\n<p><a href=\"https:\/\/www.svt.se\/nyheter\/lokalt\/varmland\/karlstad-forst-ut-med-elevborgarrad-barn-komma-med-forslag-for-klimatet\">Nyhetsinslag om Elevdemokratiworkshopen i SVT V\u00e4rmland\u00a0<\/a><\/p>\n<p><a href=\"https:\/\/www.dn.se\/ekonomi\/klimatfragan-en-kvinnlig-kamp-med-olika-vagar\/\">Artikel om Elevborgarr\u00e5det i DN<\/a><\/p>\n<p><a href=\"https:\/\/www.svt.se\/nyheter\/lokalt\/varmland\/karlstad-stallde-fraga-till-barn-nu-blir-elevernas-forslag-verklighet\">Nu blir elevf\u00f6rslag verklighet SVT V\u00e4rmland\u00a0<\/a><\/p>\n<p><a href=\"https:\/\/www.naturskyddsforeningen.se\/skola\/kommuner-i-topp-inom-larande-for-hallbar-utveckling-lhu\/\">Artikel Kommuner i topp inom l\u00e4rande f\u00f6r h\u00e5llbar utveckling\u00a0<\/a><\/p>\n<p><a href=\"https:\/\/demokratiresan.libsyn.com\/102-elevborgarrd\" target=\"_blank\" rel=\"noopener\">SKR demokratipodden om Elevborgarr\u00e5d\u00a0<\/a><\/p>\n<p><a href=\"https:\/\/www.nwt.se\/2024\/02\/08\/kommunen-satsar-pa-klimatet-fler-elevborgarradsforslag-genomfors-ovarderligt-d0c05\/\">NWT om att elevf\u00f6rslagen nu genomf\u00f6rs<\/a><\/p>\n<p><a href=\"https:\/\/www.aktuellhallbarhet.se\/miljo\/klimat\/elevdemokrati-med-hallbarhetstema-bra-satt-att-skapa-engagemang-bland-eleverna\/\">Aktuell h\u00e5llbarhet om elevf\u00f6rslagen\u00a0<\/a><\/p>\n<p><a href=\"https:\/\/www.vf.se\/2023\/04\/27\/elevernas-klimatsmarta-forslag-nu-i-handerna-pa-politikerna-hoppas-de-lyssnar-c858c\/\">Artikel om \u00f6verl\u00e4mnandet till politiker VF\u00a0<\/a><\/p>\n<p><a href=\"https:\/\/www.vf.se\/2023\/04\/20\/siri-11-i-karlstad-om-oron-for-klimatet-globala-uppvarmningen-skrammer-mig-e8574\/\">Artikel om Elevdemokratiworkshopen i VF\u00a0<\/a><\/p>\n<p><a href=\"https:\/\/www.nwt.se\/2023\/04\/26\/karlstads-kommun-967-forslag-blev-67-det-hander-efter-elevborgarradet-9b505\/\">Artikel om vad som h\u00e4nder nu mer f\u00f6rslagen, NWT<\/a><\/p>\n<p><a href=\"https:\/\/www.nwt.se\/2023\/04\/21\/over-900-forslag-kring-miljo-och-klimat-fran-karlstads-barn-och-elever-b76c1\/\">Artikel om Elevborgarr\u00e5det i NWT, elevdemokratiworkshop<\/a><\/p>\n<p><a href=\"https:\/\/www.aktuellhallbarhet.se\/miljo\/klimat\/karlstad-startar-elevborgarrad-for-klimatet-vuxna-behover-en-spark-i-hacken\/\">Artikel om Elevborgarr\u00e5det i Aktuell h\u00e5llbarhet\u00a0<\/a><\/p>\n<p><a href=\"https:\/\/it-pedagogen.se\/over-900-forslag-kring-miljo-och-klimat-fran\/\">Artikel i IT- pedagogen\u00a0<\/a><\/p>\n<p><a href=\"https:\/\/tidningensyre.se\/2023\/20-april-2023\/varldsunikt-elevborgarrad-ska-klimatsakra-karlstad\/\">Artikel i tidningen Syre\u00a0<\/a><\/p>\n<p><a href=\"https:\/\/landetsfria.nu\/2023\/nummer-416\/sa-vill-elever-gora-karlstad-klimatsmartare\/\">Artikel i Landets fria\u00a0<\/a><\/p>\n<p><a href=\"https:\/\/www.nwt.se\/2023\/03\/08\/karlstads-kommun-fran-billigare-buss-till-solceller-elever-vill-se-resultat-nar-de-gor-karlstad-g-20512\/\">Artikel om Elevborgarr\u00e5det i NWT, elevernas arbete med f\u00f6rslagen<\/a><\/p>\n<p><a href=\"https:\/\/karlstad.se\/Nyheter\/2023\/april\/over-900-forslag-kring-miljo-och-klimat-fran-karlstads-barn-och-elever\/\">Artikel p\u00e5 karlstad.se om Elevborgarr\u00e5det\u00a0<\/a><\/p>\n<p><a href=\"https:\/\/www.nwt.se\/2023\/01\/13\/tusentals-karlstadsbarn-ska-ge-politikerna-klimatforslag-sa-himla-kloka-barn-c0ede\/\">Artikel i NWT inf\u00f6r starten med\u00a0 Elevborgarr\u00e5d\u00a0<\/a><\/p>\n<p><a href=\"https:\/\/www.vf.se\/2022\/09\/28\/unik-klimatsatsning-for-karlstadselever-vill-vanda-oro-till-hopp-bd580\/\">Artikel i VF unik klimatsatsning f\u00f6r Karlstads elever\u00a0<\/a><\/p>\n","protected":false},"excerpt":{"rendered":"<p>Elevborgarr\u00e5d f\u00f6r klimatet i media Intresset f\u00f6r Elevborgarr\u00e5det har varit stort och nedan l\u00e4nkar vi till n\u00e5gra artiklar och nyhetsinslag om arbetet. SVT Elevborgarr\u00e5d i final i internationellt demokratipris\u00a0 ETC Elevernas klimatf\u00f6rslag blir verklighet\u00a0 Artikel i VF, Siri och Liam fick igenom sina f\u00f6rslag Artikel i NWT s\u00e5 gick det med Karlstadsbarnens milj\u00f6f\u00f6rslag Nyhet p\u00e5 &hellip; <\/p>\n<p class=\"link-more\"><a href=\"https:\/\/skola.karlstad.se\/elevborgarrad\/elevborgarradet-i-media\/\" class=\"more-link\">Forts\u00e4tt l\u00e4sa<span class=\"screen-reader-text\"> \u201dElevborgarr\u00e5det i media\u201d<\/span><\/a><\/p>\n","protected":false},"author":1622,"featured_media":0,"parent":0,"menu_order":0,"comment_status":"closed","ping_status":"closed","template":"","meta":{"footnotes":""},"class_list":["post-424","page","type-page","status-publish","hentry"],"_links":{"self":[{"href":"https:\/\/skola.karlstad.se\/elevborgarrad\/wp-json\/wp\/v2\/pages\/424","targetHints":{"allow":["GET"]}}],"collection":[{"href":"https:\/\/skola.karlstad.se\/elevborgarrad\/wp-json\/wp\/v2\/pages"}],"about":[{"href":"https:\/\/skola.karlstad.se\/elevborgarrad\/wp-json\/wp\/v2\/types\/page"}],"author":[{"embeddable":true,"href":"https:\/\/skola.karlstad.se\/elevborgarrad\/wp-json\/wp\/v2\/users\/1622"}],"replies":[{"embeddable":true,"href":"https:\/\/skola.karlstad.se\/elevborgarrad\/wp-json\/wp\/v2\/comments?post=424"}],"version-history":[{"count":20,"href":"https:\/\/skola.karlstad.se\/elevborgarrad\/wp-json\/wp\/v2\/pages\/424\/revisions"}],"predecessor-version":[{"id":1173,"href":"https:\/\/skola.karlstad.se\/elevborgarrad\/wp-json\/wp\/v2\/pages\/424\/revisions\/1173"}],"wp:attachment":[{"href":"https:\/\/skola.karlstad.se\/elevborgarrad\/wp-json\/wp\/v2\/media?parent=424"}],"curies":[{"name":"wp","href":"https:\/\/api.w.org\/{rel}","templated":true}]}}