{"id":440,"date":"2023-04-27T09:59:03","date_gmt":"2023-04-27T07:59:03","guid":{"rendered":"https:\/\/skola.karlstad.se\/elevborgarrad\/?page_id=440"},"modified":"2024-09-12T10:32:59","modified_gmt":"2024-09-12T08:32:59","slug":"vad-hander-med-forslagen","status":"publish","type":"page","link":"https:\/\/skola.karlstad.se\/elevborgarrad\/vad-hander-med-forslagen\/","title":{"rendered":"Vad h\u00e4nder med f\u00f6rslagen?"},"content":{"rendered":"<h1>P\u00e5 den h\u00e4r sidan kan du f\u00f6lja vad som h\u00e4nder med elevernas f\u00f6rslag i Elevborgarr\u00e5d f\u00f6r klimatet<\/h1>\n<h2>L\u00e4s elevernas 67 f\u00f6rslag<\/h2>\n<p><a href=\"http:\/\/skola.karlstad.se\/elevborgarrad\/wp-content\/uploads\/sites\/1517\/2023\/05\/Elevborgarrad-for-klimatet-67-elevforslag.pdf\">Elevborgarr\u00e5d f\u00f6r klimatet, 67 elevf\u00f6rslag<\/a><\/p>\n<p><a href=\"https:\/\/skola.karlstad.se\/elevborgarrad\/svar-pa-elevforslagen\/\">Samtliga svar p\u00e5 Elevborgarr\u00e5dets f\u00f6rslag<\/a><\/p>\n<p><img loading=\"lazy\" decoding=\"async\" class=\"alignnone  wp-image-461\" src=\"http:\/\/skola.karlstad.se\/elevborgarrad\/wp-content\/uploads\/sites\/1517\/2023\/05\/Tack-elever-212x300.jpg\" alt=\"\" width=\"248\" height=\"351\" srcset=\"https:\/\/skola.karlstad.se\/elevborgarrad\/wp-content\/uploads\/sites\/1517\/2023\/05\/Tack-elever-212x300.jpg 212w, https:\/\/skola.karlstad.se\/elevborgarrad\/wp-content\/uploads\/sites\/1517\/2023\/05\/Tack-elever-724x1024.jpg 724w, https:\/\/skola.karlstad.se\/elevborgarrad\/wp-content\/uploads\/sites\/1517\/2023\/05\/Tack-elever-768x1086.jpg 768w, https:\/\/skola.karlstad.se\/elevborgarrad\/wp-content\/uploads\/sites\/1517\/2023\/05\/Tack-elever-1086x1536.jpg 1086w, https:\/\/skola.karlstad.se\/elevborgarrad\/wp-content\/uploads\/sites\/1517\/2023\/05\/Tack-elever-1448x2048.jpg 1448w, https:\/\/skola.karlstad.se\/elevborgarrad\/wp-content\/uploads\/sites\/1517\/2023\/05\/Tack-elever-scaled.jpg 905w\" sizes=\"auto, (max-width: 248px) 100vw, 248px\" \/><\/p>\n<h2>September 2024<\/h2>\n<p>Tv\u00e5 elevrepresentanter, Emil och Siri var speciellt inbjudna till lunch med prinsparet i september 2024. De ber\u00e4ttade om elevinflytande och Elevborgarr\u00e5d f\u00f6r klimatet.<\/p>\n<p><img loading=\"lazy\" decoding=\"async\" class=\"alignnone size-medium wp-image-1176\" src=\"http:\/\/skola.karlstad.se\/elevborgarrad\/wp-content\/uploads\/sites\/1517\/2024\/09\/IMG_3092-1-300x225.jpg\" alt=\"\" width=\"300\" height=\"225\" srcset=\"https:\/\/skola.karlstad.se\/elevborgarrad\/wp-content\/uploads\/sites\/1517\/2024\/09\/IMG_3092-1-300x225.jpg 300w, https:\/\/skola.karlstad.se\/elevborgarrad\/wp-content\/uploads\/sites\/1517\/2024\/09\/IMG_3092-1-1024x768.jpg 1024w, https:\/\/skola.karlstad.se\/elevborgarrad\/wp-content\/uploads\/sites\/1517\/2024\/09\/IMG_3092-1-768x576.jpg 768w, https:\/\/skola.karlstad.se\/elevborgarrad\/wp-content\/uploads\/sites\/1517\/2024\/09\/IMG_3092-1-1536x1152.jpg 1536w, https:\/\/skola.karlstad.se\/elevborgarrad\/wp-content\/uploads\/sites\/1517\/2024\/09\/IMG_3092-1-2048x1536.jpg 2048w\" sizes=\"auto, (max-width: 300px) 100vw, 300px\" \/><\/p>\n<h2>Juni 2024 &#8211; Elevborgarr\u00e5det i final!<\/h2>\n<p>Elevborgarr\u00e5d f\u00f6r klimatet nominerades som ett av tv\u00e5 bidrag fr\u00e5n Sverige genom SKR till demokratipriset Best Practice in Citizen Participation inom organisationen OIDP. Och nu \u00e4r vi vidare till final! Det g\u00e5r att \u00a0r\u00f6sta p\u00e5 Elevborgarr\u00e5det fram till 1 juli (och 4 bidrag till) via: Participate OIDP platform (<a href=\"https:\/\/eur02.safelinks.protection.outlook.com\/?url=https%3A%2F%2Fparticipate.oidp.net%2Fusers%2Fsign_up%3Flocale%3Den&amp;data=05%7C02%7Cklara.perhamre%40karlstad.se%7Cd746e11a411f497d8b8c08dc8f77fc6c%7Cfa1fe8f862c5428a8034038bc8a6cf66%7C0%7C0%7C638542993755698884%7CUnknown%7CTWFpbGZsb3d8eyJWIjoiMC4wLjAwMDAiLCJQIjoiV2luMzIiLCJBTiI6Ik1haWwiLCJXVCI6Mn0%3D%7C0%7C%7C%7C&amp;sdata=NxWAmCc2c044kGgqeAhfDI2LL12iaVKxA8KJmsLDMBk%3D&amp;reserved=0\">registration link<\/a>).<\/p>\n<p>International Observatory on Participatory Democracy (IOPD) \u00e4r ett n\u00e4tverk med \u00f6ver 800 av v\u00e4rldens st\u00e4der, f\u00f6reningar, organisationer och forskningscentra som \u00e4r intresserade av att l\u00e4ra sig om, utbyta -och till\u00e4mpa erfarenheter fr\u00e5n deltagande demokrati (participatory democracy) i lokal skala, i syfte att ut\u00f6ka demokratisk praxis i kommunala myndigheter.<\/p>\n<h2>Maj 2024 &#8211; Elevborgarr\u00e5d uppm\u00e4rksammas internationellt!<\/h2>\n<p>\u201dVi \u00e4r f\u00f6rst i v\u00e4rlden med ett Elevborgarr\u00e5d\u00a0f\u00f6r klimatet och jag hoppas att fler l\u00e4nder och st\u00e4der hakar p\u00e5 nu. Om vi unga fick vara med och best\u00e4mma mer i fler st\u00e4der och l\u00e4nder s\u00e5 skulle klimatet bli mycket b\u00e4ttre\u201d. S\u00e5 sa en av v\u00e5ra elever i Elevborgarr\u00e5d f\u00f6r klimatet n\u00e4r vi var i uppstarten av projektet. Nu n\u00e4r vi har avslutat den f\u00f6rsta delen kan vi se att tankarna om elevinflytande och konceptet Elevborgarr\u00e5d lyfts i m\u00e5nga kommuner i Sverige! Glo, sno och k\u00f6r s\u00e5 det ryker s\u00e4ger vi! Dessutom har Sveriges kommuner och regioner nominerat Elevborgarr\u00e5d f\u00f6r klimatet som en av tv\u00e5 nomineringar fr\u00e5n Sverige till det internationella demokratipriset f\u00f6r medborgarinvolvering inom\u00a0I<a href=\"https:\/\/oidp.net\/en\/index.php\" target=\"_blank\" rel=\"noopener\">nternational Observatory on Participatory Democracy(IOPD).<\/a><\/p>\n<p>Elevborgarr\u00e5d f\u00f6r klimatet \u00e4r ocks\u00e5 representanter i tv\u00e5 av WWF internationella paneler i maj 2024 d\u00e4r fokus \u00e4r medborgardialog och involvering av olika akt\u00f6rer i viktiga samh\u00e4llsfr\u00e5gor. S\u00e5 nu sprids konceptet till fler st\u00e4der runt om i v\u00e4rlden.<\/p>\n<h2>12 april 2024 Elev\u00e5tertr\u00e4ff<\/h2>\n<p>Elever tr\u00e4ffar politiker, chefer och tj\u00e4nstepersoner f\u00f6r att h\u00f6ra om svaren p\u00e5 elevernas f\u00f6rslag. L\u00e4s mer p\u00e5 \u00e5tertr\u00e4ff <a href=\"https:\/\/skola.karlstad.se\/elevborgarrad\/atertraff-elevborgarrad-for-klimatet-12-april-2024\/\">Elevborgarr\u00e5d<\/a> och\u00a0 <a href=\"https:\/\/skola.karlstad.se\/elevborgarrad\/svar-pa-elevforslagen\/\">samtliga svar p\u00e5 Elevborgarr\u00e5dets f\u00f6rslag<\/a><\/p>\n<p><img loading=\"lazy\" decoding=\"async\" class=\"alignnone size-medium wp-image-1102\" src=\"http:\/\/skola.karlstad.se\/elevborgarrad\/wp-content\/uploads\/sites\/1517\/2024\/05\/Atertraff-elevborgarrad-1-300x200.jpg\" alt=\"\" width=\"300\" height=\"200\" srcset=\"https:\/\/skola.karlstad.se\/elevborgarrad\/wp-content\/uploads\/sites\/1517\/2024\/05\/Atertraff-elevborgarrad-1-300x200.jpg 300w, https:\/\/skola.karlstad.se\/elevborgarrad\/wp-content\/uploads\/sites\/1517\/2024\/05\/Atertraff-elevborgarrad-1-1024x683.jpg 1024w, https:\/\/skola.karlstad.se\/elevborgarrad\/wp-content\/uploads\/sites\/1517\/2024\/05\/Atertraff-elevborgarrad-1-768x512.jpg 768w, https:\/\/skola.karlstad.se\/elevborgarrad\/wp-content\/uploads\/sites\/1517\/2024\/05\/Atertraff-elevborgarrad-1.jpg 1200w\" sizes=\"auto, (max-width: 300px) 100vw, 300px\" \/><\/p>\n<h2>Resultatet<\/h2>\n<p>Elevernas 67 f\u00f6rslag som l\u00e4mnats \u00f6ver till politiken har utretts i flera olika n\u00e4mnder och i bolagen. 26 av elevernas f\u00f6rslag \u00e4r beslutade att genomf\u00f6ras i kommunens n\u00e4mnder, 19 ska utredas vidare. Gl\u00e4djande \u00e4r att m\u00e5nga av elevf\u00f6rslagen redan genomf\u00f6rs i ordinarie verksamhet (minst 11 stycken). Totalt \u00e4r det i nul\u00e4get 56 f\u00f6rslag som ska genomf\u00f6ras\/genomf\u00f6rs\/utreds, av totalt 67 f\u00f6rslag.<\/p>\n<h2>17 februari startar SVINNKAMPEN!<\/h2>\n<p><img loading=\"lazy\" decoding=\"async\" class=\"alignnone  wp-image-598\" src=\"http:\/\/skola.karlstad.se\/elevborgarrad\/wp-content\/uploads\/sites\/1517\/2024\/02\/svinnkampen-205x300.jpg\" alt=\"\" width=\"257\" height=\"376\" srcset=\"https:\/\/skola.karlstad.se\/elevborgarrad\/wp-content\/uploads\/sites\/1517\/2024\/02\/svinnkampen-205x300.jpg 205w, https:\/\/skola.karlstad.se\/elevborgarrad\/wp-content\/uploads\/sites\/1517\/2024\/02\/svinnkampen.jpg 524w\" sizes=\"auto, (max-width: 257px) 100vw, 257px\" \/><\/p>\n<p>Nu startat svinnkampen efter ett av elevf\u00f6rslagen i Elevborgarr\u00e5d f\u00f6r klimatet.<\/p>\n<p>&#8221;Varje skola ska ha en t\u00e4vling om vilken klass som sl\u00e4nger minst mat. Denna t\u00e4vling b\u00f6r h\u00e5lla p\u00e5 i en till tv\u00e5 m\u00e5nader. Den klass som har sl\u00e4ngt minst mat f\u00e5r ett pris som skolan best\u00e4mmer. D\u00e5 beh\u00f6ver man inte k\u00f6pa in lika mycket mat, eftersom mindre mat kommer att sl\u00e4ngas. T\u00e4vlingen ska komma tillbaka regelbundet under terminen.&#8221;<\/p>\n<h2>28 oktober \u00f6ppnar Rundg\u00e5ng!<\/h2>\n<p><img loading=\"lazy\" decoding=\"async\" class=\"alignnone wp-image-516\" src=\"http:\/\/skola.karlstad.se\/elevborgarrad\/wp-content\/uploads\/sites\/1517\/2023\/10\/Rundgang-oppnar-210x300.jpg\" alt=\"\" width=\"281\" height=\"401\" srcset=\"https:\/\/skola.karlstad.se\/elevborgarrad\/wp-content\/uploads\/sites\/1517\/2023\/10\/Rundgang-oppnar-210x300.jpg 210w, https:\/\/skola.karlstad.se\/elevborgarrad\/wp-content\/uploads\/sites\/1517\/2023\/10\/Rundgang-oppnar.jpg 595w\" sizes=\"auto, (max-width: 281px) 100vw, 281px\" \/><\/p>\n<h2>Rundg\u00e5ng \u00f6ppnar! N\u00e5gra av Elevborgarr\u00e5dets f\u00f6rslag!<\/h2>\n<p><img loading=\"lazy\" decoding=\"async\" class=\"alignnone wp-image-507\" src=\"http:\/\/skola.karlstad.se\/elevborgarrad\/wp-content\/uploads\/sites\/1517\/2023\/09\/Cirkular-hubb-213x300.jpg\" alt=\"\" width=\"208\" height=\"293\" srcset=\"https:\/\/skola.karlstad.se\/elevborgarrad\/wp-content\/uploads\/sites\/1517\/2023\/09\/Cirkular-hubb-213x300.jpg 213w, https:\/\/skola.karlstad.se\/elevborgarrad\/wp-content\/uploads\/sites\/1517\/2023\/09\/Cirkular-hubb.jpg 457w\" sizes=\"auto, (max-width: 208px) 100vw, 208px\" \/><img loading=\"lazy\" decoding=\"async\" class=\"alignnone wp-image-508\" src=\"http:\/\/skola.karlstad.se\/elevborgarrad\/wp-content\/uploads\/sites\/1517\/2023\/09\/Fler-second-hand-211x300.jpg\" alt=\"\" width=\"203\" height=\"289\" srcset=\"https:\/\/skola.karlstad.se\/elevborgarrad\/wp-content\/uploads\/sites\/1517\/2023\/09\/Fler-second-hand-211x300.jpg 211w, https:\/\/skola.karlstad.se\/elevborgarrad\/wp-content\/uploads\/sites\/1517\/2023\/09\/Fler-second-hand.jpg 463w\" sizes=\"auto, (max-width: 203px) 100vw, 203px\" \/><img loading=\"lazy\" decoding=\"async\" class=\"alignnone size-medium wp-image-509\" src=\"http:\/\/skola.karlstad.se\/elevborgarrad\/wp-content\/uploads\/sites\/1517\/2023\/09\/remakehubb-212x300.jpg\" alt=\"\" width=\"212\" height=\"300\" srcset=\"https:\/\/skola.karlstad.se\/elevborgarrad\/wp-content\/uploads\/sites\/1517\/2023\/09\/remakehubb-212x300.jpg 212w, https:\/\/skola.karlstad.se\/elevborgarrad\/wp-content\/uploads\/sites\/1517\/2023\/09\/remakehubb.jpg 459w\" sizes=\"auto, (max-width: 212px) 100vw, 212px\" \/><img loading=\"lazy\" decoding=\"async\" class=\"alignnone size-medium wp-image-510\" src=\"http:\/\/skola.karlstad.se\/elevborgarrad\/wp-content\/uploads\/sites\/1517\/2023\/09\/Rundgang-231x300.png\" alt=\"\" width=\"231\" height=\"300\" srcset=\"https:\/\/skola.karlstad.se\/elevborgarrad\/wp-content\/uploads\/sites\/1517\/2023\/09\/Rundgang-231x300.png 231w, https:\/\/skola.karlstad.se\/elevborgarrad\/wp-content\/uploads\/sites\/1517\/2023\/09\/Rundgang.png 750w\" sizes=\"auto, (max-width: 231px) 100vw, 231px\" \/><\/p>\n<p>Den <span class=\"sqsrte-text-highlight\" data-text-attribute-id=\"e5a11256-dee7-445f-ba50-ec92b5d511df\"> 28 oktober <\/span> sl\u00e5r <a href=\"https:\/\/www.rundgang.se\/\"><span class=\"sqsrte-text-highlight\" data-text-attribute-id=\"03d8df83-1373-4bca-9b32-06200a1af390\"><strong>Rundg\u00e5ng<\/strong><\/span> <\/a>upp portarna i Mitt i City-gallerian i Karlstad.<\/p>\n<p>Rundg\u00e5ng \u00e4r en cirkul\u00e4r popup som under tv\u00e5 fullsp\u00e4ckade m\u00e5nader kommer samla framtidens varor och tj\u00e4nster under ett och samma tak. Det kommer ocks\u00e5 bubbla av events, workshops och andra smartheter. F\u00f6lj p\u00e5 <a href=\"https:\/\/www.instagram.com\/rundgang_karlstad\/\">Instagram\u00a0<\/a> eller p\u00e5 <a href=\"https:\/\/www.rundgang.se\/\">rundgang.se<\/a>.<\/p>\n<h2>Konceptet sprids!<\/h2>\n<p>Karlstads kommun \u00e4r f\u00f6rst i Sverige med ett Elevborgarr\u00e5d f\u00f6r klimatet och m\u00e5nga andra kommuner har visat stort intresserade f\u00f6r att g\u00f6ra p\u00e5 liknande s\u00e4tt. Elevborgarr\u00e5d f\u00f6r klimatet har presenterats p\u00e5 bland annat:<\/p>\n<ul>\n<li>SKR webbs\u00e4ndning den 21 mars 2024 med fokus p\u00e5 vikten av att involvera unga i den lokala utvecklingen<\/li>\n<li>Klimatkommunernas politikern\u00e4tverk<\/li>\n<li>SKR utvecklingsn\u00e4tverkstr\u00e4ff Agenda 2030 (6 mars 2024 )<\/li>\n<li>N\u00e4tverkstr\u00e4ff f\u00f6r kommuner L\u00e4nsstyrelsen V\u00e4sternorrland (27 mars 2024 )<\/li>\n<li>I samtal med m\u00e5nga andra kommuner<\/li>\n<li>F\u00f6redrag f\u00f6r riksdagspolitiker (Amanda Lind mp 26 mars 2024 )<\/li>\n<li>F\u00f6redrag framtiden l\u00e4rande v\u00e4st (13 juni 2023)<\/li>\n<li>F\u00f6redrag f\u00f6r forskare fr\u00e5n University of Education, Freiburg som fokuserar p\u00e5 Education for Sustainable Development, ESD (10 maj 2023)<\/li>\n<li>F\u00f6redrag f\u00f6r n\u00e4tverket Learnfood med bla RISE, Livsmedelsverket och representanter fr\u00e5n \u00d6rebro universitet och universitet i Norge och Danmark.<\/li>\n<\/ul>\n<h2>Kommunstyrelsen skickar vidare elevf\u00f6rslagen!<\/h2>\n<p><span style=\"font-size: 1rem\">Elevf\u00f6rslagen togs i barn- och ungdomsn\u00e4mnden 17 maj och skickades d\u00e4rifr\u00e5n direkt till kommunstyrelsen. <\/span>Den 17 oktober 2023 beslutade kommunstyrelsen att skicka vidare elevf\u00f6rslagen till ber\u00f6rda bolag och n\u00e4mnder.\u00a0 Nu har f\u00f6rslagen landat hos de n\u00e4mnder och bolag som kan hantera dom. <a href=\"https:\/\/karlstad.se\/kommun-och-politik\/kommunens-organisation\/kommunstyrelsen?sv.url=12.784ded43187eae2255510ce&amp;sv.state=normal&amp;sv.mode=view#--chn-99a587db35678872-1e9d433e8d1c6056738-75b6aa3f3ae76080948\">L\u00e4s tj\u00e4nsteskrivelsen h\u00e4r.<\/a><\/p>\n<h2>Politikern\u00e4tverk klimatkommunerna<\/h2>\n<p>M\u00e5nga kommuner har h\u00f6rt av sig till Karlstads kommun och \u00e4ven till Emma Sundh och Maria Soxbo (som arbetade i uppdraget Elevborgarr\u00e5d) f\u00f6r att f\u00e5 veta mer om arbetet. 7 september 2023 var Karlstad inbjudna att prata om Elevborgarr\u00e5det f\u00f6r <a href=\"https:\/\/klimatkommunerna.se\/\">Klimatkommunernas<\/a> politikern\u00e4tverk med styrande politiker Sveriges kommuner. Presentationen finns h\u00e4r <a href=\"http:\/\/skola.karlstad.se\/elevborgarrad\/wp-content\/uploads\/sites\/1517\/2023\/09\/Elevborgarrad-for-klimatet-Klimatkommunerna-politikernatverk.pdf\">Elevborgarr\u00e5d f\u00f6r klimatet Klimatkommunerna politikern\u00e4tverk<\/a><\/p>\n<h2>Kommunfullm\u00e4ktige beslutar om en miljon till genomf\u00f6rande<\/h2>\n<p>P\u00e5 kommunfullm\u00e4ktige den 20 juni beslutades att redan \u00e5r 2024 tills\u00e4tta en miljon kronor f\u00f6r genomf\u00f6rande av elevf\u00f6rslag i Elevborgarr\u00e5d f\u00f6r klimatet.<\/p>\n<h2>Elevf\u00f6rslagen l\u00e4mnas \u00f6ver till barn- och ungdomsn\u00e4mnden<\/h2>\n<p>Den 17 maj p\u00e5 barn- och ungdomsn\u00e4mndens sammantr\u00e4de l\u00e4mnade fyra elevrepresentanter \u00f6ver elevernas 67 f\u00f6rslag p\u00e5 hur Karlstads kommun kan bli mer milj\u00f6- och klimatsmart \u00f6ver till n\u00e4mnden genom en tj\u00e4nsteskrivelse. N\u00e4mnden beslutade att skicka f\u00f6rslagen vidare till kommunstyrelsen som f\u00f6rdelar f\u00f6rslagen till alla de n\u00e4mnder och bolag som ber\u00f6rs av f\u00f6rslagen. F\u00f6rslagen som handlar om kollektivtrafik l\u00e4mnas \u00f6ver till Region V\u00e4rmland.<\/p>\n<h2>Elever tr\u00e4ffar kommunstyrelsen<\/h2>\n<p><img loading=\"lazy\" decoding=\"async\" class=\"alignnone size-medium wp-image-498\" src=\"http:\/\/skola.karlstad.se\/elevborgarrad\/wp-content\/uploads\/sites\/1517\/2023\/05\/20230516_135338-273x300.jpg\" alt=\"\" width=\"273\" height=\"300\" srcset=\"https:\/\/skola.karlstad.se\/elevborgarrad\/wp-content\/uploads\/sites\/1517\/2023\/05\/20230516_135338-273x300.jpg 273w, https:\/\/skola.karlstad.se\/elevborgarrad\/wp-content\/uploads\/sites\/1517\/2023\/05\/20230516_135338-933x1024.jpg 933w, https:\/\/skola.karlstad.se\/elevborgarrad\/wp-content\/uploads\/sites\/1517\/2023\/05\/20230516_135338-768x843.jpg 768w, https:\/\/skola.karlstad.se\/elevborgarrad\/wp-content\/uploads\/sites\/1517\/2023\/05\/20230516_135338-1400x1536.jpg 1400w, https:\/\/skola.karlstad.se\/elevborgarrad\/wp-content\/uploads\/sites\/1517\/2023\/05\/20230516_135338-1867x2048.jpg 1867w, https:\/\/skola.karlstad.se\/elevborgarrad\/wp-content\/uploads\/sites\/1517\/2023\/05\/20230516_135338-scaled.jpg 1167w\" sizes=\"auto, (max-width: 273px) 100vw, 273px\" \/><\/p>\n<p>Den 16 maj \u00e4r tre elevrepresentanter fr\u00e5n Elevborgarr\u00e5d f\u00f6r klimatet speciellt inbjudna till kommunstyrelsen f\u00f6r att ber\u00e4tta om arbetet, f\u00f6rslagen och vikten av att inkludera unga i viktiga samh\u00e4llsfr\u00e5gor. Till h\u00f6ger i bild Alex, KSO Linda Larsson (s), Siri och Emil. P\u00e5 bilden syns \u00e4ven elever fr\u00e5n S\u00f6dra R\u00e5torpsskolan som var med p\u00e5 kommunstyrelsen f\u00f6r att prata om deras projekt i ung f\u00f6retagsamhet, tv\u00e5 representanter fr\u00e5n Ungdomsfullm\u00e4ktige.<\/p>\n<h2>F\u00f6rslagen l\u00e4mnas \u00f6ver till Linda Larsson, kommunstyrelsens ordf\u00f6rande<\/h2>\n<p><img loading=\"lazy\" decoding=\"async\" class=\"alignnone size-medium wp-image-441\" src=\"http:\/\/skola.karlstad.se\/elevborgarrad\/wp-content\/uploads\/sites\/1517\/2023\/04\/MicrosoftTeams-image-10-225x300.jpg\" alt=\"\" width=\"225\" height=\"300\" srcset=\"https:\/\/skola.karlstad.se\/elevborgarrad\/wp-content\/uploads\/sites\/1517\/2023\/04\/MicrosoftTeams-image-10-225x300.jpg 225w, https:\/\/skola.karlstad.se\/elevborgarrad\/wp-content\/uploads\/sites\/1517\/2023\/04\/MicrosoftTeams-image-10-768x1024.jpg 768w, https:\/\/skola.karlstad.se\/elevborgarrad\/wp-content\/uploads\/sites\/1517\/2023\/04\/MicrosoftTeams-image-10-1152x1536.jpg 1152w, https:\/\/skola.karlstad.se\/elevborgarrad\/wp-content\/uploads\/sites\/1517\/2023\/04\/MicrosoftTeams-image-10-scaled.jpg 960w\" sizes=\"auto, (max-width: 225px) 100vw, 225px\" \/><\/p>\n<p>P\u00e5 V\u00e4rmlands milj\u00f6- och klimatdag den 26 april ber\u00e4ttade Elevborgarr\u00e5dets elevrepresentanter Maja och Alva om arbetet med att ta fram f\u00f6rslagen, om de f\u00f6rslag de arbetat med i elevdemokratiworkshopen 20 april och sedan l\u00e4mnades\u00a0 de 67 elevf\u00f6rslagen \u00f6ver till kommunstyrelsens ordf\u00f6rande Linda Larsson.<\/p>\n<h2>M\u00f6te med forskare fr\u00e5n Tyskland<\/h2>\n<p>Den 10 maj var Karlstads kommun inbjuden att bland annat prata om Elevborgarr\u00e5d f\u00f6r klimatet med forskare fr\u00e5n University of Education, Freiburg som fokuserar p\u00e5 Education for Sustainable Development, ESD. Ett s\u00e4tt att dela kunskap, men ocks\u00e5 ett s\u00e4tt att inspirera fler l\u00e4nder att g\u00f6ra liknande insatser kring elevinflytande och elevdemokrati.<\/p>\n<h2>Elevdemokratiworkshop<\/h2>\n<p><img loading=\"lazy\" decoding=\"async\" class=\"alignnone size-medium wp-image-410\" src=\"http:\/\/skola.karlstad.se\/elevborgarrad\/wp-content\/uploads\/sites\/1517\/2023\/04\/1-300x155.jpg\" alt=\"\" width=\"300\" height=\"155\" srcset=\"https:\/\/skola.karlstad.se\/elevborgarrad\/wp-content\/uploads\/sites\/1517\/2023\/04\/1-300x155.jpg 300w, https:\/\/skola.karlstad.se\/elevborgarrad\/wp-content\/uploads\/sites\/1517\/2023\/04\/1-1024x531.jpg 1024w, https:\/\/skola.karlstad.se\/elevborgarrad\/wp-content\/uploads\/sites\/1517\/2023\/04\/1-768x398.jpg 768w, https:\/\/skola.karlstad.se\/elevborgarrad\/wp-content\/uploads\/sites\/1517\/2023\/04\/1-1536x796.jpg 1536w, https:\/\/skola.karlstad.se\/elevborgarrad\/wp-content\/uploads\/sites\/1517\/2023\/04\/1-2048x1061.jpg 2048w, https:\/\/skola.karlstad.se\/elevborgarrad\/wp-content\/uploads\/sites\/1517\/2023\/04\/1-scaled.jpg 1920w\" sizes=\"auto, (max-width: 300px) 100vw, 300px\" \/><\/p>\n<p>Den 20 april samlades ett 40-tal elevrepresentanter fr\u00e5n de kommunala mellanstadie- och h\u00f6gstadieskolorna p\u00e5 en stor elevdemokratiworkshop. P\u00e5 workshopen delades de in i 7 olika grupper efter teman och fick arbeta med f\u00f6rslagen som hade kommit in. F\u00f6rlagen bearbetades och sedan valde eleverna vilka f\u00f6rslag som skulle bli de slutgiltiga och l\u00e4mnas \u00f6ver till kommunens styrande politiker. Till sin hj\u00e4lp hade varje grupp en milj\u00f6expert fr\u00e5n Karlstads kommun. N\u00e4r f\u00f6rslagen var inl\u00e4mnade samlades elever, politiker, milj\u00f6experter, tj\u00e4nstepersoner och media i den stora konferenslokalen och d\u00e4r redovisade eleverna n\u00e5gra av sina f\u00f6rslag.<\/p>\n<p><img loading=\"lazy\" decoding=\"async\" class=\"alignnone wp-image-442\" src=\"http:\/\/skola.karlstad.se\/elevborgarrad\/wp-content\/uploads\/sites\/1517\/2023\/04\/2-225x300.jpg\" alt=\"\" width=\"201\" height=\"268\" srcset=\"https:\/\/skola.karlstad.se\/elevborgarrad\/wp-content\/uploads\/sites\/1517\/2023\/04\/2-225x300.jpg 225w, https:\/\/skola.karlstad.se\/elevborgarrad\/wp-content\/uploads\/sites\/1517\/2023\/04\/2-768x1024.jpg 768w, https:\/\/skola.karlstad.se\/elevborgarrad\/wp-content\/uploads\/sites\/1517\/2023\/04\/2-1152x1536.jpg 1152w, https:\/\/skola.karlstad.se\/elevborgarrad\/wp-content\/uploads\/sites\/1517\/2023\/04\/2-1536x2048.jpg 1536w\" sizes=\"auto, (max-width: 201px) 100vw, 201px\" \/><img loading=\"lazy\" decoding=\"async\" class=\"alignnone wp-image-443\" src=\"http:\/\/skola.karlstad.se\/elevborgarrad\/wp-content\/uploads\/sites\/1517\/2023\/04\/3-225x300.jpg\" alt=\"\" width=\"199\" height=\"265\" srcset=\"https:\/\/skola.karlstad.se\/elevborgarrad\/wp-content\/uploads\/sites\/1517\/2023\/04\/3-225x300.jpg 225w, https:\/\/skola.karlstad.se\/elevborgarrad\/wp-content\/uploads\/sites\/1517\/2023\/04\/3-768x1024.jpg 768w, https:\/\/skola.karlstad.se\/elevborgarrad\/wp-content\/uploads\/sites\/1517\/2023\/04\/3-1152x1536.jpg 1152w, https:\/\/skola.karlstad.se\/elevborgarrad\/wp-content\/uploads\/sites\/1517\/2023\/04\/3-1536x2048.jpg 1536w\" sizes=\"auto, (max-width: 199px) 100vw, 199px\" \/><\/p>\n<p><img loading=\"lazy\" decoding=\"async\" class=\"alignnone wp-image-444\" src=\"http:\/\/skola.karlstad.se\/elevborgarrad\/wp-content\/uploads\/sites\/1517\/2023\/04\/20230420_110106-225x300.jpg\" alt=\"\" width=\"200\" height=\"266\" srcset=\"https:\/\/skola.karlstad.se\/elevborgarrad\/wp-content\/uploads\/sites\/1517\/2023\/04\/20230420_110106-225x300.jpg 225w, https:\/\/skola.karlstad.se\/elevborgarrad\/wp-content\/uploads\/sites\/1517\/2023\/04\/20230420_110106-768x1024.jpg 768w, https:\/\/skola.karlstad.se\/elevborgarrad\/wp-content\/uploads\/sites\/1517\/2023\/04\/20230420_110106-1152x1536.jpg 1152w, https:\/\/skola.karlstad.se\/elevborgarrad\/wp-content\/uploads\/sites\/1517\/2023\/04\/20230420_110106-1536x2048.jpg 1536w\" sizes=\"auto, (max-width: 200px) 100vw, 200px\" \/><img loading=\"lazy\" decoding=\"async\" class=\"alignnone wp-image-445\" src=\"http:\/\/skola.karlstad.se\/elevborgarrad\/wp-content\/uploads\/sites\/1517\/2023\/04\/20230420_110610-225x300.jpg\" alt=\"\" width=\"201\" height=\"268\" srcset=\"https:\/\/skola.karlstad.se\/elevborgarrad\/wp-content\/uploads\/sites\/1517\/2023\/04\/20230420_110610-225x300.jpg 225w, https:\/\/skola.karlstad.se\/elevborgarrad\/wp-content\/uploads\/sites\/1517\/2023\/04\/20230420_110610-768x1024.jpg 768w, https:\/\/skola.karlstad.se\/elevborgarrad\/wp-content\/uploads\/sites\/1517\/2023\/04\/20230420_110610-1152x1536.jpg 1152w, https:\/\/skola.karlstad.se\/elevborgarrad\/wp-content\/uploads\/sites\/1517\/2023\/04\/20230420_110610-1536x2048.jpg 1536w\" sizes=\"auto, (max-width: 201px) 100vw, 201px\" \/><\/p>\n<h2>Elever tr\u00e4ffar riksdagspolitiker<\/h2>\n<p>I mars hade vi bes\u00f6k av V\u00e4rml\u00e4ndska riksdagspolitiker fr\u00e5n S tillsammans med barn- och ungdomsn\u00e4mndens ordf\u00f6rande Lina Larhult . Elever fr\u00e5n h\u00f6gstadieskolan Ilanda fick tr\u00e4ffa politikerna och ber\u00e4tta om sitt arbete med skarpa milj\u00f6- och klimatf\u00f6rslag i\u00a0Elevborgarr\u00e5d\u00a0f\u00f6r klimatet.<\/p>\n<h2>Eleverna arbetar med f\u00f6rslag i skolan<\/h2>\n<p>I januari 2023 gick den skarpa elevuppgiften ut om att elever i den kommunala grundskolan skulle ta fram f\u00f6rslag p\u00e5 hur Karlstads kommun kan bli mer milj\u00f6- och klimatsmart utan att n\u00e5gon kommer i kl\u00e4m. Eleverna arbetade i flera olika \u00e4mnen i perioden januari- mars och skicka in f\u00f6rslagen digitalt. Vissa skickade in klassens b\u00e4sta f\u00f6rslag, andra skickade in enskilda f\u00f6rslag fr\u00e5n varje elev, andra r\u00f6stade i elevr\u00e5det om vilka f\u00f6rslag skolan skulle skicka in. <strong>Det kom in totalt 967 f\u00f6rslag!<\/strong> De f\u00f6rslagen sammanst\u00e4lldes, dubbletter plockades bort och de grupperades i olika temaomr\u00e5den. De f\u00f6rslagen l\u00e5g till grund f\u00f6r elevdemokratiworkshopen.<\/p>\n","protected":false},"excerpt":{"rendered":"<p>P\u00e5 den h\u00e4r sidan kan du f\u00f6lja vad som h\u00e4nder med elevernas f\u00f6rslag i Elevborgarr\u00e5d f\u00f6r klimatet L\u00e4s elevernas 67 f\u00f6rslag Elevborgarr\u00e5d f\u00f6r klimatet, 67 elevf\u00f6rslag Samtliga svar p\u00e5 Elevborgarr\u00e5dets f\u00f6rslag September 2024 Tv\u00e5 elevrepresentanter, Emil och Siri var speciellt inbjudna till lunch med prinsparet i september 2024. De ber\u00e4ttade om elevinflytande och Elevborgarr\u00e5d f\u00f6r &hellip; <\/p>\n<p class=\"link-more\"><a href=\"https:\/\/skola.karlstad.se\/elevborgarrad\/vad-hander-med-forslagen\/\" class=\"more-link\">Forts\u00e4tt l\u00e4sa<span class=\"screen-reader-text\"> \u201dVad h\u00e4nder med f\u00f6rslagen?\u201d<\/span><\/a><\/p>\n","protected":false},"author":1622,"featured_media":0,"parent":0,"menu_order":0,"comment_status":"closed","ping_status":"closed","template":"","meta":{"footnotes":""},"class_list":["post-440","page","type-page","status-publish","hentry"],"_links":{"self":[{"href":"https:\/\/skola.karlstad.se\/elevborgarrad\/wp-json\/wp\/v2\/pages\/440","targetHints":{"allow":["GET"]}}],"collection":[{"href":"https:\/\/skola.karlstad.se\/elevborgarrad\/wp-json\/wp\/v2\/pages"}],"about":[{"href":"https:\/\/skola.karlstad.se\/elevborgarrad\/wp-json\/wp\/v2\/types\/page"}],"author":[{"embeddable":true,"href":"https:\/\/skola.karlstad.se\/elevborgarrad\/wp-json\/wp\/v2\/users\/1622"}],"replies":[{"embeddable":true,"href":"https:\/\/skola.karlstad.se\/elevborgarrad\/wp-json\/wp\/v2\/comments?post=440"}],"version-history":[{"count":25,"href":"https:\/\/skola.karlstad.se\/elevborgarrad\/wp-json\/wp\/v2\/pages\/440\/revisions"}],"predecessor-version":[{"id":1179,"href":"https:\/\/skola.karlstad.se\/elevborgarrad\/wp-json\/wp\/v2\/pages\/440\/revisions\/1179"}],"wp:attachment":[{"href":"https:\/\/skola.karlstad.se\/elevborgarrad\/wp-json\/wp\/v2\/media?parent=440"}],"curies":[{"name":"wp","href":"https:\/\/api.w.org\/{rel}","templated":true}]}}