{"id":490,"date":"2023-05-12T10:17:53","date_gmt":"2023-05-12T08:17:53","guid":{"rendered":"https:\/\/skola.karlstad.se\/elevborgarrad\/?page_id=490"},"modified":"2023-05-12T10:17:53","modified_gmt":"2023-05-12T08:17:53","slug":"elevforslagen-2","status":"publish","type":"page","link":"https:\/\/skola.karlstad.se\/elevborgarrad\/elevforslagen-2\/","title":{"rendered":"Elevf\u00f6rslagen"},"content":{"rendered":"<p><img loading=\"lazy\" decoding=\"async\" class=\"size-medium wp-image-302 aligncenter\" src=\"http:\/\/skola.karlstad.se\/elevborgarrad\/wp-content\/uploads\/sites\/1517\/2022\/12\/Affisch-213x300.jpg\" alt=\"\" width=\"213\" height=\"300\" srcset=\"https:\/\/skola.karlstad.se\/elevborgarrad\/wp-content\/uploads\/sites\/1517\/2022\/12\/Affisch-213x300.jpg 213w, https:\/\/skola.karlstad.se\/elevborgarrad\/wp-content\/uploads\/sites\/1517\/2022\/12\/Affisch.jpg 586w\" sizes=\"auto, (max-width: 213px) 100vw, 213px\" \/><\/p>\n<p>Det har kommit in 967 f\u00f6rslag fr\u00e5n barn och elever i Karlstads kommuns kommunala f\u00f6rskolor och grundskolor utifr\u00e5n fr\u00e5gest\u00e4llningarna:<\/p>\n<p><em>Hur s\u00e4nker vi utsl\u00e4ppen radikalt i Karlstad kommun \u2013 utan att n\u00e5gon kommer i kl\u00e4m<\/em>?<br \/>\n<em>Hur kan Karlstad bli en mer milj\u00f6smart kommun?<\/em><\/p>\n<p>F\u00f6rslagen \u00e4r uppdelade i olika sektorer: livsmedel, energi, transporter, biologisk m\u00e5ngfald, h\u00e5llbara st\u00e4der, avfall och \u00e5terbruk.<br \/>\nF\u00f6rslagen sammanst\u00e4lldes och bearbetades p\u00e5 en Elevdemokratiworkshop 20 april. Totalt kommer 67 f\u00f6rslag nu att l\u00e4mnas \u00f6ver till kommunens styrande politiker.<\/p>\n<p>H\u00e4r kan du l\u00e4sa alla 67 f\u00f6rslag <a href=\"http:\/\/skola.karlstad.se\/elevborgarrad\/wp-content\/uploads\/sites\/1517\/2023\/05\/Elevborgarrad-for-klimatet-67-elevforslag.pdf\">Elevborgarr\u00e5d f\u00f6r klimatet, 67 elevf\u00f6rslag<\/a><\/p>\n<p><strong>Stort tack f\u00f6r kloka, innovativa, smarta och uppfodrande f\u00f6rslag!<\/strong><\/p>\n<h2>Ta del av f\u00f6rslagen<\/h2>\n<p><strong>H\u00e4r kan du l\u00e4sa alla f\u00f6rslag <a href=\"http:\/\/skola.karlstad.se\/elevborgarrad\/wp-content\/uploads\/sites\/1517\/2023\/05\/Elevborgarrad-for-klimatet-67-elevforslag.pdf\">Elevborgarr\u00e5d f\u00f6r klimatet, 67 elevf\u00f6rslag<\/a><\/strong><br \/>\nF\u00f6rslagen kommer att tas upp i barn- och ungdomsn\u00e4mnden 17 maj f\u00f6r att f\u00f6rdelas till kommunstyrelsen och ber\u00f6rda n\u00e4mnder.<\/p>\n<p>F\u00f6rslagen l\u00e4mnas \u00f6ver till kommunstyrelsens ordf\u00f6rande den 26 april.<br \/>\nF\u00f6rslagen kommer ocks\u00e5 att st\u00e4llas ut p\u00e5 bibliotekshuset i Karlstad fr\u00e5n 23 maj.<\/p>\n<p>F\u00f6lj vad som h\u00e4nder med f\u00f6rslagen p\u00e5 sidan <a href=\"https:\/\/skola.karlstad.se\/elevborgarrad\/vad-hander-med-forslagen\/\">&#8221;vad h\u00e4nder med f\u00f6rslagen&#8221;<\/a>.<\/p>\n<h2>F\u00f6rslag fr\u00e5n S\u00f6dra R\u00e5torps skola<\/h2>\n<p><a href=\"https:\/\/youtu.be\/LYi0A8Vb3v8\">F\u00f6rslag fr\u00e5n S\u00f6dra R\u00e5torps skola g\u00e5r att se h\u00e4r f\u00f6r de har gjort en egen film om sina f\u00f6rslag<\/a>!<\/p>\n<p><a href=\"https:\/\/www.youtube.com\/watch?v=LYi0A8Vb3v8\"><img loading=\"lazy\" decoding=\"async\" class=\"alignnone wp-image-406\" src=\"http:\/\/skola.karlstad.se\/elevborgarrad\/wp-content\/uploads\/sites\/1517\/2023\/04\/Sodra-Ratorp-skola-300x156.jpg\" alt=\"\" width=\"400\" height=\"208\" srcset=\"https:\/\/skola.karlstad.se\/elevborgarrad\/wp-content\/uploads\/sites\/1517\/2023\/04\/Sodra-Ratorp-skola-300x156.jpg 300w, https:\/\/skola.karlstad.se\/elevborgarrad\/wp-content\/uploads\/sites\/1517\/2023\/04\/Sodra-Ratorp-skola-1024x532.jpg 1024w, https:\/\/skola.karlstad.se\/elevborgarrad\/wp-content\/uploads\/sites\/1517\/2023\/04\/Sodra-Ratorp-skola-768x399.jpg 768w, https:\/\/skola.karlstad.se\/elevborgarrad\/wp-content\/uploads\/sites\/1517\/2023\/04\/Sodra-Ratorp-skola-1536x798.jpg 1536w, https:\/\/skola.karlstad.se\/elevborgarrad\/wp-content\/uploads\/sites\/1517\/2023\/04\/Sodra-Ratorp-skola.jpg 1838w\" sizes=\"auto, (max-width: 400px) 100vw, 400px\" \/><\/a><\/p>\n","protected":false},"excerpt":{"rendered":"<p>Det har kommit in 967 f\u00f6rslag fr\u00e5n barn och elever i Karlstads kommuns kommunala f\u00f6rskolor och grundskolor utifr\u00e5n fr\u00e5gest\u00e4llningarna: Hur s\u00e4nker vi utsl\u00e4ppen radikalt i Karlstad kommun \u2013 utan att n\u00e5gon kommer i kl\u00e4m? Hur kan Karlstad bli en mer milj\u00f6smart kommun? F\u00f6rslagen \u00e4r uppdelade i olika sektorer: livsmedel, energi, transporter, biologisk m\u00e5ngfald, h\u00e5llbara st\u00e4der, &hellip; <\/p>\n<p class=\"link-more\"><a href=\"https:\/\/skola.karlstad.se\/elevborgarrad\/elevforslagen-2\/\" class=\"more-link\">Forts\u00e4tt l\u00e4sa<span class=\"screen-reader-text\"> \u201dElevf\u00f6rslagen\u201d<\/span><\/a><\/p>\n","protected":false},"author":1622,"featured_media":0,"parent":0,"menu_order":0,"comment_status":"closed","ping_status":"closed","template":"","meta":{"footnotes":""},"class_list":["post-490","page","type-page","status-publish","hentry"],"_links":{"self":[{"href":"https:\/\/skola.karlstad.se\/elevborgarrad\/wp-json\/wp\/v2\/pages\/490","targetHints":{"allow":["GET"]}}],"collection":[{"href":"https:\/\/skola.karlstad.se\/elevborgarrad\/wp-json\/wp\/v2\/pages"}],"about":[{"href":"https:\/\/skola.karlstad.se\/elevborgarrad\/wp-json\/wp\/v2\/types\/page"}],"author":[{"embeddable":true,"href":"https:\/\/skola.karlstad.se\/elevborgarrad\/wp-json\/wp\/v2\/users\/1622"}],"replies":[{"embeddable":true,"href":"https:\/\/skola.karlstad.se\/elevborgarrad\/wp-json\/wp\/v2\/comments?post=490"}],"version-history":[{"count":1,"href":"https:\/\/skola.karlstad.se\/elevborgarrad\/wp-json\/wp\/v2\/pages\/490\/revisions"}],"predecessor-version":[{"id":491,"href":"https:\/\/skola.karlstad.se\/elevborgarrad\/wp-json\/wp\/v2\/pages\/490\/revisions\/491"}],"wp:attachment":[{"href":"https:\/\/skola.karlstad.se\/elevborgarrad\/wp-json\/wp\/v2\/media?parent=490"}],"curies":[{"name":"wp","href":"https:\/\/api.w.org\/{rel}","templated":true}]}}