{"id":624,"date":"2024-02-16T08:42:00","date_gmt":"2024-02-16T07:42:00","guid":{"rendered":"https:\/\/skola.karlstad.se\/elevborgarrad\/?page_id=624"},"modified":"2024-05-07T14:50:00","modified_gmt":"2024-05-07T12:50:00","slug":"atertraff-elevborgarrad-for-klimatet-12-april-2024","status":"publish","type":"page","link":"https:\/\/skola.karlstad.se\/elevborgarrad\/atertraff-elevborgarrad-for-klimatet-12-april-2024\/","title":{"rendered":"\u00c5tertr\u00e4ff Elevborgarr\u00e5d f\u00f6r klimatet 12 april 2024"},"content":{"rendered":"<h1>Matsvinnst\u00e4vling, solceller p\u00e5 befintliga tak och \u00e5terbruksgalleria!<\/h1>\n<p><img loading=\"lazy\" decoding=\"async\" class=\"alignnone  wp-image-1097\" src=\"http:\/\/skola.karlstad.se\/elevborgarrad\/wp-content\/uploads\/sites\/1517\/2024\/05\/20240412_102812-300x251.jpg\" alt=\"\" width=\"422\" height=\"353\" srcset=\"https:\/\/skola.karlstad.se\/elevborgarrad\/wp-content\/uploads\/sites\/1517\/2024\/05\/20240412_102812-300x251.jpg 300w, https:\/\/skola.karlstad.se\/elevborgarrad\/wp-content\/uploads\/sites\/1517\/2024\/05\/20240412_102812-1024x855.jpg 1024w, https:\/\/skola.karlstad.se\/elevborgarrad\/wp-content\/uploads\/sites\/1517\/2024\/05\/20240412_102812-768x641.jpg 768w, https:\/\/skola.karlstad.se\/elevborgarrad\/wp-content\/uploads\/sites\/1517\/2024\/05\/20240412_102812-1536x1283.jpg 1536w, https:\/\/skola.karlstad.se\/elevborgarrad\/wp-content\/uploads\/sites\/1517\/2024\/05\/20240412_102812-2048x1710.jpg 2048w\" sizes=\"auto, (max-width: 422px) 100vw, 422px\" \/><\/p>\n<p>Fr\u00e5n v\u00e4nster: Cecilia Boman Lindstr\u00f6m ordf\u00f6rande milj\u00f6n\u00e4mnden, Anders Peterson ordf\u00f6rande gymnasie- och vuxenutbildningsn\u00e4mnden, Anna Dahl\u00e9n Gauffin ordf\u00f6rande i arbetsmarknads- och socialn\u00e4mnden, Anders Tallgren ordf\u00f6rande i stadsbyggnadsn\u00e4mnden, Emil elevrepresentant, Lina Larhult ordf\u00f6rande i barn- och ungdomsn\u00e4mnden, Siri elevrepresentant, Linda Larsson kommunstyrelsens ordf\u00f6rande, Liam elevrepresentant Monika Bubholtz ordf\u00f6rande teknik- och fastighetsn\u00e4mnden, Cassandra elevrepresentant.<\/p>\n<p><span style=\"color: revert;font-size: 1.5rem\">Nu var det upp till bevis f\u00f6r elevf\u00f6rslagen.<\/span><\/p>\n<p><span data-contrast=\"auto\">P\u00e5 \u00e5tertr\u00e4ffen f\u00f6r Elevborgarr\u00e5d klimatet var det upp till bevis f\u00f6r elevf\u00f6rslagen!\u202fTack alla elever f\u00f6r alla kloka f\u00f6rslag om hur Karlstad kan bli mer milj\u00f6- och klimatsmart! F\u00f6rslagen \u00e4r utredda och beslutade i flera av kommunens n\u00e4mnder och nu bj\u00f6d\u00a0 vi in elever att tr\u00e4ffa politiker och tj\u00e4nstepersoner f\u00f6r att h\u00f6ra vad som beslutats och vad som h\u00e4nder med f\u00f6rslagen nu. <\/span><span data-ccp-props=\"{}\"> P\u00e5 \u00e5tertr\u00e4ffen fick eleverna lyssna till kommunstyrelsens ordf\u00f6rande, n\u00e4mndordf\u00f6randen fr\u00e5n sex av kommunens n\u00e4mnder, samt ordf\u00f6rande f\u00f6r kollektivtrafikn\u00e4mnden vid Region V\u00e4rmland. Politikerna ber\u00e4ttade om elevf\u00f6rslagen och vad som har h\u00e4nt och planeras att h\u00e4nda med dem.\u00a0<\/span><\/p>\n<p>H\u00e4r finns presentationen fr\u00e5n dagen. <a href=\"http:\/\/skola.karlstad.se\/elevborgarrad\/wp-content\/uploads\/sites\/1517\/2024\/05\/Elevborgarrad-for-klimatet-ATERTRAFFEN-till-webben-2.pdf\">Elevborgarr\u00e5d f\u00f6r klimatet \u00e5tertr\u00e4ffen presentation<\/a><\/p>\n<p><span data-contrast=\"auto\">P\u00e5 \u00e5tertr\u00e4ffen presenterade politiker och tj\u00e4nstepersoner vad som har h\u00e4nt med elevf\u00f6rslagen. Eleverna hade ocks\u00e5 en workshop i grupper med fokus p\u00e5 elevf\u00f6rslagen och p\u00e5 hur de vill att skolan ska arbeta vidare med h\u00e5llbarhetsfr\u00e5gor, elevinflytande och n\u00e4sta Elevborgarr\u00e5d.\u00a0<\/span><\/p>\n\n\n<p><strong>Elevcitat fr\u00e5n \u00e5tertr\u00e4ffen <\/strong><\/p>\n\n\n\n<p>&#8221;Sk\u00f6nt att m\u00e5nga genomf\u00f6rs och att mycket redan g\u00f6rs. Trodde att det skulle vara mer som inte gick att genomf\u00f6ra \u00e4n vad som redovisades&#8221;. <\/p>\n\n\n\n<p>&#8221;Vi tycker att politikerna har lyssnat. Bra att de tog upp alla f\u00f6rslag och ber\u00e4ttade om varf\u00f6r f\u00f6rslagen inte genomf\u00f6rdes eller togs vidare. Det k\u00e4ndes j\u00e4tteviktigt&#8221;.<\/p>\n\n\n\n<p>&#8221;Innan k\u00e4nde vi att politikerna inte lyssnade. Detta arbete har gjort att vi k\u00e4nner att de lyssnade p\u00e5 oss mer \u00e4n tidigare. Vi l\u00e4rde oss mer om kommunala beslutsprocesser ocks\u00e5 vilket var roligt&#8221;.<\/p>\n\n\n\n<p>&#8221;Det var l\u00e4rorikt, kul att diskutera och l\u00e4rorikt hur kommunen hanterar f\u00f6rslagen och varf\u00f6r det blev som det blev&#8221;. <\/p>\n\n\n\n<p>&#8221;Eleverna upplever att de blivit lyssnade till och att politikerna tagit till sig och m\u00f6jliggjort m\u00e5nga id\u00e9er, de f\u00f6rst\u00e5r att politikerna beh\u00f6ver prioritera och \u00e4r glada \u00f6ver tanken om ett nytt Elevborgarr\u00e5d&#8221;.<\/p>\n\n\n\n<p>&#8221;Fantastiskt att flera f\u00f6rslag genomf\u00f6rdes&#8221;. <\/p>\n\n\n\n<p>&#8221;\u00c4ven om allting inte g\u00e5r att genomf\u00f6ra nu s\u00e5 \u00e4r det viktigt att ta med det f\u00f6r framtiden&#8221;. <\/p>\n\n\n\n<figure class=\"wp-block-image size-large\"><img loading=\"lazy\" decoding=\"async\" width=\"1024\" height=\"683\" src=\"https:\/\/skola.karlstad.se\/elevborgarrad\/wp-content\/uploads\/sites\/1517\/2024\/05\/Atertraff-elevborgarrad-1-1024x683.jpg\" alt=\"\" class=\"wp-image-1102\" srcset=\"https:\/\/skola.karlstad.se\/elevborgarrad\/wp-content\/uploads\/sites\/1517\/2024\/05\/Atertraff-elevborgarrad-1-1024x683.jpg 1024w, https:\/\/skola.karlstad.se\/elevborgarrad\/wp-content\/uploads\/sites\/1517\/2024\/05\/Atertraff-elevborgarrad-1-300x200.jpg 300w, https:\/\/skola.karlstad.se\/elevborgarrad\/wp-content\/uploads\/sites\/1517\/2024\/05\/Atertraff-elevborgarrad-1-768x512.jpg 768w, https:\/\/skola.karlstad.se\/elevborgarrad\/wp-content\/uploads\/sites\/1517\/2024\/05\/Atertraff-elevborgarrad-1.jpg 1200w\" sizes=\"auto, (max-width: 706px) 89vw, (max-width: 767px) 82vw, 740px\" \/><\/figure>\n\n\n\n<p>Fr\u00e5n v\u00e4nster: Maria Kj\u00e4llstr\u00f6m skoldirekt\u00f6r, Emil elevrepresentant, Cassandra elevrepresentant, Linda Larsson kommunstyrelsens ordf\u00f6rande, Siri elevrepresentant, Klara Perhamre projektledare, Liam elevrepresentant.<\/p>\n","protected":false},"excerpt":{"rendered":"<p>Matsvinnst\u00e4vling, solceller p\u00e5 befintliga tak och \u00e5terbruksgalleria! Fr\u00e5n v\u00e4nster: Cecilia Boman Lindstr\u00f6m ordf\u00f6rande milj\u00f6n\u00e4mnden, Anders Peterson ordf\u00f6rande gymnasie- och vuxenutbildningsn\u00e4mnden, Anna Dahl\u00e9n Gauffin ordf\u00f6rande i arbetsmarknads- och socialn\u00e4mnden, Anders Tallgren ordf\u00f6rande i stadsbyggnadsn\u00e4mnden, Emil elevrepresentant, Lina Larhult ordf\u00f6rande i barn- och ungdomsn\u00e4mnden, Siri elevrepresentant, Linda Larsson kommunstyrelsens ordf\u00f6rande, Liam elevrepresentant Monika Bubholtz ordf\u00f6rande teknik- och &hellip; <\/p>\n<p class=\"link-more\"><a href=\"https:\/\/skola.karlstad.se\/elevborgarrad\/atertraff-elevborgarrad-for-klimatet-12-april-2024\/\" class=\"more-link\">Forts\u00e4tt l\u00e4sa<span class=\"screen-reader-text\"> \u201d\u00c5tertr\u00e4ff Elevborgarr\u00e5d f\u00f6r klimatet 12 april 2024\u201d<\/span><\/a><\/p>\n","protected":false},"author":1622,"featured_media":0,"parent":0,"menu_order":0,"comment_status":"closed","ping_status":"closed","template":"","meta":{"footnotes":""},"class_list":["post-624","page","type-page","status-publish","hentry"],"_links":{"self":[{"href":"https:\/\/skola.karlstad.se\/elevborgarrad\/wp-json\/wp\/v2\/pages\/624","targetHints":{"allow":["GET"]}}],"collection":[{"href":"https:\/\/skola.karlstad.se\/elevborgarrad\/wp-json\/wp\/v2\/pages"}],"about":[{"href":"https:\/\/skola.karlstad.se\/elevborgarrad\/wp-json\/wp\/v2\/types\/page"}],"author":[{"embeddable":true,"href":"https:\/\/skola.karlstad.se\/elevborgarrad\/wp-json\/wp\/v2\/users\/1622"}],"replies":[{"embeddable":true,"href":"https:\/\/skola.karlstad.se\/elevborgarrad\/wp-json\/wp\/v2\/comments?post=624"}],"version-history":[{"count":14,"href":"https:\/\/skola.karlstad.se\/elevborgarrad\/wp-json\/wp\/v2\/pages\/624\/revisions"}],"predecessor-version":[{"id":1151,"href":"https:\/\/skola.karlstad.se\/elevborgarrad\/wp-json\/wp\/v2\/pages\/624\/revisions\/1151"}],"wp:attachment":[{"href":"https:\/\/skola.karlstad.se\/elevborgarrad\/wp-json\/wp\/v2\/media?parent=624"}],"curies":[{"name":"wp","href":"https:\/\/api.w.org\/{rel}","templated":true}]}}