{"id":1126,"date":"2024-09-09T14:21:02","date_gmt":"2024-09-09T12:21:02","guid":{"rendered":"https:\/\/skola.karlstad.se\/gronatraden\/?page_id=1126"},"modified":"2025-06-10T15:46:19","modified_gmt":"2025-06-10T13:46:19","slug":"uf-grundskoleutmaning","status":"publish","type":"page","link":"https:\/\/skola.karlstad.se\/gronatraden\/uf-grundskoleutmaning\/","title":{"rendered":"UF &#8211; Grundskoleutmaning"},"content":{"rendered":"\n<figure class=\"wp-block-embed is-type-video is-provider-youtube wp-block-embed-youtube wp-embed-aspect-16-9 wp-has-aspect-ratio\"><div class=\"wp-block-embed__wrapper\">\n<iframe loading=\"lazy\" title=\"Vad s\u00e4ger l\u00e4rare och elever om arbetet med Grundskoleutmaningen?\" width=\"525\" height=\"295\" src=\"https:\/\/www.youtube.com\/embed\/U6bjjZWAaYA?feature=oembed\" frameborder=\"0\" allow=\"accelerometer; autoplay; clipboard-write; encrypted-media; gyroscope; picture-in-picture; web-share\" referrerpolicy=\"strict-origin-when-cross-origin\" allowfullscreen><\/iframe>\n<\/div><\/figure>\n\n\n\n<p>Ung F\u00f6retagsamhet V\u00e4rmland vill varje \u00e5r ge grundskoleelever i V\u00e4rmland en utmaning som fr\u00e4mjar kreativitet, entrepren\u00f6rskap och probleml\u00f6sning. Flera av utmaningarna kan knytas an till ett milj\u00f6 och h\u00e5llbarhetst\u00e4nk. F\u00f6rra \u00e5ret deltog \u00f6ver 7500 elever i Grundskoleutmaningen. <br><br>Under h\u00f6sten 2025 \u00e4r utmaningarna:<br>&#8211; Skapa framtidens samh\u00e4lle (\u00c5k F &#8211; 3)<br>&#8211; Utveckla framtidens arbetsplats i skogen (\u00c5k 4- 6)<br>&#8211; Skapa Destination L\u00f6fbergsskrapan (\u00c5k 7 &#8211; 9)<br><br><a href=\"https:\/\/ungforetagsamhet.se\/varmland\/arets-grundskoleutmaningar-ar-har\" target=\"_blank\" rel=\"noreferrer noopener\">L\u00e4s mer via l\u00e4nken<\/a><br><strong>Uppdraget genomf\u00f6rs under h\u00f6stterminen 2025<\/strong><\/p>\n","protected":false},"excerpt":{"rendered":"<p>Ung F\u00f6retagsamhet V\u00e4rmland vill varje \u00e5r ge grundskoleelever i V\u00e4rmland en utmaning som fr\u00e4mjar kreativitet, entrepren\u00f6rskap och probleml\u00f6sning. Flera av utmaningarna kan knytas an till ett milj\u00f6 och h\u00e5llbarhetst\u00e4nk. F\u00f6rra \u00e5ret deltog \u00f6ver 7500 elever i Grundskoleutmaningen. Under h\u00f6sten 2025 \u00e4r utmaningarna:&#8211; Skapa framtidens samh\u00e4lle (\u00c5k F &#8211; 3)&#8211; Utveckla framtidens arbetsplats i skogen (\u00c5k &hellip; <\/p>\n<p class=\"link-more\"><a href=\"https:\/\/skola.karlstad.se\/gronatraden\/uf-grundskoleutmaning\/\" class=\"more-link\">Forts\u00e4tt l\u00e4sa<span class=\"screen-reader-text\"> \u201dUF &#8211; Grundskoleutmaning\u201d<\/span><\/a><\/p>\n","protected":false},"author":3593,"featured_media":0,"parent":0,"menu_order":0,"comment_status":"closed","ping_status":"closed","template":"","meta":{"footnotes":""},"class_list":["post-1126","page","type-page","status-publish","hentry"],"_links":{"self":[{"href":"https:\/\/skola.karlstad.se\/gronatraden\/wp-json\/wp\/v2\/pages\/1126","targetHints":{"allow":["GET"]}}],"collection":[{"href":"https:\/\/skola.karlstad.se\/gronatraden\/wp-json\/wp\/v2\/pages"}],"about":[{"href":"https:\/\/skola.karlstad.se\/gronatraden\/wp-json\/wp\/v2\/types\/page"}],"author":[{"embeddable":true,"href":"https:\/\/skola.karlstad.se\/gronatraden\/wp-json\/wp\/v2\/users\/3593"}],"replies":[{"embeddable":true,"href":"https:\/\/skola.karlstad.se\/gronatraden\/wp-json\/wp\/v2\/comments?post=1126"}],"version-history":[{"count":4,"href":"https:\/\/skola.karlstad.se\/gronatraden\/wp-json\/wp\/v2\/pages\/1126\/revisions"}],"predecessor-version":[{"id":1692,"href":"https:\/\/skola.karlstad.se\/gronatraden\/wp-json\/wp\/v2\/pages\/1126\/revisions\/1692"}],"wp:attachment":[{"href":"https:\/\/skola.karlstad.se\/gronatraden\/wp-json\/wp\/v2\/media?parent=1126"}],"curies":[{"name":"wp","href":"https:\/\/api.w.org\/{rel}","templated":true}]}}