{"id":1294,"date":"2024-12-18T14:53:15","date_gmt":"2024-12-18T13:53:15","guid":{"rendered":"https:\/\/skola.karlstad.se\/gronatraden\/?page_id=1294"},"modified":"2024-12-19T08:39:39","modified_gmt":"2024-12-19T07:39:39","slug":"plast-till-papp-challenge","status":"publish","type":"page","link":"https:\/\/skola.karlstad.se\/gronatraden\/plast-till-papp-challenge\/","title":{"rendered":"Plast till Papp Challenge"},"content":{"rendered":"\n<figure class=\"wp-block-image size-full is-resized\"><img loading=\"lazy\" decoding=\"async\" width=\"777\" height=\"548\" src=\"https:\/\/skola.karlstad.se\/gronatraden\/wp-content\/uploads\/sites\/1520\/2024\/12\/bild-plast-till-papp-1.jpg\" alt=\"\" class=\"wp-image-1295\" style=\"width:479px;height:auto\" srcset=\"https:\/\/skola.karlstad.se\/gronatraden\/wp-content\/uploads\/sites\/1520\/2024\/12\/bild-plast-till-papp-1.jpg 777w, https:\/\/skola.karlstad.se\/gronatraden\/wp-content\/uploads\/sites\/1520\/2024\/12\/bild-plast-till-papp-1-300x212.jpg 300w, https:\/\/skola.karlstad.se\/gronatraden\/wp-content\/uploads\/sites\/1520\/2024\/12\/bild-plast-till-papp-1-768x542.jpg 768w\" sizes=\"auto, (max-width: 767px) 89vw, (max-width: 1000px) 54vw, (max-width: 1071px) 543px, 580px\" \/><\/figure>\n\n\n\n<p><strong>Ahlstrom, som \u00e4r ett v\u00e4rldsledande f\u00f6retag vill ha elevers hj\u00e4lp med att skapa framtidens milj\u00f6v\u00e4nliga pappersprodukter!<\/strong><br>En innovativ utmaning fr\u00e5n Framtidsfr\u00f6n f\u00f6r elever i \u00e5k 4-9 med fokus p\u00e5 milj\u00f6 och h\u00e5llbarhet i samarbete med Ahlstrom. Vad som tillverkas av plast kan idag g\u00f6ras av papper? De fyra vinnande bidragen f\u00e5r pitcha sina id\u00e9er live inf\u00f6r Ahlstroms produkt-utvecklare och hela klassen f\u00e5r delta i en kreativ workshop.<br><br>Uppdraget passar s\u00e4rskilt bra f\u00f6r de som arbetar med eller nyligen arbetat med NTA-temat Papper, men alla klasser \u00e5k 4-9 kan s\u00e5klart anm\u00e4la sig. I\u00a0<a href=\"http:\/\/tiny.cc\/yrkesbiblioteket\">Yrkesbiblioteket\u00a0<\/a>finns mer tips p\u00e5 studiebes\u00f6k och andra aktiviteter f\u00f6r att samverka med arbetslivet. \u00a0<br><br>Anm\u00e4l er senast 31\/1 och arbeta med uppdraget n\u00e4r ni vill under v\u00e5rterminen, sista inl\u00e4mningsdag 2\/5. <br><br><a href=\"https:\/\/www.framtidsfron.se\/2024\/12\/17\/mellan-och-hogstadieelever-sokes-for-miljouppdrag\/\">L\u00e4s mer p\u00e5 Framtidsfr\u00f6ns webbplats<\/a><\/p>\n\n\n\n<figure class=\"wp-block-image size-full is-resized\"><a href=\"http:\/\/skola.karlstad.se\/gronatraden\/wp-content\/uploads\/sites\/1520\/2024\/12\/Ahlstrom-Plast-till-Papp-Challenge-VT-25.pdf\" target=\"_blank\" rel=\"noreferrer noopener\"><img loading=\"lazy\" decoding=\"async\" width=\"598\" height=\"851\" src=\"https:\/\/skola.karlstad.se\/gronatraden\/wp-content\/uploads\/sites\/1520\/2024\/12\/image.png\" alt=\"\" class=\"wp-image-1296\" style=\"width:175px;height:auto\" srcset=\"https:\/\/skola.karlstad.se\/gronatraden\/wp-content\/uploads\/sites\/1520\/2024\/12\/image.png 598w, https:\/\/skola.karlstad.se\/gronatraden\/wp-content\/uploads\/sites\/1520\/2024\/12\/image-211x300.png 211w\" sizes=\"auto, (max-width: 598px) 100vw, 598px\" \/><\/a><figcaption class=\"wp-element-caption\">Ladda ned pdf<\/figcaption><\/figure>\n\n\n\n<p><\/p>\n","protected":false},"excerpt":{"rendered":"<p>Ahlstrom, som \u00e4r ett v\u00e4rldsledande f\u00f6retag vill ha elevers hj\u00e4lp med att skapa framtidens milj\u00f6v\u00e4nliga pappersprodukter!En innovativ utmaning fr\u00e5n Framtidsfr\u00f6n f\u00f6r elever i \u00e5k 4-9 med fokus p\u00e5 milj\u00f6 och h\u00e5llbarhet i samarbete med Ahlstrom. Vad som tillverkas av plast kan idag g\u00f6ras av papper? De fyra vinnande bidragen f\u00e5r pitcha sina id\u00e9er live inf\u00f6r &hellip; <\/p>\n<p class=\"link-more\"><a href=\"https:\/\/skola.karlstad.se\/gronatraden\/plast-till-papp-challenge\/\" class=\"more-link\">Forts\u00e4tt l\u00e4sa<span class=\"screen-reader-text\"> \u201dPlast till Papp Challenge\u201d<\/span><\/a><\/p>\n","protected":false},"author":42,"featured_media":0,"parent":0,"menu_order":0,"comment_status":"closed","ping_status":"closed","template":"","meta":{"footnotes":""},"class_list":["post-1294","page","type-page","status-publish","hentry"],"_links":{"self":[{"href":"https:\/\/skola.karlstad.se\/gronatraden\/wp-json\/wp\/v2\/pages\/1294","targetHints":{"allow":["GET"]}}],"collection":[{"href":"https:\/\/skola.karlstad.se\/gronatraden\/wp-json\/wp\/v2\/pages"}],"about":[{"href":"https:\/\/skola.karlstad.se\/gronatraden\/wp-json\/wp\/v2\/types\/page"}],"author":[{"embeddable":true,"href":"https:\/\/skola.karlstad.se\/gronatraden\/wp-json\/wp\/v2\/users\/42"}],"replies":[{"embeddable":true,"href":"https:\/\/skola.karlstad.se\/gronatraden\/wp-json\/wp\/v2\/comments?post=1294"}],"version-history":[{"count":5,"href":"https:\/\/skola.karlstad.se\/gronatraden\/wp-json\/wp\/v2\/pages\/1294\/revisions"}],"predecessor-version":[{"id":1303,"href":"https:\/\/skola.karlstad.se\/gronatraden\/wp-json\/wp\/v2\/pages\/1294\/revisions\/1303"}],"wp:attachment":[{"href":"https:\/\/skola.karlstad.se\/gronatraden\/wp-json\/wp\/v2\/media?parent=1294"}],"curies":[{"name":"wp","href":"https:\/\/api.w.org\/{rel}","templated":true}]}}