{"id":1315,"date":"2025-01-10T10:38:34","date_gmt":"2025-01-10T09:38:34","guid":{"rendered":"https:\/\/skola.karlstad.se\/gronatraden\/?page_id=1315"},"modified":"2025-01-22T11:19:19","modified_gmt":"2025-01-22T10:19:19","slug":"besok-en-bondgard-vt-2025","status":"publish","type":"page","link":"https:\/\/skola.karlstad.se\/gronatraden\/besok-en-bondgard-vt-2025\/","title":{"rendered":"Bes\u00f6k en bondg\u00e5rd vt 2025"},"content":{"rendered":"\n<div class=\"wp-block-columns is-layout-flex wp-container-core-columns-is-layout-9d6595d7 wp-block-columns-is-layout-flex\">\n<div class=\"wp-block-column is-layout-flow wp-block-column-is-layout-flow\">\n<figure class=\"wp-block-image size-large\"><img loading=\"lazy\" decoding=\"async\" width=\"768\" height=\"1024\" src=\"https:\/\/skola.karlstad.se\/gronatraden\/wp-content\/uploads\/sites\/1520\/2025\/01\/Henrik-768x1024.jpg\" alt=\"\" class=\"wp-image-1316\" srcset=\"https:\/\/skola.karlstad.se\/gronatraden\/wp-content\/uploads\/sites\/1520\/2025\/01\/Henrik-768x1024.jpg 768w, https:\/\/skola.karlstad.se\/gronatraden\/wp-content\/uploads\/sites\/1520\/2025\/01\/Henrik-225x300.jpg 225w, https:\/\/skola.karlstad.se\/gronatraden\/wp-content\/uploads\/sites\/1520\/2025\/01\/Henrik-1152x1536.jpg 1152w, https:\/\/skola.karlstad.se\/gronatraden\/wp-content\/uploads\/sites\/1520\/2025\/01\/Henrik-1536x2048.jpg 1536w, https:\/\/skola.karlstad.se\/gronatraden\/wp-content\/uploads\/sites\/1520\/2025\/01\/Henrik-scaled.jpg 1920w\" sizes=\"auto, (max-width: 767px) 89vw, (max-width: 1000px) 54vw, (max-width: 1071px) 543px, 580px\" \/><\/figure>\n<\/div>\n\n\n\n<div class=\"wp-block-column is-layout-flow wp-block-column-is-layout-flow\">\n<figure class=\"wp-block-image size-large\"><img loading=\"lazy\" decoding=\"async\" width=\"768\" height=\"1024\" src=\"https:\/\/skola.karlstad.se\/gronatraden\/wp-content\/uploads\/sites\/1520\/2025\/01\/IMG_6299-768x1024.jpg\" alt=\"\" class=\"wp-image-1317\" srcset=\"https:\/\/skola.karlstad.se\/gronatraden\/wp-content\/uploads\/sites\/1520\/2025\/01\/IMG_6299-768x1024.jpg 768w, https:\/\/skola.karlstad.se\/gronatraden\/wp-content\/uploads\/sites\/1520\/2025\/01\/IMG_6299-225x300.jpg 225w, https:\/\/skola.karlstad.se\/gronatraden\/wp-content\/uploads\/sites\/1520\/2025\/01\/IMG_6299-1152x1536.jpg 1152w, https:\/\/skola.karlstad.se\/gronatraden\/wp-content\/uploads\/sites\/1520\/2025\/01\/IMG_6299-1536x2048.jpg 1536w, https:\/\/skola.karlstad.se\/gronatraden\/wp-content\/uploads\/sites\/1520\/2025\/01\/IMG_6299-scaled.jpg 1920w\" sizes=\"auto, (max-width: 767px) 89vw, (max-width: 1000px) 54vw, (max-width: 1071px) 543px, 580px\" \/><\/figure>\n<\/div>\n<\/div>\n\n\n\n<p>Genom ett samarbete med LRF (Lantbrukarnas riksf\u00f6rbund) kan vi erbjuda studiebes\u00f6k till bondg\u00e5rdar. Bondg\u00e5rdarna har olika verksamheter, som t.ex. v\u00e4xtodling, skog, k\u00f6ttdjur och mj\u00f6lkkor. Bes\u00f6ken riktar sig i f\u00f6rsta hand till \u00e5k 4-6, men ocks\u00e5 klasser i andra \u00e5rskurser kan anm\u00e4la intresse.<\/p>\n\n\n\n<p>Vid bes\u00f6ken f\u00e5r eleverna l\u00e4ra sig mer om var maten vi \u00e4ter kommer ifr\u00e5n och hur det \u00e4r att arbeta som bonde. Bes\u00f6ket och det f\u00f6r- och efterarbete ni g\u00f6r i klassrummet kan kopplas till m\u00e5nga olika \u00e4mnen. Se g\u00e4rna <a href=\"https:\/\/www.bondeniskolan.se\/for-pedagog\/\" target=\"_blank\" rel=\"noreferrer noopener\">Bonden i skolans hemsida<\/a> f\u00f6r inspiration och exempel p\u00e5 l\u00e4roplanskopplingar. <\/p>\n\n\n\n<p><strong>Plats:<\/strong>\u00a0Olika bondg\u00e5rdar i V\u00e4rmland<br><strong>M\u00e5lgrupp:\u00a0<\/strong>\u00c5k 4 \u2013 6 (andra klasser kan ocks\u00e5 anm\u00e4la intresse)<br><strong>Period<\/strong>: Mars &#8211; maj 2025. De flesta g\u00e5rdar vill helst ha bes\u00f6k senast v. 15 under v\u00e5rterminen.<br><strong>Tids\u00e5tg\u00e5ng:<\/strong> Ca 2 timmar + restid<br><strong>Gruppstorlek:<\/strong>\u00a0Klassvis <br><strong>Kopplingar till undervisning och styrdokument:<\/strong> <br>\u2013 <a href=\"https:\/\/www.bondeniskolan.se\/media\/g4sd5crh\/l%C3%A4roplanskopplingar-g%C3%A5rdsbes%C3%B6k.pdf\" data-type=\"link\" data-id=\"https:\/\/www.bondeniskolan.se\/media\/g4sd5crh\/l%C3%A4roplanskopplingar-g%C3%A5rdsbes%C3%B6k.pdf\" target=\"_blank\" rel=\"noreferrer noopener\">Kursplaner i NO och teknik, SO, bild, svenska, matematik och hemkunskap. <\/a><br>\u2013 Framtidsval<br>\u2013 Globala m\u00e5len: 12 och 15<br>\u2013 Passar i samband med flera NTA-teman &#8211; &#8221;Fr\u00e5n fr\u00f6 till fr\u00f6&#8221;, &#8221;Papper&#8221; och &#8221;Matens kemi&#8221;.<\/p>\n\n\n\n<p><strong>Att ta sig hit:<\/strong> <br>Ni har m\u00f6jlighet att \u00e5ka med best\u00e4lld buss som finansieras av projektet Gr\u00f6na tr\u00e5den. <\/p>\n\n\n\n<div class=\"wp-block-buttons is-layout-flex wp-block-buttons-is-layout-flex\">\n<div class=\"wp-block-button\"><a class=\"wp-block-button__link wp-element-button\" href=\"https:\/\/forms.office.com\/e\/AQcz6GxuhM\" target=\"_blank\" rel=\"noreferrer noopener\">Anm\u00e4l intresse h\u00e4r<\/a><\/div>\n<\/div>\n\n\n\n<p><\/p>\n\n\n\n<ol class=\"wp-block-list\">\n<li><strong>Anm\u00e4l intresse senast 7 februari 2025<\/strong>. Att delta \u00e4r kostnadsfritt.<\/li>\n\n\n\n<li>Senast under v. 10 f\u00e5r ni besked om ni f\u00e5r m\u00f6jlighet att \u00e5ka.<\/li>\n\n\n\n<li>Om ni blir utvalda f\u00e5r ni kontaktuppgifter till en g\u00e5rd f\u00f6r att best\u00e4mma dag &amp; tid f\u00f6r bes\u00f6ket. Tillsammans med de som arbetar p\u00e5 g\u00e5rden g\u00f6r ni ocks\u00e5 en plan f\u00f6r bes\u00f6ket utifr\u00e5n era elevers och g\u00e5rdens f\u00f6ruts\u00e4ttningar. <\/li>\n\n\n\n<li>Ni f\u00e5r information om hur ni g\u00f6r f\u00f6r att boka buss (projektet st\u00e5r f\u00f6r kostnaden).<\/li>\n<\/ol>\n\n\n\n<p>Alla som anm\u00e4ler intresse f\u00e5r mer information och f\u00f6rslag p\u00e5 material till f\u00f6r- och efterarbete. Att delta \u00e4r kostnadsfritt.<\/p>\n\n\n\n<p>I&nbsp;<a href=\"http:\/\/tiny.cc\/yrkesbiblioteket\">Yrkesbiblioteket&nbsp;<\/a>finns mer tips p\u00e5 studiebes\u00f6k och andra aktiviteter f\u00f6r att samverka med arbetslivet. &nbsp;<\/p>\n","protected":false},"excerpt":{"rendered":"<p>Genom ett samarbete med LRF (Lantbrukarnas riksf\u00f6rbund) kan vi erbjuda studiebes\u00f6k till bondg\u00e5rdar. Bondg\u00e5rdarna har olika verksamheter, som t.ex. v\u00e4xtodling, skog, k\u00f6ttdjur och mj\u00f6lkkor. Bes\u00f6ken riktar sig i f\u00f6rsta hand till \u00e5k 4-6, men ocks\u00e5 klasser i andra \u00e5rskurser kan anm\u00e4la intresse. Vid bes\u00f6ken f\u00e5r eleverna l\u00e4ra sig mer om var maten vi \u00e4ter kommer &hellip; <\/p>\n<p class=\"link-more\"><a href=\"https:\/\/skola.karlstad.se\/gronatraden\/besok-en-bondgard-vt-2025\/\" class=\"more-link\">Forts\u00e4tt l\u00e4sa<span class=\"screen-reader-text\"> \u201dBes\u00f6k en bondg\u00e5rd vt 2025\u201d<\/span><\/a><\/p>\n","protected":false},"author":42,"featured_media":0,"parent":0,"menu_order":0,"comment_status":"closed","ping_status":"closed","template":"","meta":{"footnotes":""},"class_list":["post-1315","page","type-page","status-publish","hentry"],"_links":{"self":[{"href":"https:\/\/skola.karlstad.se\/gronatraden\/wp-json\/wp\/v2\/pages\/1315","targetHints":{"allow":["GET"]}}],"collection":[{"href":"https:\/\/skola.karlstad.se\/gronatraden\/wp-json\/wp\/v2\/pages"}],"about":[{"href":"https:\/\/skola.karlstad.se\/gronatraden\/wp-json\/wp\/v2\/types\/page"}],"author":[{"embeddable":true,"href":"https:\/\/skola.karlstad.se\/gronatraden\/wp-json\/wp\/v2\/users\/42"}],"replies":[{"embeddable":true,"href":"https:\/\/skola.karlstad.se\/gronatraden\/wp-json\/wp\/v2\/comments?post=1315"}],"version-history":[{"count":4,"href":"https:\/\/skola.karlstad.se\/gronatraden\/wp-json\/wp\/v2\/pages\/1315\/revisions"}],"predecessor-version":[{"id":1329,"href":"https:\/\/skola.karlstad.se\/gronatraden\/wp-json\/wp\/v2\/pages\/1315\/revisions\/1329"}],"wp:attachment":[{"href":"https:\/\/skola.karlstad.se\/gronatraden\/wp-json\/wp\/v2\/media?parent=1315"}],"curies":[{"name":"wp","href":"https:\/\/api.w.org\/{rel}","templated":true}]}}