{"id":1401,"date":"2025-03-06T09:10:58","date_gmt":"2025-03-06T08:10:58","guid":{"rendered":"https:\/\/skola.karlstad.se\/gronatraden\/?page_id=1401"},"modified":"2025-03-28T11:41:04","modified_gmt":"2025-03-28T10:41:04","slug":"hjalp-oss-att-oka-den-biologiska-mangfalden-i-karlstad","status":"publish","type":"page","link":"https:\/\/skola.karlstad.se\/gronatraden\/hjalp-oss-att-oka-den-biologiska-mangfalden-i-karlstad\/","title":{"rendered":"Hj\u00e4lp oss att \u00f6ka den biologiska m\u00e5ngfalden i Karlstad"},"content":{"rendered":"\n<figure class=\"wp-block-image size-full\"><img loading=\"lazy\" decoding=\"async\" width=\"728\" height=\"450\" src=\"https:\/\/skola.karlstad.se\/gronatraden\/wp-content\/uploads\/sites\/1520\/2025\/03\/image.png\" alt=\"\" class=\"wp-image-1402\" srcset=\"https:\/\/skola.karlstad.se\/gronatraden\/wp-content\/uploads\/sites\/1520\/2025\/03\/image.png 728w, https:\/\/skola.karlstad.se\/gronatraden\/wp-content\/uploads\/sites\/1520\/2025\/03\/image-300x185.png 300w\" sizes=\"auto, (max-width: 728px) 100vw, 728px\" \/><\/figure>\n\n\n\n<p><strong>Spridningen av invasiva fr\u00e4mmande arter \u00e4r ett av de st\u00f6rsta hoten mot den biologiska m\u00e5ngfalden och utrotar v\u00e5ra inhemska arter. F\u00f6r att f\u00e5 stopp p\u00e5 spridningen m\u00e5ste vi alla hj\u00e4lpas \u00e5t. D\u00e4rf\u00f6r bjuder Karlstad kommun nu in f\u00f6rskolor och skolor till att bidra i detta viktiga arbete. Samtidigt som barn och elever f\u00e5r g\u00f6ra en konkret nytta i sin n\u00e4rmilj\u00f6 l\u00e4r de sig om ekosystem, vikten av m\u00e5ngfald och samarbete.<\/strong><\/p>\n\n\n\n<p><strong>Bli naturhj\u00e4ltar! \u2013 Var med och rensa bort de invasiva arterna hos er!<\/strong><\/p>\n\n\n\n<p>F\u00f6rsta steget \u00e4r att g\u00f6ra en\u00a0intresseanm\u00e4lan. Sj\u00e4lva genomf\u00f6randet beh\u00f6ver ske under vecka 22\u201323.<\/p>\n\n\n\n<p>De f\u00f6rskolor och skolor som blir utvalda blir kontaktade i god tid. D\u00e5 f\u00e5r du information om vilken plats i din n\u00e4rmilj\u00f6 som du ansvarar f\u00f6r, vilken art ni ska bek\u00e4mpa samt pedagogiskt material kring hur man ska g\u00f6ra och varf\u00f6r det \u00e4r viktigt. Vi best\u00e4mmer datum och informerar om upph\u00e4mtning av det som rensats bort.<\/p>\n\n\n\n<p>V\u00e5ra naturhj\u00e4ltar f\u00e5r handskar och plasts\u00e4ckar som ska anv\u00e4ndas under dagen samt fika och en liten g\u00e5va.<\/p>\n\n\n\n<div class=\"wp-block-columns is-layout-flex wp-container-core-columns-is-layout-9d6595d7 wp-block-columns-is-layout-flex\">\n<div class=\"wp-block-column is-layout-flow wp-block-column-is-layout-flow\" style=\"flex-basis:33.33%\">\n<figure class=\"wp-block-image size-large\"><img loading=\"lazy\" decoding=\"async\" width=\"768\" height=\"1024\" src=\"http:\/\/skola.karlstad.se\/gronatraden\/wp-content\/uploads\/sites\/1520\/2025\/03\/Sid-81-768x1024.jpg\" alt=\"\" class=\"wp-image-1403\" srcset=\"https:\/\/skola.karlstad.se\/gronatraden\/wp-content\/uploads\/sites\/1520\/2025\/03\/Sid-81-768x1024.jpg 768w, https:\/\/skola.karlstad.se\/gronatraden\/wp-content\/uploads\/sites\/1520\/2025\/03\/Sid-81-225x300.jpg 225w, https:\/\/skola.karlstad.se\/gronatraden\/wp-content\/uploads\/sites\/1520\/2025\/03\/Sid-81-1152x1536.jpg 1152w, https:\/\/skola.karlstad.se\/gronatraden\/wp-content\/uploads\/sites\/1520\/2025\/03\/Sid-81-1536x2048.jpg 1536w, https:\/\/skola.karlstad.se\/gronatraden\/wp-content\/uploads\/sites\/1520\/2025\/03\/Sid-81-scaled.jpg 1920w\" sizes=\"auto, (max-width: 767px) 89vw, (max-width: 1000px) 54vw, (max-width: 1071px) 543px, 580px\" \/><\/figure>\n<\/div>\n\n\n\n<div class=\"wp-block-column is-layout-flow wp-block-column-is-layout-flow\" style=\"flex-basis:66.66%\">\n<p>Aktiviteten \u00e4r fullbokad f\u00f6r vt 2025. <\/p>\n\n\n\n<p>H\u00f6r g\u00e4rna av dig om du har n\u00e5gra funderingar eller fr\u00e5gor!<br>Margareta Wallsten, samordnare invasiva arter,<br><a href=\"mailto:margareta.wallsten@karlstad.se\">margareta.wallsten@karlstad.se<\/a>&nbsp;&nbsp;<br>054- 540 00 03&nbsp;<br><br>eller<br><a href=\"mailto:gronatraden@karlstad.se\">gronatraden@karlstad.se<\/a><\/p>\n<\/div>\n<\/div>\n\n\n\n<p><\/p>\n\n\n\n<p><\/p>\n\n\n\n<p><\/p>\n","protected":false},"excerpt":{"rendered":"<p>Spridningen av invasiva fr\u00e4mmande arter \u00e4r ett av de st\u00f6rsta hoten mot den biologiska m\u00e5ngfalden och utrotar v\u00e5ra inhemska arter. F\u00f6r att f\u00e5 stopp p\u00e5 spridningen m\u00e5ste vi alla hj\u00e4lpas \u00e5t. D\u00e4rf\u00f6r bjuder Karlstad kommun nu in f\u00f6rskolor och skolor till att bidra i detta viktiga arbete. Samtidigt som barn och elever f\u00e5r g\u00f6ra en &hellip; <\/p>\n<p class=\"link-more\"><a href=\"https:\/\/skola.karlstad.se\/gronatraden\/hjalp-oss-att-oka-den-biologiska-mangfalden-i-karlstad\/\" class=\"more-link\">Forts\u00e4tt l\u00e4sa<span class=\"screen-reader-text\"> \u201dHj\u00e4lp oss att \u00f6ka den biologiska m\u00e5ngfalden i Karlstad\u201d<\/span><\/a><\/p>\n","protected":false},"author":42,"featured_media":0,"parent":0,"menu_order":0,"comment_status":"closed","ping_status":"closed","template":"","meta":{"footnotes":""},"class_list":["post-1401","page","type-page","status-publish","hentry"],"_links":{"self":[{"href":"https:\/\/skola.karlstad.se\/gronatraden\/wp-json\/wp\/v2\/pages\/1401","targetHints":{"allow":["GET"]}}],"collection":[{"href":"https:\/\/skola.karlstad.se\/gronatraden\/wp-json\/wp\/v2\/pages"}],"about":[{"href":"https:\/\/skola.karlstad.se\/gronatraden\/wp-json\/wp\/v2\/types\/page"}],"author":[{"embeddable":true,"href":"https:\/\/skola.karlstad.se\/gronatraden\/wp-json\/wp\/v2\/users\/42"}],"replies":[{"embeddable":true,"href":"https:\/\/skola.karlstad.se\/gronatraden\/wp-json\/wp\/v2\/comments?post=1401"}],"version-history":[{"count":3,"href":"https:\/\/skola.karlstad.se\/gronatraden\/wp-json\/wp\/v2\/pages\/1401\/revisions"}],"predecessor-version":[{"id":1596,"href":"https:\/\/skola.karlstad.se\/gronatraden\/wp-json\/wp\/v2\/pages\/1401\/revisions\/1596"}],"wp:attachment":[{"href":"https:\/\/skola.karlstad.se\/gronatraden\/wp-json\/wp\/v2\/media?parent=1401"}],"curies":[{"name":"wp","href":"https:\/\/api.w.org\/{rel}","templated":true}]}}