{"id":1424,"date":"2025-03-06T09:47:48","date_gmt":"2025-03-06T08:47:48","guid":{"rendered":"https:\/\/skola.karlstad.se\/gronatraden\/?page_id=1424"},"modified":"2025-03-06T09:50:21","modified_gmt":"2025-03-06T08:50:21","slug":"sopbil-pa-forskolan","status":"publish","type":"page","link":"https:\/\/skola.karlstad.se\/gronatraden\/sopbil-pa-forskolan\/","title":{"rendered":"Sopbil p\u00e5 f\u00f6rskolan"},"content":{"rendered":"\n<figure class=\"wp-block-image size-large\"><img loading=\"lazy\" decoding=\"async\" width=\"1024\" height=\"576\" src=\"https:\/\/skola.karlstad.se\/gronatraden\/wp-content\/uploads\/sites\/1520\/2025\/03\/Sopbil_Pa_Forskolan-1-1024x576.jpg\" alt=\"\" class=\"wp-image-1425\" srcset=\"https:\/\/skola.karlstad.se\/gronatraden\/wp-content\/uploads\/sites\/1520\/2025\/03\/Sopbil_Pa_Forskolan-1-1024x576.jpg 1024w, https:\/\/skola.karlstad.se\/gronatraden\/wp-content\/uploads\/sites\/1520\/2025\/03\/Sopbil_Pa_Forskolan-1-300x169.jpg 300w, https:\/\/skola.karlstad.se\/gronatraden\/wp-content\/uploads\/sites\/1520\/2025\/03\/Sopbil_Pa_Forskolan-1-768x432.jpg 768w, https:\/\/skola.karlstad.se\/gronatraden\/wp-content\/uploads\/sites\/1520\/2025\/03\/Sopbil_Pa_Forskolan-1-1536x864.jpg 1536w, https:\/\/skola.karlstad.se\/gronatraden\/wp-content\/uploads\/sites\/1520\/2025\/03\/Sopbil_Pa_Forskolan-1.jpg 1920w\" sizes=\"auto, (max-width: 767px) 89vw, (max-width: 1000px) 54vw, (max-width: 1071px) 543px, 580px\" \/><\/figure>\n\n\n\n<p>Pedagogisk \u00e5tervinningslek och provsitt en sopbil &#8211; anm\u00e4l ert intresse idag!<\/p>\n\n\n\n<p><strong>Vad erbjuder vi?<\/strong><br>Vi riktar oss till barn \u00f6ver tre \u00e5r i f\u00f6rskola f\u00f6r att l\u00e5ta dem uppleva en sopbil p\u00e5 n\u00e4ra h\u00e5ll. Tillsammans pratar vi om s\u00e4kerhet runt sopbilen, sophantering och leker en \u00e5tervinningslek. Beroende p\u00e5 antal barn tar bes\u00f6ket en &#8211; tv\u00e5 timmar. Konceptet lanserades f\u00f6rsta g\u00e5ngen 2022 inom Karlstads kommun och har blivit ett uppskattat inslag p\u00e5 kommunens f\u00f6rskolor.<\/p>\n\n\n\n<p><strong>N\u00e4r kan vi komma?<\/strong><br>Vecka 20, 12 &#8211; 15 maj, erbjuder vi ett bes\u00f6k klockan 9 och ett klockan 13 varje dag.<\/p>\n\n\n\n<p><strong>Anm\u00e4l ert intresse idag!<\/strong><br>Beroende p\u00e5 antal intresseanm\u00e4lningar kommer vi eventuellt inte kunna bes\u00f6ka alla som gjort intresseanm\u00e4lan. Vilka f\u00f6rskolor som f\u00e5r bes\u00f6k kommer d\u00e5 beslutas i samr\u00e5d med barn- och ungdomsf\u00f6rvaltningen.<br><br><a href=\"https:\/\/forms.office.com\/pages\/responsepage.aspx?id=-Ogf-sViikKANAOLyKbPZoYe3Uynm-dAhcuauYR64chUNEM2VzNCQkJFTjFOWjhEMjVNTFFQM1RXRC4u&amp;route=shorturl\" target=\"_blank\" rel=\"noreferrer noopener\">Anm\u00e4l ert intresse f\u00f6r ett sopbilsbes\u00f6k via denna l\u00e4nk senast 17 april.<\/a><\/p>\n\n\n\n<div class=\"wp-block-columns is-layout-flex wp-container-core-columns-is-layout-9d6595d7 wp-block-columns-is-layout-flex\">\n<div class=\"wp-block-column is-layout-flow wp-block-column-is-layout-flow\" style=\"flex-basis:66.66%\">\n<p><strong>Har du fr\u00e5gor?<\/strong><br>Kontakta Catrine Persdotter, h\u00e5llbarhetskommunikat\u00f6r,<br><a href=\"mailto:catrine.persdotter@karlstad.se\">catrine.persdotter@karlstad.se<\/a> <br>054-540 60 78<\/p>\n<\/div>\n\n\n\n<div class=\"wp-block-column is-layout-flow wp-block-column-is-layout-flow\" style=\"flex-basis:33.33%\">\n<figure class=\"wp-block-image size-full\"><img loading=\"lazy\" decoding=\"async\" width=\"800\" height=\"282\" src=\"http:\/\/skola.karlstad.se\/gronatraden\/wp-content\/uploads\/sites\/1520\/2025\/03\/karlstadsenergi_logo_rgb.png\" alt=\"\" class=\"wp-image-1417\" srcset=\"https:\/\/skola.karlstad.se\/gronatraden\/wp-content\/uploads\/sites\/1520\/2025\/03\/karlstadsenergi_logo_rgb.png 800w, https:\/\/skola.karlstad.se\/gronatraden\/wp-content\/uploads\/sites\/1520\/2025\/03\/karlstadsenergi_logo_rgb-300x106.png 300w, https:\/\/skola.karlstad.se\/gronatraden\/wp-content\/uploads\/sites\/1520\/2025\/03\/karlstadsenergi_logo_rgb-768x271.png 768w\" sizes=\"auto, (max-width: 767px) 89vw, (max-width: 1000px) 54vw, (max-width: 1071px) 543px, 580px\" \/><\/figure>\n<\/div>\n<\/div>\n\n\n\n<p><strong>Fortbildning<\/strong><br>Du som pedagog har ocks\u00e5 chans att vara med p\u00e5 studiebes\u00f6k och fortbildning vid Karlstads Energis huvudkontor och fj\u00e4rrv\u00e4rmeanl\u00e4ggning den 7 april (anm\u00e4lan senast 24\/3). <br><a href=\"https:\/\/skola.karlstad.se\/gronatraden\/2025\/03\/04\/tematraffar-fortbildning-for-pedagoger-och-larare\/\" target=\"_blank\" rel=\"noreferrer noopener\">L\u00e4s mer och anm\u00e4l er h\u00e4r<\/a><\/p>\n","protected":false},"excerpt":{"rendered":"<p>Pedagogisk \u00e5tervinningslek och provsitt en sopbil &#8211; anm\u00e4l ert intresse idag! Vad erbjuder vi?Vi riktar oss till barn \u00f6ver tre \u00e5r i f\u00f6rskola f\u00f6r att l\u00e5ta dem uppleva en sopbil p\u00e5 n\u00e4ra h\u00e5ll. Tillsammans pratar vi om s\u00e4kerhet runt sopbilen, sophantering och leker en \u00e5tervinningslek. Beroende p\u00e5 antal barn tar bes\u00f6ket en &#8211; tv\u00e5 timmar. &hellip; <\/p>\n<p class=\"link-more\"><a href=\"https:\/\/skola.karlstad.se\/gronatraden\/sopbil-pa-forskolan\/\" class=\"more-link\">Forts\u00e4tt l\u00e4sa<span class=\"screen-reader-text\"> \u201dSopbil p\u00e5 f\u00f6rskolan\u201d<\/span><\/a><\/p>\n","protected":false},"author":42,"featured_media":0,"parent":0,"menu_order":0,"comment_status":"closed","ping_status":"closed","template":"","meta":{"footnotes":""},"class_list":["post-1424","page","type-page","status-publish","hentry"],"_links":{"self":[{"href":"https:\/\/skola.karlstad.se\/gronatraden\/wp-json\/wp\/v2\/pages\/1424","targetHints":{"allow":["GET"]}}],"collection":[{"href":"https:\/\/skola.karlstad.se\/gronatraden\/wp-json\/wp\/v2\/pages"}],"about":[{"href":"https:\/\/skola.karlstad.se\/gronatraden\/wp-json\/wp\/v2\/types\/page"}],"author":[{"embeddable":true,"href":"https:\/\/skola.karlstad.se\/gronatraden\/wp-json\/wp\/v2\/users\/42"}],"replies":[{"embeddable":true,"href":"https:\/\/skola.karlstad.se\/gronatraden\/wp-json\/wp\/v2\/comments?post=1424"}],"version-history":[{"count":4,"href":"https:\/\/skola.karlstad.se\/gronatraden\/wp-json\/wp\/v2\/pages\/1424\/revisions"}],"predecessor-version":[{"id":1431,"href":"https:\/\/skola.karlstad.se\/gronatraden\/wp-json\/wp\/v2\/pages\/1424\/revisions\/1431"}],"wp:attachment":[{"href":"https:\/\/skola.karlstad.se\/gronatraden\/wp-json\/wp\/v2\/media?parent=1424"}],"curies":[{"name":"wp","href":"https:\/\/api.w.org\/{rel}","templated":true}]}}