{"id":1510,"date":"2025-03-26T11:06:17","date_gmt":"2025-03-26T10:06:17","guid":{"rendered":"https:\/\/skola.karlstad.se\/gronatraden\/?page_id=1510"},"modified":"2026-02-02T10:55:25","modified_gmt":"2026-02-02T09:55:25","slug":"natur-i-var-narmiljo","status":"publish","type":"page","link":"https:\/\/skola.karlstad.se\/gronatraden\/natur-i-var-narmiljo\/","title":{"rendered":"Natur i v\u00e5r n\u00e4rmilj\u00f6 &#8211; undervisningsmaterial f\u00f6r f\u00f6rskolan"},"content":{"rendered":"\n<figure class=\"wp-block-image size-large\"><a href=\"https:\/\/karlstadskommunonline-my.sharepoint.com\/:v:\/g\/personal\/insg00_karlstad_se\/IQCVqZAdJhaPQKayIEMVxJWMASDuHj-TZayNiuJmj5k0Qxg?e=SK27j1&amp;nav=eyJyZWZlcnJhbEluZm8iOnsicmVmZXJyYWxBcHAiOiJTdHJlYW1XZWJBcHAiLCJyZWZlcnJhbE1vZGUiOiJtaXMiLCJyZWZlcnJhbFZpZXciOiJwb3N0cm9sbC1jb3B5bGluayIsInJlZmVycmFsUGxheWJhY2tTZXNzaW9uSWQiOiJiNzk2MDUyMy1iNDIzLTRlYmMtYTZlNy1iNzJmYzQwZjAxZWEifX0%3D\" target=\"_blank\" rel=\" noreferrer noopener\"><img loading=\"lazy\" decoding=\"async\" width=\"1024\" height=\"588\" src=\"https:\/\/skola.karlstad.se\/gronatraden\/wp-content\/uploads\/sites\/1520\/2026\/02\/image-1-1024x588.png\" alt=\"\" class=\"wp-image-1981\" srcset=\"https:\/\/skola.karlstad.se\/gronatraden\/wp-content\/uploads\/sites\/1520\/2026\/02\/image-1-1024x588.png 1024w, https:\/\/skola.karlstad.se\/gronatraden\/wp-content\/uploads\/sites\/1520\/2026\/02\/image-1-300x172.png 300w, https:\/\/skola.karlstad.se\/gronatraden\/wp-content\/uploads\/sites\/1520\/2026\/02\/image-1-768x441.png 768w, https:\/\/skola.karlstad.se\/gronatraden\/wp-content\/uploads\/sites\/1520\/2026\/02\/image-1.png 1041w\" sizes=\"auto, (max-width: 767px) 89vw, (max-width: 1000px) 54vw, (max-width: 1071px) 543px, 580px\" \/><\/a><\/figure>\n\n\n\n<p><a href=\"https:\/\/karlstadskommunonline-my.sharepoint.com\/:v:\/g\/personal\/insg00_karlstad_se\/IQCVqZAdJhaPQKayIEMVxJWMASDuHj-TZayNiuJmj5k0Qxg?e=SK27j1&amp;nav=eyJyZWZlcnJhbEluZm8iOnsicmVmZXJyYWxBcHAiOiJTdHJlYW1XZWJBcHAiLCJyZWZlcnJhbE1vZGUiOiJtaXMiLCJyZWZlcnJhbFZpZXciOiJwb3N0cm9sbC1jb3B5bGluayIsInJlZmVycmFsUGxheWJhY2tTZXNzaW9uSWQiOiJiNzk2MDUyMy1iNDIzLTRlYmMtYTZlNy1iNzJmYzQwZjAxZWEifX0%3D\" target=\"_blank\" rel=\"noreferrer noopener\">Klicka p\u00e5 bilden f\u00f6r att se en film om Soll\u00e5dan f\u00f6r f\u00f6rskolan<\/a><\/p>\n\n\n\n<p>Gr\u00f6na tr\u00e5den har tagit fram en ny <em>Soll\u00e5da<\/em>, ett undervisningsmaterial, f\u00f6r att fr\u00e4mja l\u00e4rande f\u00f6r h\u00e5llbar utveckling och att inspirera barn, elever, l\u00e4rare och pedagoger att utforska och v\u00e4rna om v\u00e5r natur. &nbsp;Materialet \u00e4r tillg\u00e4ngligt kostnadsfritt f\u00f6r alla l\u00e4rare och pedagoger i Karlstads kommun.<\/p>\n\n\n\n<p>Soll\u00e5dan <em>Natur i v\u00e5r n\u00e4rmilj\u00f6<\/em> inneh\u00e5ller:<br>&#8211; <strong>L\u00e4rarhandledning <\/strong>och <strong>materiall\u00e5da <\/strong>fylld med inspirerande material. <br>&#8211;<strong> Olika avsnitt <\/strong>som &#8221;djur, v\u00e4xter och svampar&#8221;, &#8221;samband i naturen&#8221; och &#8221;m\u00e4nniskans p\u00e5verkan f\u00f6r en h\u00e5llbar utveckling&#8221; utformade utifr\u00e5n f\u00f6rskolans l\u00e4roplan. <br>&#8211; <strong>Praktiska aktiviteter <\/strong>som baseras p\u00e5 upplevelsebaserat l\u00e4rande och utomhuspedagogik.<br>&#8211; Det \u00e4r uppdelat p\u00e5 tre olika utbildningspaket som \u00e4r <strong>\u00e5ldersintegrerade <\/strong>f\u00f6r f\u00f6rskola, F-3 och 4 -6 inklusive anpassad grundskola.<\/p>\n\n\n\n<p>Under 2025 fanns m\u00f6jlighet att boka en utbildningsl\u00e5da samt att boka ett inspirationstillf\u00e4lle till f\u00f6rskolan.<\/p>\n\n\n\n<div class=\"wp-block-columns is-layout-flex wp-container-core-columns-is-layout-9d6595d7 wp-block-columns-is-layout-flex\">\n<div class=\"wp-block-column is-layout-flow wp-block-column-is-layout-flow\" style=\"flex-basis:66.66%\">\n<p><br><strong>Boka Soll\u00e5dan<em> Natur i v\u00e5r n\u00e4rmilj\u00f6<\/em>:<br><\/strong>Det finns m\u00f6jlighet att boka en materiall\u00e5da med tillh\u00f6rande l\u00e4rarhandledning till sin f\u00f6rskola. L\u00e5dan h\u00e4mtas upp p\u00e5 Laboratoriet, Kolvgatan 3. <\/p>\n<\/div>\n\n\n\n<div class=\"wp-block-column is-layout-flow wp-block-column-is-layout-flow\" style=\"flex-basis:33.33%\">\n<figure class=\"wp-block-image size-full\"><img loading=\"lazy\" decoding=\"async\" width=\"717\" height=\"564\" src=\"http:\/\/skola.karlstad.se\/gronatraden\/wp-content\/uploads\/sites\/1520\/2025\/03\/Lada2.jpg\" alt=\"\" class=\"wp-image-1476\" srcset=\"https:\/\/skola.karlstad.se\/gronatraden\/wp-content\/uploads\/sites\/1520\/2025\/03\/Lada2.jpg 717w, https:\/\/skola.karlstad.se\/gronatraden\/wp-content\/uploads\/sites\/1520\/2025\/03\/Lada2-300x236.jpg 300w\" sizes=\"auto, (max-width: 717px) 100vw, 717px\" \/><\/figure>\n<\/div>\n<\/div>\n\n\n\n<p><strong>Boka ett inspirationstillf\u00e4lle<br><\/strong>Vid inspirationstillf\u00e4llet kommer Nina Holm (naturskolepedagog) till f\u00f6rskolan p\u00e5 en f\u00f6rmiddag mellan kl 09:00 \u2013 11:00 och visar upp materialet p\u00e5 f\u00f6rskolans g\u00e5rd. Barnen, f\u00f6rskoll\u00e4rare och barnsk\u00f6tare f\u00e5r m\u00f6jlighet att testa materialet. <br><br>Under 2025 erbj\u00f6ds 30 tillf\u00e4llen som f\u00f6rdelades s\u00e5 r\u00e4ttvist som m\u00f6jligt mellan f\u00f6rskolorna. Efter inspirationstillf\u00e4llet fanns m\u00f6jlighet att f\u00e5 en Soll\u00e5da &#8221;Natur i v\u00e5r n\u00e4rmilj\u00f6&#8221;. I dagsl\u00e4get finns totalt 30 Soll\u00e5dor vilket inneb\u00e4r att varje rektor kan f\u00e5 en l\u00e5da.<\/p>\n\n\n\n<p>Om ni har andra \u00f6nskem\u00e5l eller f\u00f6rfr\u00e5gningar kopplat till materialet eller inspirationstillf\u00e4llet \u00e4r ni varmt v\u00e4lkomna att h\u00f6ra av er till oss, <a href=\"mailto:gronatraden@karlstad.se\">gronatraden@karlstad.se<\/a>!<\/p>\n\n\n\n<div class=\"wp-block-columns is-layout-flex wp-container-core-columns-is-layout-9d6595d7 wp-block-columns-is-layout-flex\">\n<div class=\"wp-block-column is-layout-flow wp-block-column-is-layout-flow\">\n<figure class=\"wp-block-image size-full\"><a href=\"https:\/\/karlstadskommunonline.sharepoint.com\/:b:\/s\/Laboratoriet168\/EbDpLuDT9XtAjJLI9azLrUIBNeyYVc1SjdK79Z6JGgRQcg?e=qBVzhj\" target=\"_blank\" rel=\"noreferrer noopener\"><img loading=\"lazy\" decoding=\"async\" width=\"678\" height=\"958\" src=\"http:\/\/skola.karlstad.se\/gronatraden\/wp-content\/uploads\/sites\/1520\/2025\/03\/Lararhandledning-forskolan-Natur-i-var-narmiljo.jpg\" alt=\"\" class=\"wp-image-1515\" srcset=\"https:\/\/skola.karlstad.se\/gronatraden\/wp-content\/uploads\/sites\/1520\/2025\/03\/Lararhandledning-forskolan-Natur-i-var-narmiljo.jpg 678w, https:\/\/skola.karlstad.se\/gronatraden\/wp-content\/uploads\/sites\/1520\/2025\/03\/Lararhandledning-forskolan-Natur-i-var-narmiljo-212x300.jpg 212w\" sizes=\"auto, (max-width: 678px) 100vw, 678px\" \/><\/a><\/figure>\n\n\n\n<p><a href=\"https:\/\/karlstadskommunonline.sharepoint.com\/:b:\/s\/Laboratoriet168\/EbDpLuDT9XtAjJLI9azLrUIBNeyYVc1SjdK79Z6JGgRQcg?e=qBVzhj\" target=\"_blank\" rel=\"noreferrer noopener\"><strong>L\u00e4rarhandledning f\u00f6r f\u00f6rskola  <\/strong><br><\/a><em>OBS: materialet \u00e4r endast till f\u00f6r undervisning inom Karlstads kommun. <\/em><\/p>\n<\/div>\n\n\n\n<div class=\"wp-block-column is-layout-flow wp-block-column-is-layout-flow\">\n<figure class=\"wp-block-image size-full\"><img loading=\"lazy\" decoding=\"async\" width=\"600\" height=\"498\" src=\"http:\/\/skola.karlstad.se\/gronatraden\/wp-content\/uploads\/sites\/1520\/2025\/03\/ljungbergsfondenlogotype2016.png\" alt=\"\" class=\"wp-image-1567\" srcset=\"https:\/\/skola.karlstad.se\/gronatraden\/wp-content\/uploads\/sites\/1520\/2025\/03\/ljungbergsfondenlogotype2016.png 600w, https:\/\/skola.karlstad.se\/gronatraden\/wp-content\/uploads\/sites\/1520\/2025\/03\/ljungbergsfondenlogotype2016-300x249.png 300w\" sizes=\"auto, (max-width: 600px) 100vw, 600px\" \/><\/figure>\n\n\n\n<p><em>Projektet har m\u00f6jliggjorts genom en investering av Ljungbergsfonden<\/em><\/p>\n<\/div>\n\n\n\n<div class=\"wp-block-column is-layout-flow wp-block-column-is-layout-flow\">\n<p><\/p>\n<\/div>\n<\/div>\n","protected":false},"excerpt":{"rendered":"<p>Klicka p\u00e5 bilden f\u00f6r att se en film om Soll\u00e5dan f\u00f6r f\u00f6rskolan Gr\u00f6na tr\u00e5den har tagit fram en ny Soll\u00e5da, ett undervisningsmaterial, f\u00f6r att fr\u00e4mja l\u00e4rande f\u00f6r h\u00e5llbar utveckling och att inspirera barn, elever, l\u00e4rare och pedagoger att utforska och v\u00e4rna om v\u00e5r natur. &nbsp;Materialet \u00e4r tillg\u00e4ngligt kostnadsfritt f\u00f6r alla l\u00e4rare och pedagoger i Karlstads &hellip; <\/p>\n<p class=\"link-more\"><a href=\"https:\/\/skola.karlstad.se\/gronatraden\/natur-i-var-narmiljo\/\" class=\"more-link\">Forts\u00e4tt l\u00e4sa<span class=\"screen-reader-text\"> \u201dNatur i v\u00e5r n\u00e4rmilj\u00f6 &#8211; undervisningsmaterial f\u00f6r f\u00f6rskolan\u201d<\/span><\/a><\/p>\n","protected":false},"author":3593,"featured_media":0,"parent":0,"menu_order":0,"comment_status":"closed","ping_status":"closed","template":"","meta":{"footnotes":""},"class_list":["post-1510","page","type-page","status-publish","hentry"],"_links":{"self":[{"href":"https:\/\/skola.karlstad.se\/gronatraden\/wp-json\/wp\/v2\/pages\/1510","targetHints":{"allow":["GET"]}}],"collection":[{"href":"https:\/\/skola.karlstad.se\/gronatraden\/wp-json\/wp\/v2\/pages"}],"about":[{"href":"https:\/\/skola.karlstad.se\/gronatraden\/wp-json\/wp\/v2\/types\/page"}],"author":[{"embeddable":true,"href":"https:\/\/skola.karlstad.se\/gronatraden\/wp-json\/wp\/v2\/users\/3593"}],"replies":[{"embeddable":true,"href":"https:\/\/skola.karlstad.se\/gronatraden\/wp-json\/wp\/v2\/comments?post=1510"}],"version-history":[{"count":34,"href":"https:\/\/skola.karlstad.se\/gronatraden\/wp-json\/wp\/v2\/pages\/1510\/revisions"}],"predecessor-version":[{"id":1984,"href":"https:\/\/skola.karlstad.se\/gronatraden\/wp-json\/wp\/v2\/pages\/1510\/revisions\/1984"}],"wp:attachment":[{"href":"https:\/\/skola.karlstad.se\/gronatraden\/wp-json\/wp\/v2\/media?parent=1510"}],"curies":[{"name":"wp","href":"https:\/\/api.w.org\/{rel}","templated":true}]}}