{"id":1522,"date":"2025-03-26T11:28:49","date_gmt":"2025-03-26T10:28:49","guid":{"rendered":"https:\/\/skola.karlstad.se\/gronatraden\/?page_id=1522"},"modified":"2026-02-06T09:14:34","modified_gmt":"2026-02-06T08:14:34","slug":"natur-i-var-narmiljo-skola","status":"publish","type":"page","link":"https:\/\/skola.karlstad.se\/gronatraden\/natur-i-var-narmiljo-skola\/","title":{"rendered":"Natur i v\u00e5r n\u00e4rmilj\u00f6 \u2013 undervisningsmaterial f\u00f6r F &#8211; 6 &amp; anpassad grundskola"},"content":{"rendered":"\n<figure class=\"wp-block-image size-large\"><a href=\"https:\/\/karlstadskommunonline.sharepoint.com\/:v:\/s\/Laboratoriet168\/IQAwfDWpywokRKeq-3qY2gzSAVGQb5v__4k5DV_zQC3gh2I?e=jd3fEn&amp;nav=eyJyZWZlcnJhbEluZm8iOnsicmVmZXJyYWxBcHAiOiJTdHJlYW1XZWJBcHAiLCJyZWZlcnJhbFZpZXciOiJTaGFyZURpYWxvZy1MaW5rIiwicmVmZXJyYWxBcHBQbGF0Zm9ybSI6IldlYiIsInJlZmVycmFsTW9kZSI6InZpZXcifX0%3D\" target=\"_blank\" rel=\" noreferrer noopener\"><img loading=\"lazy\" decoding=\"async\" width=\"1024\" height=\"573\" src=\"https:\/\/skola.karlstad.se\/gronatraden\/wp-content\/uploads\/sites\/1520\/2026\/02\/image-2-1024x573.png\" alt=\"\" class=\"wp-image-1986\" srcset=\"https:\/\/skola.karlstad.se\/gronatraden\/wp-content\/uploads\/sites\/1520\/2026\/02\/image-2-1024x573.png 1024w, https:\/\/skola.karlstad.se\/gronatraden\/wp-content\/uploads\/sites\/1520\/2026\/02\/image-2-300x168.png 300w, https:\/\/skola.karlstad.se\/gronatraden\/wp-content\/uploads\/sites\/1520\/2026\/02\/image-2-768x430.png 768w, https:\/\/skola.karlstad.se\/gronatraden\/wp-content\/uploads\/sites\/1520\/2026\/02\/image-2.png 1034w\" sizes=\"auto, (max-width: 767px) 89vw, (max-width: 1000px) 54vw, (max-width: 1071px) 543px, 580px\" \/><\/a><\/figure>\n\n\n\n<p><a href=\"https:\/\/karlstadskommunonline.sharepoint.com\/:v:\/s\/Laboratoriet168\/IQAwfDWpywokRKeq-3qY2gzSAVGQb5v__4k5DV_zQC3gh2I?e=jd3fEn&amp;nav=eyJyZWZlcnJhbEluZm8iOnsicmVmZXJyYWxBcHAiOiJTdHJlYW1XZWJBcHAiLCJyZWZlcnJhbFZpZXciOiJTaGFyZURpYWxvZy1MaW5rIiwicmVmZXJyYWxBcHBQbGF0Zm9ybSI6IldlYiIsInJlZmVycmFsTW9kZSI6InZpZXcifX0%3D\" target=\"_blank\" rel=\"noreferrer noopener\">Klicka p\u00e5 bilden f\u00f6r att se en film om Soll\u00e5dan f\u00f6r \u00e5k F-6 samt anpassad grundskola<\/a><\/p>\n\n\n\n<p>Gr\u00f6na tr\u00e5den har tagit fram en ny <em>Soll\u00e5da<\/em>, ett undervisningsmaterial, f\u00f6r att fr\u00e4mja l\u00e4rande f\u00f6r h\u00e5llbar utveckling och att inspirera barn, elever, l\u00e4rare och pedagoger att utforska och v\u00e4rna om v\u00e5r natur. &nbsp;Materialet \u00e4r tillg\u00e4ngligt kostnadsfritt f\u00f6r alla l\u00e4rare och pedagoger i Karlstads kommun.<\/p>\n\n\n\n<p>Soll\u00e5dan <em>Natur i v\u00e5r n\u00e4rmilj\u00f6<\/em> inneh\u00e5ller:<br>&#8211; <strong>L\u00e4rarhandledning <\/strong>och <strong>materiall\u00e5da <\/strong>fylld med inspirerande material. <br>&#8211;<strong> Olika avsnitt <\/strong>som &#8221;djur, v\u00e4xter och svampar&#8221;, &#8221;samband i naturen&#8221; och &#8221;m\u00e4nniskans p\u00e5verkan f\u00f6r en h\u00e5llbar utveckling&#8221; utformade utifr\u00e5n skolans l\u00e4roplan. <br>&#8211; <strong>Praktiska aktiviteter <\/strong>som baseras p\u00e5 upplevelsebaserat l\u00e4rande och utomhuspedagogik.<br>&#8211; Det \u00e4r uppdelat p\u00e5 tre olika utbildningspaket som \u00e4r <strong>\u00e5ldersintegrerade <\/strong>f\u00f6r f\u00f6rskola, F-3 och 4 -6 inklusive anpassad grundskola.<\/p>\n\n\n\n<div class=\"wp-block-columns is-layout-flex wp-container-core-columns-is-layout-9d6595d7 wp-block-columns-is-layout-flex\">\n<div class=\"wp-block-column is-layout-flow wp-block-column-is-layout-flow\">\n<figure class=\"wp-block-image size-full\"><a href=\"https:\/\/karlstadskommunonline.sharepoint.com\/:b:\/s\/Laboratoriet168\/EWdIWngMCMBLid1ZPxYCJ84B_vQECWOfkhkMqatkXHxleQ?e=sroTEp\" target=\"_blank\" rel=\"noreferrer noopener\"><img loading=\"lazy\" decoding=\"async\" width=\"675\" height=\"956\" src=\"http:\/\/skola.karlstad.se\/gronatraden\/wp-content\/uploads\/sites\/1520\/2025\/03\/lararhandledning-F-3-Natur-i-var-narmiljo.jpg\" alt=\"\" class=\"wp-image-1554\" srcset=\"https:\/\/skola.karlstad.se\/gronatraden\/wp-content\/uploads\/sites\/1520\/2025\/03\/lararhandledning-F-3-Natur-i-var-narmiljo.jpg 675w, https:\/\/skola.karlstad.se\/gronatraden\/wp-content\/uploads\/sites\/1520\/2025\/03\/lararhandledning-F-3-Natur-i-var-narmiljo-212x300.jpg 212w\" sizes=\"auto, (max-width: 675px) 100vw, 675px\" \/><\/a><\/figure>\n\n\n\n<p><a href=\"https:\/\/karlstadskommunonline.sharepoint.com\/:b:\/s\/Laboratoriet168\/EWdIWngMCMBLid1ZPxYCJ84B_vQECWOfkhkMqatkXHxleQ?e=sroTEp\" target=\"_blank\" rel=\"noreferrer noopener\"><strong>L\u00e4rarhandledning f\u00f6r <\/strong><br><strong>F &#8211; 3 &amp; AG  <\/strong><\/a><br><br><a href=\"https:\/\/karlstadskommunonline.sharepoint.com\/:f:\/s\/Laboratoriet168\/IgCiV6Qq4FWnTrRpAwuISjOAAQwA3sOEU50UO9zgG80bYxk?e=gkVNHN\" target=\"_blank\" rel=\"noreferrer noopener\">Material att skriva ut \u00e5k F-3<\/a><\/p>\n<\/div>\n\n\n\n<div class=\"wp-block-column is-layout-flow wp-block-column-is-layout-flow\">\n<figure class=\"wp-block-image size-full\"><a href=\"https:\/\/karlstadskommunonline.sharepoint.com\/:b:\/s\/Laboratoriet168\/EdyUasZVbihJm1kP7HRuLDgBdItWtEVucua4DBItDPnqmw?e=ZgxrNY\" target=\"_blank\" rel=\"noreferrer noopener\"><img loading=\"lazy\" decoding=\"async\" width=\"677\" height=\"956\" src=\"http:\/\/skola.karlstad.se\/gronatraden\/wp-content\/uploads\/sites\/1520\/2025\/03\/lararhandledning-4-6-Natur-i-var-narmiljo-2.jpg\" alt=\"\" class=\"wp-image-1533\" srcset=\"https:\/\/skola.karlstad.se\/gronatraden\/wp-content\/uploads\/sites\/1520\/2025\/03\/lararhandledning-4-6-Natur-i-var-narmiljo-2.jpg 677w, https:\/\/skola.karlstad.se\/gronatraden\/wp-content\/uploads\/sites\/1520\/2025\/03\/lararhandledning-4-6-Natur-i-var-narmiljo-2-212x300.jpg 212w\" sizes=\"auto, (max-width: 677px) 100vw, 677px\" \/><\/a><\/figure>\n\n\n\n<p><a href=\"https:\/\/karlstadskommunonline.sharepoint.com\/:b:\/s\/Laboratoriet168\/EdyUasZVbihJm1kP7HRuLDgBdItWtEVucua4DBItDPnqmw?e=ZgxrNY\" target=\"_blank\" rel=\"noreferrer noopener\"><strong>L\u00e4rarhandledning f\u00f6r <\/strong><br><strong>4 &#8211; 6 &amp; AG<\/strong><\/a><br><br><a href=\"https:\/\/karlstadskommunonline.sharepoint.com\/:f:\/s\/Laboratoriet168\/IgAGUVV-gxSAR4vpfcfcaN44AYau9opXKZhsA59FiOkx9q8?e=p0JY8b\" target=\"_blank\" rel=\"noreferrer noopener\">Material att skriva ut \u00e5k 4-6<\/a><\/p>\n<\/div>\n\n\n\n<div class=\"wp-block-column is-layout-flow wp-block-column-is-layout-flow\">\n<figure class=\"wp-block-image size-full\"><a href=\"https:\/\/ljungbergsfonden.se\/\" target=\"_blank\" rel=\" noreferrer noopener\"><img loading=\"lazy\" decoding=\"async\" width=\"600\" height=\"498\" src=\"https:\/\/skola.karlstad.se\/gronatraden\/wp-content\/uploads\/sites\/1520\/2025\/03\/ljungbergsfondenlogotype2016.png\" alt=\"\" class=\"wp-image-1567\" srcset=\"https:\/\/skola.karlstad.se\/gronatraden\/wp-content\/uploads\/sites\/1520\/2025\/03\/ljungbergsfondenlogotype2016.png 600w, https:\/\/skola.karlstad.se\/gronatraden\/wp-content\/uploads\/sites\/1520\/2025\/03\/ljungbergsfondenlogotype2016-300x249.png 300w\" sizes=\"auto, (max-width: 600px) 100vw, 600px\" \/><\/a><\/figure>\n\n\n\n<p><em>Projektet har m\u00f6jliggjorts genom en investering av <a href=\"https:\/\/ljungbergsfonden.se\/\" target=\"_blank\" rel=\"noreferrer noopener\">Ljungbergsfonden<\/a><\/em><\/p>\n<\/div>\n<\/div>\n\n\n\n<p><em>OBS: Materialet \u00e4r endast till f\u00f6r undervisning inom Karlstads kommun. <\/em><\/p>\n\n\n\n<p><br><strong>Boka ett skr\u00e4ddarsytt inspirationstillf\u00e4lle <br><\/strong>Vid \u00f6nskem\u00e5l kan naturskolepedagog Catarina L\u00f6\u00f6f bes\u00f6ka skolan och introducera materialet f\u00f6r personalen. Vi erbjuder kortare presentationer p\u00e5 APT samt utomhusutbildningar som anpassas efter era \u00f6nskem\u00e5l och behov. Bokning sker av skolans rektor och uppl\u00e4gg diskuteras i samr\u00e5d. Vid intresse, skriv till <a href=\"mailto:gronatraden@karlstad.se\">gronatraden@karlstad.se<\/a>.<\/p>\n\n\n\n<div class=\"wp-block-columns is-layout-flex wp-container-core-columns-is-layout-9d6595d7 wp-block-columns-is-layout-flex\">\n<div class=\"wp-block-column is-layout-flow wp-block-column-is-layout-flow\" style=\"flex-basis:66.66%\">\n<p><br><strong>Boka Soll\u00e5dan &#8221;Natur i v\u00e5r n\u00e4rmilj\u00f6&#8221;:<br><\/strong>Det finns m\u00f6jlighet att boka en materiall\u00e5da med tillh\u00f6rande l\u00e4rarhandledning till sin skola. L\u00e5dan h\u00e4mtas upp p\u00e5 Laboratoriet (Kolvgatan 3). <br>Boka via: <a href=\"mailto:gronatraden@karlstad.se\">gronatraden@karlstad.se<\/a><\/p>\n<\/div>\n\n\n\n<div class=\"wp-block-column is-layout-flow wp-block-column-is-layout-flow\" style=\"flex-basis:33.33%\">\n<figure class=\"wp-block-image size-full\"><img loading=\"lazy\" decoding=\"async\" width=\"717\" height=\"564\" src=\"http:\/\/skola.karlstad.se\/gronatraden\/wp-content\/uploads\/sites\/1520\/2025\/03\/Lada2.jpg\" alt=\"\" class=\"wp-image-1476\" srcset=\"https:\/\/skola.karlstad.se\/gronatraden\/wp-content\/uploads\/sites\/1520\/2025\/03\/Lada2.jpg 717w, https:\/\/skola.karlstad.se\/gronatraden\/wp-content\/uploads\/sites\/1520\/2025\/03\/Lada2-300x236.jpg 300w\" sizes=\"auto, (max-width: 717px) 100vw, 717px\" \/><\/figure>\n<\/div>\n<\/div>\n\n\n\n<p><br>Om ni har andra \u00f6nskem\u00e5l eller f\u00f6rfr\u00e5gningar kopplat till materialet \u00e4r ni varmt v\u00e4lkomna att h\u00f6ra av er till oss!<\/p>\n","protected":false},"excerpt":{"rendered":"<p>Klicka p\u00e5 bilden f\u00f6r att se en film om Soll\u00e5dan f\u00f6r \u00e5k F-6 samt anpassad grundskola Gr\u00f6na tr\u00e5den har tagit fram en ny Soll\u00e5da, ett undervisningsmaterial, f\u00f6r att fr\u00e4mja l\u00e4rande f\u00f6r h\u00e5llbar utveckling och att inspirera barn, elever, l\u00e4rare och pedagoger att utforska och v\u00e4rna om v\u00e5r natur. &nbsp;Materialet \u00e4r tillg\u00e4ngligt kostnadsfritt f\u00f6r alla l\u00e4rare &hellip; <\/p>\n<p class=\"link-more\"><a href=\"https:\/\/skola.karlstad.se\/gronatraden\/natur-i-var-narmiljo-skola\/\" class=\"more-link\">Forts\u00e4tt l\u00e4sa<span class=\"screen-reader-text\"> \u201dNatur i v\u00e5r n\u00e4rmilj\u00f6 \u2013 undervisningsmaterial f\u00f6r F &#8211; 6 &amp; anpassad grundskola\u201d<\/span><\/a><\/p>\n","protected":false},"author":3593,"featured_media":0,"parent":0,"menu_order":0,"comment_status":"closed","ping_status":"closed","template":"","meta":{"footnotes":""},"class_list":["post-1522","page","type-page","status-publish","hentry"],"_links":{"self":[{"href":"https:\/\/skola.karlstad.se\/gronatraden\/wp-json\/wp\/v2\/pages\/1522","targetHints":{"allow":["GET"]}}],"collection":[{"href":"https:\/\/skola.karlstad.se\/gronatraden\/wp-json\/wp\/v2\/pages"}],"about":[{"href":"https:\/\/skola.karlstad.se\/gronatraden\/wp-json\/wp\/v2\/types\/page"}],"author":[{"embeddable":true,"href":"https:\/\/skola.karlstad.se\/gronatraden\/wp-json\/wp\/v2\/users\/3593"}],"replies":[{"embeddable":true,"href":"https:\/\/skola.karlstad.se\/gronatraden\/wp-json\/wp\/v2\/comments?post=1522"}],"version-history":[{"count":47,"href":"https:\/\/skola.karlstad.se\/gronatraden\/wp-json\/wp\/v2\/pages\/1522\/revisions"}],"predecessor-version":[{"id":1989,"href":"https:\/\/skola.karlstad.se\/gronatraden\/wp-json\/wp\/v2\/pages\/1522\/revisions\/1989"}],"wp:attachment":[{"href":"https:\/\/skola.karlstad.se\/gronatraden\/wp-json\/wp\/v2\/media?parent=1522"}],"curies":[{"name":"wp","href":"https:\/\/api.w.org\/{rel}","templated":true}]}}