{"id":1608,"date":"2025-03-31T15:56:59","date_gmt":"2025-03-31T13:56:59","guid":{"rendered":"https:\/\/skola.karlstad.se\/gronatraden\/?page_id=1608"},"modified":"2025-04-30T07:35:11","modified_gmt":"2025-04-30T05:35:11","slug":"skolverkets-utbildning-inom-larande-for-hallbar-utveckling","status":"publish","type":"page","link":"https:\/\/skola.karlstad.se\/gronatraden\/skolverkets-utbildning-inom-larande-for-hallbar-utveckling\/","title":{"rendered":"Skolverkets utbildning inom l\u00e4rande f\u00f6r h\u00e5llbar utveckling"},"content":{"rendered":"\n<figure class=\"wp-block-image size-full\"><img loading=\"lazy\" decoding=\"async\" width=\"749\" height=\"499\" src=\"https:\/\/skola.karlstad.se\/gronatraden\/wp-content\/uploads\/sites\/1520\/2025\/03\/image-1.png\" alt=\"\" class=\"wp-image-1609\" srcset=\"https:\/\/skola.karlstad.se\/gronatraden\/wp-content\/uploads\/sites\/1520\/2025\/03\/image-1.png 749w, https:\/\/skola.karlstad.se\/gronatraden\/wp-content\/uploads\/sites\/1520\/2025\/03\/image-1-300x200.png 300w\" sizes=\"auto, (max-width: 706px) 89vw, (max-width: 767px) 82vw, 740px\" \/><\/figure>\n\n\n\n<p><strong>Inneh\u00e5ll och m\u00e5lgrupp<\/strong><br>Delta i Skolverkets ett\u00e5riga utbildning och f\u00e5 inspiration, kunskap och praktiska verktyg f\u00f6r att integrera h\u00e5llbar utveckling i undervisningen och verksamheten. Genom digitala tr\u00e4ffar en g\u00e5ng i m\u00e5naden f\u00e5r du m\u00f6jlighet att utveckla ditt systematiska arbete, utbyta erfarenheter med andra och skapa en mer h\u00e5llbar skola och f\u00f6rskola.<\/p>\n\n\n\n<p>Utbildningen v\u00e4nder sig till dig som \u00e4r l\u00e4rare, f\u00f6rskoll\u00e4rare eller skolledare och har i uppdrag att utveckla ert arbete med l\u00e4rande f\u00f6r h\u00e5llbar utveckling i undervisningen och i verksamheten. Skolverket ser g\u00e4rna att en l\u00e4rare eller f\u00f6rskoll\u00e4rare deltar tillsammans med sin skolledare.<\/p>\n\n\n\n<p><strong>Erfarenheter fr\u00e5n Stodeneskolan<\/strong><br>Under l\u00e4s\u00e5ret 2024-2025 deltar Stodeneskolan i utbildningen. Rektor Suzanna Rathje Hedberg och l\u00e4raren Anette Bod\u00e9n tycker att utbildningen har satt ig\u00e5ng m\u00e5nga tankeprocesser och gett dem m\u00e5nga id\u00e9er och uppslag inom omr\u00e5det. <\/p>\n\n\n\n<p><em>&#8221;Genom utbildningen har vi \u00e4ven f\u00e5tt m\u00f6jlighet att kartl\u00e4gga b\u00e5de personalens och elevernas erfarenheter och kunskapsniv\u00e5er och p\u00e5 s\u00e5 s\u00e4tt f\u00e5tt en tydligare bild \u00f6ver hur v\u00e5ra f\u00f6ruts\u00e4ttningar ser ut&#8221;<\/em>, skriver Suzanna. <\/p>\n\n\n\n<p>Anette kompletterar: <em>&#8221;Borde ligga som prioriterat i &nbsp;Karlstad d\u00e5 det \u00e4r b\u00e5de viktigt och roligt att arbeta med, samt l\u00e4tt att baka in i ett temaarbete d\u00e4r de flesta \u00e4mnen kan ing\u00e5 p\u00e5 ett eller annat s\u00e4tt. L\u00e4roplanens f\u00f6rsta delar som kan vara s\u00e5 sv\u00e5rt f\u00f6r m\u00e5nga att koppla l\u00e4randet till kommer naturligt i ett s\u00e5dant h\u00e4r tema.&#8221;<\/em> Kontakta <a href=\"mailto:suzanna.rathje.hedberg@karlstad.se\">Suzanna<\/a> eller <a href=\"mailto:anette.boden@karlstad.se\">Anette<\/a> om ni vill veta mer om Stodeneskolans tankar och erfarenheter.<\/p>\n\n\n\n<p><strong>Anm\u00e4lan<\/strong><br><a href=\"https:\/\/www.skolverket.se\/skolutveckling\/kurser-och-utbildningar\/utbildning-inom-larande-for-hallbar-utveckling\" target=\"_blank\" rel=\"noreferrer noopener\">L\u00e4s mer p\u00e5 Skolverkets webbplats och anm\u00e4l er senast den 21 maj (f\u00f6rl\u00e4ngd anm\u00e4lningstid) f\u00f6r l\u00e4s\u00e5ret 2025-2026.<\/a><\/p>\n\n\n\n<p><\/p>\n","protected":false},"excerpt":{"rendered":"<p>Inneh\u00e5ll och m\u00e5lgruppDelta i Skolverkets ett\u00e5riga utbildning och f\u00e5 inspiration, kunskap och praktiska verktyg f\u00f6r att integrera h\u00e5llbar utveckling i undervisningen och verksamheten. Genom digitala tr\u00e4ffar en g\u00e5ng i m\u00e5naden f\u00e5r du m\u00f6jlighet att utveckla ditt systematiska arbete, utbyta erfarenheter med andra och skapa en mer h\u00e5llbar skola och f\u00f6rskola. Utbildningen v\u00e4nder sig till dig &hellip; <\/p>\n<p class=\"link-more\"><a href=\"https:\/\/skola.karlstad.se\/gronatraden\/skolverkets-utbildning-inom-larande-for-hallbar-utveckling\/\" class=\"more-link\">Forts\u00e4tt l\u00e4sa<span class=\"screen-reader-text\"> \u201dSkolverkets utbildning inom l\u00e4rande f\u00f6r h\u00e5llbar utveckling\u201d<\/span><\/a><\/p>\n","protected":false},"author":42,"featured_media":0,"parent":0,"menu_order":0,"comment_status":"closed","ping_status":"closed","template":"","meta":{"footnotes":""},"class_list":["post-1608","page","type-page","status-publish","hentry"],"_links":{"self":[{"href":"https:\/\/skola.karlstad.se\/gronatraden\/wp-json\/wp\/v2\/pages\/1608","targetHints":{"allow":["GET"]}}],"collection":[{"href":"https:\/\/skola.karlstad.se\/gronatraden\/wp-json\/wp\/v2\/pages"}],"about":[{"href":"https:\/\/skola.karlstad.se\/gronatraden\/wp-json\/wp\/v2\/types\/page"}],"author":[{"embeddable":true,"href":"https:\/\/skola.karlstad.se\/gronatraden\/wp-json\/wp\/v2\/users\/42"}],"replies":[{"embeddable":true,"href":"https:\/\/skola.karlstad.se\/gronatraden\/wp-json\/wp\/v2\/comments?post=1608"}],"version-history":[{"count":9,"href":"https:\/\/skola.karlstad.se\/gronatraden\/wp-json\/wp\/v2\/pages\/1608\/revisions"}],"predecessor-version":[{"id":1655,"href":"https:\/\/skola.karlstad.se\/gronatraden\/wp-json\/wp\/v2\/pages\/1608\/revisions\/1655"}],"wp:attachment":[{"href":"https:\/\/skola.karlstad.se\/gronatraden\/wp-json\/wp\/v2\/media?parent=1608"}],"curies":[{"name":"wp","href":"https:\/\/api.w.org\/{rel}","templated":true}]}}