{"id":165,"date":"2024-04-24T09:02:54","date_gmt":"2024-04-24T07:02:54","guid":{"rendered":"https:\/\/skola.karlstad.se\/gronatraden\/?page_id=165"},"modified":"2024-04-25T14:52:59","modified_gmt":"2024-04-25T12:52:59","slug":"matsvinn","status":"publish","type":"page","link":"https:\/\/skola.karlstad.se\/gronatraden\/matsvinn\/","title":{"rendered":"Matsvinn"},"content":{"rendered":"\n<figure class=\"wp-block-image size-full\"><img loading=\"lazy\" decoding=\"async\" width=\"1278\" height=\"405\" src=\"https:\/\/skola.karlstad.se\/gronatraden\/wp-content\/uploads\/sites\/1520\/2024\/04\/Matsvinn-globala-mal.jpg\" alt=\"\" class=\"wp-image-363\" srcset=\"https:\/\/skola.karlstad.se\/gronatraden\/wp-content\/uploads\/sites\/1520\/2024\/04\/Matsvinn-globala-mal.jpg 1278w, https:\/\/skola.karlstad.se\/gronatraden\/wp-content\/uploads\/sites\/1520\/2024\/04\/Matsvinn-globala-mal-300x95.jpg 300w, https:\/\/skola.karlstad.se\/gronatraden\/wp-content\/uploads\/sites\/1520\/2024\/04\/Matsvinn-globala-mal-1024x325.jpg 1024w, https:\/\/skola.karlstad.se\/gronatraden\/wp-content\/uploads\/sites\/1520\/2024\/04\/Matsvinn-globala-mal-768x243.jpg 768w\" sizes=\"auto, (max-width: 767px) 89vw, (max-width: 1000px) 54vw, (max-width: 1071px) 543px, 580px\" \/><\/figure>\n\n\n\n<p>Vi m\u00e4nniskor konsumerar mer \u00e4n v\u00e5r planet klarar av och sl\u00e4nger 1\/3 av den mat som produceras. Till 2030, \u00e4r FNs globala m\u00e5l att halvera det globala matsvinnet per person och minska matsvinnet l\u00e4ngs hela livsmedelskedjan. I Karlstads f\u00f6rskolor sl\u00e4ngs ungef\u00e4r 100 ton mat per \u00e5r. Om vi minskar v\u00e5rt matsvinn med 30% skulle det spara 1 miljon kronor och vara en stor besparing p\u00e5 klimatet. Vi \u00e4r p\u00e5 god v\u00e4g och har redan minskat v\u00e5rt matsvinn men vi beh\u00f6ver forts\u00e4tta arbeta f\u00f6r en mer h\u00e5llbar matkonsumtion. <\/p>\n\n\n\n<p>Under 2023 tog kostenheten fram en matbest\u00e4llningsapp f\u00f6r att underl\u00e4tta kommunikation mellan f\u00f6rskolan och k\u00f6ket och p\u00e5 s\u00e5 s\u00e4tt minska \u00f6verproduktion och matsvinn. 2024 lanserades ett matsvinnsmaterial som ska underl\u00e4tta f\u00f6r f\u00f6rskolorna att arbeta pedagogiskt med matsvinn.  <\/p>\n\n\n\n<h2 class=\"wp-block-heading\">Utbildningsmaterial om Matsvinn<\/h2>\n\n\n\n<p>B\u00f6rja g\u00e4rna med presentationen &#8221;APT &#8211; minska matsvinnet&#8221; p\u00e5 ett APT. Sedan finns det tre frist\u00e5ende moduler att arbeta vidare med i valfri ordning. <\/p>\n\n\n\n<div class=\"wp-block-columns is-layout-flex wp-container-core-columns-is-layout-9d6595d7 wp-block-columns-is-layout-flex\">\n<div class=\"wp-block-column is-layout-flow wp-block-column-is-layout-flow\">\n<figure class=\"wp-block-image size-full\"><a href=\"https:\/\/karlstadskommunonline.sharepoint.com\/:f:\/s\/Laboratoriet168\/Et1rh8rB2e1Cj5vk_5abwM0BdVKkhXy_pwynWc4xHHnHAw?e=8eicdL\" target=\"_blank\" rel=\"noreferrer noopener\"><img loading=\"lazy\" decoding=\"async\" width=\"729\" height=\"411\" src=\"https:\/\/skola.karlstad.se\/gronatraden\/wp-content\/uploads\/sites\/1520\/2024\/04\/Minska-matsvinnet-APT.jpg\" alt=\"\" class=\"wp-image-180\" srcset=\"https:\/\/skola.karlstad.se\/gronatraden\/wp-content\/uploads\/sites\/1520\/2024\/04\/Minska-matsvinnet-APT.jpg 729w, https:\/\/skola.karlstad.se\/gronatraden\/wp-content\/uploads\/sites\/1520\/2024\/04\/Minska-matsvinnet-APT-300x169.jpg 300w\" sizes=\"auto, (max-width: 729px) 100vw, 729px\" \/><\/a><\/figure>\n\n\n\n<p><a href=\"https:\/\/karlstadskommunonline.sharepoint.com\/:f:\/s\/Laboratoriet168\/Et1rh8rB2e1Cj5vk_5abwM0BdVKkhXy_pwynWc4xHHnHAw?e=8eicdL\" data-type=\"link\" data-id=\"https:\/\/karlstadskommunonline.sharepoint.com\/:p:\/s\/Laboratoriet168\/Ef6jSwXV6idMluNSnSR2RQkB4VCPA1LjEs5HCbkCPRDkwg?e=dofepP\" target=\"_blank\" rel=\"noreferrer noopener\"><strong>APT &#8211; Minska matsvinnet<br><\/strong>Presentation om matsvinn.<\/a><\/p>\n<\/div>\n\n\n\n<div class=\"wp-block-column is-layout-flow wp-block-column-is-layout-flow\">\n<figure class=\"wp-block-image size-large\"><a href=\"https:\/\/karlstadskommunonline.sharepoint.com\/:w:\/s\/Laboratoriet168\/EZyM08Jv5ZFBoMv_fqBjYBgBoIGxCElM5da0SXrxy13eEA?e=sbdUID\" target=\"_blank\" rel=\"noreferrer noopener\"><img loading=\"lazy\" decoding=\"async\" width=\"1024\" height=\"577\" src=\"https:\/\/skola.karlstad.se\/gronatraden\/wp-content\/uploads\/sites\/1520\/2024\/04\/Matsvinn-lararhandledning-1024x577.jpg\" alt=\"\" class=\"wp-image-181\" srcset=\"https:\/\/skola.karlstad.se\/gronatraden\/wp-content\/uploads\/sites\/1520\/2024\/04\/Matsvinn-lararhandledning-1024x577.jpg 1024w, https:\/\/skola.karlstad.se\/gronatraden\/wp-content\/uploads\/sites\/1520\/2024\/04\/Matsvinn-lararhandledning-300x169.jpg 300w, https:\/\/skola.karlstad.se\/gronatraden\/wp-content\/uploads\/sites\/1520\/2024\/04\/Matsvinn-lararhandledning-768x433.jpg 768w, https:\/\/skola.karlstad.se\/gronatraden\/wp-content\/uploads\/sites\/1520\/2024\/04\/Matsvinn-lararhandledning.jpg 1367w\" sizes=\"auto, (max-width: 767px) 89vw, (max-width: 1000px) 54vw, (max-width: 1071px) 543px, 580px\" \/><\/a><\/figure>\n\n\n\n<p><a href=\"https:\/\/karlstadskommunonline.sharepoint.com\/:w:\/s\/Laboratoriet168\/EZyM08Jv5ZFBoMv_fqBjYBgBoIGxCElM5da0SXrxy13eEA?e=sbdUID\" data-type=\"link\" data-id=\"https:\/\/karlstadskommunonline.sharepoint.com\/:w:\/s\/Laboratoriet168\/EZyM08Jv5ZFBoMv_fqBjYBgBoIGxCElM5da0SXrxy13eEA?e=sbdUID\" target=\"_blank\" rel=\"noreferrer noopener\"><strong>L\u00e4rarhandledning<br><\/strong>Instruktion f\u00f6r f\u00f6rskolel\u00e4rare &amp; pedagoger<\/a><\/p>\n<\/div>\n<\/div>\n\n\n\n<div class=\"wp-block-columns is-layout-flex wp-container-core-columns-is-layout-9d6595d7 wp-block-columns-is-layout-flex\">\n<div class=\"wp-block-column is-layout-flow wp-block-column-is-layout-flow\">\n<figure class=\"wp-block-image size-large\"><a href=\"https:\/\/karlstadskommunonline.sharepoint.com\/:f:\/s\/Laboratoriet168\/EmlaFPEfUVtCjKSfixp22X0BIsHbectZWf342SAPpRq54Q?e=cKQiJd\" target=\"_blank\" rel=\"noreferrer noopener\"><img loading=\"lazy\" decoding=\"async\" width=\"1024\" height=\"585\" src=\"https:\/\/skola.karlstad.se\/gronatraden\/wp-content\/uploads\/sites\/1520\/2024\/04\/Matsvinn-modul-1-kartlagga-4-1024x585.jpg\" alt=\"\" class=\"wp-image-210\" srcset=\"https:\/\/skola.karlstad.se\/gronatraden\/wp-content\/uploads\/sites\/1520\/2024\/04\/Matsvinn-modul-1-kartlagga-4-1024x585.jpg 1024w, https:\/\/skola.karlstad.se\/gronatraden\/wp-content\/uploads\/sites\/1520\/2024\/04\/Matsvinn-modul-1-kartlagga-4-300x171.jpg 300w, https:\/\/skola.karlstad.se\/gronatraden\/wp-content\/uploads\/sites\/1520\/2024\/04\/Matsvinn-modul-1-kartlagga-4-768x438.jpg 768w, https:\/\/skola.karlstad.se\/gronatraden\/wp-content\/uploads\/sites\/1520\/2024\/04\/Matsvinn-modul-1-kartlagga-4.jpg 1347w\" sizes=\"auto, (max-width: 767px) 89vw, (max-width: 1000px) 54vw, (max-width: 1071px) 543px, 580px\" \/><\/a><\/figure>\n\n\n\n<p><a href=\"https:\/\/karlstadskommunonline.sharepoint.com\/:f:\/s\/Laboratoriet168\/EmlaFPEfUVtCjKSfixp22X0BIsHbectZWf342SAPpRq54Q?e=cKQiJd\" data-type=\"link\" data-id=\"https:\/\/karlstadskommunonline.sharepoint.com\/:f:\/s\/Laboratoriet168\/EmlaFPEfUVtCjKSfixp22X0BIsHbectZWf342SAPpRq54Q?e=cKQiJd\" target=\"_blank\" rel=\"noreferrer noopener\"><strong>1. Kartl\u00e4gga matsvinnet<\/strong><br>Kartl\u00e4ggningsmodell<\/a><\/p>\n<\/div>\n\n\n\n<div class=\"wp-block-column is-layout-flow wp-block-column-is-layout-flow\">\n<figure class=\"wp-block-image size-large\"><a href=\"https:\/\/karlstadskommunonline.sharepoint.com\/:f:\/s\/Laboratoriet168\/EnSY1Rw21O1EtD4Ui-CRtEMB3YqT6MU92K9Gd4Mz7n7gVg?e=pCqXh4\" target=\"_blank\" rel=\"noreferrer noopener\"><img loading=\"lazy\" decoding=\"async\" width=\"1024\" height=\"577\" src=\"https:\/\/skola.karlstad.se\/gronatraden\/wp-content\/uploads\/sites\/1520\/2024\/04\/Matsvinn-modul-2-radda-maten-4-1024x577.jpg\" alt=\"\" class=\"wp-image-211\" srcset=\"https:\/\/skola.karlstad.se\/gronatraden\/wp-content\/uploads\/sites\/1520\/2024\/04\/Matsvinn-modul-2-radda-maten-4-1024x577.jpg 1024w, https:\/\/skola.karlstad.se\/gronatraden\/wp-content\/uploads\/sites\/1520\/2024\/04\/Matsvinn-modul-2-radda-maten-4-300x169.jpg 300w, https:\/\/skola.karlstad.se\/gronatraden\/wp-content\/uploads\/sites\/1520\/2024\/04\/Matsvinn-modul-2-radda-maten-4-768x433.jpg 768w, https:\/\/skola.karlstad.se\/gronatraden\/wp-content\/uploads\/sites\/1520\/2024\/04\/Matsvinn-modul-2-radda-maten-4.jpg 1288w\" sizes=\"auto, (max-width: 767px) 89vw, (max-width: 1000px) 54vw, (max-width: 1071px) 543px, 580px\" \/><\/a><\/figure>\n\n\n\n<p><a href=\"https:\/\/karlstadskommunonline.sharepoint.com\/:f:\/s\/Laboratoriet168\/EnSY1Rw21O1EtD4Ui-CRtEMB3YqT6MU92K9Gd4Mz7n7gVg?e=pCqXh4\" data-type=\"link\" data-id=\"https:\/\/karlstadskommunonline.sharepoint.com\/:f:\/s\/Laboratoriet168\/EnSY1Rw21O1EtD4Ui-CRtEMB3YqT6MU92K9Gd4Mz7n7gVg?e=pCqXh4\" target=\"_blank\" rel=\"noreferrer noopener\"><strong>2. R\u00e4dda maten<\/strong><br>Pedagogiska \u00f6vningar <br><\/a><\/p>\n<\/div>\n\n\n\n<div class=\"wp-block-column is-layout-flow wp-block-column-is-layout-flow\">\n<figure class=\"wp-block-image size-large\"><a href=\"https:\/\/karlstadskommunonline.sharepoint.com\/:f:\/s\/Laboratoriet168\/ErYsFkCOhhhJglMRIAwIOaoBdTE227_olv7xW7zHNv_J5A?e=e5rGFa\" target=\"_blank\" rel=\"noreferrer noopener\"><img loading=\"lazy\" decoding=\"async\" width=\"1024\" height=\"576\" src=\"https:\/\/skola.karlstad.se\/gronatraden\/wp-content\/uploads\/sites\/1520\/2024\/04\/Matsvinn-modul-3-forskolespanarna-4-1024x576.jpg\" alt=\"\" class=\"wp-image-212\" srcset=\"https:\/\/skola.karlstad.se\/gronatraden\/wp-content\/uploads\/sites\/1520\/2024\/04\/Matsvinn-modul-3-forskolespanarna-4-1024x576.jpg 1024w, https:\/\/skola.karlstad.se\/gronatraden\/wp-content\/uploads\/sites\/1520\/2024\/04\/Matsvinn-modul-3-forskolespanarna-4-300x169.jpg 300w, https:\/\/skola.karlstad.se\/gronatraden\/wp-content\/uploads\/sites\/1520\/2024\/04\/Matsvinn-modul-3-forskolespanarna-4-768x432.jpg 768w, https:\/\/skola.karlstad.se\/gronatraden\/wp-content\/uploads\/sites\/1520\/2024\/04\/Matsvinn-modul-3-forskolespanarna-4.jpg 1288w\" sizes=\"auto, (max-width: 767px) 89vw, (max-width: 1000px) 54vw, (max-width: 1071px) 543px, 580px\" \/><\/a><\/figure>\n\n\n\n<p><a href=\"https:\/\/karlstadskommunonline.sharepoint.com\/:f:\/s\/Laboratoriet168\/ErYsFkCOhhhJglMRIAwIOaoBdTE227_olv7xW7zHNv_J5A?e=e5rGFa\" target=\"_blank\" rel=\"noreferrer noopener\"><strong>3. F\u00f6rskolespanarna<\/strong><br>En pedagogisk saga<\/a><\/p>\n<\/div>\n<\/div>\n\n\n\n<p>Vill ni arbeta vidare med m\u00e5ltidspedagogik? <a href=\"https:\/\/karlstadskommunonline.sharepoint.com\/:f:\/s\/Laboratoriet168\/EkMoIgfiD0ZFl7HGEclW9qUBuciuA2PuQ3yB5aMy6resWg?e=6gwRej\" data-type=\"link\" data-id=\"https:\/\/karlstadskommunonline.sharepoint.com\/:f:\/s\/Laboratoriet168\/EkMoIgfiD0ZFl7HGEclW9qUBuciuA2PuQ3yB5aMy6resWg?e=6gwRej\" target=\"_blank\" rel=\"noreferrer noopener\">D\u00e5 finns utbildningsmaterialet &#8221;Matmodig i f\u00f6rskolan&#8221;<\/a><\/p>\n","protected":false},"excerpt":{"rendered":"<p>Vi m\u00e4nniskor konsumerar mer \u00e4n v\u00e5r planet klarar av och sl\u00e4nger 1\/3 av den mat som produceras. Till 2030, \u00e4r FNs globala m\u00e5l att halvera det globala matsvinnet per person och minska matsvinnet l\u00e4ngs hela livsmedelskedjan. I Karlstads f\u00f6rskolor sl\u00e4ngs ungef\u00e4r 100 ton mat per \u00e5r. Om vi minskar v\u00e5rt matsvinn med 30% skulle det &hellip; <\/p>\n<p class=\"link-more\"><a href=\"https:\/\/skola.karlstad.se\/gronatraden\/matsvinn\/\" class=\"more-link\">Forts\u00e4tt l\u00e4sa<span class=\"screen-reader-text\"> \u201dMatsvinn\u201d<\/span><\/a><\/p>\n","protected":false},"author":3593,"featured_media":0,"parent":0,"menu_order":0,"comment_status":"closed","ping_status":"closed","template":"","meta":{"footnotes":""},"class_list":["post-165","page","type-page","status-publish","hentry"],"_links":{"self":[{"href":"https:\/\/skola.karlstad.se\/gronatraden\/wp-json\/wp\/v2\/pages\/165","targetHints":{"allow":["GET"]}}],"collection":[{"href":"https:\/\/skola.karlstad.se\/gronatraden\/wp-json\/wp\/v2\/pages"}],"about":[{"href":"https:\/\/skola.karlstad.se\/gronatraden\/wp-json\/wp\/v2\/types\/page"}],"author":[{"embeddable":true,"href":"https:\/\/skola.karlstad.se\/gronatraden\/wp-json\/wp\/v2\/users\/3593"}],"replies":[{"embeddable":true,"href":"https:\/\/skola.karlstad.se\/gronatraden\/wp-json\/wp\/v2\/comments?post=165"}],"version-history":[{"count":24,"href":"https:\/\/skola.karlstad.se\/gronatraden\/wp-json\/wp\/v2\/pages\/165\/revisions"}],"predecessor-version":[{"id":366,"href":"https:\/\/skola.karlstad.se\/gronatraden\/wp-json\/wp\/v2\/pages\/165\/revisions\/366"}],"wp:attachment":[{"href":"https:\/\/skola.karlstad.se\/gronatraden\/wp-json\/wp\/v2\/media?parent=165"}],"curies":[{"name":"wp","href":"https:\/\/api.w.org\/{rel}","templated":true}]}}