{"id":1677,"date":"2025-06-10T13:14:15","date_gmt":"2025-06-10T11:14:15","guid":{"rendered":"https:\/\/skola.karlstad.se\/gronatraden\/?page_id=1677"},"modified":"2025-10-08T11:05:53","modified_gmt":"2025-10-08T09:05:53","slug":"besok-vaxnas-atervinningscentral-ht-2025","status":"publish","type":"page","link":"https:\/\/skola.karlstad.se\/gronatraden\/besok-vaxnas-atervinningscentral-ht-2025\/","title":{"rendered":"Bes\u00f6k V\u00e5xn\u00e4s \u00e5tervinningscentral ht 2025"},"content":{"rendered":"\n<figure class=\"wp-block-image size-large\"><img loading=\"lazy\" decoding=\"async\" width=\"1024\" height=\"635\" src=\"https:\/\/skola.karlstad.se\/gronatraden\/wp-content\/uploads\/sites\/1520\/2025\/06\/image-1-1024x635.png\" alt=\"\" class=\"wp-image-1698\" srcset=\"https:\/\/skola.karlstad.se\/gronatraden\/wp-content\/uploads\/sites\/1520\/2025\/06\/image-1-1024x635.png 1024w, https:\/\/skola.karlstad.se\/gronatraden\/wp-content\/uploads\/sites\/1520\/2025\/06\/image-1-300x186.png 300w, https:\/\/skola.karlstad.se\/gronatraden\/wp-content\/uploads\/sites\/1520\/2025\/06\/image-1-768x476.png 768w, https:\/\/skola.karlstad.se\/gronatraden\/wp-content\/uploads\/sites\/1520\/2025\/06\/image-1.png 1260w\" sizes=\"auto, (max-width: 767px) 89vw, (max-width: 1000px) 54vw, (max-width: 1071px) 543px, 580px\" \/><\/figure>\n\n\n\n<p>Studiebes\u00f6ket genomf\u00f6rdes 30 september 2025. <a href=\"https:\/\/karlstadsenergi.se\/gemensamt-innehall\/nyheter\/nyheter\/2025-10-06-atervinningscentralen-blev-klassrum-for-en-dag\" target=\"_blank\" rel=\"noreferrer noopener\">L\u00e4s artikel om dagen h\u00e4r.<\/a> <\/p>\n\n\n\n<p>Klasser i \u00e5k 3 i Karlstads kommun har m\u00f6jlighet att \u00e5ka p\u00e5 studiebes\u00f6k till Karlstads Energi p\u00e5 V\u00e5xn\u00e4s \u00e5tervinningscentral.<br>Vid studiebes\u00f6ket f\u00e5r ni l\u00e4ra er mer om sopsortering genom l\u00e4rorika aktiviteter. G\u00e5 tipspromenad, provsitt en sopbil och lek en \u00e5tervinningslek. <br>M\u00e5let \u00e4r att det ska vara pedagogiskt och lekfullt att l\u00e4ra sig om \u00e5tervinning, grovavfall och \u00e5terbruk!<br>Att delta \u00e4r kostnadsfritt.<\/p>\n\n\n\n<p><strong>Plats:<\/strong>&nbsp;\u00c5tervinningcentral V\u00e5xn\u00e4s,&nbsp;&nbsp;Nya Dep\u00e5v\u00e4gen 2.<br><strong>M\u00e5lgrupp:&nbsp;<\/strong>\u00e5k 3<br><strong>Tids\u00e5tg\u00e5ng:&nbsp;<\/strong>1 timme<br><strong>Datum:&nbsp;<\/strong>Tisdag 30 september<br><strong>Tider:&nbsp;<\/strong>9-10, 10-11, 11-12 eller 12-13 (tv\u00e5 klasser vid varje tillf\u00e4lle)<br><strong>Gruppstorlek:<\/strong>&nbsp;Klassvis, med <em>minst tv\u00e5 <\/em>medf\u00f6ljande pedagoger&nbsp;per klass<br><strong>Kopplingar till undervisning och styrdokument:<\/strong> <br>\u2013 Kursplanerna i NO, SO och teknik<br>\u2013 Globala m\u00e5len: 11 och 12<br>\u2013 Framtidsval<br>\u2013 Passar bra f\u00f6r er som arbetat med NTA-temat &#8221;Fasta \u00e4mnen och v\u00e4tskor&#8221; under v\u00e5rterminen<\/p>\n\n\n\n<p><strong>Att ta sig hit:<\/strong><br>Cykel:&nbsp;<br>Det g\u00e5r fint att ta sig till \u00e5tervinningscentralen med cykel. Parkera cyklarna vid Racketcenter och g\u00e5 den sista biten till \u00e5tervinningscentralen. Det g\u00e5r inte att parkera cyklarna p\u00e5 \u00e5tervinningscentralen.&nbsp;<\/p>\n\n\n\n<p>Buss:<br>Den n\u00e4rmsta bussh\u00e5llplats \u00e4r &#8221;Bl\u00e5ljusbyn&#8221; dit kan man \u00e5ka med stadsbuss 3, d\u00e4rifr\u00e5n \u00e4r det cirka 1 minuts promenad. Man kan \u00e4ven ta stadsbussen till bussh\u00e5llplats &#8221;Innebandy arena&#8221; med stadsbuss 1 och 5, d\u00e4rifr\u00e5n \u00e4r det cirka 10 minuters promenad.<br><a href=\"https:\/\/solsidan.omniacloud.net\/start\/service-och-stod\/resor-logi-och-transporter\/buss\" data-type=\"link\" data-id=\"https:\/\/solsidan.omniacloud.net\/start\/service-och-stod\/resor-logi-och-transporter\/buss\" target=\"_blank\" rel=\"noreferrer noopener\">Information om bussbokning.<\/a>&nbsp;<br>Har ni inte m\u00f6jlighet att resa med stadsbuss, ange det i anm\u00e4lan s\u00e5 kan vi unders\u00f6ka m\u00f6jligheten att erbjuda en best\u00e4lld buss till er.<\/p>\n\n\n\n<div class=\"wp-block-buttons is-layout-flex wp-block-buttons-is-layout-flex\"><\/div>\n\n\n\n<p><br><strong>Sista anm\u00e4lan: 22 augusti.&nbsp;<\/strong><br>Detta \u00e4r en intresseanm\u00e4lan, vi kommer att s\u00e4tta ihop ett schema och ni f\u00e5r besked om eventuellt studiebes\u00f6k senast under v. 37.&nbsp; Att delta \u00e4r kostnadsfritt!&nbsp;<\/p>\n\n\n\n<div class=\"wp-block-columns is-layout-flex wp-container-core-columns-is-layout-9d6595d7 wp-block-columns-is-layout-flex\">\n<div class=\"wp-block-column is-layout-flow wp-block-column-is-layout-flow\">\n<figure class=\"wp-block-image size-full\"><img loading=\"lazy\" decoding=\"async\" width=\"600\" height=\"854\" src=\"https:\/\/skola.karlstad.se\/gronatraden\/wp-content\/uploads\/sites\/1520\/2025\/08\/image.png\" alt=\"\" class=\"wp-image-1723\" srcset=\"https:\/\/skola.karlstad.se\/gronatraden\/wp-content\/uploads\/sites\/1520\/2025\/08\/image.png 600w, https:\/\/skola.karlstad.se\/gronatraden\/wp-content\/uploads\/sites\/1520\/2025\/08\/image-211x300.png 211w\" sizes=\"auto, (max-width: 600px) 100vw, 600px\" \/><\/figure>\n\n\n\n<p class=\"has-text-align-center\"><strong><a href=\"https:\/\/skola.karlstad.se\/gronatraden\/wp-content\/uploads\/sites\/1520\/2025\/08\/Inbjudan-klassbeso\u0308k-a\u030avc-2025.pdf\">Infoblad i PDF format<\/a><\/strong><\/p>\n<\/div>\n\n\n\n<div class=\"wp-block-column is-layout-flow wp-block-column-is-layout-flow\"><\/div>\n\n\n\n<div class=\"wp-block-column is-layout-flow wp-block-column-is-layout-flow\"><\/div>\n<\/div>\n\n\n\n<p>I&nbsp;<a href=\"http:\/\/tiny.cc\/yrkesbiblioteket\" target=\"_blank\" rel=\"noreferrer noopener\">Yrkesbiblioteket&nbsp;<\/a>finns mer tips p\u00e5 studiebes\u00f6k och andra aktiviteter f\u00f6r att samverka med arbetslivet.<\/p>\n","protected":false},"excerpt":{"rendered":"<p>Studiebes\u00f6ket genomf\u00f6rdes 30 september 2025. L\u00e4s artikel om dagen h\u00e4r. Klasser i \u00e5k 3 i Karlstads kommun har m\u00f6jlighet att \u00e5ka p\u00e5 studiebes\u00f6k till Karlstads Energi p\u00e5 V\u00e5xn\u00e4s \u00e5tervinningscentral.Vid studiebes\u00f6ket f\u00e5r ni l\u00e4ra er mer om sopsortering genom l\u00e4rorika aktiviteter. G\u00e5 tipspromenad, provsitt en sopbil och lek en \u00e5tervinningslek. M\u00e5let \u00e4r att det ska vara &hellip; <\/p>\n<p class=\"link-more\"><a href=\"https:\/\/skola.karlstad.se\/gronatraden\/besok-vaxnas-atervinningscentral-ht-2025\/\" class=\"more-link\">Forts\u00e4tt l\u00e4sa<span class=\"screen-reader-text\"> \u201dBes\u00f6k V\u00e5xn\u00e4s \u00e5tervinningscentral ht 2025\u201d<\/span><\/a><\/p>\n","protected":false},"author":42,"featured_media":0,"parent":0,"menu_order":0,"comment_status":"closed","ping_status":"closed","template":"","meta":{"footnotes":""},"class_list":["post-1677","page","type-page","status-publish","hentry"],"_links":{"self":[{"href":"https:\/\/skola.karlstad.se\/gronatraden\/wp-json\/wp\/v2\/pages\/1677","targetHints":{"allow":["GET"]}}],"collection":[{"href":"https:\/\/skola.karlstad.se\/gronatraden\/wp-json\/wp\/v2\/pages"}],"about":[{"href":"https:\/\/skola.karlstad.se\/gronatraden\/wp-json\/wp\/v2\/types\/page"}],"author":[{"embeddable":true,"href":"https:\/\/skola.karlstad.se\/gronatraden\/wp-json\/wp\/v2\/users\/42"}],"replies":[{"embeddable":true,"href":"https:\/\/skola.karlstad.se\/gronatraden\/wp-json\/wp\/v2\/comments?post=1677"}],"version-history":[{"count":10,"href":"https:\/\/skola.karlstad.se\/gronatraden\/wp-json\/wp\/v2\/pages\/1677\/revisions"}],"predecessor-version":[{"id":1849,"href":"https:\/\/skola.karlstad.se\/gronatraden\/wp-json\/wp\/v2\/pages\/1677\/revisions\/1849"}],"wp:attachment":[{"href":"https:\/\/skola.karlstad.se\/gronatraden\/wp-json\/wp\/v2\/media?parent=1677"}],"curies":[{"name":"wp","href":"https:\/\/api.w.org\/{rel}","templated":true}]}}