{"id":1682,"date":"2025-06-10T13:56:12","date_gmt":"2025-06-10T11:56:12","guid":{"rendered":"https:\/\/skola.karlstad.se\/gronatraden\/?page_id=1682"},"modified":"2025-08-22T09:15:30","modified_gmt":"2025-08-22T07:15:30","slug":"klimatvandring-mariebergsskogen-fran-dinotid-till-nutid","status":"publish","type":"page","link":"https:\/\/skola.karlstad.se\/gronatraden\/klimatvandring-mariebergsskogen-fran-dinotid-till-nutid\/","title":{"rendered":"Klimatvandring Mariebergsskogen &#8211; &#8221;Fr\u00e5n dinotid till nutid&#8221;"},"content":{"rendered":"\n<figure class=\"wp-block-image size-large\"><img loading=\"lazy\" decoding=\"async\" width=\"1024\" height=\"508\" src=\"https:\/\/skola.karlstad.se\/gronatraden\/wp-content\/uploads\/sites\/1520\/2025\/06\/fran-dinotid-till-nutid-beskuren-1024x508.jpg\" alt=\"\" class=\"wp-image-1683\" srcset=\"https:\/\/skola.karlstad.se\/gronatraden\/wp-content\/uploads\/sites\/1520\/2025\/06\/fran-dinotid-till-nutid-beskuren-1024x508.jpg 1024w, https:\/\/skola.karlstad.se\/gronatraden\/wp-content\/uploads\/sites\/1520\/2025\/06\/fran-dinotid-till-nutid-beskuren-300x149.jpg 300w, https:\/\/skola.karlstad.se\/gronatraden\/wp-content\/uploads\/sites\/1520\/2025\/06\/fran-dinotid-till-nutid-beskuren-768x381.jpg 768w, https:\/\/skola.karlstad.se\/gronatraden\/wp-content\/uploads\/sites\/1520\/2025\/06\/fran-dinotid-till-nutid-beskuren-1536x761.jpg 1536w, https:\/\/skola.karlstad.se\/gronatraden\/wp-content\/uploads\/sites\/1520\/2025\/06\/fran-dinotid-till-nutid-beskuren.jpg 2048w\" sizes=\"auto, (max-width: 767px) 89vw, (max-width: 1000px) 54vw, (max-width: 1071px) 543px, 580px\" \/><\/figure>\n\n\n\n<p>V\u00e4lkommen till en sp\u00e4nnande och underh\u00e5llande klimatvandring genom skogen! En vandring d\u00e4r dina elever f\u00e5r m\u00f6ta klimatf\u00f6r\u00e4ndringarnas allvar, dess n\u00e4rvaro och dess r\u00f6tter. Samt hur denna smygande kris kan l\u00f6sas! Guidningen sker ute i f\u00e4lt i Mariebergsskogen och den fysiska milj\u00f6n \u00e4r ett av hj\u00e4lpmedlen f\u00f6r att f\u00f6rst\u00e5 klimatf\u00f6r\u00e4ndringarna. Guidningen \u00e4r fr\u00e5n b\u00f6rjan utarbetad av Alasdair Skelton, professor i geokemi vid Stockholms universitet.<\/p>\n\n\n\n<p>Denna guidning har anpassats f\u00f6r att m\u00f6ta elever i \u00e5rskurs 6-9 kunskapsniv\u00e5. Guidningen sker p\u00e5 en timme och best\u00e5r av fem olika stopp, total str\u00e4cka 500 m.<\/p>\n\n\n\n<p>Gruppstorleken b\u00f6r vara ca 20 elever, vid fler \u00e4n 25 elever b\u00f6r klassen delas i tv\u00e5 grupper. Den andra gruppen kan f\u00e5 en annan uppgift i Mariebergsskogen, h\u00f6r av er om ni vill ha f\u00f6rslag. Att delta \u00e4r kostnadsfritt.<\/p>\n\n\n\n<p><strong>Plats:<\/strong>&nbsp;Mariebergsskogen<br><strong>M\u00e5lgrupp:&nbsp;<\/strong>\u00c5k 6-9<br><strong>Period<\/strong>: Augusti-oktober 2025 <br><strong>Tids\u00e5tg\u00e5ng:<\/strong>&nbsp;Ca 1 timme + restid (guidningarna kan starta kl 10, 11, 13 och 14) <br><strong>Gruppstorlek:<\/strong>&nbsp;Ca 20 elever (fler \u00e4n 25 elever b\u00f6r delas i tv\u00e5 grupper)<br><strong>Kopplingar till undervisning och styrdokument:<\/strong><br>\u2013 Framf\u00f6r allt koppling till kursplanen i SO och NO, men \u00e4ven andra \u00e4mnen<br>\u2013 Globala m\u00e5len<br><br><strong>Att ta sig dit:<\/strong><br>Cykla \/ G\u00e5:<br>F\u00f6r er som inte har l\u00e5ngt avst\u00e5nd g\u00e5r det fint att ta sig till Mariebergsskogen till fots eller med cykel och det finns gott om cykelparkeringar.<\/p>\n\n\n\n<p>Buss: <br>Linje 10 avg\u00e5r fr\u00e5n Stora torget. Mariebergsskogen \u00e4r linjens \u00e4ndh\u00e5llplats.<br>Linje S avg\u00e5r fr\u00e5n Stora torget och stannar vid Wennbergsparken, 600m fr\u00e5n huvudentr\u00e9n.<\/p>\n\n\n\n<p>Har ni inte m\u00f6jlighet att resa med stadsbuss, ange det i anm\u00e4lan s\u00e5 g\u00e5r det att \u00e5ka med best\u00e4lld buss som finansieras av projektet.<\/p>\n\n\n\n<p>Anm\u00e4lan \u00e4r nu st\u00e4ngd och alla anm\u00e4lda har f\u00e5tt mer information, kontakta <a href=\"mailto:gronatraden@karlstad.se\">gronatraden@karlstad.se<\/a> om du har fr\u00e5gor. <\/p>\n\n\n\n<div class=\"wp-block-buttons is-layout-flex wp-block-buttons-is-layout-flex\"><\/div>\n\n\n\n<p><br><\/p>\n","protected":false},"excerpt":{"rendered":"<p>V\u00e4lkommen till en sp\u00e4nnande och underh\u00e5llande klimatvandring genom skogen! En vandring d\u00e4r dina elever f\u00e5r m\u00f6ta klimatf\u00f6r\u00e4ndringarnas allvar, dess n\u00e4rvaro och dess r\u00f6tter. Samt hur denna smygande kris kan l\u00f6sas! Guidningen sker ute i f\u00e4lt i Mariebergsskogen och den fysiska milj\u00f6n \u00e4r ett av hj\u00e4lpmedlen f\u00f6r att f\u00f6rst\u00e5 klimatf\u00f6r\u00e4ndringarna. Guidningen \u00e4r fr\u00e5n b\u00f6rjan utarbetad av &hellip; <\/p>\n<p class=\"link-more\"><a href=\"https:\/\/skola.karlstad.se\/gronatraden\/klimatvandring-mariebergsskogen-fran-dinotid-till-nutid\/\" class=\"more-link\">Forts\u00e4tt l\u00e4sa<span class=\"screen-reader-text\"> \u201dKlimatvandring Mariebergsskogen &#8211; &#8221;Fr\u00e5n dinotid till nutid&#8221;\u201d<\/span><\/a><\/p>\n","protected":false},"author":42,"featured_media":0,"parent":0,"menu_order":0,"comment_status":"closed","ping_status":"closed","template":"","meta":{"footnotes":""},"class_list":["post-1682","page","type-page","status-publish","hentry"],"_links":{"self":[{"href":"https:\/\/skola.karlstad.se\/gronatraden\/wp-json\/wp\/v2\/pages\/1682","targetHints":{"allow":["GET"]}}],"collection":[{"href":"https:\/\/skola.karlstad.se\/gronatraden\/wp-json\/wp\/v2\/pages"}],"about":[{"href":"https:\/\/skola.karlstad.se\/gronatraden\/wp-json\/wp\/v2\/types\/page"}],"author":[{"embeddable":true,"href":"https:\/\/skola.karlstad.se\/gronatraden\/wp-json\/wp\/v2\/users\/42"}],"replies":[{"embeddable":true,"href":"https:\/\/skola.karlstad.se\/gronatraden\/wp-json\/wp\/v2\/comments?post=1682"}],"version-history":[{"count":7,"href":"https:\/\/skola.karlstad.se\/gronatraden\/wp-json\/wp\/v2\/pages\/1682\/revisions"}],"predecessor-version":[{"id":1765,"href":"https:\/\/skola.karlstad.se\/gronatraden\/wp-json\/wp\/v2\/pages\/1682\/revisions\/1765"}],"wp:attachment":[{"href":"https:\/\/skola.karlstad.se\/gronatraden\/wp-json\/wp\/v2\/media?parent=1682"}],"curies":[{"name":"wp","href":"https:\/\/api.w.org\/{rel}","templated":true}]}}