{"id":1732,"date":"2025-08-07T11:49:10","date_gmt":"2025-08-07T09:49:10","guid":{"rendered":"https:\/\/skola.karlstad.se\/gronatraden\/?page_id=1732"},"modified":"2025-08-07T14:02:19","modified_gmt":"2025-08-07T12:02:19","slug":"studiebesok-pa-reningsverket-for-pedagoger","status":"publish","type":"page","link":"https:\/\/skola.karlstad.se\/gronatraden\/studiebesok-pa-reningsverket-for-pedagoger\/","title":{"rendered":"Studiebes\u00f6k p\u00e5 reningsverket f\u00f6r pedagoger"},"content":{"rendered":"\n<figure class=\"wp-block-image size-large\"><img loading=\"lazy\" decoding=\"async\" width=\"2560\" height=\"1440\" src=\"https:\/\/skola.karlstad.se\/gronatraden\/wp-content\/uploads\/sites\/1520\/2025\/08\/IMG_0494-1-edited-scaled.jpg\" alt=\"\" class=\"wp-image-1734\" srcset=\"https:\/\/skola.karlstad.se\/gronatraden\/wp-content\/uploads\/sites\/1520\/2025\/08\/IMG_0494-1-edited-scaled.jpg 2560w, https:\/\/skola.karlstad.se\/gronatraden\/wp-content\/uploads\/sites\/1520\/2025\/08\/IMG_0494-1-edited-300x169.jpg 300w, https:\/\/skola.karlstad.se\/gronatraden\/wp-content\/uploads\/sites\/1520\/2025\/08\/IMG_0494-1-edited-1024x576.jpg 1024w, https:\/\/skola.karlstad.se\/gronatraden\/wp-content\/uploads\/sites\/1520\/2025\/08\/IMG_0494-1-edited-768x432.jpg 768w, https:\/\/skola.karlstad.se\/gronatraden\/wp-content\/uploads\/sites\/1520\/2025\/08\/IMG_0494-1-edited-1536x864.jpg 1536w, https:\/\/skola.karlstad.se\/gronatraden\/wp-content\/uploads\/sites\/1520\/2025\/08\/IMG_0494-1-edited-2048x1152.jpg 2048w\" sizes=\"auto, (max-width: 767px) 89vw, (max-width: 1000px) 54vw, (max-width: 1071px) 543px, 580px\" \/><\/figure>\n\n\n\n<p><strong>V\u00e4lkommen till Sj\u00f6stadsverket som \u00e4r Karlstads st\u00f6rsta reningsverk m\u00e5ndagen den 8 september kl 15.00-16.30. H\u00e4r f\u00e5r ni information om hur reningsverken fungerar och en rundvisning som ni garanterat kommer att minnas. Ni f\u00e5r ocks\u00e5 en djupare f\u00f6rst\u00e5else f\u00f6r vattnets hela kretslopp i naturen och samh\u00e4llet. <\/strong><\/p>\n\n\n\n<p>Alla pedagoger och l\u00e4rare i f\u00f6rskolan, grundskolan och anpassade grundskolan \u00e4r v\u00e4lkomna p\u00e5 studiebes\u00f6ket. Vid bes\u00f6ket f\u00e5r du mer kunskap f\u00f6r att utveckla din undervisning och bli mer f\u00f6rberedd p\u00e5 ett studiebes\u00f6k tillsammans med elever. <\/p>\n\n\n\n<p>Det finns ocks\u00e5 m\u00f6jlighet att&nbsp;<a href=\"https:\/\/skola.karlstad.se\/gronatraden\/besok-ett-reningsverk\/\" target=\"_blank\" rel=\"noreferrer noopener\">boka studiebes\u00f6k f\u00f6r elever<\/a> fr\u00e5n \u00e5k 3-9 och VA-ingenj\u00f6rer kan ocks\u00e5 bes\u00f6ka barn och elever i alla \u00e5ldrar i er verksamhet, genom&nbsp;<a href=\"http:\/\/tiny.cc\/yrkesbiblioteket\" target=\"_blank\" rel=\"noreferrer noopener\">Yrkesbiblioteket<\/a>.<\/p>\n\n\n\n<p>Koppling till undervisning:<\/p>\n\n\n\n<ul class=\"wp-block-list\">\n<li>F\u00f6rskolan: H\u00e5llbar utveckling, teknik, kemi (NTA-teman Teknik och h\u00e5llbar utveckling, Upplev fysik och kemi)<\/li>\n\n\n\n<li>Grundskolan: SO, teknik, NO (NTA-teman F\u00f6r\u00e4ndringar, Kemif\u00f6rs\u00f6k)<\/li>\n<\/ul>\n\n\n\n<div class=\"wp-block-buttons is-layout-flex wp-block-buttons-is-layout-flex\">\n<div class=\"wp-block-button\"><a class=\"wp-block-button__link wp-element-button\" href=\"https:\/\/forms.office.com\/e\/m39p7Q8VCz\">Anm\u00e4l dig h\u00e4r<\/a><\/div>\n<\/div>\n\n\n\n<p>Anm\u00e4l dig p\u00e5 l\u00e4nken ovan senast den 29 augusti. <\/p>\n\n\n\n<p><\/p>\n","protected":false},"excerpt":{"rendered":"<p>V\u00e4lkommen till Sj\u00f6stadsverket som \u00e4r Karlstads st\u00f6rsta reningsverk m\u00e5ndagen den 8 september kl 15.00-16.30. H\u00e4r f\u00e5r ni information om hur reningsverken fungerar och en rundvisning som ni garanterat kommer att minnas. Ni f\u00e5r ocks\u00e5 en djupare f\u00f6rst\u00e5else f\u00f6r vattnets hela kretslopp i naturen och samh\u00e4llet. Alla pedagoger och l\u00e4rare i f\u00f6rskolan, grundskolan och anpassade grundskolan &hellip; <\/p>\n<p class=\"link-more\"><a href=\"https:\/\/skola.karlstad.se\/gronatraden\/studiebesok-pa-reningsverket-for-pedagoger\/\" class=\"more-link\">Forts\u00e4tt l\u00e4sa<span class=\"screen-reader-text\"> \u201dStudiebes\u00f6k p\u00e5 reningsverket f\u00f6r pedagoger\u201d<\/span><\/a><\/p>\n","protected":false},"author":42,"featured_media":0,"parent":0,"menu_order":0,"comment_status":"closed","ping_status":"closed","template":"","meta":{"footnotes":""},"class_list":["post-1732","page","type-page","status-publish","hentry"],"_links":{"self":[{"href":"https:\/\/skola.karlstad.se\/gronatraden\/wp-json\/wp\/v2\/pages\/1732","targetHints":{"allow":["GET"]}}],"collection":[{"href":"https:\/\/skola.karlstad.se\/gronatraden\/wp-json\/wp\/v2\/pages"}],"about":[{"href":"https:\/\/skola.karlstad.se\/gronatraden\/wp-json\/wp\/v2\/types\/page"}],"author":[{"embeddable":true,"href":"https:\/\/skola.karlstad.se\/gronatraden\/wp-json\/wp\/v2\/users\/42"}],"replies":[{"embeddable":true,"href":"https:\/\/skola.karlstad.se\/gronatraden\/wp-json\/wp\/v2\/comments?post=1732"}],"version-history":[{"count":4,"href":"https:\/\/skola.karlstad.se\/gronatraden\/wp-json\/wp\/v2\/pages\/1732\/revisions"}],"predecessor-version":[{"id":1743,"href":"https:\/\/skola.karlstad.se\/gronatraden\/wp-json\/wp\/v2\/pages\/1732\/revisions\/1743"}],"wp:attachment":[{"href":"https:\/\/skola.karlstad.se\/gronatraden\/wp-json\/wp\/v2\/media?parent=1732"}],"curies":[{"name":"wp","href":"https:\/\/api.w.org\/{rel}","templated":true}]}}