{"id":1777,"date":"2025-09-10T09:44:05","date_gmt":"2025-09-10T07:44:05","guid":{"rendered":"https:\/\/skola.karlstad.se\/gronatraden\/?page_id=1777"},"modified":"2025-09-10T14:46:34","modified_gmt":"2025-09-10T12:46:34","slug":"tanka-gront-en-kortlek-for-spel-och-prat","status":"publish","type":"page","link":"https:\/\/skola.karlstad.se\/gronatraden\/tanka-gront-en-kortlek-for-spel-och-prat\/","title":{"rendered":"&#8221;T\u00e4nka gr\u00f6nt&#8221; &#8211; en kortlek f\u00f6r spel och prat"},"content":{"rendered":"\n<p>Tillsammans med kultur- och fritidsf\u00f6rvaltningen har Gr\u00f6na tr\u00e5den tagit fram en kortlek f\u00f6r att skapa m\u00f6jlighet att prata och diskutera om viktiga saker som milj\u00f6 och h\u00e5llbar utveckling &#8211; p\u00e5 ett roligt och sp\u00e4nnande s\u00e4tt. Korten i kortleken \u00e4r uppdelade i fyra olika kategorier:<\/p>\n\n\n\n<div class=\"wp-block-columns is-layout-flex wp-container-core-columns-is-layout-9d6595d7 wp-block-columns-is-layout-flex\">\n<div class=\"wp-block-column is-layout-flow wp-block-column-is-layout-flow\" style=\"flex-basis:33.33%\">\n<ul class=\"wp-block-list\">\n<li>&#x2660;&#xfe0f; Spader &#8211; Vad v\u00e4ljer du?<\/li>\n\n\n\n<li>&#x2665;&#xfe0f; Hj\u00e4rter &#8211; G\u00f6ra och prova<\/li>\n\n\n\n<li>&#x2666;&#xfe0f; Ruter &#8211; Ber\u00e4tta&#8230;<\/li>\n\n\n\n<li>&#x2663;&#xfe0f; Kl\u00f6ver &#8211; Prata om<\/li>\n<\/ul>\n<\/div>\n\n\n\n<div class=\"wp-block-column is-layout-flow wp-block-column-is-layout-flow\" style=\"flex-basis:66.66%\">\n<p>Totalt finns 104 uppdrag, fr\u00e5gest\u00e4llningar, uppmaningar och samtalspunkter som de som spelar kan l\u00e4sa, fundera, diskutera och g\u00f6ra.<\/p>\n<\/div>\n<\/div>\n\n\n\n<figure class=\"wp-block-image size-full\"><img loading=\"lazy\" decoding=\"async\" width=\"998\" height=\"556\" src=\"https:\/\/skola.karlstad.se\/gronatraden\/wp-content\/uploads\/sites\/1520\/2025\/09\/kortlek-2-1.jpg\" alt=\"\" class=\"wp-image-1782\" srcset=\"https:\/\/skola.karlstad.se\/gronatraden\/wp-content\/uploads\/sites\/1520\/2025\/09\/kortlek-2-1.jpg 998w, https:\/\/skola.karlstad.se\/gronatraden\/wp-content\/uploads\/sites\/1520\/2025\/09\/kortlek-2-1-300x167.jpg 300w, https:\/\/skola.karlstad.se\/gronatraden\/wp-content\/uploads\/sites\/1520\/2025\/09\/kortlek-2-1-768x428.jpg 768w\" sizes=\"auto, (max-width: 767px) 89vw, (max-width: 1000px) 54vw, (max-width: 1071px) 543px, 580px\" \/><\/figure>\n\n\n\n<p>Om samtalen leder till id\u00e9er till f\u00f6r\u00e4ndringar finns det ocks\u00e5 i kortleken instruktioner och qr-kod f\u00f6r att l\u00e4mna e-f\u00f6rslag till kommunen. Vem vet, kanske blir ni n\u00e4sta generations milj\u00f6hj\u00e4ltar! <\/p>\n\n\n\n<div class=\"wp-block-columns is-layout-flex wp-container-core-columns-is-layout-9d6595d7 wp-block-columns-is-layout-flex\">\n<div class=\"wp-block-column is-layout-flow wp-block-column-is-layout-flow\" style=\"flex-basis:33.33%\">\n<figure class=\"wp-block-image size-full\"><img loading=\"lazy\" decoding=\"async\" width=\"496\" height=\"756\" src=\"https:\/\/skola.karlstad.se\/gronatraden\/wp-content\/uploads\/sites\/1520\/2025\/09\/kortlek-framsida-2.jpg\" alt=\"\" class=\"wp-image-1783\" srcset=\"https:\/\/skola.karlstad.se\/gronatraden\/wp-content\/uploads\/sites\/1520\/2025\/09\/kortlek-framsida-2.jpg 496w, https:\/\/skola.karlstad.se\/gronatraden\/wp-content\/uploads\/sites\/1520\/2025\/09\/kortlek-framsida-2-197x300.jpg 197w\" sizes=\"auto, (max-width: 496px) 100vw, 496px\" \/><\/figure>\n<\/div>\n\n\n\n<div class=\"wp-block-column is-layout-flow wp-block-column-is-layout-flow\" style=\"flex-basis:66.66%\">\n<p>Omslagsbilden \u00e4r ritad av Isak och var det vinnande bidraget i en teckningst\u00e4vling som arrangerades av parklekarna. <\/p>\n\n\n\n<p>Kortleken \u00e4r utdelad till alla parklekar, skolor och f\u00f6rskolor i kommunen och kan anv\u00e4ndas p\u00e5 raster, p\u00e5 fritids eller i annan undervisning. <\/p>\n\n\n\n<p>Om du vill ha fler kortlekar &#8211; h\u00f6r av dig till <a href=\"mailto:gronatraden@karlstad.se\">gronatraden@karlstad.se<\/a>. Skriv ocks\u00e5 hur du har t\u00e4nkt att anv\u00e4nda dem.  <\/p>\n<\/div>\n<\/div>\n","protected":false},"excerpt":{"rendered":"<p>Tillsammans med kultur- och fritidsf\u00f6rvaltningen har Gr\u00f6na tr\u00e5den tagit fram en kortlek f\u00f6r att skapa m\u00f6jlighet att prata och diskutera om viktiga saker som milj\u00f6 och h\u00e5llbar utveckling &#8211; p\u00e5 ett roligt och sp\u00e4nnande s\u00e4tt. Korten i kortleken \u00e4r uppdelade i fyra olika kategorier: Totalt finns 104 uppdrag, fr\u00e5gest\u00e4llningar, uppmaningar och samtalspunkter som de som &hellip; <\/p>\n<p class=\"link-more\"><a href=\"https:\/\/skola.karlstad.se\/gronatraden\/tanka-gront-en-kortlek-for-spel-och-prat\/\" class=\"more-link\">Forts\u00e4tt l\u00e4sa<span class=\"screen-reader-text\"> \u201d&#8221;T\u00e4nka gr\u00f6nt&#8221; &#8211; en kortlek f\u00f6r spel och prat\u201d<\/span><\/a><\/p>\n","protected":false},"author":42,"featured_media":0,"parent":0,"menu_order":0,"comment_status":"closed","ping_status":"closed","template":"","meta":{"footnotes":""},"class_list":["post-1777","page","type-page","status-publish","hentry"],"_links":{"self":[{"href":"https:\/\/skola.karlstad.se\/gronatraden\/wp-json\/wp\/v2\/pages\/1777","targetHints":{"allow":["GET"]}}],"collection":[{"href":"https:\/\/skola.karlstad.se\/gronatraden\/wp-json\/wp\/v2\/pages"}],"about":[{"href":"https:\/\/skola.karlstad.se\/gronatraden\/wp-json\/wp\/v2\/types\/page"}],"author":[{"embeddable":true,"href":"https:\/\/skola.karlstad.se\/gronatraden\/wp-json\/wp\/v2\/users\/42"}],"replies":[{"embeddable":true,"href":"https:\/\/skola.karlstad.se\/gronatraden\/wp-json\/wp\/v2\/comments?post=1777"}],"version-history":[{"count":7,"href":"https:\/\/skola.karlstad.se\/gronatraden\/wp-json\/wp\/v2\/pages\/1777\/revisions"}],"predecessor-version":[{"id":1800,"href":"https:\/\/skola.karlstad.se\/gronatraden\/wp-json\/wp\/v2\/pages\/1777\/revisions\/1800"}],"wp:attachment":[{"href":"https:\/\/skola.karlstad.se\/gronatraden\/wp-json\/wp\/v2\/media?parent=1777"}],"curies":[{"name":"wp","href":"https:\/\/api.w.org\/{rel}","templated":true}]}}