{"id":1870,"date":"2025-10-29T09:14:34","date_gmt":"2025-10-29T08:14:34","guid":{"rendered":"https:\/\/skola.karlstad.se\/gronatraden\/?page_id=1870"},"modified":"2025-11-26T08:31:31","modified_gmt":"2025-11-26T07:31:31","slug":"globalakarlstad","status":"publish","type":"page","link":"https:\/\/skola.karlstad.se\/gronatraden\/globalakarlstad\/","title":{"rendered":"Globala Karlstads bingobrickor"},"content":{"rendered":"\n<p>F\u00f6r att uppm\u00e4rksamma Globala Karlstad som p\u00e5g\u00e5r 10-23 november finns det m\u00f6jlighet f\u00f6r f\u00f6rskolor och skolor att vara med och t\u00e4vla med bingobrickor. G\u00f6r s\u00e5 m\u00e5nga av aktiviteterna som m\u00f6jligt &#8211; en del g\u00e5r snabbt och andra \u00e4r st\u00f6rre utmaningar. Bland de f\u00f6rskolor och skolor som har st\u00f6rst andel aktiva barn\/elever kommer vi att lotta ut fina priser fr\u00e5n Fritidsbanken! Ni har ocks\u00e5 chans att vinna fina Fairtrade-priser! Bingobrickorna \u00e4r framtagna i samarbete med milj\u00f6f\u00f6rvaltningen.<\/p>\n\n\n\n<p>G\u00e5 direkt till <a href=\"https:\/\/skola.karlstad.se\/gronatraden\/globalakarlstad#bingoforskola\" data-type=\"page\" data-id=\"1870\">instruktioner f\u00f6r f\u00f6rskola<\/a> &#8211; <a href=\"https:\/\/skola.karlstad.se\/gronatraden\/globalakarlstad#bingogrundskola\" data-type=\"page\" data-id=\"1870\">instruktioner f\u00f6r grundskola &amp; fritidshem<\/a>. <\/p>\n\n\n\n<p><a href=\"https:\/\/forms.office.com\/e\/0txqPTVXkE\" target=\"_blank\" rel=\"noreferrer noopener\">Fyll i detta formul\u00e4r n\u00e4r ni gjort n\u00e5gra av aktiviteterna, senast 30 november f\u00f6r att delta i utlottningen<\/a>.<\/p>\n\n\n\n<p>Att arbeta med h\u00e5llbar utveckling \u00e4r en grund i utbildningen b\u00e5de i f\u00f6rskola och grundskola, bland annat st\u00e5r det i l\u00e4roplanerna: <\/p>\n\n\n\n<ul class=\"wp-block-list\">\n<li><em>F\u00f6rskolan ska ge varje barn f\u00f6ruts\u00e4ttningar att utveckla ett v\u00e4xande ansvar och intresse f\u00f6r h\u00e5llbar utveckling och att aktivt delta i samh\u00e4llet.<\/em> (Lpf\u00f6 25)<\/li>\n\n\n\n<li><em>Skolan ska ansvara f\u00f6r att varje elev efter genomg\u00e5ngen grundskola har f\u00e5tt kunskaper om f\u00f6ruts\u00e4ttningarna f\u00f6r en god milj\u00f6 och en h\u00e5llbar utveckling<\/em><strong>.<\/strong> (Lgr 22)<\/li>\n<\/ul>\n\n\n\n<div class=\"wp-block-columns is-layout-flex wp-container-core-columns-is-layout-9d6595d7 wp-block-columns-is-layout-flex\">\n<div class=\"wp-block-column is-layout-flow wp-block-column-is-layout-flow\">\n<figure class=\"wp-block-image size-full\"><img loading=\"lazy\" decoding=\"async\" width=\"631\" height=\"879\" src=\"https:\/\/skola.karlstad.se\/gronatraden\/wp-content\/uploads\/sites\/1520\/2025\/11\/bingobricka-forskola.jpg\" alt=\"\" class=\"wp-image-1931\" srcset=\"https:\/\/skola.karlstad.se\/gronatraden\/wp-content\/uploads\/sites\/1520\/2025\/11\/bingobricka-forskola.jpg 631w, https:\/\/skola.karlstad.se\/gronatraden\/wp-content\/uploads\/sites\/1520\/2025\/11\/bingobricka-forskola-215x300.jpg 215w\" sizes=\"auto, (max-width: 631px) 100vw, 631px\" \/><\/figure>\n\n\n\n<p><a href=\"http:\/\/skola.karlstad.se\/gronatraden\/wp-content\/uploads\/sites\/1520\/2025\/11\/Bingobricka-forskola-Globala-Karlstad-2025.pdf\" target=\"_blank\" rel=\"noreferrer noopener\">Bingobricka f\u00f6r f\u00f6rskolor &#8211; ladda ned<\/a><\/p>\n<\/div>\n\n\n\n<div class=\"wp-block-column is-layout-flow wp-block-column-is-layout-flow\">\n<figure class=\"wp-block-image size-full\"><img loading=\"lazy\" decoding=\"async\" width=\"626\" height=\"867\" src=\"https:\/\/skola.karlstad.se\/gronatraden\/wp-content\/uploads\/sites\/1520\/2025\/11\/bingobricka-grundskola.jpg\" alt=\"\" class=\"wp-image-1932\" srcset=\"https:\/\/skola.karlstad.se\/gronatraden\/wp-content\/uploads\/sites\/1520\/2025\/11\/bingobricka-grundskola.jpg 626w, https:\/\/skola.karlstad.se\/gronatraden\/wp-content\/uploads\/sites\/1520\/2025\/11\/bingobricka-grundskola-217x300.jpg 217w\" sizes=\"auto, (max-width: 626px) 100vw, 626px\" \/><\/figure>\n\n\n\n<p><a href=\"http:\/\/skola.karlstad.se\/gronatraden\/wp-content\/uploads\/sites\/1520\/2025\/11\/Bingobricka-grundskola-Globala-Karlstad-2025.pdf\" target=\"_blank\" rel=\"noreferrer noopener\">Bingobricka f\u00f6r grundskola &amp; fritidshem &#8211; ladda ned<\/a><\/p>\n<\/div>\n<\/div>\n\n\n\n<p><\/p>\n\n\n\n<p id=\"bingoforskola\"><span style=\"text-decoration: underline\"><strong>Bingobricka f\u00f6r f\u00f6rskolor &#8211; instruktioner och l\u00e4nkar<\/strong><\/span><\/p>\n\n\n\n<figure class=\"wp-block-table\"><table><tbody><tr><td>L\u00e4r er om Globala Karlstad<\/td><td>L\u00e4r er om Globala Karlstad.<br><a href=\"https:\/\/karlstadskommunonline.sharepoint.com\/:p:\/s\/Laboratoriet168\/EWCBirmZKiVIqBPAvy7I-KkByblRfO5Aly9e2GLI5km4wQ?e=1ABdvb\" target=\"_blank\" rel=\"noreferrer noopener\">Se Powerpoint<\/a> och <a href=\"https:\/\/karlstad.se\/uppleva-och-gora\/evenemang\/globala-karlstad\" target=\"_blank\" rel=\"noreferrer noopener\">l\u00e4s mer h\u00e4r<\/a><\/td><\/tr><tr><td>G\u00f6r en turistbroschyr<\/td><td>G\u00f6r en turistbroschyr \u00f6ver ert n\u00e4romr\u00e5de med saker ni gillar att g\u00f6ra och platser ni gillar att bes\u00f6ka. Dela ut till era grannar.<\/td><\/tr><tr><td>Lek en lek om ekologi<\/td><td>G\u00f6r aktiviteten \u201dTr\u00e4dutforskarna\u201d fr\u00e5n Soll\u00e5dan \u201dNatur i v\u00e5r n\u00e4rmilj\u00f6\u201d, se <a href=\"https:\/\/karlstadskommunonline.sharepoint.com\/:b:\/s\/Laboratoriet168\/EbDpLuDT9XtAjJLI9azLrUIBNeyYVc1SjdK79Z6JGgRQcg?e=VCoWQ8\" target=\"_blank\" rel=\"noreferrer noopener\">l\u00e4rarhandledningen f\u00f6r f\u00f6rskolan sid 28<\/a>.<\/td><\/tr><tr><td>L\u00e4r ut n\u00e5got<\/td><td>L\u00e4r ut n\u00e5got du kan till n\u00e5gon annan. Det kan vara n\u00e5got du l\u00e4rt dig p\u00e5 f\u00f6rskolan eller n\u00e5gon annanstans. <\/td><\/tr><tr><td>G\u00f6r en skr\u00e4pplockar-promenad<\/td><td>Plocka skr\u00e4p i ditt n\u00e4romr\u00e5de och sortera skr\u00e4pet p\u00e5 r\u00e4tt st\u00e4lle. Ta reda p\u00e5 hur l\u00e4nge olika sorters skr\u00e4p stannar kvar i naturen.<\/td><\/tr><tr><td>G\u00f6r n\u00e5got bra f\u00f6r ett djur<\/td><td>G\u00f6r t.ex. f\u00e5gelmatare, insektshotell, faunadep\u00e5, igelkottsbon, fladdermusholk, f\u00e5gelholk &nbsp;eller n\u00e5got annat. Det beh\u00f6ver inte vara stort och kostsamt f\u00f6r att gynna den biologiska m\u00e5ngfalden. Se tips hos <a href=\"https:\/\/www.naturskyddsforeningen.se\/projekt\/vilda-grannar\/\" target=\"_blank\" rel=\"noreferrer noopener\">Naturskyddsf\u00f6reningen, Vilda Grannar<\/a><\/td><\/tr><tr><td>Engagera er i Musikhj\u00e4lpen<\/td><td>L\u00e4r er mer om Musikhj\u00e4lpen och \u00e5rets tema \u201dAlla barns r\u00e4tt till skola\u201d, som ocks\u00e5 \u00e4r ett av de globala m\u00e5len. Prata om temat p\u00e5 f\u00f6rskolan och fundera p\u00e5 hur ni vill engagera er i Musikhj\u00e4lpen den 1-7 december.<br>L\u00e4s mer p\u00e5 <a href=\"https:\/\/karlstad.se\/flytta-till-karlstadsregionen\/musikhjalpen-i-karlstad\">karlstad.se<\/a> och <a href=\"https:\/\/bossan.musikhjalpen.se\/\" target=\"_blank\" rel=\"noreferrer noopener\">musikhjalpen.se<\/a><\/td><\/tr><tr><td>Odla n\u00e5got<\/td><td>Leta upp ekollon eller kastanjer och f\u00f6rs\u00f6k f\u00e5 dem att gro, plantera sedan i jord och ge bort din tr\u00e4dplanta till n\u00e5gon.<\/td><\/tr><tr><td>G\u00f6r ett konstverk<\/td><td>G\u00f6r ett konstverk tillsammans om n\u00e5got eller flera av de <a href=\"https:\/\/globalamalen.se\/\" target=\"_blank\" rel=\"noreferrer noopener\">globala m\u00e5len<\/a>. Anv\u00e4nd skr\u00e4p eller naturmaterial. H\u00e4ng upp s\u00e5 att alla kan se.<\/td><\/tr><tr><td>G\u00f6r en hinderbana<\/td><td>G\u00f6r aktiviteten \u201dSkogens hinderbana\u201d fr\u00e5n Soll\u00e5dan \u201dNatur i v\u00e5r n\u00e4rmilj\u00f6\u201d, se <a href=\"https:\/\/karlstadskommunonline.sharepoint.com\/:b:\/s\/Laboratoriet168\/EbDpLuDT9XtAjJLI9azLrUIBNeyYVc1SjdK79Z6JGgRQcg?e=VCoWQ8\" target=\"_blank\" rel=\"noreferrer noopener\">l\u00e4rarhandledningen f\u00f6r f\u00f6rskola sid 97<\/a>.<\/td><\/tr><tr><td>Ge bort n\u00e5got som du sj\u00e4lv gjort<\/td><td>Ge bort n\u00e5got till n\u00e5gon annan som du sj\u00e4lv har gjort<\/td><\/tr><tr><td>Kom p\u00e5 super-hj\u00e4ltar<\/td><td>Om du var en superhj\u00e4lte f\u00f6r milj\u00f6n, vad skulle din superkraft vara? Rita bilder eller skriv ber\u00e4ttelser om era nya superhj\u00e4ltar. G\u00f6r g\u00e4rna en utst\u00e4llning. <\/td><\/tr><tr><td>Testa ny mat<\/td><td>V\u00e5ga prova ny mat n\u00e5gon g\u00e5ng under vecka. <a href=\"https:\/\/karlstadskommunonline.sharepoint.com\/:f:\/s\/Laboratoriet168\/EkMoIgfiD0ZFl7HGEclW9qUBuciuA2PuQ3yB5aMy6resWg?e=6gwRej\" target=\"_blank\" rel=\"noreferrer noopener\">Se materialet Matmodig f\u00f6r inspiration<\/a>.<\/td><\/tr><tr><td>L\u00e4r er mer om vatten<\/td><td>Diskutera n\u00e4r man beh\u00f6ver vatten (mat, odla, hygien) och om vi anv\u00e4nder vatten i \u201con\u00f6dan\u201d<br><a href=\"https:\/\/globalamalen.se\/skola\/skolmaterial\/framtidsmal-ta-hand-om-vatten\/\">Framtidsm\u00e5l: Ta hand om v\u00e5rt vatten! &#8211; Globala m\u00e5len<\/a><\/td><\/tr><tr><td>Ha en sk\u00e4rmfri dag<\/td><td>Alla p\u00e5 f\u00f6rskolan ska ha en helt sk\u00e4rmfri dag minst en dag. Vad gjorde ni ist\u00e4llet f\u00f6r sk\u00e4rm?<\/td><\/tr><tr><td>Se en film om h\u00e5llbarhet<\/td><td>Se en film om vikten av v\u00e5r f\u00f6rst\u00e5else f\u00f6r samband i naturen och ett h\u00e5llbart ekologiskt t\u00e4nkande &#8211; <a href=\"https:\/\/urplay.se\/program\/216842-galonisarna-snigel-och-snacka\" target=\"_blank\" rel=\"noreferrer noopener\">Galonisarna<\/a>. <\/td><\/tr><tr><td>Hemliga kompisar<\/td><td>Ha en hemlig kompis som du hj\u00e4lper med n\u00e5got eller leker med en stund.<\/td><\/tr><tr><td>Uppt\u00e4ck sp\u00e5r av m\u00e4nniskan<\/td><td>G\u00f6r aktiviteten \u201dSp\u00e5r av m\u00e4nniskan\u201d fr\u00e5n Soll\u00e5dan \u201dNatur i v\u00e5r n\u00e4rmilj\u00f6\u201d, se <a href=\"https:\/\/karlstadskommunonline.sharepoint.com\/:b:\/s\/Laboratoriet168\/EbDpLuDT9XtAjJLI9azLrUIBNeyYVc1SjdK79Z6JGgRQcg?e=VCoWQ8\" target=\"_blank\" rel=\"noreferrer noopener\">l\u00e4rarhandledningen f\u00f6r f\u00f6rskolan sid 73<\/a>.<\/td><\/tr><tr><td>L\u00e4r er mer om barn i v\u00e4rlden<\/td><td>L\u00e4r er mer om hur barn har det i olika l\u00e4nder. L\u00e4s eller titta i b\u00f6cker fr\u00e5n olika delar av v\u00e4rlden samtala med barnen om vad ni ser.<br>Eller l\u00e4s mer p\u00e5 dessa sidor:<br><a href=\"https:\/\/globalamalen.se\/skola\/skolmaterial\/hur-bor-man-olika-lander\/\" target=\"_blank\" rel=\"noreferrer noopener\">Hur bor man i olika l\u00e4nder &#8211; Globala m\u00e5len<\/a><br><a href=\"https:\/\/www.gapminder.org\/dollar-street?lng=sv-SE\" target=\"_blank\" rel=\"noreferrer noopener\">Dollar Street &#8211; Gapminder<\/a><\/td><\/tr><tr><td>G\u00e5 ut, njut och utforska<\/td><td>G\u00f6r aktiviteten \u201dNaturens p\u00e5verkan p\u00e5 m\u00e4nniskan\u201d fr\u00e5n Soll\u00e5dan \u201dNatur i v\u00e5r n\u00e4rmilj\u00f6\u201d, se <a href=\"https:\/\/karlstadskommunonline.sharepoint.com\/:b:\/s\/Laboratoriet168\/EbDpLuDT9XtAjJLI9azLrUIBNeyYVc1SjdK79Z6JGgRQcg?e=VCoWQ8\" target=\"_blank\" rel=\"noreferrer noopener\">l\u00e4rarhandledning f\u00f6r f\u00f6rskolan sid 95<\/a>.<\/td><\/tr><tr><td>L\u00e4r er om Fairtrade<\/td><td>Visste ni att <a href=\"https:\/\/karlstad.se\/kommun-och-politik\/sa-arbetar-vi-med\/miljo-och-hallbarhet\/karlstad-ar-en-fairtrade-city\" target=\"_blank\" rel=\"noreferrer noopener\">Karlstad \u00e4r en Fairtrade City<\/a>? L\u00e4s mer om <a href=\"https:\/\/fairtrade.se\/\" target=\"_blank\" rel=\"noreferrer noopener\">Fairtrade h\u00e4r<\/a> och <a href=\"https:\/\/fairtrade.se\/engagemang\/engagera-flera\/fairtrade-i-skolan\/\" target=\"_blank\" rel=\"noreferrer noopener\">kika p\u00e5 f\u00f6rskolematerialet h\u00e4r<\/a>.<\/td><\/tr><tr><td>Laga n\u00e5got trasigt<\/td><td>Laga n\u00e5got som \u00e4r trasigt!<\/td><\/tr><tr><td>Skicka in ett f\u00f6rslag f\u00f6r milj\u00f6n<\/td><td>Kom p\u00e5 en id\u00e9 p\u00e5 n\u00e5got som kan f\u00f6rb\u00e4ttra milj\u00f6n och skicka f\u00f6rslaget till n\u00e5gon som best\u00e4mmer \u2013 rektor eller <a href=\"https:\/\/karlstad.se\/kommun-och-politik\/delta-och-paverka\/e-forslag\" target=\"_blank\" rel=\"noreferrer noopener\">e-f\u00f6rslag till kommunen<\/a>.<\/td><\/tr><tr><td>Ge n\u00e5gon en komplimang<\/td><td>Ja, ge n\u00e5gon en komplimang helt enkelt! &#x2764;&#xfe0f;<\/td><\/tr><\/tbody><\/table><\/figure>\n\n\n\n<p id=\"bingogrundskola\"><span style=\"text-decoration: underline\"><strong>Bingobricka f\u00f6r grundskola och fritidshem &#8211; instruktioner och l\u00e4nkar<\/strong><\/span><\/p>\n\n\n\n<figure class=\"wp-block-table\"><table><tbody><tr><td>L\u00e4r er om Globala Karlstad<\/td><td>L\u00e4r er om Globala Karlstad. <br><a href=\"https:\/\/karlstadskommunonline.sharepoint.com\/:p:\/s\/Laboratoriet168\/Ebsxu9FWqipMjlch2pl8NhsBMFYaX1jSI1BIHC-8jq2l6g?e=5jd6Zj\" target=\"_blank\" rel=\"noreferrer noopener\">Se Powerpoint<\/a> och <a href=\"https:\/\/karlstad.se\/uppleva-och-gora\/evenemang\/globala-karlstad\" target=\"_blank\" rel=\"noreferrer noopener\">l\u00e4s mer h\u00e4r<\/a><\/td><\/tr><tr><td>Cykla, g\u00e5 eller \u00e5k buss till skolan<\/td><td>Minst h\u00e4lften av eleverna i klassen\/avdelningen ska cykla, g\u00e5 eller \u00e5ka buss till skolan. Prata om vad som skulle det g\u00f6ra l\u00e4ttare f\u00f6r fler att ta sig fram klimatsmart.<\/td><\/tr><tr><td>Lek en lek om ekologi<\/td><td>G\u00f6r n\u00e5gon av dessa aktiviteter fr\u00e5n Soll\u00e5dan \u201dNatur i v\u00e5r n\u00e4rmilj\u00f6\u201d<br>&#8211; <a href=\"https:\/\/karlstadskommunonline.sharepoint.com\/:b:\/s\/Laboratoriet168\/EWdIWngMCMBLid1ZPxYCJ84B_vQECWOfkhkMqatkXHxleQ?e=sroTEp\" target=\"_blank\" rel=\"noreferrer noopener\">\u201dDjurens olympiad\u201d, se l\u00e4rarhandledning f\u00f6r \u00e5k F-3 sid 82<\/a> (passar \u00e4ven \u00e4ldre elever)<br>&#8211; <a href=\"https:\/\/karlstadskommunonline.sharepoint.com\/:b:\/s\/Laboratoriet168\/EdyUasZVbihJm1kP7HRuLDgBdItWtEVucua4DBItDPnqmw?e=ZgxrNY\" target=\"_blank\" rel=\"noreferrer noopener\">\u201dTrassel i n\u00e4ringsv\u00e4ven\u201d fr\u00e5n l\u00e4rarhandledning f\u00f6r \u00e5k 4-6 sid 78<\/a> (passar \u00e4ven yngre och \u00e4ldre elever).<\/td><\/tr><tr><td>L\u00e4r er om en r\u00f6dlistad art<\/td><td>V\u00e4lj ut en r\u00f6dlistad art och l\u00e4r dig mer om den. <a href=\"https:\/\/www.wwf.se\/biologisk-mangfald\/utrotningshotade-och-utdoda-djur-insekter-och-vaxter\/#varfor-dor-vissa-arter-ut\" target=\"_blank\" rel=\"noreferrer noopener\">L\u00e4s mer h\u00e4r<\/a><\/td><\/tr><tr><td>G\u00f6r en skr\u00e4pplockar-promenad<\/td><td>Plocka skr\u00e4p i ditt n\u00e4romr\u00e5de och sortera skr\u00e4pet p\u00e5 r\u00e4tt st\u00e4lle. Ta reda p\u00e5 hur l\u00e4nge olika sorters skr\u00e4p stannar kvar i naturen.<\/td><\/tr><tr><td>G\u00f6r n\u00e5got bra f\u00f6r ett djur<\/td><td>G\u00f6r t.ex. f\u00e5gelmatare, insektshotell, faunadep\u00e5, igelkottsbon, fladdermusholk, f\u00e5gelholk &nbsp;eller n\u00e5got annat. Det beh\u00f6ver inte vara stort och kostsamt f\u00f6r att gynna den biologiska m\u00e5ngfalden. Se tips hos <a href=\"https:\/\/www.naturskyddsforeningen.se\/projekt\/vilda-grannar\/\" target=\"_blank\" rel=\"noreferrer noopener\">Naturskyddsf\u00f6reningen, Vilda Grannar<\/a><\/td><\/tr><tr><td>Engagera er i Musikhj\u00e4lpen<\/td><td>L\u00e4r er mer om Musikhj\u00e4lpen och \u00e5rets tema \u201dAlla barns r\u00e4tt till skola\u201d, som ocks\u00e5 \u00e4r ett av de globala m\u00e5len. Prata om temat i klassen och fundera p\u00e5 hur ni vill engagera er i Musikhj\u00e4lpen den 1-7 december.<br>L\u00e4s mer p\u00e5 <a href=\"https:\/\/karlstad.se\/flytta-till-karlstadsregionen\/musikhjalpen-i-karlstad\">karlstad.se<\/a> och <a href=\"https:\/\/bossan.musikhjalpen.se\/\" target=\"_blank\" rel=\"noreferrer noopener\">musikhjalpen.se<\/a><\/td><\/tr><tr><td>Anv\u00e4nd kortleken \u201dT\u00e4nka gr\u00f6nt\u201d<\/td><td>Anv\u00e4nd kortleken \u201dT\u00e4nka gr\u00f6nt\u201d och diskutera olika fr\u00e5gor. <br><a href=\"https:\/\/skola.karlstad.se\/gronatraden\/tanka-gront-en-kortlek-for-spel-och-prat\/\">Se mer info h\u00e4r<\/a><\/td><\/tr><tr><td>G\u00e5 p\u00e5 energijakt<\/td><td>Spara energi! G\u00e5 p\u00e5 energijakt i skolan eller hemma. St\u00e4ng av apparater helt och sl\u00e4ck lamporna n\u00e4r de inte anv\u00e4nds. Dra ur laddare n\u00e4r de inte anv\u00e4nds.<\/td><\/tr><tr><td>L\u00e4r er om och kolla i Smarta Kartan<\/td><td><a href=\"https:\/\/karlstadskommunonline.sharepoint.com\/:p:\/s\/Laboratoriet168\/ESWLvBHtBIhJvCWhW82TESYBtwRW7TUE7R-a4h3KaBxNTw?e=AqcQHY\" target=\"_blank\" rel=\"noreferrer noopener\">Se Powerpoint <\/a>och bes\u00f6k sedan <a href=\"https:\/\/www.smartakartan.se\/karlstad\/\" target=\"_blank\" rel=\"noreferrer noopener\">Smarta Kartan Karlstad<\/a>. <br>&#8211; Vilken verksamhet ligger n\u00e4rmast dig?<br>&#8211; Hur m\u00e5nga Fritidsbanker finns det i Karlstad?<br>&#8211; Tipsa en vuxen om Smarta Kartan<\/td><\/tr><tr><td>Ge bort n\u00e5got som du sj\u00e4lv gjort<\/td><td>Ge bort n\u00e5got till n\u00e5gon annan som du sj\u00e4lv har gjort<\/td><\/tr><tr><td>G\u00e5 en lyssnings-promenad i n\u00e4romr\u00e5det<\/td><td>Ta en promenad i n\u00e4romr\u00e5det och helst om det finns en skog och lyssna p\u00e5 ljuden d\u00e4r.<\/td><\/tr><tr><td>Testa en ny vegetarisk r\u00e4tt<\/td><td>Prata om vilka vegetariska alternativ som finns till skollunch. Alla i klassen ska provsmaka minst en vegetarisk r\u00e4tt under en vecka. G\u00f6r en recension muntligt eller skriftligt.<\/td><\/tr><tr><td>L\u00e4r er mer om vatten<\/td><td>Diskutera n\u00e4r man beh\u00f6ver vatten (mat, odla, hygien) och om vi anv\u00e4nder vatten i \u201con\u00f6dan\u201d <br><a href=\"https:\/\/www.sida.se\/sida-i-varlden\/teman\/vatten-och-sanitet\" target=\"_blank\" rel=\"noreferrer noopener\">Sidas arbete med vatten och sanitet<\/a><br><a href=\"https:\/\/skola.karlstad.se\/gronatraden\/besok-ett-reningsverk\/\" target=\"_blank\" rel=\"noreferrer noopener\">\u00c5k p\u00e5 studiebes\u00f6k till reningsverket (\u00e5k 3-9)<\/a><\/td><\/tr><tr><td>Diskutera fr\u00e5gorna till Elevborgarr\u00e5det<\/td><td>P\u00e5b\u00f6rja arbetet med Elevborgarr\u00e5det. Diskutera fr\u00e5gorna:<br>&#8211; Hur kan Karlstads kommun bli mer inkluderande \u2013 s\u00e5 att fler k\u00e4nner sig v\u00e4lkomna, sedda och delaktiga i samh\u00e4llet?<br>&#8211; Vad skulle g\u00f6ra Karlstads kommun tryggare f\u00f6r barn och unga \u2013 i skolan, p\u00e5 n\u00e4tet och p\u00e5 fritiden?<br><a href=\"https:\/\/skola.karlstad.se\/elevborgarrad\/\" target=\"_blank\" rel=\"noreferrer noopener\">L\u00e4s mer om Elevborgarr\u00e5det h\u00e4r<\/a> och <a href=\"https:\/\/skola.karlstad.se\/elevborgarrad\/uppdrag-och-inspiration\/\" target=\"_blank\" rel=\"noreferrer noopener\">ladda ned inspirationsblad<\/a>. <\/td><\/tr><tr><td>L\u00e5na n\u00e5gon fr\u00e5n Yrkesbiblioteket<\/td><td>L\u00e5na en yrkesf\u00f6retr\u00e4dare fr\u00e5n <a href=\"http:\/\/tiny.cc\/yrkesbiblioteket\" target=\"_blank\" rel=\"noreferrer noopener\">Yrkesbiblioteket <\/a>och fr\u00e5ga hur den arbetar med h\u00e5llbar utveckling i sitt arbete<\/td><\/tr><tr><td>R\u00e4dda mat fr\u00e5n att kastas<\/td><td>Kom p\u00e5 hur man kan g\u00f6ra f\u00f6r att r\u00e4dda mat fr\u00e5n att kastas. G\u00f6r filmer, affischer eller en egen meny p\u00e5 mat som r\u00e4ddats (gamla bananer blir smoothie, gammal mj\u00f6lk blir pannkakor osv).<\/td><\/tr><tr><td>Hitta sp\u00e5r i n\u00e4rmilj\u00f6n<\/td><td>Var detektiver i aktiviteten \u201dV\u00e5ra sp\u00e5r i n\u00e4rmilj\u00f6n\u201d fr\u00e5n Soll\u00e5dan \u201dNatur i v\u00e5r n\u00e4rmilj\u00f6\u201d. Se l\u00e4rarhandledning <a href=\"https:\/\/karlstadskommunonline.sharepoint.com\/:b:\/s\/Laboratoriet168\/EWdIWngMCMBLid1ZPxYCJ84B_vQECWOfkhkMqatkXHxleQ?e=sroTEp\" target=\"_blank\" rel=\"noreferrer noopener\">f\u00f6r \u00e5k F-3 sid 105<\/a> och <a href=\"https:\/\/karlstadskommunonline.sharepoint.com\/:b:\/s\/Laboratoriet168\/EdyUasZVbihJm1kP7HRuLDgBdItWtEVucua4DBItDPnqmw?e=ZgxrNY\" target=\"_blank\" rel=\"noreferrer noopener\">\u00e5k 4-6 sid 85<\/a> (passar \u00e4ven \u00e4ldre elever).<\/td><\/tr><tr><td>Se en film om Globala m\u00e5len<\/td><td><a href=\"https:\/\/globalamalen.se\/material\/video\/\" target=\"_blank\" rel=\"noreferrer noopener\">Se n\u00e5gon av filmerna som finns h\u00e4r<\/a><\/td><\/tr><tr><td>K\u00e4nn, se och h\u00f6r ett tr\u00e4d<\/td><td>G\u00f6r aktiviteten fr\u00e5n Soll\u00e5dan \u201dNatur i v\u00e5r n\u00e4rmilj\u00f6\u201d \u201dK\u00e4nna, se och h\u00f6ra ett tr\u00e4d\u201d. Se <a href=\"https:\/\/karlstadskommunonline.sharepoint.com\/:b:\/s\/Laboratoriet168\/EWdIWngMCMBLid1ZPxYCJ84B_vQECWOfkhkMqatkXHxleQ?e=sroTEp\">l\u00e4rarhandledning f\u00f6r \u00e5k F-3 sid 34<\/a> (passar \u00e4ven \u00e4ldre elever).<\/td><\/tr><tr><td>L\u00e4r er om Fairtrade<\/td><td>Visste ni att <a href=\"https:\/\/karlstad.se\/kommun-och-politik\/sa-arbetar-vi-med\/miljo-och-hallbarhet\/karlstad-ar-en-fairtrade-city\" target=\"_blank\" rel=\"noreferrer noopener\">Karlstad \u00e4r en Fairtrade City<\/a>? L\u00e4s mer om <a href=\"https:\/\/fairtrade.se\/\" target=\"_blank\" rel=\"noreferrer noopener\">Fairtrade h\u00e4r<\/a><\/td><\/tr><tr><td>Laga n\u00e5got trasigt<\/td><td>Laga n\u00e5got som \u00e4r trasigt! Kanske i sl\u00f6jden?<\/td><\/tr><tr><td>Skicka in ett f\u00f6rslag f\u00f6r milj\u00f6n<\/td><td>Kom p\u00e5 en id\u00e9 p\u00e5 n\u00e5got som kan f\u00f6rb\u00e4ttra milj\u00f6n och skicka f\u00f6rslaget till n\u00e5gon som best\u00e4mmer \u2013 rektor eller <a href=\"https:\/\/karlstad.se\/kommun-och-politik\/delta-och-paverka\/e-forslag\" target=\"_blank\" rel=\"noreferrer noopener\">e-f\u00f6rslag till kommunen<\/a>.<\/td><\/tr><tr><td>Ge n\u00e5gon en komplimang<\/td><td>Ja, ge n\u00e5gon en komplimang helt enkelt! &#x2764;&#xfe0f;<\/td><\/tr><\/tbody><\/table><\/figure>\n","protected":false},"excerpt":{"rendered":"<p>F\u00f6r att uppm\u00e4rksamma Globala Karlstad som p\u00e5g\u00e5r 10-23 november finns det m\u00f6jlighet f\u00f6r f\u00f6rskolor och skolor att vara med och t\u00e4vla med bingobrickor. G\u00f6r s\u00e5 m\u00e5nga av aktiviteterna som m\u00f6jligt &#8211; en del g\u00e5r snabbt och andra \u00e4r st\u00f6rre utmaningar. Bland de f\u00f6rskolor och skolor som har st\u00f6rst andel aktiva barn\/elever kommer vi att lotta &hellip; <\/p>\n<p class=\"link-more\"><a href=\"https:\/\/skola.karlstad.se\/gronatraden\/globalakarlstad\/\" class=\"more-link\">Forts\u00e4tt l\u00e4sa<span class=\"screen-reader-text\"> \u201dGlobala Karlstads bingobrickor\u201d<\/span><\/a><\/p>\n","protected":false},"author":42,"featured_media":0,"parent":0,"menu_order":0,"comment_status":"closed","ping_status":"closed","template":"","meta":{"footnotes":""},"class_list":["post-1870","page","type-page","status-publish","hentry"],"_links":{"self":[{"href":"https:\/\/skola.karlstad.se\/gronatraden\/wp-json\/wp\/v2\/pages\/1870","targetHints":{"allow":["GET"]}}],"collection":[{"href":"https:\/\/skola.karlstad.se\/gronatraden\/wp-json\/wp\/v2\/pages"}],"about":[{"href":"https:\/\/skola.karlstad.se\/gronatraden\/wp-json\/wp\/v2\/types\/page"}],"author":[{"embeddable":true,"href":"https:\/\/skola.karlstad.se\/gronatraden\/wp-json\/wp\/v2\/users\/42"}],"replies":[{"embeddable":true,"href":"https:\/\/skola.karlstad.se\/gronatraden\/wp-json\/wp\/v2\/comments?post=1870"}],"version-history":[{"count":31,"href":"https:\/\/skola.karlstad.se\/gronatraden\/wp-json\/wp\/v2\/pages\/1870\/revisions"}],"predecessor-version":[{"id":1956,"href":"https:\/\/skola.karlstad.se\/gronatraden\/wp-json\/wp\/v2\/pages\/1870\/revisions\/1956"}],"wp:attachment":[{"href":"https:\/\/skola.karlstad.se\/gronatraden\/wp-json\/wp\/v2\/media?parent=1870"}],"curies":[{"name":"wp","href":"https:\/\/api.w.org\/{rel}","templated":true}]}}