{"id":1948,"date":"2025-11-11T09:57:28","date_gmt":"2025-11-11T08:57:28","guid":{"rendered":"https:\/\/skola.karlstad.se\/gronatraden\/?page_id=1948"},"modified":"2025-11-26T08:39:09","modified_gmt":"2025-11-26T07:39:09","slug":"plast-till-papp-challenge-vt-2026","status":"publish","type":"page","link":"https:\/\/skola.karlstad.se\/gronatraden\/plast-till-papp-challenge-vt-2026\/","title":{"rendered":"Plast till Papp Challenge vt 2026"},"content":{"rendered":"\n<figure class=\"wp-block-image\"><img loading=\"lazy\" decoding=\"async\" width=\"777\" height=\"548\" src=\"https:\/\/skola.karlstad.se\/gronatraden\/wp-content\/uploads\/sites\/1520\/2024\/12\/bild-plast-till-papp-1.jpg\" alt=\"\" class=\"wp-image-1295\" srcset=\"https:\/\/skola.karlstad.se\/gronatraden\/wp-content\/uploads\/sites\/1520\/2024\/12\/bild-plast-till-papp-1.jpg 777w, https:\/\/skola.karlstad.se\/gronatraden\/wp-content\/uploads\/sites\/1520\/2024\/12\/bild-plast-till-papp-1-300x212.jpg 300w, https:\/\/skola.karlstad.se\/gronatraden\/wp-content\/uploads\/sites\/1520\/2024\/12\/bild-plast-till-papp-1-768x542.jpg 768w\" sizes=\"auto, (max-width: 767px) 89vw, (max-width: 1000px) 54vw, (max-width: 1071px) 543px, 580px\" \/><\/figure>\n\n\n\n<p><strong>Ahlstrom, som \u00e4r ett v\u00e4rldsledande f\u00f6retag, vill ha elevers hj\u00e4lp med att skapa framtidens milj\u00f6v\u00e4nliga pappersprodukter!<\/strong><br>En innovativ utmaning fr\u00e5n Framtidsfr\u00f6n f\u00f6r elever i \u00e5k 4-9 med fokus p\u00e5 milj\u00f6 och h\u00e5llbarhet i samarbete med Ahlstrom. Vad som tillverkas av plast kan idag g\u00f6ras av papper? De fyra vinnande bidragen f\u00e5r pitcha sina id\u00e9er live inf\u00f6r Ahlstroms produktutvecklare och hela klassen f\u00e5r delta i en kreativ workshop.<br><br>Uppdraget passar s\u00e4rskilt bra f\u00f6r de som arbetar med eller nyligen arbetat med NTA-temat Papper, men alla klasser \u00e5k 4-9 kan s\u00e5klart anm\u00e4la sig. I\u00a0<a href=\"http:\/\/tiny.cc\/yrkesbiblioteket\">Yrkesbiblioteket\u00a0<\/a>finns mer tips p\u00e5 studiebes\u00f6k och andra aktiviteter f\u00f6r att samverka med arbetslivet. \u00a0<\/p>\n\n\n\n<p>Anm\u00e4l din klass senast fredag 30\/1 <br>Digital uppstartstr\u00e4ff f\u00f6r l\u00e4rare m\u00e5ndag 2\/2 15.30-16.15<br>Sista inl\u00e4mningsdag f\u00f6r uppdraget \u00e4r fredag 1\/5<br><br><a href=\"https:\/\/www.framtidsfron.se\/plast-till-papp\/\" target=\"_blank\" rel=\"noreferrer noopener\">L\u00e4s mer p\u00e5 Framtidsfr\u00f6ns webbplats<\/a> &#8211; d\u00e4r finns ocks\u00e5 filmer fr\u00e5n tidigare omg\u00e5ngar d\u00e5 Karlstads-skolor varit med och vunnit<\/p>\n\n\n\n<p><a href=\"https:\/\/skola.karlstad.se\/gronatraden\/wp-content\/uploads\/sites\/1520\/2025\/11\/VT26_Inbjudan-_Plast_till_Papp_Challenge.pdf\" target=\"_blank\" rel=\"noreferrer noopener\">Ladda ned som pdf<\/a><\/p>\n\n\n\n<p><\/p>\n","protected":false},"excerpt":{"rendered":"<p>Ahlstrom, som \u00e4r ett v\u00e4rldsledande f\u00f6retag, vill ha elevers hj\u00e4lp med att skapa framtidens milj\u00f6v\u00e4nliga pappersprodukter!En innovativ utmaning fr\u00e5n Framtidsfr\u00f6n f\u00f6r elever i \u00e5k 4-9 med fokus p\u00e5 milj\u00f6 och h\u00e5llbarhet i samarbete med Ahlstrom. Vad som tillverkas av plast kan idag g\u00f6ras av papper? De fyra vinnande bidragen f\u00e5r pitcha sina id\u00e9er live inf\u00f6r &hellip; <\/p>\n<p class=\"link-more\"><a href=\"https:\/\/skola.karlstad.se\/gronatraden\/plast-till-papp-challenge-vt-2026\/\" class=\"more-link\">Forts\u00e4tt l\u00e4sa<span class=\"screen-reader-text\"> \u201dPlast till Papp Challenge vt 2026\u201d<\/span><\/a><\/p>\n","protected":false},"author":42,"featured_media":0,"parent":0,"menu_order":0,"comment_status":"closed","ping_status":"closed","template":"","meta":{"footnotes":""},"class_list":["post-1948","page","type-page","status-publish","hentry"],"_links":{"self":[{"href":"https:\/\/skola.karlstad.se\/gronatraden\/wp-json\/wp\/v2\/pages\/1948","targetHints":{"allow":["GET"]}}],"collection":[{"href":"https:\/\/skola.karlstad.se\/gronatraden\/wp-json\/wp\/v2\/pages"}],"about":[{"href":"https:\/\/skola.karlstad.se\/gronatraden\/wp-json\/wp\/v2\/types\/page"}],"author":[{"embeddable":true,"href":"https:\/\/skola.karlstad.se\/gronatraden\/wp-json\/wp\/v2\/users\/42"}],"replies":[{"embeddable":true,"href":"https:\/\/skola.karlstad.se\/gronatraden\/wp-json\/wp\/v2\/comments?post=1948"}],"version-history":[{"count":4,"href":"https:\/\/skola.karlstad.se\/gronatraden\/wp-json\/wp\/v2\/pages\/1948\/revisions"}],"predecessor-version":[{"id":1961,"href":"https:\/\/skola.karlstad.se\/gronatraden\/wp-json\/wp\/v2\/pages\/1948\/revisions\/1961"}],"wp:attachment":[{"href":"https:\/\/skola.karlstad.se\/gronatraden\/wp-json\/wp\/v2\/media?parent=1948"}],"curies":[{"name":"wp","href":"https:\/\/api.w.org\/{rel}","templated":true}]}}