{"id":226,"date":"2024-04-24T11:20:41","date_gmt":"2024-04-24T09:20:41","guid":{"rendered":"https:\/\/skola.karlstad.se\/gronatraden\/?page_id=226"},"modified":"2025-10-27T09:59:45","modified_gmt":"2025-10-27T08:59:45","slug":"sopan","status":"publish","type":"page","link":"https:\/\/skola.karlstad.se\/gronatraden\/sopan\/","title":{"rendered":"Sopan"},"content":{"rendered":"\n<figure class=\"wp-block-image size-full\"><img loading=\"lazy\" decoding=\"async\" width=\"672\" height=\"388\" src=\"https:\/\/skola.karlstad.se\/gronatraden\/wp-content\/uploads\/sites\/1520\/2024\/04\/Sopan-4.jpg\" alt=\"\" class=\"wp-image-230\" srcset=\"https:\/\/skola.karlstad.se\/gronatraden\/wp-content\/uploads\/sites\/1520\/2024\/04\/Sopan-4.jpg 672w, https:\/\/skola.karlstad.se\/gronatraden\/wp-content\/uploads\/sites\/1520\/2024\/04\/Sopan-4-300x173.jpg 300w\" sizes=\"auto, (max-width: 672px) 100vw, 672px\" \/><\/figure>\n\n\n\n<p>Nu finns en ny m\u00f6jlighet f\u00f6r f\u00f6rskolor att ta del av f\u00f6rest\u00e4llningen Sopan. F\u00f6rest\u00e4llningen handlar om sopsortering och \u00e5tervinning och inspirerar till att arbeta vidare med \u00e4mnet. Under 2024 fick 900 barn fr\u00e5n elva f\u00f6rskolor ta del av f\u00f6rest\u00e4llningen. <\/p>\n\n\n\n<p><em>Sopan \u00e4r en smutsig liten figur som bor i skogen. Utanf\u00f6r hennes lilla hus v\u00e4xer soph\u00f6gen. Det tokiga \u00e4r att det \u00e4r Sopan sj\u00e4lv som sl\u00e4ngt allt skr\u00e4p i h\u00f6gen. Hon har ingen aning om att man inte f\u00e5r sl\u00e4nga skr\u00e4p i skogen men en dag knackar tv\u00e5 arga tanter p\u00e5 hennes d\u00f6rr och d\u00e5 b\u00f6rjar det h\u00e4nda saker som f\u00f6r\u00e4ndrar b\u00e5de Sopans och skogens liv\u2026 F\u00f6lj med p\u00e5 en sp\u00e4nnande ber\u00e4ttelse som varvas med medryckande s\u00e5nger som alla kan vara med p\u00e5! Barnen f\u00e5r hj\u00e4lpa Sopan att sortera mm.<\/em><\/p>\n\n\n\n<p><a href=\"https:\/\/open.spotify.com\/artist\/3LFqmxWsMtqf31ZsbXAGHW\" data-type=\"link\" data-id=\"https:\/\/open.spotify.com\/artist\/3LFqmxWsMtqf31ZsbXAGHW\" target=\"_blank\" rel=\"noreferrer noopener\">Lyssna p\u00e5 Sopans l\u00e5tar p\u00e5 Spotify<\/a><\/p>\n\n\n\n<p><a href=\"https:\/\/www.youtube.com\/watch?v=7Y_0s0bPC2A&amp;t=1450s\" data-type=\"link\" data-id=\"https:\/\/www.youtube.com\/watch?v=7Y_0s0bPC2A&amp;t=1450s\" target=\"_blank\" rel=\"noreferrer noopener\">Se hela f\u00f6rest\u00e4llningen p\u00e5 Youtube<\/a><\/p>\n\n\n\n<p><\/p>\n","protected":false},"excerpt":{"rendered":"<p>Nu finns en ny m\u00f6jlighet f\u00f6r f\u00f6rskolor att ta del av f\u00f6rest\u00e4llningen Sopan. F\u00f6rest\u00e4llningen handlar om sopsortering och \u00e5tervinning och inspirerar till att arbeta vidare med \u00e4mnet. Under 2024 fick 900 barn fr\u00e5n elva f\u00f6rskolor ta del av f\u00f6rest\u00e4llningen. Sopan \u00e4r en smutsig liten figur som bor i skogen. Utanf\u00f6r hennes lilla hus v\u00e4xer soph\u00f6gen. &hellip; <\/p>\n<p class=\"link-more\"><a href=\"https:\/\/skola.karlstad.se\/gronatraden\/sopan\/\" class=\"more-link\">Forts\u00e4tt l\u00e4sa<span class=\"screen-reader-text\"> \u201dSopan\u201d<\/span><\/a><\/p>\n","protected":false},"author":3593,"featured_media":0,"parent":0,"menu_order":0,"comment_status":"closed","ping_status":"closed","template":"","meta":{"footnotes":""},"class_list":["post-226","page","type-page","status-publish","hentry"],"_links":{"self":[{"href":"https:\/\/skola.karlstad.se\/gronatraden\/wp-json\/wp\/v2\/pages\/226","targetHints":{"allow":["GET"]}}],"collection":[{"href":"https:\/\/skola.karlstad.se\/gronatraden\/wp-json\/wp\/v2\/pages"}],"about":[{"href":"https:\/\/skola.karlstad.se\/gronatraden\/wp-json\/wp\/v2\/types\/page"}],"author":[{"embeddable":true,"href":"https:\/\/skola.karlstad.se\/gronatraden\/wp-json\/wp\/v2\/users\/3593"}],"replies":[{"embeddable":true,"href":"https:\/\/skola.karlstad.se\/gronatraden\/wp-json\/wp\/v2\/comments?post=226"}],"version-history":[{"count":12,"href":"https:\/\/skola.karlstad.se\/gronatraden\/wp-json\/wp\/v2\/pages\/226\/revisions"}],"predecessor-version":[{"id":1869,"href":"https:\/\/skola.karlstad.se\/gronatraden\/wp-json\/wp\/v2\/pages\/226\/revisions\/1869"}],"wp:attachment":[{"href":"https:\/\/skola.karlstad.se\/gronatraden\/wp-json\/wp\/v2\/media?parent=226"}],"curies":[{"name":"wp","href":"https:\/\/api.w.org\/{rel}","templated":true}]}}