{"id":233,"date":"2024-04-24T11:47:07","date_gmt":"2024-04-24T09:47:07","guid":{"rendered":"https:\/\/skola.karlstad.se\/gronatraden\/?page_id=233"},"modified":"2026-03-25T14:59:58","modified_gmt":"2026-03-25T13:59:58","slug":"skrapplockardagarna","status":"publish","type":"page","link":"https:\/\/skola.karlstad.se\/gronatraden\/skrapplockardagarna\/","title":{"rendered":"Skr\u00e4pplockardagarna"},"content":{"rendered":"\n<figure class=\"wp-block-image size-full\"><img loading=\"lazy\" decoding=\"async\" width=\"335\" height=\"190\" src=\"https:\/\/skola.karlstad.se\/gronatraden\/wp-content\/uploads\/sites\/1520\/2026\/03\/image.png\" alt=\"\" class=\"wp-image-2046\" srcset=\"https:\/\/skola.karlstad.se\/gronatraden\/wp-content\/uploads\/sites\/1520\/2026\/03\/image.png 335w, https:\/\/skola.karlstad.se\/gronatraden\/wp-content\/uploads\/sites\/1520\/2026\/03\/image-300x170.png 300w\" sizes=\"auto, (max-width: 335px) 100vw, 335px\" \/><\/figure>\n\n\n\n<p>Nu \u00e4r det dags att anm\u00e4la f\u00f6rskolor och skolor till skr\u00e4pplockardagarna!<\/p>\n\n\n\n<p>H\u00e5ll Sverige Rents kampanj Skr\u00e4pplockardagarna engagerar hundratusentals barn och unga varje \u00e5r genom sina f\u00f6rskolor och skolor. I \u00e5r p\u00e5g\u00e5r Skr\u00e4pplockardagarna 2 mars &#8211; 31 maj. \u00c5rets tema \u00e4r &#8221;h\u00e5llbar konsumtion&#8221;.<\/p>\n\n\n\n<p>F\u00f6rra \u00e5ret deltog barn och unga i princip varenda kommun i Sverige och engagerade sig i att plocka, prata och inte minst l\u00e4ra sig mer om nedskr\u00e4pning. I Karlstad var det n\u00e4stan 5000 barn och elever som deltog under 2025 och i \u00e5r \u00e4r det redan \u00f6ver 3000 anm\u00e4lda fr\u00e5n kommunen.<\/p>\n\n\n\n<p>Skr\u00e4pplockning \u00e4r en meningsfull och rolig aktivitet att g\u00f6ra tillsammans, oavsett \u00e5lder p\u00e5 barnen. Det v\u00e4cker fr\u00e5gor om milj\u00f6 och h\u00e5llbar utveckling och barnen l\u00e4r sig att nedskr\u00e4pning \u00e4r fel.<\/p>\n\n\n\n<p><a href=\"https:\/\/hsr.se\/event\/karlstads-skrapplockardagar-2026\" target=\"_blank\" rel=\"noreferrer noopener\">Anm\u00e4l din f\u00f6rskola eller skola till Skr\u00e4pplockardagarna 2026 p\u00e5 denna sida<\/a><\/p>\n\n\n\n<p><strong>Pedagogiskt material<\/strong><br>Det finns m\u00e4ngder av pedagogiskt material att arbeta vidare med kopplat till \u00e5tervinning och avfall. Vi vill passa p\u00e5 att tipsa om n\u00e5gra sidor med information som ni kan anv\u00e4nda i undervisningen:<br><a href=\"https:\/\/karlstadskommunonline.sharepoint.com\/:b:\/s\/Laboratoriet168\/IQCQ5HO_BckbRKssfrxqqxCrAVuL-E-1_Of825pXTbYI4l0?e=rOzvpd\" target=\"_blank\" rel=\"noreferrer noopener\">Pedagogiskt material &#8211; f\u00f6rskola<\/a> <br><a href=\"https:\/\/karlstadskommunonline.sharepoint.com\/:b:\/s\/Laboratoriet168\/IQCE1jrMJ-szS4DTu7EjRiG4AcvRdFxK7cl7CVlkupZpA4w?e=xSYlkd\" target=\"_blank\" rel=\"noreferrer noopener\">Pedagogiskt material &#8211; grundskola<\/a><\/p>\n\n\n\n<p><strong>\u00d6vrigt material<\/strong><br><a href=\"https:\/\/skola.karlstad.se\/gronatraden\/wp-content\/uploads\/sites\/1520\/2025\/03\/Skrapplockardagarna-Affisch-A3-spd-Vi-ar-med-original.pdf\" data-type=\"link\" data-id=\"https:\/\/skola.karlstad.se\/gronatraden\/wp-content\/uploads\/sites\/1520\/2025\/03\/Skrapplockardagarna-Affisch-A3-spd-Vi-ar-med-original.pdf\">Affisch att skriva ut och s\u00e4tta upp p\u00e5 f\u00f6rskolan\/skolan<\/a><\/p>\n\n\n\n<p><a href=\"https:\/\/hsr.se\/skrapplockardagarna\" data-type=\"link\" data-id=\"https:\/\/hsr.se\/skrapplockardagarna\" target=\"_blank\" rel=\"noreferrer noopener\">Mer information om Skr\u00e4pplockardagarna hittar ni h\u00e4r<\/a><\/p>\n\n\n\n<p>Information fr\u00e5n H\u00e5ll Sverige rent:<\/p>\n\n\n\n<figure class=\"wp-block-image size-full\"><img loading=\"lazy\" decoding=\"async\" width=\"944\" height=\"354\" src=\"https:\/\/skola.karlstad.se\/gronatraden\/wp-content\/uploads\/sites\/1520\/2025\/03\/Varfor-plocka-skrap-1.jpg\" alt=\"\" class=\"wp-image-1483\" srcset=\"https:\/\/skola.karlstad.se\/gronatraden\/wp-content\/uploads\/sites\/1520\/2025\/03\/Varfor-plocka-skrap-1.jpg 944w, https:\/\/skola.karlstad.se\/gronatraden\/wp-content\/uploads\/sites\/1520\/2025\/03\/Varfor-plocka-skrap-1-300x113.jpg 300w, https:\/\/skola.karlstad.se\/gronatraden\/wp-content\/uploads\/sites\/1520\/2025\/03\/Varfor-plocka-skrap-1-768x288.jpg 768w\" sizes=\"auto, (max-width: 767px) 89vw, (max-width: 1000px) 54vw, (max-width: 1071px) 543px, 580px\" \/><\/figure>\n\n\n\n<p><\/p>\n","protected":false},"excerpt":{"rendered":"<p>Nu \u00e4r det dags att anm\u00e4la f\u00f6rskolor och skolor till skr\u00e4pplockardagarna! H\u00e5ll Sverige Rents kampanj Skr\u00e4pplockardagarna engagerar hundratusentals barn och unga varje \u00e5r genom sina f\u00f6rskolor och skolor. I \u00e5r p\u00e5g\u00e5r Skr\u00e4pplockardagarna 2 mars &#8211; 31 maj. \u00c5rets tema \u00e4r &#8221;h\u00e5llbar konsumtion&#8221;. F\u00f6rra \u00e5ret deltog barn och unga i princip varenda kommun i Sverige och &hellip; <\/p>\n<p class=\"link-more\"><a href=\"https:\/\/skola.karlstad.se\/gronatraden\/skrapplockardagarna\/\" class=\"more-link\">Forts\u00e4tt l\u00e4sa<span class=\"screen-reader-text\"> \u201dSkr\u00e4pplockardagarna\u201d<\/span><\/a><\/p>\n","protected":false},"author":3593,"featured_media":0,"parent":0,"menu_order":0,"comment_status":"closed","ping_status":"closed","template":"","meta":{"footnotes":""},"class_list":["post-233","page","type-page","status-publish","hentry"],"_links":{"self":[{"href":"https:\/\/skola.karlstad.se\/gronatraden\/wp-json\/wp\/v2\/pages\/233","targetHints":{"allow":["GET"]}}],"collection":[{"href":"https:\/\/skola.karlstad.se\/gronatraden\/wp-json\/wp\/v2\/pages"}],"about":[{"href":"https:\/\/skola.karlstad.se\/gronatraden\/wp-json\/wp\/v2\/types\/page"}],"author":[{"embeddable":true,"href":"https:\/\/skola.karlstad.se\/gronatraden\/wp-json\/wp\/v2\/users\/3593"}],"replies":[{"embeddable":true,"href":"https:\/\/skola.karlstad.se\/gronatraden\/wp-json\/wp\/v2\/comments?post=233"}],"version-history":[{"count":18,"href":"https:\/\/skola.karlstad.se\/gronatraden\/wp-json\/wp\/v2\/pages\/233\/revisions"}],"predecessor-version":[{"id":2047,"href":"https:\/\/skola.karlstad.se\/gronatraden\/wp-json\/wp\/v2\/pages\/233\/revisions\/2047"}],"wp:attachment":[{"href":"https:\/\/skola.karlstad.se\/gronatraden\/wp-json\/wp\/v2\/media?parent=233"}],"curies":[{"name":"wp","href":"https:\/\/api.w.org\/{rel}","templated":true}]}}