{"id":246,"date":"2024-04-24T13:20:27","date_gmt":"2024-04-24T11:20:27","guid":{"rendered":"https:\/\/skola.karlstad.se\/gronatraden\/?page_id=246"},"modified":"2024-09-03T14:38:31","modified_gmt":"2024-09-03T12:38:31","slug":"giftfri-forskola","status":"publish","type":"page","link":"https:\/\/skola.karlstad.se\/gronatraden\/giftfri-forskola\/","title":{"rendered":"Giftfri f\u00f6rskola"},"content":{"rendered":"\n<figure class=\"wp-block-image size-large\"><a href=\"https:\/\/karlstad.se\/4.1840d596187791902701a5e9\/12.bb09a391900c495da038fea.html\" target=\"_blank\" rel=\"noreferrer noopener\"><img loading=\"lazy\" decoding=\"async\" width=\"1024\" height=\"494\" src=\"https:\/\/skola.karlstad.se\/gronatraden\/wp-content\/uploads\/sites\/1520\/2024\/09\/image-7-1024x494.png\" alt=\"\" class=\"wp-image-1072\" srcset=\"https:\/\/skola.karlstad.se\/gronatraden\/wp-content\/uploads\/sites\/1520\/2024\/09\/image-7-1024x494.png 1024w, https:\/\/skola.karlstad.se\/gronatraden\/wp-content\/uploads\/sites\/1520\/2024\/09\/image-7-300x145.png 300w, https:\/\/skola.karlstad.se\/gronatraden\/wp-content\/uploads\/sites\/1520\/2024\/09\/image-7-768x370.png 768w, https:\/\/skola.karlstad.se\/gronatraden\/wp-content\/uploads\/sites\/1520\/2024\/09\/image-7-1536x741.png 1536w, https:\/\/skola.karlstad.se\/gronatraden\/wp-content\/uploads\/sites\/1520\/2024\/09\/image-7.png 1899w\" sizes=\"auto, (max-width: 767px) 89vw, (max-width: 1000px) 54vw, (max-width: 1071px) 543px, 580px\" \/><\/a><\/figure>\n\n\n\n<p>Karlstads kommun arbetar vi aktivt med att minska skadliga kemikalier i f\u00f6rskola och skola. F\u00f6r oss \u00e4r arbetet med att minska skadliga \u00e4mnen i barns vardag oerh\u00f6rt viktigt och prioriterat. Vi vill att alla v\u00e5ra barn ska ha en trygg l\u00e4rmilj\u00f6 och en god h\u00e4lsa. <br><br><a href=\"https:\/\/skola.karlstad.se\/kemikaliekoll\/\" data-type=\"link\" data-id=\"https:\/\/skola.karlstad.se\/kemikaliekoll\/\" target=\"_blank\" rel=\"noreferrer noopener\">L\u00e4s mer om Giftfri f\u00f6rskola<\/a><\/p>\n","protected":false},"excerpt":{"rendered":"<p>Karlstads kommun arbetar vi aktivt med att minska skadliga kemikalier i f\u00f6rskola och skola. F\u00f6r oss \u00e4r arbetet med att minska skadliga \u00e4mnen i barns vardag oerh\u00f6rt viktigt och prioriterat. Vi vill att alla v\u00e5ra barn ska ha en trygg l\u00e4rmilj\u00f6 och en god h\u00e4lsa. L\u00e4s mer om Giftfri f\u00f6rskola<\/p>\n","protected":false},"author":3593,"featured_media":0,"parent":0,"menu_order":0,"comment_status":"closed","ping_status":"closed","template":"","meta":{"footnotes":""},"class_list":["post-246","page","type-page","status-publish","hentry"],"_links":{"self":[{"href":"https:\/\/skola.karlstad.se\/gronatraden\/wp-json\/wp\/v2\/pages\/246","targetHints":{"allow":["GET"]}}],"collection":[{"href":"https:\/\/skola.karlstad.se\/gronatraden\/wp-json\/wp\/v2\/pages"}],"about":[{"href":"https:\/\/skola.karlstad.se\/gronatraden\/wp-json\/wp\/v2\/types\/page"}],"author":[{"embeddable":true,"href":"https:\/\/skola.karlstad.se\/gronatraden\/wp-json\/wp\/v2\/users\/3593"}],"replies":[{"embeddable":true,"href":"https:\/\/skola.karlstad.se\/gronatraden\/wp-json\/wp\/v2\/comments?post=246"}],"version-history":[{"count":6,"href":"https:\/\/skola.karlstad.se\/gronatraden\/wp-json\/wp\/v2\/pages\/246\/revisions"}],"predecessor-version":[{"id":1073,"href":"https:\/\/skola.karlstad.se\/gronatraden\/wp-json\/wp\/v2\/pages\/246\/revisions\/1073"}],"wp:attachment":[{"href":"https:\/\/skola.karlstad.se\/gronatraden\/wp-json\/wp\/v2\/media?parent=246"}],"curies":[{"name":"wp","href":"https:\/\/api.w.org\/{rel}","templated":true}]}}