{"id":257,"date":"2024-04-24T14:11:26","date_gmt":"2024-04-24T12:11:26","guid":{"rendered":"https:\/\/skola.karlstad.se\/gronatraden\/?page_id=257"},"modified":"2025-03-06T08:40:22","modified_gmt":"2025-03-06T07:40:22","slug":"elevborgarradet","status":"publish","type":"page","link":"https:\/\/skola.karlstad.se\/gronatraden\/elevborgarradet\/","title":{"rendered":"Elevborgarr\u00e5det"},"content":{"rendered":"\n<figure class=\"wp-block-embed is-type-video is-provider-vimeo wp-block-embed-vimeo wp-embed-aspect-16-9 wp-has-aspect-ratio\"><div class=\"wp-block-embed__wrapper\">\n<iframe loading=\"lazy\" title=\"Elevborgarr\u00e5d f\u00f6r Klimatet\" src=\"https:\/\/player.vimeo.com\/video\/824037032?h=5d8057b093&amp;dnt=1&amp;app_id=122963\" width=\"525\" height=\"295\" frameborder=\"0\" allow=\"autoplay; fullscreen; picture-in-picture; clipboard-write; encrypted-media\"><\/iframe>\n<\/div><\/figure>\n\n\n\n<p>967 skarpa uppfodrande f\u00f6rslag fr\u00e5n v\u00e5ra barn och elever p\u00e5 fr\u00e5gan om hur Karlstads kommun kan bli mer milj\u00f6- och klimatsmart. <br><br>F\u00f6rslagen bearbetades p\u00e5 en stor Elevdemokratiworkshop d\u00e4r 43 elever fr\u00e5n mellan- och h\u00f6gstadiet deltog tillsammans med milj\u00f6experter fr\u00e5n kommunens verksamheter, direkt\u00f6rer, politiker, rektorer, pedagoger och tj\u00e4nstepersoner. &nbsp;<br><br>67 elevf\u00f6rslag \u00f6verl\u00e4mnades till kommunstyrelsen som i sin tur f\u00f6rdelade dem till ber\u00f6rda n\u00e4mnder och bolag. Nu har f\u00f6rvaltningarna i kommunen f\u00e5tt i uppdrag att utreda och genomf\u00f6ra flera av f\u00f6rslagen.&nbsp; 26 f\u00f6rslag genomf\u00f6rs, 17 utreds, 11 genomf\u00f6rs redan i befintlig verksamhet och 7 f\u00f6rslag har f\u00e5tt avslag.<\/p>\n\n\n\n<p><a href=\"https:\/\/skola.karlstad.se\/elevborgarrad\/\" data-type=\"link\" data-id=\"https:\/\/skola.karlstad.se\/elevborgarrad\/\" target=\"_blank\" rel=\"noreferrer noopener\">P\u00e5 Elevborgarr\u00e5dets sajt\u00a0kan ni l\u00e4sa allt om projektet, l\u00e4sa alla elevf\u00f6rslag och \u00e4ven f\u00f6lja vad som h\u00e4nder med f\u00f6rslagen. <\/a><\/p>\n","protected":false},"excerpt":{"rendered":"<p>967 skarpa uppfodrande f\u00f6rslag fr\u00e5n v\u00e5ra barn och elever p\u00e5 fr\u00e5gan om hur Karlstads kommun kan bli mer milj\u00f6- och klimatsmart. F\u00f6rslagen bearbetades p\u00e5 en stor Elevdemokratiworkshop d\u00e4r 43 elever fr\u00e5n mellan- och h\u00f6gstadiet deltog tillsammans med milj\u00f6experter fr\u00e5n kommunens verksamheter, direkt\u00f6rer, politiker, rektorer, pedagoger och tj\u00e4nstepersoner. &nbsp; 67 elevf\u00f6rslag \u00f6verl\u00e4mnades till kommunstyrelsen som i &hellip; <\/p>\n<p class=\"link-more\"><a href=\"https:\/\/skola.karlstad.se\/gronatraden\/elevborgarradet\/\" class=\"more-link\">Forts\u00e4tt l\u00e4sa<span class=\"screen-reader-text\"> \u201dElevborgarr\u00e5det\u201d<\/span><\/a><\/p>\n","protected":false},"author":3593,"featured_media":0,"parent":0,"menu_order":0,"comment_status":"closed","ping_status":"closed","template":"","meta":{"footnotes":""},"class_list":["post-257","page","type-page","status-publish","hentry"],"_links":{"self":[{"href":"https:\/\/skola.karlstad.se\/gronatraden\/wp-json\/wp\/v2\/pages\/257","targetHints":{"allow":["GET"]}}],"collection":[{"href":"https:\/\/skola.karlstad.se\/gronatraden\/wp-json\/wp\/v2\/pages"}],"about":[{"href":"https:\/\/skola.karlstad.se\/gronatraden\/wp-json\/wp\/v2\/types\/page"}],"author":[{"embeddable":true,"href":"https:\/\/skola.karlstad.se\/gronatraden\/wp-json\/wp\/v2\/users\/3593"}],"replies":[{"embeddable":true,"href":"https:\/\/skola.karlstad.se\/gronatraden\/wp-json\/wp\/v2\/comments?post=257"}],"version-history":[{"count":6,"href":"https:\/\/skola.karlstad.se\/gronatraden\/wp-json\/wp\/v2\/pages\/257\/revisions"}],"predecessor-version":[{"id":1397,"href":"https:\/\/skola.karlstad.se\/gronatraden\/wp-json\/wp\/v2\/pages\/257\/revisions\/1397"}],"wp:attachment":[{"href":"https:\/\/skola.karlstad.se\/gronatraden\/wp-json\/wp\/v2\/media?parent=257"}],"curies":[{"name":"wp","href":"https:\/\/api.w.org\/{rel}","templated":true}]}}