{"id":270,"date":"2024-04-24T14:53:57","date_gmt":"2024-04-24T12:53:57","guid":{"rendered":"https:\/\/skola.karlstad.se\/gronatraden\/?page_id=270"},"modified":"2024-10-28T10:56:29","modified_gmt":"2024-10-28T09:56:29","slug":"actions-for-insects","status":"publish","type":"page","link":"https:\/\/skola.karlstad.se\/gronatraden\/actions-for-insects\/","title":{"rendered":"Actions for insects"},"content":{"rendered":"\n<figure class=\"wp-block-image size-full\"><img loading=\"lazy\" decoding=\"async\" width=\"963\" height=\"376\" src=\"https:\/\/skola.karlstad.se\/gronatraden\/wp-content\/uploads\/sites\/1520\/2024\/04\/62891d391cc1464f33fffa92_Slider-image-22.jpg\" alt=\"\" class=\"wp-image-275\" srcset=\"https:\/\/skola.karlstad.se\/gronatraden\/wp-content\/uploads\/sites\/1520\/2024\/04\/62891d391cc1464f33fffa92_Slider-image-22.jpg 963w, https:\/\/skola.karlstad.se\/gronatraden\/wp-content\/uploads\/sites\/1520\/2024\/04\/62891d391cc1464f33fffa92_Slider-image-22-300x117.jpg 300w, https:\/\/skola.karlstad.se\/gronatraden\/wp-content\/uploads\/sites\/1520\/2024\/04\/62891d391cc1464f33fffa92_Slider-image-22-768x300.jpg 768w\" sizes=\"auto, (max-width: 767px) 89vw, (max-width: 1000px) 54vw, (max-width: 1071px) 543px, 580px\" \/><\/figure>\n\n\n\n<p><strong>Uppt\u00e4ck biologisk m\u00e5ngfald med \u201cActions for Insects\u201d \u2013  Ett sp\u00e4nnande utbildningsmaterial f\u00f6r elever i h\u00f6gstadiet <\/strong><\/p>\n\n\n\n<p>Forskare p\u00e5 Karlstads universitet har utvecklat utbildningsmaterialet \u201cActions for Insects\u201d om biologisk m\u00e5ngfald och insekternas viktiga roll i v\u00e5rt ekosystem. Materialet har redan anv\u00e4nts p\u00e5 flera h\u00f6gstadieskolor i Karlstads kommun. Genom materialet f\u00e5r eleverna kunskap, sj\u00e4lvf\u00f6rtroende och inspiration till att v\u00e4rna v\u00e5r milj\u00f6. <\/p>\n\n\n\n<p><strong>H\u00f6r av dig till oss om du \u00e4r intresserad av att veta mer! <\/strong><br>Vi arrangerar g\u00e4rna kostnadsfria f\u00f6rel\u00e4sningar och workshops kopplat till materialet f\u00f6r l\u00e4rare och pedagoger i Karlstads kommun. <\/p>\n\n\n\n<div class=\"wp-block-columns is-layout-flex wp-container-core-columns-is-layout-9d6595d7 wp-block-columns-is-layout-flex\">\n<div class=\"wp-block-column is-layout-flow wp-block-column-is-layout-flow\">\n<figure class=\"wp-block-image size-full\"><a href=\"https:\/\/karlstadskommunonline.sharepoint.com\/:b:\/s\/Laboratoriet168\/Ec1S9U7dMKZCua0WluYerzcBzZj7pUkF3UzLNX3V3KTItg?e=21GdCC\" target=\"_blank\" rel=\"noreferrer noopener\"><img loading=\"lazy\" decoding=\"async\" width=\"351\" height=\"468\" src=\"https:\/\/skola.karlstad.se\/gronatraden\/wp-content\/uploads\/sites\/1520\/2024\/10\/Actions-for-insects-lararhandledning2-edited.jpg\" alt=\"\" class=\"wp-image-1258\" srcset=\"https:\/\/skola.karlstad.se\/gronatraden\/wp-content\/uploads\/sites\/1520\/2024\/10\/Actions-for-insects-lararhandledning2-edited.jpg 351w, https:\/\/skola.karlstad.se\/gronatraden\/wp-content\/uploads\/sites\/1520\/2024\/10\/Actions-for-insects-lararhandledning2-edited-225x300.jpg 225w\" sizes=\"auto, (max-width: 351px) 100vw, 351px\" \/><\/a><\/figure>\n\n\n\n<p class=\"has-text-align-center\"><strong><a href=\"https:\/\/karlstadskommunonline.sharepoint.com\/:b:\/s\/Laboratoriet168\/Ec1S9U7dMKZCua0WluYerzcBzZj7pUkF3UzLNX3V3KTItg?e=21GdCC\" target=\"_blank\" rel=\"noreferrer noopener\">L\u00e4rarhandledning <\/a><\/strong><\/p>\n<\/div>\n\n\n\n<div class=\"wp-block-column is-layout-flow wp-block-column-is-layout-flow\">\n<figure class=\"wp-block-image size-full\"><a href=\"https:\/\/karlstadskommunonline.sharepoint.com\/:b:\/s\/Laboratoriet168\/EZd2s0tOmVxFjbU-eNvOciYBwXWPfk9LfxonsSNTbbI83w?e=YewnFD\" target=\"_blank\" rel=\"noreferrer noopener\"><img loading=\"lazy\" decoding=\"async\" width=\"534\" height=\"712\" src=\"http:\/\/skola.karlstad.se\/gronatraden\/wp-content\/uploads\/sites\/1520\/2024\/10\/Actions-for-insects-presentation2-edited.jpg\" alt=\"\" class=\"wp-image-1259\" srcset=\"https:\/\/skola.karlstad.se\/gronatraden\/wp-content\/uploads\/sites\/1520\/2024\/10\/Actions-for-insects-presentation2-edited.jpg 534w, https:\/\/skola.karlstad.se\/gronatraden\/wp-content\/uploads\/sites\/1520\/2024\/10\/Actions-for-insects-presentation2-edited-225x300.jpg 225w\" sizes=\"auto, (max-width: 534px) 100vw, 534px\" \/><\/a><\/figure>\n\n\n\n<p class=\"has-text-align-center\"><strong><a href=\"https:\/\/karlstadskommunonline.sharepoint.com\/:b:\/s\/Laboratoriet168\/EZd2s0tOmVxFjbU-eNvOciYBwXWPfk9LfxonsSNTbbI83w?e=YewnFD\" data-type=\"link\" data-id=\"https:\/\/karlstadskommunonline.sharepoint.com\/:b:\/s\/Laboratoriet168\/Ec1S9U7dMKZCua0WluYerzcBzZj7pUkF3UzLNX3V3KTItg?e=21GdCC\" target=\"_blank\" rel=\"noreferrer noopener\">Presentation<\/a><\/strong><\/p>\n<\/div>\n\n\n\n<div class=\"wp-block-column is-layout-flow wp-block-column-is-layout-flow\">\n<figure class=\"wp-block-image size-full\"><a href=\"https:\/\/karlstadskommunonline.sharepoint.com\/:b:\/s\/Laboratoriet168\/EWYFJtsGW5VFmGfM4dlm2jQBW72BfJud_PXNqqheGaGASQ?e=8yajpH\" target=\"_blank\" rel=\"noreferrer noopener\"><img loading=\"lazy\" decoding=\"async\" width=\"488\" height=\"650\" src=\"https:\/\/skola.karlstad.se\/gronatraden\/wp-content\/uploads\/sites\/1520\/2024\/10\/Actions-for-insects-Hafte3-edited.jpg\" alt=\"\" class=\"wp-image-1257\" srcset=\"https:\/\/skola.karlstad.se\/gronatraden\/wp-content\/uploads\/sites\/1520\/2024\/10\/Actions-for-insects-Hafte3-edited.jpg 488w, https:\/\/skola.karlstad.se\/gronatraden\/wp-content\/uploads\/sites\/1520\/2024\/10\/Actions-for-insects-Hafte3-edited-225x300.jpg 225w\" sizes=\"auto, (max-width: 488px) 100vw, 488px\" \/><\/a><\/figure>\n\n\n\n<p class=\"has-text-align-center\"><strong><a href=\"https:\/\/karlstadskommunonline.sharepoint.com\/:b:\/s\/Laboratoriet168\/EWYFJtsGW5VFmGfM4dlm2jQBW72BfJud_PXNqqheGaGASQ?e=8yajpH\" data-type=\"link\" data-id=\"https:\/\/karlstadskommunonline.sharepoint.com\/:b:\/s\/Laboratoriet168\/EWYFJtsGW5VFmGfM4dlm2jQBW72BfJud_PXNqqheGaGASQ?e=8yajpH\" target=\"_blank\" rel=\"noreferrer noopener\">Utbildningsh\u00e4fte<\/a><\/strong><\/p>\n<\/div>\n<\/div>\n\n\n\n<figure class=\"wp-block-image size-full\"><a href=\"https:\/\/kauplay.kau.se\/id\/0_bt6amjri?width=402&amp;height=608&amp;playerId=23449796\" target=\"_blank\" rel=\"noreferrer noopener\"><img loading=\"lazy\" decoding=\"async\" width=\"982\" height=\"555\" src=\"https:\/\/skola.karlstad.se\/gronatraden\/wp-content\/uploads\/sites\/1520\/2024\/10\/Actions-for-insects-film2.jpg\" alt=\"\" class=\"wp-image-1267\" srcset=\"https:\/\/skola.karlstad.se\/gronatraden\/wp-content\/uploads\/sites\/1520\/2024\/10\/Actions-for-insects-film2.jpg 982w, https:\/\/skola.karlstad.se\/gronatraden\/wp-content\/uploads\/sites\/1520\/2024\/10\/Actions-for-insects-film2-300x170.jpg 300w, https:\/\/skola.karlstad.se\/gronatraden\/wp-content\/uploads\/sites\/1520\/2024\/10\/Actions-for-insects-film2-768x434.jpg 768w\" sizes=\"auto, (max-width: 767px) 89vw, (max-width: 1000px) 54vw, (max-width: 1071px) 543px, 580px\" \/><\/a><\/figure>\n\n\n\n<p><em>Film om utbildningsmaterialet &#8221;Actions for insects&#8221;<\/em><\/p>\n\n\n\n<p><a href=\"https:\/\/www.actionsforinsects.com\/\" data-type=\"link\" data-id=\"https:\/\/www.actionsforinsects.com\/\" target=\"_blank\" rel=\"noreferrer noopener\">Klicka f\u00f6r mer information om Actions for insects<\/a><\/p>\n\n\n\n<p><\/p>\n","protected":false},"excerpt":{"rendered":"<p>Uppt\u00e4ck biologisk m\u00e5ngfald med \u201cActions for Insects\u201d \u2013 Ett sp\u00e4nnande utbildningsmaterial f\u00f6r elever i h\u00f6gstadiet Forskare p\u00e5 Karlstads universitet har utvecklat utbildningsmaterialet \u201cActions for Insects\u201d om biologisk m\u00e5ngfald och insekternas viktiga roll i v\u00e5rt ekosystem. Materialet har redan anv\u00e4nts p\u00e5 flera h\u00f6gstadieskolor i Karlstads kommun. Genom materialet f\u00e5r eleverna kunskap, sj\u00e4lvf\u00f6rtroende och inspiration till att &hellip; <\/p>\n<p class=\"link-more\"><a href=\"https:\/\/skola.karlstad.se\/gronatraden\/actions-for-insects\/\" class=\"more-link\">Forts\u00e4tt l\u00e4sa<span class=\"screen-reader-text\"> \u201dActions for insects\u201d<\/span><\/a><\/p>\n","protected":false},"author":3593,"featured_media":0,"parent":0,"menu_order":0,"comment_status":"closed","ping_status":"closed","template":"","meta":{"footnotes":""},"class_list":["post-270","page","type-page","status-publish","hentry"],"_links":{"self":[{"href":"https:\/\/skola.karlstad.se\/gronatraden\/wp-json\/wp\/v2\/pages\/270","targetHints":{"allow":["GET"]}}],"collection":[{"href":"https:\/\/skola.karlstad.se\/gronatraden\/wp-json\/wp\/v2\/pages"}],"about":[{"href":"https:\/\/skola.karlstad.se\/gronatraden\/wp-json\/wp\/v2\/types\/page"}],"author":[{"embeddable":true,"href":"https:\/\/skola.karlstad.se\/gronatraden\/wp-json\/wp\/v2\/users\/3593"}],"replies":[{"embeddable":true,"href":"https:\/\/skola.karlstad.se\/gronatraden\/wp-json\/wp\/v2\/comments?post=270"}],"version-history":[{"count":14,"href":"https:\/\/skola.karlstad.se\/gronatraden\/wp-json\/wp\/v2\/pages\/270\/revisions"}],"predecessor-version":[{"id":1269,"href":"https:\/\/skola.karlstad.se\/gronatraden\/wp-json\/wp\/v2\/pages\/270\/revisions\/1269"}],"wp:attachment":[{"href":"https:\/\/skola.karlstad.se\/gronatraden\/wp-json\/wp\/v2\/media?parent=270"}],"curies":[{"name":"wp","href":"https:\/\/api.w.org\/{rel}","templated":true}]}}