{"id":302,"date":"2024-04-25T09:40:49","date_gmt":"2024-04-25T07:40:49","guid":{"rendered":"https:\/\/skola.karlstad.se\/gronatraden\/?page_id=302"},"modified":"2024-09-27T08:05:43","modified_gmt":"2024-09-27T06:05:43","slug":"yrkesbiblioteket","status":"publish","type":"page","link":"https:\/\/skola.karlstad.se\/gronatraden\/yrkesbiblioteket\/","title":{"rendered":""},"content":{"rendered":"\n<figure class=\"wp-block-image size-full\"><img loading=\"lazy\" decoding=\"async\" width=\"800\" height=\"402\" src=\"https:\/\/skola.karlstad.se\/gronatraden\/wp-content\/uploads\/sites\/1520\/2024\/04\/YRKESBIBLIOTEKET_ma_erke-gult-tonat.png\" alt=\"\" class=\"wp-image-303\" srcset=\"https:\/\/skola.karlstad.se\/gronatraden\/wp-content\/uploads\/sites\/1520\/2024\/04\/YRKESBIBLIOTEKET_ma_erke-gult-tonat.png 800w, https:\/\/skola.karlstad.se\/gronatraden\/wp-content\/uploads\/sites\/1520\/2024\/04\/YRKESBIBLIOTEKET_ma_erke-gult-tonat-300x151.png 300w, https:\/\/skola.karlstad.se\/gronatraden\/wp-content\/uploads\/sites\/1520\/2024\/04\/YRKESBIBLIOTEKET_ma_erke-gult-tonat-768x386.png 768w\" sizes=\"auto, (max-width: 767px) 89vw, (max-width: 1000px) 54vw, (max-width: 1071px) 543px, 580px\" \/><\/figure>\n\n\n\n<p>Yrkesbiblioteket \u00e4r ett webbaserat verktyg f\u00f6r att fr\u00e4mja samverkan mellan skola och arbetsliv, fr\u00e5n f\u00f6rskoleklass till \u00e5rskurs nio. Plattformen erbjuder ett stort utbud av yrkesf\u00f6retr\u00e4dare, studiebes\u00f6k och skarpa uppdrag. Utbudet \u00e4r helt kostnadsfritt och finns tillg\u00e4ngligt f\u00f6r elever i Karlstads kommun.  <a href=\"https:\/\/karlstad.se\/forskola-skola-och-utbildning\/grundskola\/framtidsval\/yrkesbiblioteket\" data-type=\"link\" data-id=\"https:\/\/karlstad.se\/forskola-skola-och-utbildning\/grundskola\/framtidsval\/yrkesbiblioteket\" target=\"_blank\" rel=\"noreferrer noopener\">L\u00e4s mer om Yrkesbiblioteket h\u00e4r. <\/a><br><br>P\u00e5 plattformen finns m\u00e5nga akt\u00f6rer och aktiviteter som knyter an till milj\u00f6, klimat och h\u00e5llbarutveckling. Vi ger n\u00e5gra tips nedan p\u00e5 ett urval av utbudet . <br><strong><a href=\"http:\/\/www.tiny.cc\/yrkesbiblioteket\" data-type=\"link\" data-id=\"http:\/\/www.tiny.cc\/yrkesbiblioteket\" target=\"_blank\" rel=\"noreferrer noopener\">F\u00f6r att se hela utbudet och boka in en aktivitet bes\u00f6k Yrkesbibliotekets app.<\/a> <\/strong><\/p>\n\n\n\n<p><strong>Skarpa uppdrag<\/strong>                                                                       <\/p>\n\n\n\n<div class=\"wp-block-columns is-layout-flex wp-container-core-columns-is-layout-9d6595d7 wp-block-columns-is-layout-flex\">\n<div class=\"wp-block-column is-layout-flow wp-block-column-is-layout-flow\">\n<figure class=\"wp-block-image size-large\"><img loading=\"lazy\" decoding=\"async\" width=\"1024\" height=\"686\" src=\"https:\/\/skola.karlstad.se\/gronatraden\/wp-content\/uploads\/sites\/1520\/2024\/04\/Bra-vatten-borjar-pa-land-1024x686.jpg\" alt=\"\" class=\"wp-image-307\" srcset=\"https:\/\/skola.karlstad.se\/gronatraden\/wp-content\/uploads\/sites\/1520\/2024\/04\/Bra-vatten-borjar-pa-land-1024x686.jpg 1024w, https:\/\/skola.karlstad.se\/gronatraden\/wp-content\/uploads\/sites\/1520\/2024\/04\/Bra-vatten-borjar-pa-land-300x201.jpg 300w, https:\/\/skola.karlstad.se\/gronatraden\/wp-content\/uploads\/sites\/1520\/2024\/04\/Bra-vatten-borjar-pa-land-768x514.jpg 768w, https:\/\/skola.karlstad.se\/gronatraden\/wp-content\/uploads\/sites\/1520\/2024\/04\/Bra-vatten-borjar-pa-land.jpg 1426w\" sizes=\"auto, (max-width: 767px) 89vw, (max-width: 1000px) 54vw, (max-width: 1071px) 543px, 580px\" \/><\/figure>\n\n\n\n<p><strong>Bra vatten b\u00f6rjar p\u00e5 land<\/strong><br>Skarpt uppdrag fr\u00e5n kommunens vattenstrateger. <\/p>\n<\/div>\n\n\n\n<div class=\"wp-block-column is-layout-flow wp-block-column-is-layout-flow\">\n<p><\/p>\n<\/div>\n<\/div>\n\n\n\n<p><strong>Yrkesf\u00f6retr\u00e4dare<\/strong><br>I Yrkesbiblioteket finns m\u00e5nga personer som g\u00e4rna kommer ut till klassrummen och pratar om sina yrken. Bland annat finns det personer i dessa yrkesroller som g\u00e4rna tr\u00e4ffar er!<\/p>\n\n\n\n<div class=\"wp-block-columns is-layout-flex wp-container-core-columns-is-layout-9d6595d7 wp-block-columns-is-layout-flex\">\n<div class=\"wp-block-column is-layout-flow wp-block-column-is-layout-flow\">\n<figure class=\"wp-block-image size-large\"><img loading=\"lazy\" decoding=\"async\" width=\"1024\" height=\"708\" src=\"https:\/\/skola.karlstad.se\/gronatraden\/wp-content\/uploads\/sites\/1520\/2024\/04\/Miljosamordnare-1-1024x708.jpg\" alt=\"\" class=\"wp-image-348\" srcset=\"https:\/\/skola.karlstad.se\/gronatraden\/wp-content\/uploads\/sites\/1520\/2024\/04\/Miljosamordnare-1-1024x708.jpg 1024w, https:\/\/skola.karlstad.se\/gronatraden\/wp-content\/uploads\/sites\/1520\/2024\/04\/Miljosamordnare-1-300x208.jpg 300w, https:\/\/skola.karlstad.se\/gronatraden\/wp-content\/uploads\/sites\/1520\/2024\/04\/Miljosamordnare-1-768x531.jpg 768w, https:\/\/skola.karlstad.se\/gronatraden\/wp-content\/uploads\/sites\/1520\/2024\/04\/Miljosamordnare-1-1536x1063.jpg 1536w, https:\/\/skola.karlstad.se\/gronatraden\/wp-content\/uploads\/sites\/1520\/2024\/04\/Miljosamordnare-1-2048x1417.jpg 2048w\" sizes=\"auto, (max-width: 767px) 89vw, (max-width: 1000px) 54vw, (max-width: 1071px) 543px, 580px\" \/><\/figure>\n\n\n\n<p><strong>Milj\u00f6samordnare<\/strong><\/p>\n<\/div>\n\n\n\n<div class=\"wp-block-column is-layout-flow wp-block-column-is-layout-flow\">\n<figure class=\"wp-block-image size-full\"><img loading=\"lazy\" decoding=\"async\" width=\"293\" height=\"200\" src=\"https:\/\/skola.karlstad.se\/gronatraden\/wp-content\/uploads\/sites\/1520\/2024\/04\/Yrkesbiblioteket-7.jpg\" alt=\"\" class=\"wp-image-350\" \/><\/figure>\n\n\n\n<p><strong><strong>Koststrateg<\/strong><\/strong><\/p>\n<\/div>\n\n\n\n<div class=\"wp-block-column is-layout-flow wp-block-column-is-layout-flow\">\n<figure class=\"wp-block-image size-full\"><img loading=\"lazy\" decoding=\"async\" width=\"800\" height=\"550\" src=\"https:\/\/skola.karlstad.se\/gronatraden\/wp-content\/uploads\/sites\/1520\/2024\/04\/Alstern1-5.jpg\" alt=\"\" class=\"wp-image-322\" srcset=\"https:\/\/skola.karlstad.se\/gronatraden\/wp-content\/uploads\/sites\/1520\/2024\/04\/Alstern1-5.jpg 800w, https:\/\/skola.karlstad.se\/gronatraden\/wp-content\/uploads\/sites\/1520\/2024\/04\/Alstern1-5-300x206.jpg 300w, https:\/\/skola.karlstad.se\/gronatraden\/wp-content\/uploads\/sites\/1520\/2024\/04\/Alstern1-5-768x528.jpg 768w\" sizes=\"auto, (max-width: 767px) 89vw, (max-width: 1000px) 54vw, (max-width: 1071px) 543px, 580px\" \/><\/figure>\n\n\n\n<p><strong>Vattensamordnare<\/strong><\/p>\n<\/div>\n<\/div>\n\n\n\n<p><strong>Studiebes\u00f6k och lektionsuppl\u00e4gg<\/strong><br>Det finns m\u00f6jlighet att boka in studiebes\u00f6k och ta del av utbildningsmaterial. <\/p>\n\n\n\n<div class=\"wp-block-columns is-layout-flex wp-container-core-columns-is-layout-9d6595d7 wp-block-columns-is-layout-flex\">\n<div class=\"wp-block-column is-layout-flow wp-block-column-is-layout-flow\">\n<figure class=\"wp-block-image size-large\"><img loading=\"lazy\" decoding=\"async\" width=\"1024\" height=\"682\" src=\"https:\/\/skola.karlstad.se\/gronatraden\/wp-content\/uploads\/sites\/1520\/2024\/04\/VA-ingenjor3-1-1024x682.jpg\" alt=\"\" class=\"wp-image-332\" srcset=\"https:\/\/skola.karlstad.se\/gronatraden\/wp-content\/uploads\/sites\/1520\/2024\/04\/VA-ingenjor3-1-1024x682.jpg 1024w, https:\/\/skola.karlstad.se\/gronatraden\/wp-content\/uploads\/sites\/1520\/2024\/04\/VA-ingenjor3-1-300x200.jpg 300w, https:\/\/skola.karlstad.se\/gronatraden\/wp-content\/uploads\/sites\/1520\/2024\/04\/VA-ingenjor3-1-768x512.jpg 768w, https:\/\/skola.karlstad.se\/gronatraden\/wp-content\/uploads\/sites\/1520\/2024\/04\/VA-ingenjor3-1-1536x1024.jpg 1536w, https:\/\/skola.karlstad.se\/gronatraden\/wp-content\/uploads\/sites\/1520\/2024\/04\/VA-ingenjor3-1-2048x1365.jpg 2048w\" sizes=\"auto, (max-width: 767px) 89vw, (max-width: 1000px) 54vw, (max-width: 1071px) 543px, 580px\" \/><\/figure>\n\n\n\n<p><strong>Studiebes\u00f6k p\u00e5 reningsverket<\/strong><\/p>\n<\/div>\n\n\n\n<div class=\"wp-block-column is-layout-flow wp-block-column-is-layout-flow\">\n<figure class=\"wp-block-image size-full\"><img loading=\"lazy\" decoding=\"async\" width=\"607\" height=\"405\" src=\"https:\/\/skola.karlstad.se\/gronatraden\/wp-content\/uploads\/sites\/1520\/2024\/04\/Embracer-group.jpg\" alt=\"\" class=\"wp-image-335\" srcset=\"https:\/\/skola.karlstad.se\/gronatraden\/wp-content\/uploads\/sites\/1520\/2024\/04\/Embracer-group.jpg 607w, https:\/\/skola.karlstad.se\/gronatraden\/wp-content\/uploads\/sites\/1520\/2024\/04\/Embracer-group-300x200.jpg 300w\" sizes=\"auto, (max-width: 607px) 100vw, 607px\" \/><\/figure>\n\n\n\n<p><strong>Studiebes\u00f6k p\u00e5 Embracer group, fokus h\u00e5llbarhet<\/strong><\/p>\n<\/div>\n\n\n\n<div class=\"wp-block-column is-layout-flow wp-block-column-is-layout-flow\">\n<figure class=\"wp-block-image size-full\"><img loading=\"lazy\" decoding=\"async\" width=\"608\" height=\"405\" src=\"https:\/\/skola.karlstad.se\/gronatraden\/wp-content\/uploads\/sites\/1520\/2024\/04\/Skog2-1.jpg\" alt=\"\" class=\"wp-image-339\" srcset=\"https:\/\/skola.karlstad.se\/gronatraden\/wp-content\/uploads\/sites\/1520\/2024\/04\/Skog2-1.jpg 608w, https:\/\/skola.karlstad.se\/gronatraden\/wp-content\/uploads\/sites\/1520\/2024\/04\/Skog2-1-300x200.jpg 300w\" sizes=\"auto, (max-width: 608px) 100vw, 608px\" \/><\/figure>\n\n\n\n<p><strong>Film &#8211; B\u00e4sta skogen med l\u00e4rarhandledning<\/strong><\/p>\n<\/div>\n<\/div>\n\n\n\n<p><strong><a href=\"http:\/\/www.tiny.cc\/yrkesbiblioteket\" data-type=\"link\" data-id=\"http:\/\/www.tiny.cc\/yrkesbiblioteket\" target=\"_blank\" rel=\"noreferrer noopener\">F\u00f6r att se hela utbudet och boka in en aktivitet bes\u00f6k Yrkesbibliotekets app.<\/a> <\/strong><\/p>\n","protected":false},"excerpt":{"rendered":"<p>Yrkesbiblioteket \u00e4r ett webbaserat verktyg f\u00f6r att fr\u00e4mja samverkan mellan skola och arbetsliv, fr\u00e5n f\u00f6rskoleklass till \u00e5rskurs nio. Plattformen erbjuder ett stort utbud av yrkesf\u00f6retr\u00e4dare, studiebes\u00f6k och skarpa uppdrag. Utbudet \u00e4r helt kostnadsfritt och finns tillg\u00e4ngligt f\u00f6r elever i Karlstads kommun. L\u00e4s mer om Yrkesbiblioteket h\u00e4r. P\u00e5 plattformen finns m\u00e5nga akt\u00f6rer och aktiviteter som knyter &hellip; <\/p>\n<p class=\"link-more\"><a href=\"https:\/\/skola.karlstad.se\/gronatraden\/yrkesbiblioteket\/\" class=\"more-link\">Forts\u00e4tt l\u00e4sa<span class=\"screen-reader-text\"> \u201d\u201d<\/span><\/a><\/p>\n","protected":false},"author":3593,"featured_media":0,"parent":0,"menu_order":0,"comment_status":"closed","ping_status":"closed","template":"","meta":{"footnotes":""},"class_list":["post-302","page","type-page","status-publish","hentry"],"_links":{"self":[{"href":"https:\/\/skola.karlstad.se\/gronatraden\/wp-json\/wp\/v2\/pages\/302","targetHints":{"allow":["GET"]}}],"collection":[{"href":"https:\/\/skola.karlstad.se\/gronatraden\/wp-json\/wp\/v2\/pages"}],"about":[{"href":"https:\/\/skola.karlstad.se\/gronatraden\/wp-json\/wp\/v2\/types\/page"}],"author":[{"embeddable":true,"href":"https:\/\/skola.karlstad.se\/gronatraden\/wp-json\/wp\/v2\/users\/3593"}],"replies":[{"embeddable":true,"href":"https:\/\/skola.karlstad.se\/gronatraden\/wp-json\/wp\/v2\/comments?post=302"}],"version-history":[{"count":18,"href":"https:\/\/skola.karlstad.se\/gronatraden\/wp-json\/wp\/v2\/pages\/302\/revisions"}],"predecessor-version":[{"id":1211,"href":"https:\/\/skola.karlstad.se\/gronatraden\/wp-json\/wp\/v2\/pages\/302\/revisions\/1211"}],"wp:attachment":[{"href":"https:\/\/skola.karlstad.se\/gronatraden\/wp-json\/wp\/v2\/media?parent=302"}],"curies":[{"name":"wp","href":"https:\/\/api.w.org\/{rel}","templated":true}]}}