{"id":32,"date":"2024-04-09T12:05:26","date_gmt":"2024-04-09T10:05:26","guid":{"rendered":"https:\/\/skola.karlstad.se\/gronatraden\/?page_id=32"},"modified":"2026-04-08T13:12:00","modified_gmt":"2026-04-08T11:12:00","slug":"forskola","status":"publish","type":"page","link":"https:\/\/skola.karlstad.se\/gronatraden\/forskola\/","title":{"rendered":"F\u00f6rskola"},"content":{"rendered":"\n<div class=\"wp-block-columns is-layout-flex wp-container-core-columns-is-layout-9d6595d7 wp-block-columns-is-layout-flex\">\n<div class=\"wp-block-column is-layout-flow wp-block-column-is-layout-flow\">\n<figure class=\"wp-block-image size-full is-resized\"><a href=\"https:\/\/skola.karlstad.se\/gronatraden\/natur-i-var-narmiljo\/\"><img loading=\"lazy\" decoding=\"async\" width=\"717\" height=\"564\" src=\"https:\/\/skola.karlstad.se\/gronatraden\/wp-content\/uploads\/sites\/1520\/2025\/11\/image.png\" alt=\"\" class=\"wp-image-1940\" style=\"width:250px;height:auto\" srcset=\"https:\/\/skola.karlstad.se\/gronatraden\/wp-content\/uploads\/sites\/1520\/2025\/11\/image.png 717w, https:\/\/skola.karlstad.se\/gronatraden\/wp-content\/uploads\/sites\/1520\/2025\/11\/image-300x236.png 300w\" sizes=\"auto, (max-width: 717px) 100vw, 717px\" \/><\/a><\/figure>\n\n\n\n<p><a href=\"https:\/\/skola.karlstad.se\/gronatraden\/natur-i-var-narmiljo\/\"><strong>Soll\u00e5dan &#8221;Natur i v\u00e5r n\u00e4rmilj\u00f6&#8221;<\/strong><br>Undervisningsmaterial f\u00f6r att fr\u00e4mja l\u00e4rande f\u00f6r h\u00e5llbar utveckling<\/a><\/p>\n<\/div>\n\n\n\n<div class=\"wp-block-column is-layout-flow wp-block-column-is-layout-flow\">\n<figure class=\"wp-block-image size-full is-resized\"><img loading=\"lazy\" decoding=\"async\" width=\"1024\" height=\"679\" src=\"https:\/\/skola.karlstad.se\/gronatraden\/wp-content\/uploads\/sites\/1520\/2026\/04\/image.png\" alt=\"\" class=\"wp-image-2048\" style=\"width:300px\" srcset=\"https:\/\/skola.karlstad.se\/gronatraden\/wp-content\/uploads\/sites\/1520\/2026\/04\/image.png 1024w, https:\/\/skola.karlstad.se\/gronatraden\/wp-content\/uploads\/sites\/1520\/2026\/04\/image-300x199.png 300w, https:\/\/skola.karlstad.se\/gronatraden\/wp-content\/uploads\/sites\/1520\/2026\/04\/image-768x509.png 768w\" sizes=\"auto, (max-width: 767px) 89vw, (max-width: 1000px) 54vw, (max-width: 1071px) 543px, 580px\" \/><\/figure>\n\n\n\n<p><a href=\"https:\/\/skola.karlstad.se\/gronatraden\/skrapplockardagarna\/\"><strong>Skr\u00e4pplockardagarna<\/strong><br>Sveriges st\u00f6rsta milj\u00f6kampanj f\u00f6r barn och unga<\/a><\/p>\n<\/div>\n<\/div>\n\n\n\n<div class=\"wp-block-columns is-layout-flex wp-container-core-columns-is-layout-9d6595d7 wp-block-columns-is-layout-flex\">\n<div class=\"wp-block-column is-layout-flow wp-block-column-is-layout-flow\">\n<figure class=\"wp-block-image size-full is-resized\"><a href=\"https:\/\/skola.karlstad.se\/naturskolan\/solladan\/\" target=\"_blank\" rel=\" noreferrer noopener\"><img loading=\"lazy\" decoding=\"async\" width=\"300\" height=\"225\" src=\"https:\/\/skola.karlstad.se\/gronatraden\/wp-content\/uploads\/sites\/1520\/2026\/02\/image-3.png\" alt=\"\" class=\"wp-image-1993\" style=\"width:auto;height:135px\" \/><\/a><\/figure>\n\n\n\n<p><strong><a href=\"https:\/\/skola.karlstad.se\/naturskolan\/solladan\/\">Soll\u00e5dor<\/a><\/strong><br><a href=\"https:\/\/skola.karlstad.se\/naturskolan\/solladan\/\" target=\"_blank\" rel=\"noreferrer noopener\">Materialbibliotek f\u00f6r utomhusundervisning<\/a><\/p>\n<\/div>\n\n\n\n<div class=\"wp-block-column is-layout-flow wp-block-column-is-layout-flow\">\n<figure class=\"wp-block-image size-full\"><a href=\"https:\/\/skola.karlstad.se\/gronatraden\/giftfri-forskola\/\"><img loading=\"lazy\" decoding=\"async\" width=\"2560\" height=\"1701\" src=\"http:\/\/skola.karlstad.se\/gronatraden\/wp-content\/uploads\/sites\/1520\/2024\/04\/Giftfri-forskola-1-scaled.jpg\" alt=\"\" class=\"wp-image-118\" srcset=\"https:\/\/skola.karlstad.se\/gronatraden\/wp-content\/uploads\/sites\/1520\/2024\/04\/Giftfri-forskola-1-scaled.jpg 2560w, https:\/\/skola.karlstad.se\/gronatraden\/wp-content\/uploads\/sites\/1520\/2024\/04\/Giftfri-forskola-1-300x199.jpg 300w, https:\/\/skola.karlstad.se\/gronatraden\/wp-content\/uploads\/sites\/1520\/2024\/04\/Giftfri-forskola-1-1024x680.jpg 1024w, https:\/\/skola.karlstad.se\/gronatraden\/wp-content\/uploads\/sites\/1520\/2024\/04\/Giftfri-forskola-1-768x510.jpg 768w, https:\/\/skola.karlstad.se\/gronatraden\/wp-content\/uploads\/sites\/1520\/2024\/04\/Giftfri-forskola-1-1536x1020.jpg 1536w, https:\/\/skola.karlstad.se\/gronatraden\/wp-content\/uploads\/sites\/1520\/2024\/04\/Giftfri-forskola-1-2048x1360.jpg 2048w\" sizes=\"auto, (max-width: 767px) 89vw, (max-width: 1000px) 54vw, (max-width: 1071px) 543px, 580px\" \/><\/a><\/figure>\n\n\n\n<p><a href=\"https:\/\/skola.karlstad.se\/gronatraden\/giftfri-forskola\/\" data-type=\"link\" data-id=\"https:\/\/skola.karlstad.se\/gronatraden\/giftfri-forskola\/\"><strong>Giftfri f\u00f6rskola<\/strong><br>Kemikaliekoll f\u00f6r en giftfri f\u00f6rskola<\/a><\/p>\n<\/div>\n\n\n\n<div class=\"wp-block-column is-layout-flow wp-block-column-is-layout-flow\">\n<figure class=\"wp-block-image size-large is-resized\"><a href=\"https:\/\/skola.karlstad.se\/gronatraden\/lilla-bokbryggan\/\"><img loading=\"lazy\" decoding=\"async\" width=\"1024\" height=\"768\" src=\"https:\/\/skola.karlstad.se\/gronatraden\/wp-content\/uploads\/sites\/1520\/2025\/10\/IMG_4275-1-1024x768.jpg\" alt=\"\" class=\"wp-image-1834\" style=\"width:auto;height:150px\" srcset=\"https:\/\/skola.karlstad.se\/gronatraden\/wp-content\/uploads\/sites\/1520\/2025\/10\/IMG_4275-1-1024x768.jpg 1024w, https:\/\/skola.karlstad.se\/gronatraden\/wp-content\/uploads\/sites\/1520\/2025\/10\/IMG_4275-1-300x225.jpg 300w, https:\/\/skola.karlstad.se\/gronatraden\/wp-content\/uploads\/sites\/1520\/2025\/10\/IMG_4275-1-768x576.jpg 768w, https:\/\/skola.karlstad.se\/gronatraden\/wp-content\/uploads\/sites\/1520\/2025\/10\/IMG_4275-1-1536x1152.jpg 1536w, https:\/\/skola.karlstad.se\/gronatraden\/wp-content\/uploads\/sites\/1520\/2025\/10\/IMG_4275-1-2048x1536.jpg 2048w\" sizes=\"auto, (max-width: 767px) 89vw, (max-width: 1000px) 54vw, (max-width: 1071px) 543px, 580px\" \/><\/a><\/figure>\n\n\n\n<p><a href=\"https:\/\/skola.karlstad.se\/gronatraden\/lilla-bokbryggan\/\" data-type=\"link\" data-id=\"https:\/\/skola.karlstad.se\/gronatraden\/lilla-bokbryggan\/\"><strong>Lilla bokbryggan<\/strong><br>Utbildningsmaterial och inspiration<\/a><\/p>\n<\/div>\n<\/div>\n\n\n\n<div class=\"wp-block-columns is-layout-flex wp-container-core-columns-is-layout-9d6595d7 wp-block-columns-is-layout-flex\">\n<div class=\"wp-block-column is-layout-flow wp-block-column-is-layout-flow\">\n<figure class=\"wp-block-image size-large is-resized\"><a href=\"https:\/\/skola.karlstad.se\/gronatraden\/matsvinn\/\"><img loading=\"lazy\" decoding=\"async\" width=\"1024\" height=\"683\" src=\"https:\/\/skola.karlstad.se\/gronatraden\/wp-content\/uploads\/sites\/1520\/2024\/04\/Mat-1-1024x683.jpg\" alt=\"\" class=\"wp-image-117\" style=\"width:205px;height:auto\" srcset=\"https:\/\/skola.karlstad.se\/gronatraden\/wp-content\/uploads\/sites\/1520\/2024\/04\/Mat-1-1024x683.jpg 1024w, https:\/\/skola.karlstad.se\/gronatraden\/wp-content\/uploads\/sites\/1520\/2024\/04\/Mat-1-300x200.jpg 300w, https:\/\/skola.karlstad.se\/gronatraden\/wp-content\/uploads\/sites\/1520\/2024\/04\/Mat-1-768x512.jpg 768w, https:\/\/skola.karlstad.se\/gronatraden\/wp-content\/uploads\/sites\/1520\/2024\/04\/Mat-1-1536x1024.jpg 1536w, https:\/\/skola.karlstad.se\/gronatraden\/wp-content\/uploads\/sites\/1520\/2024\/04\/Mat-1-2048x1366.jpg 2048w\" sizes=\"auto, (max-width: 767px) 89vw, (max-width: 1000px) 54vw, (max-width: 1071px) 543px, 580px\" \/><\/a><\/figure>\n\n\n\n<p><a href=\"https:\/\/skola.karlstad.se\/gronatraden\/matsvinn\/\" data-type=\"link\" data-id=\"https:\/\/skola.karlstad.se\/gronatraden\/matsvinn\/\"><strong>Matsvinn<\/strong><br>Utbildningsmaterial och inspiration<\/a><\/p>\n<\/div>\n\n\n\n<div class=\"wp-block-column is-layout-flow wp-block-column-is-layout-flow\">\n<figure class=\"wp-block-image size-full is-resized\"><img loading=\"lazy\" decoding=\"async\" width=\"695\" height=\"495\" src=\"https:\/\/skola.karlstad.se\/gronatraden\/wp-content\/uploads\/sites\/1520\/2026\/04\/handledning-beskuren.png\" alt=\"\" class=\"wp-image-2054\" style=\"width:auto;height:135px\" srcset=\"https:\/\/skola.karlstad.se\/gronatraden\/wp-content\/uploads\/sites\/1520\/2026\/04\/handledning-beskuren.png 695w, https:\/\/skola.karlstad.se\/gronatraden\/wp-content\/uploads\/sites\/1520\/2026\/04\/handledning-beskuren-300x214.png 300w\" sizes=\"auto, (max-width: 695px) 100vw, 695px\" \/><\/figure>\n\n\n\n<p><a href=\"https:\/\/skola.karlstad.se\/nta\/teknik-och-hallbar-utveckling\/\" target=\"_blank\" rel=\"noreferrer noopener\"><strong>Teknik och h\u00e5llbar utveckling<\/strong><br>NTA-tema om bl.a. h\u00e5llbar utveckling<\/a><\/p>\n<\/div>\n\n\n\n<div class=\"wp-block-column is-layout-flow wp-block-column-is-layout-flow\"><\/div>\n<\/div>\n\n\n\n<p><strong><span style=\"text-decoration: underline\">Tidigare aktiviteter:<\/span><\/strong><\/p>\n\n\n\n<ul class=\"wp-block-list\">\n<li><a href=\"https:\/\/skola.karlstad.se\/gronatraden\/uf-forskoleutmaning\/\">UF &#8211; f\u00f6rskoleutmaning, uppdrag om \u00e5tervinning och innovation<\/a><\/li>\n\n\n\n<li><a href=\"https:\/\/skola.karlstad.se\/gronatraden\/sopbil-pa-forskolan\/\">Sopbil p\u00e5 f\u00f6rskola &#8211; upplev en sopbil och l\u00e4r er mer om \u00e5tervinning<\/a><\/li>\n\n\n\n<li><a href=\"https:\/\/skola.karlstad.se\/gronatraden\/hjalp-oss-att-oka-den-biologiska-mangfalden-i-karlstad\/\">Invasiva arter, uppdrag f\u00f6r att \u00f6ka den biologiska m\u00e5ngfalden<\/a><\/li>\n\n\n\n<li><a href=\"https:\/\/skola.karlstad.se\/gronatraden\/skrapplockardagarna\/\">Skr\u00e4pplockardagarna (\u00e5terkommer vt 2026)<\/a><\/li>\n\n\n\n<li><a href=\"https:\/\/skola.karlstad.se\/gronatraden\/sopan\/\">Sopan &#8211; f\u00f6rest\u00e4llning om sopsortering och \u00e5tervinning<\/a><\/li>\n<\/ul>\n\n\n\n<p><\/p>\n","protected":false},"excerpt":{"rendered":"<p>Soll\u00e5dan &#8221;Natur i v\u00e5r n\u00e4rmilj\u00f6&#8221;Undervisningsmaterial f\u00f6r att fr\u00e4mja l\u00e4rande f\u00f6r h\u00e5llbar utveckling Skr\u00e4pplockardagarnaSveriges st\u00f6rsta milj\u00f6kampanj f\u00f6r barn och unga Soll\u00e5dorMaterialbibliotek f\u00f6r utomhusundervisning Giftfri f\u00f6rskolaKemikaliekoll f\u00f6r en giftfri f\u00f6rskola Lilla bokbrygganUtbildningsmaterial och inspiration MatsvinnUtbildningsmaterial och inspiration Teknik och h\u00e5llbar utvecklingNTA-tema om bl.a. h\u00e5llbar utveckling Tidigare aktiviteter:<\/p>\n","protected":false},"author":3593,"featured_media":0,"parent":0,"menu_order":0,"comment_status":"closed","ping_status":"closed","template":"","meta":{"footnotes":""},"class_list":["post-32","page","type-page","status-publish","hentry"],"_links":{"self":[{"href":"https:\/\/skola.karlstad.se\/gronatraden\/wp-json\/wp\/v2\/pages\/32","targetHints":{"allow":["GET"]}}],"collection":[{"href":"https:\/\/skola.karlstad.se\/gronatraden\/wp-json\/wp\/v2\/pages"}],"about":[{"href":"https:\/\/skola.karlstad.se\/gronatraden\/wp-json\/wp\/v2\/types\/page"}],"author":[{"embeddable":true,"href":"https:\/\/skola.karlstad.se\/gronatraden\/wp-json\/wp\/v2\/users\/3593"}],"replies":[{"embeddable":true,"href":"https:\/\/skola.karlstad.se\/gronatraden\/wp-json\/wp\/v2\/comments?post=32"}],"version-history":[{"count":51,"href":"https:\/\/skola.karlstad.se\/gronatraden\/wp-json\/wp\/v2\/pages\/32\/revisions"}],"predecessor-version":[{"id":2055,"href":"https:\/\/skola.karlstad.se\/gronatraden\/wp-json\/wp\/v2\/pages\/32\/revisions\/2055"}],"wp:attachment":[{"href":"https:\/\/skola.karlstad.se\/gronatraden\/wp-json\/wp\/v2\/media?parent=32"}],"curies":[{"name":"wp","href":"https:\/\/api.w.org\/{rel}","templated":true}]}}