{"id":33,"date":"2024-04-09T12:05:26","date_gmt":"2024-04-09T10:05:26","guid":{"rendered":"https:\/\/skola.karlstad.se\/gronatraden\/?page_id=33"},"modified":"2026-03-25T11:39:39","modified_gmt":"2026-03-25T10:39:39","slug":"grundskola","status":"publish","type":"page","link":"https:\/\/skola.karlstad.se\/gronatraden\/grundskola\/","title":{"rendered":"Grundskola"},"content":{"rendered":"\n<div class=\"wp-block-columns is-layout-flex wp-container-core-columns-is-layout-9d6595d7 wp-block-columns-is-layout-flex\">\n<div class=\"wp-block-column is-layout-flow wp-block-column-is-layout-flow\">\n<figure class=\"wp-block-image size-large is-resized\"><a href=\"https:\/\/skola.karlstad.se\/gronatraden\/studiebesok\/\"><img loading=\"lazy\" decoding=\"async\" width=\"1024\" height=\"683\" src=\"https:\/\/skola.karlstad.se\/gronatraden\/wp-content\/uploads\/sites\/1520\/2024\/05\/Utforska-studiebesok-1-1024x683.jpg\" alt=\"\" class=\"wp-image-798\" style=\"width:auto;height:230px\" srcset=\"https:\/\/skola.karlstad.se\/gronatraden\/wp-content\/uploads\/sites\/1520\/2024\/05\/Utforska-studiebesok-1-1024x683.jpg 1024w, https:\/\/skola.karlstad.se\/gronatraden\/wp-content\/uploads\/sites\/1520\/2024\/05\/Utforska-studiebesok-1-300x200.jpg 300w, https:\/\/skola.karlstad.se\/gronatraden\/wp-content\/uploads\/sites\/1520\/2024\/05\/Utforska-studiebesok-1-768x512.jpg 768w, https:\/\/skola.karlstad.se\/gronatraden\/wp-content\/uploads\/sites\/1520\/2024\/05\/Utforska-studiebesok-1-1536x1024.jpg 1536w, https:\/\/skola.karlstad.se\/gronatraden\/wp-content\/uploads\/sites\/1520\/2024\/05\/Utforska-studiebesok-1-2048x1366.jpg 2048w\" sizes=\"auto, (max-width: 767px) 89vw, (max-width: 1000px) 54vw, (max-width: 1071px) 543px, 580px\" \/><\/a><\/figure>\n\n\n\n<p><a href=\"https:\/\/skola.karlstad.se\/gronatraden\/studiebesok\/\" data-type=\"link\" data-id=\"https:\/\/skola.karlstad.se\/gronatraden\/studiebesok\/\"><strong>Studiebes\u00f6k<\/strong><br>Bes\u00f6k lokala akt\u00f6rer inom h\u00e5llbar utveckling<\/a><\/p>\n<\/div>\n\n\n\n<div class=\"wp-block-column is-layout-flow wp-block-column-is-layout-flow\">\n<figure class=\"wp-block-image size-full is-resized\"><a href=\"https:\/\/skola.karlstad.se\/gronatraden\/natur-i-var-narmiljo-skola\/\"><img loading=\"lazy\" decoding=\"async\" width=\"717\" height=\"564\" src=\"https:\/\/skola.karlstad.se\/gronatraden\/wp-content\/uploads\/sites\/1520\/2025\/11\/image.png\" alt=\"\" class=\"wp-image-1940\" style=\"width:275px;height:auto\" srcset=\"https:\/\/skola.karlstad.se\/gronatraden\/wp-content\/uploads\/sites\/1520\/2025\/11\/image.png 717w, https:\/\/skola.karlstad.se\/gronatraden\/wp-content\/uploads\/sites\/1520\/2025\/11\/image-300x236.png 300w\" sizes=\"auto, (max-width: 717px) 100vw, 717px\" \/><\/a><\/figure>\n\n\n\n<p><a href=\"https:\/\/skola.karlstad.se\/gronatraden\/natur-i-var-narmiljo-skola\/\"><strong>Soll\u00e5dan &#8221;Natur i v\u00e5r n\u00e4rmilj\u00f6&#8221;<\/strong><br>Undervisningsmaterial f\u00f6r att fr\u00e4mja l\u00e4rande f\u00f6r h\u00e5llbar utveckling<\/a><\/p>\n<\/div>\n<\/div>\n\n\n\n<div class=\"wp-block-columns is-layout-flex wp-container-core-columns-is-layout-9d6595d7 wp-block-columns-is-layout-flex\">\n<div class=\"wp-block-column is-layout-flow wp-block-column-is-layout-flow\">\n<figure class=\"wp-block-image size-large\"><img loading=\"lazy\" decoding=\"async\" width=\"1024\" height=\"679\" src=\"http:\/\/skola.karlstad.se\/gronatraden\/wp-content\/uploads\/sites\/1520\/2024\/04\/Skrapplockardagarna-annons-fb-2024-original-1242794-3-1024x679.jpg\" alt=\"\" class=\"wp-image-158\" srcset=\"https:\/\/skola.karlstad.se\/gronatraden\/wp-content\/uploads\/sites\/1520\/2024\/04\/Skrapplockardagarna-annons-fb-2024-original-1242794-3-1024x679.jpg 1024w, https:\/\/skola.karlstad.se\/gronatraden\/wp-content\/uploads\/sites\/1520\/2024\/04\/Skrapplockardagarna-annons-fb-2024-original-1242794-3-300x199.jpg 300w, https:\/\/skola.karlstad.se\/gronatraden\/wp-content\/uploads\/sites\/1520\/2024\/04\/Skrapplockardagarna-annons-fb-2024-original-1242794-3-768x510.jpg 768w, https:\/\/skola.karlstad.se\/gronatraden\/wp-content\/uploads\/sites\/1520\/2024\/04\/Skrapplockardagarna-annons-fb-2024-original-1242794-3-1536x1019.jpg 1536w, https:\/\/skola.karlstad.se\/gronatraden\/wp-content\/uploads\/sites\/1520\/2024\/04\/Skrapplockardagarna-annons-fb-2024-original-1242794-3-2048x1359.jpg 2048w\" sizes=\"auto, (max-width: 767px) 89vw, (max-width: 1000px) 54vw, (max-width: 1071px) 543px, 580px\" \/><\/figure>\n\n\n\n<p><a href=\"https:\/\/skola.karlstad.se\/gronatraden\/skrapplockardagarna\/\"><strong>Skr\u00e4pplockardagarna<\/strong><br>Sveriges st\u00f6rsta milj\u00f6kampanj f\u00f6r barn och unga<\/a><br><\/p>\n<\/div>\n\n\n\n<div class=\"wp-block-column is-layout-flow wp-block-column-is-layout-flow\">\n<figure class=\"wp-block-image size-full\"><a href=\"https:\/\/skola.karlstad.se\/gronatraden\/yrkesbiblioteket\/\"><img loading=\"lazy\" decoding=\"async\" width=\"334\" height=\"222\" src=\"https:\/\/skola.karlstad.se\/gronatraden\/wp-content\/uploads\/sites\/1520\/2024\/04\/Yrkesbiblioteket1-1.png\" alt=\"\" class=\"wp-image-148\" srcset=\"https:\/\/skola.karlstad.se\/gronatraden\/wp-content\/uploads\/sites\/1520\/2024\/04\/Yrkesbiblioteket1-1.png 334w, https:\/\/skola.karlstad.se\/gronatraden\/wp-content\/uploads\/sites\/1520\/2024\/04\/Yrkesbiblioteket1-1-300x199.png 300w\" sizes=\"auto, (max-width: 334px) 100vw, 334px\" \/><\/a><\/figure>\n\n\n\n<p><a href=\"https:\/\/skola.karlstad.se\/gronatraden\/yrkesbiblioteket\/\" data-type=\"link\" data-id=\"https:\/\/skola.karlstad.se\/gronatraden\/yrkesbiblioteket\/\"><strong><strong><strong><strong>Yrkesbiblioteket<\/strong><\/strong><\/strong><\/strong><br>Tips p\u00e5 yrkesf\u00f6retr\u00e4dare och aktiviteter<\/a><\/p>\n<\/div>\n\n\n\n<div class=\"wp-block-column is-layout-flow wp-block-column-is-layout-flow\">\n<figure class=\"wp-block-image size-full is-resized\"><a href=\"https:\/\/skola.karlstad.se\/gronatraden\/tanka-gront-en-kortlek-for-spel-och-prat\/\"><img loading=\"lazy\" decoding=\"async\" width=\"492\" height=\"365\" src=\"https:\/\/skola.karlstad.se\/gronatraden\/wp-content\/uploads\/sites\/1520\/2025\/09\/kortlek-framsida-beskuren.jpg\" alt=\"\" class=\"wp-image-1789\" style=\"width:182px;height:auto\" srcset=\"https:\/\/skola.karlstad.se\/gronatraden\/wp-content\/uploads\/sites\/1520\/2025\/09\/kortlek-framsida-beskuren.jpg 492w, https:\/\/skola.karlstad.se\/gronatraden\/wp-content\/uploads\/sites\/1520\/2025\/09\/kortlek-framsida-beskuren-300x223.jpg 300w\" sizes=\"auto, (max-width: 492px) 100vw, 492px\" \/><\/a><\/figure>\n\n\n\n<p><a href=\"https:\/\/skola.karlstad.se\/gronatraden\/tanka-gront-en-kortlek-for-spel-och-prat\/\" data-type=\"page\" data-id=\"1777\"><strong>Kortlek<\/strong><br>T\u00e4nka gr\u00f6nt &#8211; en kortlek f\u00f6r spel och prat<\/a><\/p>\n<\/div>\n<\/div>\n\n\n\n<div class=\"wp-block-columns is-layout-flex wp-container-core-columns-is-layout-9d6595d7 wp-block-columns-is-layout-flex\">\n<div class=\"wp-block-column is-layout-flow wp-block-column-is-layout-flow\">\n<figure class=\"wp-block-image size-full\"><a href=\"https:\/\/skola.karlstad.se\/gronatraden\/slojdnatverket\/\"><img loading=\"lazy\" decoding=\"async\" width=\"1441\" height=\"948\" src=\"https:\/\/skola.karlstad.se\/gronatraden\/wp-content\/uploads\/sites\/1520\/2024\/04\/Fagelholk2.jpg\" alt=\"\" class=\"wp-image-150\" srcset=\"https:\/\/skola.karlstad.se\/gronatraden\/wp-content\/uploads\/sites\/1520\/2024\/04\/Fagelholk2.jpg 1441w, https:\/\/skola.karlstad.se\/gronatraden\/wp-content\/uploads\/sites\/1520\/2024\/04\/Fagelholk2-300x197.jpg 300w, https:\/\/skola.karlstad.se\/gronatraden\/wp-content\/uploads\/sites\/1520\/2024\/04\/Fagelholk2-1024x674.jpg 1024w, https:\/\/skola.karlstad.se\/gronatraden\/wp-content\/uploads\/sites\/1520\/2024\/04\/Fagelholk2-768x505.jpg 768w\" sizes=\"auto, (max-width: 767px) 89vw, (max-width: 1000px) 54vw, (max-width: 1071px) 543px, 580px\" \/><\/a><\/figure>\n\n\n\n<p><a href=\"https:\/\/skola.karlstad.se\/gronatraden\/slojdnatverket\/\"><strong>Sl\u00f6jdn\u00e4tverket<\/strong><br>H\u00e5llbar utveckling inom sl\u00f6jd<\/a><\/p>\n<\/div>\n\n\n\n<div class=\"wp-block-column is-layout-flow wp-block-column-is-layout-flow\">\n<figure class=\"wp-block-image size-full\"><a href=\"https:\/\/skola.karlstad.se\/gronatraden\/elevborgarradet\/\"><img loading=\"lazy\" decoding=\"async\" width=\"318\" height=\"212\" src=\"https:\/\/skola.karlstad.se\/gronatraden\/wp-content\/uploads\/sites\/1520\/2024\/04\/Elevborgarrad2-1.png\" alt=\"\" class=\"wp-image-142\" srcset=\"https:\/\/skola.karlstad.se\/gronatraden\/wp-content\/uploads\/sites\/1520\/2024\/04\/Elevborgarrad2-1.png 318w, https:\/\/skola.karlstad.se\/gronatraden\/wp-content\/uploads\/sites\/1520\/2024\/04\/Elevborgarrad2-1-300x200.png 300w\" sizes=\"auto, (max-width: 318px) 100vw, 318px\" \/><\/a><\/figure>\n\n\n\n<p><a href=\"https:\/\/skola.karlstad.se\/gronatraden\/elevborgarradet\/\" data-type=\"link\" data-id=\"https:\/\/skola.karlstad.se\/gronatraden\/elevborgarradet\/\"><strong><strong>Elevborgarr\u00e5det<\/strong><\/strong><br>Elevdemokrati inom h\u00e5llbar utveckling<\/a><\/p>\n<\/div>\n\n\n\n<div class=\"wp-block-column is-layout-flow wp-block-column-is-layout-flow\">\n<figure class=\"wp-block-image size-full is-resized\"><a href=\"https:\/\/skola.karlstad.se\/naturskolan\/solladan\/\" target=\"_blank\" rel=\" noreferrer noopener\"><img loading=\"lazy\" decoding=\"async\" width=\"300\" height=\"225\" src=\"https:\/\/skola.karlstad.se\/gronatraden\/wp-content\/uploads\/sites\/1520\/2026\/02\/image-3.png\" alt=\"\" class=\"wp-image-1993\" style=\"width:auto;height:150px\" \/><\/a><\/figure>\n\n\n\n<p><strong><a href=\"https:\/\/skola.karlstad.se\/naturskolan\/solladan\/\">Soll\u00e5dor<\/a><\/strong><br><a href=\"https:\/\/skola.karlstad.se\/naturskolan\/solladan\/\" target=\"_blank\" rel=\"noreferrer noopener\">Materialbibliotek f\u00f6r utomhusundervisning<\/a><\/p>\n<\/div>\n<\/div>\n\n\n\n<p><strong><span style=\"text-decoration: underline\">Avslutade aktiviteter:<\/span><\/strong><\/p>\n\n\n\n<ul class=\"wp-block-list\">\n<li><a href=\"https:\/\/skola.karlstad.se\/gronatraden\/prylfixarna-en-utmaning-for-ak-2-3\/\">Prylfixarna &#8211; t\u00e4vling och utst\u00e4llning f\u00f6r \u00e5k 2-3<\/a><\/li>\n\n\n\n<li><a href=\"https:\/\/skola.karlstad.se\/gronatraden\/skogens-dagar-2025\/\">Skogens dagar 2025<\/a><\/li>\n\n\n\n<li>Plast till Papp Challenge &#8211; innovativ utmaning f\u00f6r \u00e5k 4-9, <a href=\"https:\/\/skola.karlstad.se\/gronatraden\/plast-till-papp-challenge\/\">vt 2025<\/a>, <a href=\"https:\/\/skola.karlstad.se\/gronatraden\/plast-till-papp-challenge-vt-2026\/\">vt 2026<\/a><\/li>\n\n\n\n<li><a href=\"https:\/\/skola.karlstad.se\/gronatraden\/hjalp-oss-att-oka-den-biologiska-mangfalden-i-karlstad\/\">Invasiva arter, uppdrag f\u00f6r att \u00f6ka den biologiska m\u00e5ngfalden<\/a><\/li>\n\n\n\n<li><a href=\"https:\/\/skola.karlstad.se\/gronatraden\/klimatvandring-mariebergsskogen-fran-dinotid-till-nutid\/\">Klimatvandring vid Mariebergsskogen, ht 2025<\/a><\/li>\n\n\n\n<li><a href=\"https:\/\/skola.karlstad.se\/gronatraden\/uf-grundskoleutmaning\/\">UF:s grundskoleutmaning, \u00e5k F-9<\/a><\/li>\n<\/ul>\n\n\n\n<p><\/p>\n","protected":false},"excerpt":{"rendered":"<p>Studiebes\u00f6kBes\u00f6k lokala akt\u00f6rer inom h\u00e5llbar utveckling Soll\u00e5dan &#8221;Natur i v\u00e5r n\u00e4rmilj\u00f6&#8221;Undervisningsmaterial f\u00f6r att fr\u00e4mja l\u00e4rande f\u00f6r h\u00e5llbar utveckling Skr\u00e4pplockardagarnaSveriges st\u00f6rsta milj\u00f6kampanj f\u00f6r barn och unga YrkesbiblioteketTips p\u00e5 yrkesf\u00f6retr\u00e4dare och aktiviteter KortlekT\u00e4nka gr\u00f6nt &#8211; en kortlek f\u00f6r spel och prat Sl\u00f6jdn\u00e4tverketH\u00e5llbar utveckling inom sl\u00f6jd Elevborgarr\u00e5detElevdemokrati inom h\u00e5llbar utveckling Soll\u00e5dorMaterialbibliotek f\u00f6r utomhusundervisning Avslutade aktiviteter:<\/p>\n","protected":false},"author":3593,"featured_media":0,"parent":0,"menu_order":0,"comment_status":"closed","ping_status":"closed","template":"","meta":{"footnotes":""},"class_list":["post-33","page","type-page","status-publish","hentry"],"_links":{"self":[{"href":"https:\/\/skola.karlstad.se\/gronatraden\/wp-json\/wp\/v2\/pages\/33","targetHints":{"allow":["GET"]}}],"collection":[{"href":"https:\/\/skola.karlstad.se\/gronatraden\/wp-json\/wp\/v2\/pages"}],"about":[{"href":"https:\/\/skola.karlstad.se\/gronatraden\/wp-json\/wp\/v2\/types\/page"}],"author":[{"embeddable":true,"href":"https:\/\/skola.karlstad.se\/gronatraden\/wp-json\/wp\/v2\/users\/3593"}],"replies":[{"embeddable":true,"href":"https:\/\/skola.karlstad.se\/gronatraden\/wp-json\/wp\/v2\/comments?post=33"}],"version-history":[{"count":70,"href":"https:\/\/skola.karlstad.se\/gronatraden\/wp-json\/wp\/v2\/pages\/33\/revisions"}],"predecessor-version":[{"id":2045,"href":"https:\/\/skola.karlstad.se\/gronatraden\/wp-json\/wp\/v2\/pages\/33\/revisions\/2045"}],"wp:attachment":[{"href":"https:\/\/skola.karlstad.se\/gronatraden\/wp-json\/wp\/v2\/media?parent=33"}],"curies":[{"name":"wp","href":"https:\/\/api.w.org\/{rel}","templated":true}]}}