{"id":35,"date":"2024-04-09T12:05:26","date_gmt":"2024-04-09T10:05:26","guid":{"rendered":"https:\/\/skola.karlstad.se\/gronatraden\/?page_id=35"},"modified":"2026-03-20T09:17:35","modified_gmt":"2026-03-20T08:17:35","slug":"tips-och-lankar","status":"publish","type":"page","link":"https:\/\/skola.karlstad.se\/gronatraden\/tips-och-lankar\/","title":{"rendered":"Tips och l\u00e4nkar"},"content":{"rendered":"\n<figure class=\"wp-block-image size-full\"><a href=\"https:\/\/rise.articulate.com\/share\/IJG2h6QgBVLB8tVG9WunNU0S1nDVkccZ#\/\" target=\"_blank\" rel=\"noreferrer noopener\"><img loading=\"lazy\" decoding=\"async\" width=\"1011\" height=\"248\" src=\"https:\/\/skola.karlstad.se\/gronatraden\/wp-content\/uploads\/sites\/1520\/2024\/10\/Miljoutbildning.jpg\" alt=\"\" class=\"wp-image-1229\" srcset=\"https:\/\/skola.karlstad.se\/gronatraden\/wp-content\/uploads\/sites\/1520\/2024\/10\/Miljoutbildning.jpg 1011w, https:\/\/skola.karlstad.se\/gronatraden\/wp-content\/uploads\/sites\/1520\/2024\/10\/Miljoutbildning-300x74.jpg 300w, https:\/\/skola.karlstad.se\/gronatraden\/wp-content\/uploads\/sites\/1520\/2024\/10\/Miljoutbildning-768x188.jpg 768w\" sizes=\"auto, (max-width: 767px) 89vw, (max-width: 1000px) 54vw, (max-width: 1071px) 543px, 580px\" \/><\/a><\/figure>\n\n\n\n<p class=\"has-text-align-center\"><a href=\"https:\/\/rise.articulate.com\/share\/IJG2h6QgBVLB8tVG9WunNU0S1nDVkccZ#\/\" target=\"_blank\" rel=\"noreferrer noopener\"><strong>Karlstads kommuns digitala milj\u00f6- och klimatutbildning<\/strong><br>L\u00e4rorik webbutbildning med inspirerande filmer och \u00f6vningar inom olika teman.<\/a><\/p>\n\n\n\n<div class=\"wp-block-columns is-layout-flex wp-container-core-columns-is-layout-9d6595d7 wp-block-columns-is-layout-flex\">\n<div class=\"wp-block-column is-layout-flow wp-block-column-is-layout-flow\">\n<figure class=\"wp-block-image size-large\"><img loading=\"lazy\" decoding=\"async\" width=\"1024\" height=\"574\" src=\"https:\/\/skola.karlstad.se\/gronatraden\/wp-content\/uploads\/sites\/1520\/2025\/04\/cykelvanlig-arbetsplats-1024x574.jpg\" alt=\"\" class=\"wp-image-1639\" srcset=\"https:\/\/skola.karlstad.se\/gronatraden\/wp-content\/uploads\/sites\/1520\/2025\/04\/cykelvanlig-arbetsplats-1024x574.jpg 1024w, https:\/\/skola.karlstad.se\/gronatraden\/wp-content\/uploads\/sites\/1520\/2025\/04\/cykelvanlig-arbetsplats-300x168.jpg 300w, https:\/\/skola.karlstad.se\/gronatraden\/wp-content\/uploads\/sites\/1520\/2025\/04\/cykelvanlig-arbetsplats-768x431.jpg 768w, https:\/\/skola.karlstad.se\/gronatraden\/wp-content\/uploads\/sites\/1520\/2025\/04\/cykelvanlig-arbetsplats-1536x861.jpg 1536w, https:\/\/skola.karlstad.se\/gronatraden\/wp-content\/uploads\/sites\/1520\/2025\/04\/cykelvanlig-arbetsplats.jpg 1577w\" sizes=\"auto, (max-width: 767px) 89vw, (max-width: 1000px) 54vw, (max-width: 1071px) 543px, 580px\" \/><\/figure>\n\n\n\n<p><a href=\"https:\/\/karlstad.se\/bygga-bo-och-leva-hallbart\/leva-hallbart\/hallbart-resande\/cykelvanlig-arbetsplats\" target=\"_blank\" rel=\"noreferrer noopener\"><strong>Cykelv\u00e4nlig arbetsplats Karlstad<\/strong><br>Bli en cykelv\u00e4nlig arbetsplats ni ocks\u00e5, flera f\u00f6rskolor och skolor i Karlstad \u00e4r redan med!<\/a><\/p>\n<\/div>\n\n\n\n<div class=\"wp-block-column is-layout-flow wp-block-column-is-layout-flow\">\n<figure class=\"wp-block-image size-full is-resized\"><a href=\"https:\/\/www.klimatspelet.se\/\" target=\"_blank\" rel=\"noreferrer noopener\"><img loading=\"lazy\" decoding=\"async\" width=\"563\" height=\"375\" src=\"https:\/\/skola.karlstad.se\/gronatraden\/wp-content\/uploads\/sites\/1520\/2024\/09\/Klimatspelet-edited-1.jpg\" alt=\"\" class=\"wp-image-1221\" style=\"width:278px;height:auto\" srcset=\"https:\/\/skola.karlstad.se\/gronatraden\/wp-content\/uploads\/sites\/1520\/2024\/09\/Klimatspelet-edited-1.jpg 563w, https:\/\/skola.karlstad.se\/gronatraden\/wp-content\/uploads\/sites\/1520\/2024\/09\/Klimatspelet-edited-1-300x200.jpg 300w\" sizes=\"auto, (max-width: 563px) 100vw, 563px\" \/><\/a><\/figure>\n\n\n\n<p><a href=\"https:\/\/www.klimatspelet.se\/\" data-type=\"link\" data-id=\"https:\/\/www.klimatspelet.se\/\" target=\"_blank\" rel=\"noreferrer noopener\"><strong>Klimatspelet<\/strong><br>L\u00e4rorikt spel om produktion &amp; konsumtion av livsmedel kopplat till klimat. <br><br>F\u00f6r: \u00c5k 7 &#8211; 9<\/a><\/p>\n<\/div>\n<\/div>\n\n\n\n<p><strong>Utbildningsmaterial<\/strong><\/p>\n\n\n\n<div class=\"wp-block-columns is-layout-flex wp-container-core-columns-is-layout-9d6595d7 wp-block-columns-is-layout-flex\">\n<div class=\"wp-block-column is-layout-flow wp-block-column-is-layout-flow\">\n<figure class=\"wp-block-image size-full\"><a href=\"https:\/\/www.wwf.se\/utbildning\/uppgiftsbanken\/\" target=\"_blank\" rel=\"noreferrer noopener\"><img loading=\"lazy\" decoding=\"async\" width=\"810\" height=\"540\" src=\"https:\/\/skola.karlstad.se\/gronatraden\/wp-content\/uploads\/sites\/1520\/2024\/04\/WWF3.jpg\" alt=\"\" class=\"wp-image-288\" srcset=\"https:\/\/skola.karlstad.se\/gronatraden\/wp-content\/uploads\/sites\/1520\/2024\/04\/WWF3.jpg 810w, https:\/\/skola.karlstad.se\/gronatraden\/wp-content\/uploads\/sites\/1520\/2024\/04\/WWF3-300x200.jpg 300w, https:\/\/skola.karlstad.se\/gronatraden\/wp-content\/uploads\/sites\/1520\/2024\/04\/WWF3-768x512.jpg 768w\" sizes=\"auto, (max-width: 767px) 89vw, (max-width: 1000px) 54vw, (max-width: 1071px) 543px, 580px\" \/><\/a><\/figure>\n\n\n\n<p><a href=\"https:\/\/www.wwf.se\/utbildning\/uppgiftsbanken\/\" data-type=\"link\" data-id=\"https:\/\/www.wwf.se\/utbildning\/uppgiftsbanken\/\" target=\"_blank\" rel=\"noreferrer noopener\"><strong>WWFs uppgiftsbank<\/strong><br>En samling av pedagogiskt material f\u00f6r f\u00f6rskola och skola inom h\u00e5llbar utveckling.<\/a><\/p>\n<\/div>\n\n\n\n<div class=\"wp-block-column is-layout-flow wp-block-column-is-layout-flow\">\n<figure class=\"wp-block-image size-large\"><a href=\"https:\/\/www.naturskyddsforeningen.se\/skola\/\" target=\"_blank\" rel=\"noreferrer noopener\"><img loading=\"lazy\" decoding=\"async\" width=\"1024\" height=\"680\" src=\"https:\/\/skola.karlstad.se\/gronatraden\/wp-content\/uploads\/sites\/1520\/2024\/04\/Fjarill2-1024x680.jpg\" alt=\"\" class=\"wp-image-290\" srcset=\"https:\/\/skola.karlstad.se\/gronatraden\/wp-content\/uploads\/sites\/1520\/2024\/04\/Fjarill2-1024x680.jpg 1024w, https:\/\/skola.karlstad.se\/gronatraden\/wp-content\/uploads\/sites\/1520\/2024\/04\/Fjarill2-300x199.jpg 300w, https:\/\/skola.karlstad.se\/gronatraden\/wp-content\/uploads\/sites\/1520\/2024\/04\/Fjarill2-768x510.jpg 768w, https:\/\/skola.karlstad.se\/gronatraden\/wp-content\/uploads\/sites\/1520\/2024\/04\/Fjarill2-1536x1020.jpg 1536w, https:\/\/skola.karlstad.se\/gronatraden\/wp-content\/uploads\/sites\/1520\/2024\/04\/Fjarill2-2048x1360.jpg 2048w\" sizes=\"auto, (max-width: 767px) 89vw, (max-width: 1000px) 54vw, (max-width: 1071px) 543px, 580px\" \/><\/a><\/figure>\n\n\n\n<p><a href=\"https:\/\/www.naturskyddsforeningen.se\/skola\/\" data-type=\"link\" data-id=\"https:\/\/www.naturskyddsforeningen.se\/skola\/\" target=\"_blank\" rel=\"noreferrer noopener\"><strong>Naturskyddsf\u00f6reningens skolmaterial<\/strong><br>\u00d6vningar, faktablad och annat material till undervisningen<\/a><\/p>\n<\/div>\n\n\n\n<div class=\"wp-block-column is-layout-flow wp-block-column-is-layout-flow\">\n<figure class=\"wp-block-image size-large\"><a href=\"https:\/\/www.skolverket.se\/skolutveckling\/inspiration-och-stod-i-arbetet\/stod-i-arbetet\/utveckla-undervisningen-inom-larande-for-hallbar-utveckling\" target=\"_blank\" rel=\"noreferrer noopener\"><img loading=\"lazy\" decoding=\"async\" width=\"1024\" height=\"677\" src=\"https:\/\/skola.karlstad.se\/gronatraden\/wp-content\/uploads\/sites\/1520\/2024\/04\/Skolverket-4-1024x677.jpg\" alt=\"\" class=\"wp-image-296\" srcset=\"https:\/\/skola.karlstad.se\/gronatraden\/wp-content\/uploads\/sites\/1520\/2024\/04\/Skolverket-4-1024x677.jpg 1024w, https:\/\/skola.karlstad.se\/gronatraden\/wp-content\/uploads\/sites\/1520\/2024\/04\/Skolverket-4-300x198.jpg 300w, https:\/\/skola.karlstad.se\/gronatraden\/wp-content\/uploads\/sites\/1520\/2024\/04\/Skolverket-4-768x508.jpg 768w, https:\/\/skola.karlstad.se\/gronatraden\/wp-content\/uploads\/sites\/1520\/2024\/04\/Skolverket-4.jpg 1146w\" sizes=\"auto, (max-width: 767px) 89vw, (max-width: 1000px) 54vw, (max-width: 1071px) 543px, 580px\" \/><\/a><\/figure>\n\n\n\n<p><a href=\"https:\/\/www.skolverket.se\/skolutveckling\/inspiration-och-stod-i-arbetet\/stod-i-arbetet\/utveckla-undervisningen-inom-larande-for-hallbar-utveckling\" data-type=\"link\" data-id=\"https:\/\/www.skolverket.se\/skolutveckling\/inspiration-och-stod-i-arbetet\/stod-i-arbetet\/utveckla-undervisningen-inom-larande-for-hallbar-utveckling#h-Deltaivartnatverkforlarandeforhallbarutveckling\" target=\"_blank\" rel=\"noreferrer noopener\"><strong>Skolverket &#8211; l\u00e4rande f\u00f6r h\u00e5llbar utveckling<\/strong><br>Kompetensutveckling och utbildning  kopplat till LHU.<\/a><\/p>\n<\/div>\n<\/div>\n\n\n\n<div class=\"wp-block-columns is-layout-flex wp-container-core-columns-is-layout-9d6595d7 wp-block-columns-is-layout-flex\">\n<div class=\"wp-block-column is-layout-flow wp-block-column-is-layout-flow\">\n<figure class=\"wp-block-image size-large is-resized\"><a href=\"https:\/\/www.globalamalen.se\/skola\/skolmaterial\/\" target=\"_blank\" rel=\"noreferrer noopener\"><img loading=\"lazy\" decoding=\"async\" width=\"831\" height=\"554\" src=\"https:\/\/skola.karlstad.se\/gronatraden\/wp-content\/uploads\/sites\/1520\/2024\/08\/Globala-malen-edited.jpg\" alt=\"\" class=\"wp-image-1028\" style=\"width:221px;height:auto\" srcset=\"https:\/\/skola.karlstad.se\/gronatraden\/wp-content\/uploads\/sites\/1520\/2024\/08\/Globala-malen-edited.jpg 831w, https:\/\/skola.karlstad.se\/gronatraden\/wp-content\/uploads\/sites\/1520\/2024\/08\/Globala-malen-edited-300x200.jpg 300w, https:\/\/skola.karlstad.se\/gronatraden\/wp-content\/uploads\/sites\/1520\/2024\/08\/Globala-malen-edited-768x512.jpg 768w\" sizes=\"auto, (max-width: 767px) 89vw, (max-width: 1000px) 54vw, (max-width: 1071px) 543px, 580px\" \/><\/a><\/figure>\n\n\n\n<p><a href=\"https:\/\/www.globalamalen.se\/skola\/skolmaterial\/\" data-type=\"link\" data-id=\"https:\/\/www.globalamalen.se\/skola\/skolmaterial\/\" target=\"_blank\" rel=\"noreferrer noopener\"><strong>Globala m\u00e5len<\/strong><br>Utbildningsmaterial f\u00f6r f\u00f6rskola &#8211; \u00e5k 9 <\/a><\/p>\n<\/div>\n\n\n\n<div class=\"wp-block-column is-layout-flow wp-block-column-is-layout-flow\">\n<figure class=\"wp-block-image size-large\"><a href=\"https:\/\/www.bondeniskolan.se\/\" target=\"_blank\" rel=\"noreferrer noopener\"><img loading=\"lazy\" decoding=\"async\" width=\"1024\" height=\"683\" src=\"https:\/\/skola.karlstad.se\/gronatraden\/wp-content\/uploads\/sites\/1520\/2024\/05\/Bonden-i-skolan-2-1024x683.jpg\" alt=\"\" class=\"wp-image-438\" srcset=\"https:\/\/skola.karlstad.se\/gronatraden\/wp-content\/uploads\/sites\/1520\/2024\/05\/Bonden-i-skolan-2-1024x683.jpg 1024w, https:\/\/skola.karlstad.se\/gronatraden\/wp-content\/uploads\/sites\/1520\/2024\/05\/Bonden-i-skolan-2-300x200.jpg 300w, https:\/\/skola.karlstad.se\/gronatraden\/wp-content\/uploads\/sites\/1520\/2024\/05\/Bonden-i-skolan-2-768x512.jpg 768w, https:\/\/skola.karlstad.se\/gronatraden\/wp-content\/uploads\/sites\/1520\/2024\/05\/Bonden-i-skolan-2-1536x1024.jpg 1536w, https:\/\/skola.karlstad.se\/gronatraden\/wp-content\/uploads\/sites\/1520\/2024\/05\/Bonden-i-skolan-2-2048x1366.jpg 2048w\" sizes=\"auto, (max-width: 767px) 89vw, (max-width: 1000px) 54vw, (max-width: 1071px) 543px, 580px\" \/><\/a><\/figure>\n\n\n\n<p><a href=\"https:\/\/www.bondeniskolan.se\/\" target=\"_blank\" rel=\"noreferrer noopener\"><strong>Bonden i Skolan<\/strong><br>L\u00e4romedel f\u00f6r \u00e5rskurs F- 6<\/a><\/p>\n<\/div>\n\n\n\n<div class=\"wp-block-column is-layout-flow wp-block-column-is-layout-flow\">\n<figure class=\"wp-block-image size-full\"><a href=\"https:\/\/www.skogeniskolan.se\/\" target=\"_blank\" rel=\"noreferrer noopener\"><img loading=\"lazy\" decoding=\"async\" width=\"607\" height=\"403\" src=\"https:\/\/skola.karlstad.se\/gronatraden\/wp-content\/uploads\/sites\/1520\/2024\/05\/Skogsentreprenor2.jpg\" alt=\"\" class=\"wp-image-448\" srcset=\"https:\/\/skola.karlstad.se\/gronatraden\/wp-content\/uploads\/sites\/1520\/2024\/05\/Skogsentreprenor2.jpg 607w, https:\/\/skola.karlstad.se\/gronatraden\/wp-content\/uploads\/sites\/1520\/2024\/05\/Skogsentreprenor2-300x199.jpg 300w\" sizes=\"auto, (max-width: 607px) 100vw, 607px\" \/><\/a><\/figure>\n\n\n\n<p><a href=\"https:\/\/www.skogeniskolan.se\/\" data-type=\"link\" data-id=\"https:\/\/www.skogeniskolan.se\/\" target=\"_blank\" rel=\"noreferrer noopener\"><strong>Skogen i skolan<\/strong><br>Pedagogiska verktyg f\u00f6r f\u00f6rskola &#8211; \u00e5k 9<\/a><\/p>\n<\/div>\n<\/div>\n\n\n\n<div class=\"wp-block-columns is-layout-flex wp-container-core-columns-is-layout-9d6595d7 wp-block-columns-is-layout-flex\">\n<div class=\"wp-block-column is-layout-flow wp-block-column-is-layout-flow\">\n<figure class=\"wp-block-image size-full\"><a href=\"https:\/\/www.jobbagront.se\/\" target=\"_blank\" rel=\"noreferrer noopener\"><img loading=\"lazy\" decoding=\"async\" width=\"810\" height=\"540\" src=\"https:\/\/skola.karlstad.se\/gronatraden\/wp-content\/uploads\/sites\/1520\/2024\/09\/Jobba-gront2.jpg\" alt=\"\" class=\"wp-image-1212\" srcset=\"https:\/\/skola.karlstad.se\/gronatraden\/wp-content\/uploads\/sites\/1520\/2024\/09\/Jobba-gront2.jpg 810w, https:\/\/skola.karlstad.se\/gronatraden\/wp-content\/uploads\/sites\/1520\/2024\/09\/Jobba-gront2-300x200.jpg 300w, https:\/\/skola.karlstad.se\/gronatraden\/wp-content\/uploads\/sites\/1520\/2024\/09\/Jobba-gront2-768x512.jpg 768w\" sizes=\"auto, (max-width: 767px) 89vw, (max-width: 1000px) 54vw, (max-width: 1071px) 543px, 580px\" \/><\/a><\/figure>\n\n\n\n<p><a href=\"https:\/\/www.jobbagront.se\/\" target=\"_blank\" rel=\"noreferrer noopener\"><strong>Jobba Gr\u00f6nt<br><\/strong>Tips om yrken inom milj\u00f6<\/a><\/p>\n<\/div>\n\n\n\n<div class=\"wp-block-column is-layout-flow wp-block-column-is-layout-flow\">\n<figure class=\"wp-block-image size-full is-resized\"><a href=\"https:\/\/pantresan.nu\/\" target=\"_blank\" rel=\"noreferrer noopener\"><img loading=\"lazy\" decoding=\"async\" width=\"459\" height=\"219\" src=\"https:\/\/skola.karlstad.se\/gronatraden\/wp-content\/uploads\/sites\/1520\/2025\/04\/pantresan.jpg\" alt=\"\" class=\"wp-image-1633\" style=\"width:220px;height:auto\" srcset=\"https:\/\/skola.karlstad.se\/gronatraden\/wp-content\/uploads\/sites\/1520\/2025\/04\/pantresan.jpg 459w, https:\/\/skola.karlstad.se\/gronatraden\/wp-content\/uploads\/sites\/1520\/2025\/04\/pantresan-300x143.jpg 300w\" sizes=\"auto, (max-width: 459px) 100vw, 459px\" \/><\/a><\/figure>\n\n\n\n<p><br><br><a href=\"https:\/\/pantresan.nu\/\" target=\"_blank\" rel=\"noreferrer noopener\"><strong>Pantresan<\/strong><\/a><br><a href=\"https:\/\/pantresan.nu\/\" target=\"_blank\" rel=\"noreferrer noopener\">F\u00f6r \u00e5k F-6 + fritidshem<\/a><\/p>\n<\/div>\n\n\n\n<div class=\"wp-block-column is-layout-flow wp-block-column-is-layout-flow\">\n<figure class=\"wp-block-image size-large is-resized\"><a href=\"https:\/\/gronsaksmalet.se\/\" target=\"_blank\" rel=\" noreferrer noopener\"><img loading=\"lazy\" decoding=\"async\" width=\"1024\" height=\"576\" src=\"https:\/\/skola.karlstad.se\/gronatraden\/wp-content\/uploads\/sites\/1520\/2025\/03\/gronsaksmalet-1024x576.jpg\" alt=\"\" class=\"wp-image-1399\" style=\"width:238px;height:auto\" srcset=\"https:\/\/skola.karlstad.se\/gronatraden\/wp-content\/uploads\/sites\/1520\/2025\/03\/gronsaksmalet-1024x576.jpg 1024w, https:\/\/skola.karlstad.se\/gronatraden\/wp-content\/uploads\/sites\/1520\/2025\/03\/gronsaksmalet-300x169.jpg 300w, https:\/\/skola.karlstad.se\/gronatraden\/wp-content\/uploads\/sites\/1520\/2025\/03\/gronsaksmalet-768x432.jpg 768w, https:\/\/skola.karlstad.se\/gronatraden\/wp-content\/uploads\/sites\/1520\/2025\/03\/gronsaksmalet-1536x864.jpg 1536w, https:\/\/skola.karlstad.se\/gronatraden\/wp-content\/uploads\/sites\/1520\/2025\/03\/gronsaksmalet-2048x1152.jpg 2048w\" sizes=\"auto, (max-width: 767px) 89vw, (max-width: 1000px) 54vw, (max-width: 1071px) 543px, 580px\" \/><\/a><\/figure>\n\n\n\n<p><a href=\"https:\/\/gronsaksmalet.se\/\" target=\"_blank\" rel=\"noreferrer noopener\"><strong>Gr\u00f6nsaksm\u00e5let<\/strong><br><\/a><a href=\"https:\/\/gronsaksmalet.se\/\" data-type=\"link\" data-id=\"https:\/\/gronsaksmalet.se\/\" target=\"_blank\" rel=\"noreferrer noopener\">T\u00e4vling f\u00f6r \u00e5k 4-6<\/a><\/p>\n<\/div>\n<\/div>\n\n\n\n<div class=\"wp-block-columns is-layout-flex wp-container-core-columns-is-layout-9d6595d7 wp-block-columns-is-layout-flex\">\n<div class=\"wp-block-column is-layout-flow wp-block-column-is-layout-flow\">\n<figure class=\"wp-block-image size-full\"><a href=\"https:\/\/www.lantmateriet.se\/sv\/kartor\/geoskolan\/\" target=\"_blank\" rel=\" noreferrer noopener\"><img loading=\"lazy\" decoding=\"async\" width=\"402\" height=\"244\" src=\"https:\/\/skola.karlstad.se\/gronatraden\/wp-content\/uploads\/sites\/1520\/2025\/09\/image-1.png\" alt=\"\" class=\"wp-image-1806\" srcset=\"https:\/\/skola.karlstad.se\/gronatraden\/wp-content\/uploads\/sites\/1520\/2025\/09\/image-1.png 402w, https:\/\/skola.karlstad.se\/gronatraden\/wp-content\/uploads\/sites\/1520\/2025\/09\/image-1-300x182.png 300w\" sizes=\"auto, (max-width: 402px) 100vw, 402px\" \/><\/a><\/figure>\n\n\n\n<p><a href=\"https:\/\/www.lantmateriet.se\/sv\/kartor\/geoskolan\/\" target=\"_blank\" rel=\"noreferrer noopener\"><strong>Geoskolan<\/strong><br>Lektionsf\u00f6rslag om milj\u00f6 m.m. fr\u00e5n Lantm\u00e4teriet<\/a><\/p>\n<\/div>\n\n\n\n<div class=\"wp-block-column is-layout-flow wp-block-column-is-layout-flow\"><\/div>\n\n\n\n<div class=\"wp-block-column is-layout-flow wp-block-column-is-layout-flow\"><\/div>\n<\/div>\n","protected":false},"excerpt":{"rendered":"<p>Karlstads kommuns digitala milj\u00f6- och klimatutbildningL\u00e4rorik webbutbildning med inspirerande filmer och \u00f6vningar inom olika teman. Cykelv\u00e4nlig arbetsplats KarlstadBli en cykelv\u00e4nlig arbetsplats ni ocks\u00e5, flera f\u00f6rskolor och skolor i Karlstad \u00e4r redan med! KlimatspeletL\u00e4rorikt spel om produktion &amp; konsumtion av livsmedel kopplat till klimat. F\u00f6r: \u00c5k 7 &#8211; 9 Utbildningsmaterial WWFs uppgiftsbankEn samling av pedagogiskt material &hellip; <\/p>\n<p class=\"link-more\"><a href=\"https:\/\/skola.karlstad.se\/gronatraden\/tips-och-lankar\/\" class=\"more-link\">Forts\u00e4tt l\u00e4sa<span class=\"screen-reader-text\"> \u201dTips och l\u00e4nkar\u201d<\/span><\/a><\/p>\n","protected":false},"author":3593,"featured_media":0,"parent":0,"menu_order":0,"comment_status":"closed","ping_status":"closed","template":"","meta":{"footnotes":""},"class_list":["post-35","page","type-page","status-publish","hentry"],"_links":{"self":[{"href":"https:\/\/skola.karlstad.se\/gronatraden\/wp-json\/wp\/v2\/pages\/35","targetHints":{"allow":["GET"]}}],"collection":[{"href":"https:\/\/skola.karlstad.se\/gronatraden\/wp-json\/wp\/v2\/pages"}],"about":[{"href":"https:\/\/skola.karlstad.se\/gronatraden\/wp-json\/wp\/v2\/types\/page"}],"author":[{"embeddable":true,"href":"https:\/\/skola.karlstad.se\/gronatraden\/wp-json\/wp\/v2\/users\/3593"}],"replies":[{"embeddable":true,"href":"https:\/\/skola.karlstad.se\/gronatraden\/wp-json\/wp\/v2\/comments?post=35"}],"version-history":[{"count":68,"href":"https:\/\/skola.karlstad.se\/gronatraden\/wp-json\/wp\/v2\/pages\/35\/revisions"}],"predecessor-version":[{"id":2040,"href":"https:\/\/skola.karlstad.se\/gronatraden\/wp-json\/wp\/v2\/pages\/35\/revisions\/2040"}],"wp:attachment":[{"href":"https:\/\/skola.karlstad.se\/gronatraden\/wp-json\/wp\/v2\/media?parent=35"}],"curies":[{"name":"wp","href":"https:\/\/api.w.org\/{rel}","templated":true}]}}