{"id":713,"date":"2024-05-28T11:21:58","date_gmt":"2024-05-28T09:21:58","guid":{"rendered":"https:\/\/skola.karlstad.se\/gronatraden\/?page_id=713"},"modified":"2026-03-10T14:01:14","modified_gmt":"2026-03-10T13:01:14","slug":"studiebesok","status":"publish","type":"page","link":"https:\/\/skola.karlstad.se\/gronatraden\/studiebesok\/","title":{"rendered":"Studiebes\u00f6k"},"content":{"rendered":"\n<div class=\"wp-block-columns is-layout-flex wp-container-core-columns-is-layout-9d6595d7 wp-block-columns-is-layout-flex\">\n<div class=\"wp-block-column is-layout-flow wp-block-column-is-layout-flow\">\n<figure class=\"wp-block-image size-full is-resized\"><a href=\"https:\/\/skola.karlstad.se\/gronatraden\/besok-ett-reningsverk\/\"><img loading=\"lazy\" decoding=\"async\" width=\"813\" height=\"540\" src=\"https:\/\/skola.karlstad.se\/gronatraden\/wp-content\/uploads\/sites\/1520\/2024\/08\/Vattenkran.jpg\" alt=\"\" class=\"wp-image-846\" style=\"width:auto;height:230px\" srcset=\"https:\/\/skola.karlstad.se\/gronatraden\/wp-content\/uploads\/sites\/1520\/2024\/08\/Vattenkran.jpg 813w, https:\/\/skola.karlstad.se\/gronatraden\/wp-content\/uploads\/sites\/1520\/2024\/08\/Vattenkran-300x199.jpg 300w, https:\/\/skola.karlstad.se\/gronatraden\/wp-content\/uploads\/sites\/1520\/2024\/08\/Vattenkran-768x510.jpg 768w\" sizes=\"auto, (max-width: 767px) 89vw, (max-width: 1000px) 54vw, (max-width: 1071px) 543px, 580px\" \/><\/a><\/figure>\n\n\n\n<p><a href=\"https:\/\/skola.karlstad.se\/gronatraden\/besok-ett-reningsverk\/\" data-type=\"link\" data-id=\"https:\/\/skola.karlstad.se\/gronatraden\/besok-ett-reningsverk\/\"><strong>Bes\u00f6k ett reningsverk<\/strong><br>M\u00e5lgrupp: \u00e5k 3 &#8211; 9<br>Vid bes\u00f6ket f\u00e5r ni rundvandring i reningsverket och information om rening av avloppsvatten.<\/a><\/p>\n<\/div>\n\n\n\n<div class=\"wp-block-column is-layout-flow wp-block-column-is-layout-flow\">\n<figure class=\"wp-block-image size-full is-resized\"><img loading=\"lazy\" decoding=\"async\" width=\"439\" height=\"325\" src=\"http:\/\/skola.karlstad.se\/gronatraden\/wp-content\/uploads\/sites\/1520\/2024\/09\/image-12.png\" alt=\"\" class=\"wp-image-1116\" style=\"width:auto;height:230px\" srcset=\"https:\/\/skola.karlstad.se\/gronatraden\/wp-content\/uploads\/sites\/1520\/2024\/09\/image-12.png 439w, https:\/\/skola.karlstad.se\/gronatraden\/wp-content\/uploads\/sites\/1520\/2024\/09\/image-12-300x222.png 300w\" sizes=\"auto, (max-width: 439px) 100vw, 439px\" \/><\/figure>\n\n\n\n<p><a href=\"https:\/\/skola.karlstad.se\/gronatraden\/skolbesok-risklab-vt-2026\/\" data-type=\"page\" data-id=\"2022\"><strong>Skolbes\u00f6k RiskLab\u00ae<\/strong><br>M\u00e5lgrupp: \u00e5k 1-9<br>Bes\u00f6k RiskLab\u00ae vid Karlstads universitet och l\u00e4r er mer om klimatf\u00f6r\u00e4ndringar och klimatrelaterade risker. <\/a><\/p>\n<\/div>\n<\/div>\n\n\n\n<div class=\"wp-block-columns is-layout-flex wp-container-core-columns-is-layout-9d6595d7 wp-block-columns-is-layout-flex\">\n<div class=\"wp-block-column is-layout-flow wp-block-column-is-layout-flow\">\n<p><strong>Tidigare studiebes\u00f6k<\/strong><br>Anm\u00e4lan f\u00f6r nedanst\u00e5ende bes\u00f6k har st\u00e4ngt.<\/p>\n\n\n\n<ul class=\"wp-block-list\">\n<li><strong>Skolbes\u00f6k RiskLab\u00ae &#8211; <a href=\"https:\/\/skola.karlstad.se\/gronatraden\/skolbesok-risklab\/\">ht 2024<\/a>, <a href=\"https:\/\/skola.karlstad.se\/gronatraden\/skolbesok-risklab-ht-2025\/\">ht 2025<\/a><\/strong><\/li>\n\n\n\n<li><a href=\"https:\/\/skola.karlstad.se\/gronatraden\/besok-en-livfull-tradgard-i-alster\/\" data-type=\"link\" data-id=\"https:\/\/skola.karlstad.se\/gronatraden\/besok-en-livfull-tradgard-i-alster\/\"><strong>Bes\u00f6k en tr\u00e4dg\u00e5rd i Alster<\/strong><\/a><\/li>\n\n\n\n<li><strong>Studiebes\u00f6k V\u00e5xn\u00e4s \u00e5tervinningscentral &#8211; <a href=\"https:\/\/skola.karlstad.se\/gronatraden\/besok-vaxnas-atervinningscentral\/\">ht 2024<\/a> &amp; <a href=\"https:\/\/skola.karlstad.se\/gronatraden\/besok-vaxnas-atervinningscentral-ht-2025\/\">ht 2025<\/a><\/strong><\/li>\n\n\n\n<li><strong>Bes\u00f6k en bondg\u00e5rd &#8211; <a href=\"https:\/\/skola.karlstad.se\/gronatraden\/besok-en-bondgard-ht2024\/\" data-type=\"page\" data-id=\"862\">ht 2024<\/a>, <a href=\"https:\/\/skola.karlstad.se\/gronatraden\/besok-en-bondgard-vt-2025\/\" data-type=\"page\" data-id=\"1315\">vt 2025<\/a>, <a href=\"https:\/\/skola.karlstad.se\/gronatraden\/besok-en-bondgard-ht-2025\/\">ht 2025<\/a><\/strong><br><\/li>\n<\/ul>\n<\/div>\n<\/div>\n\n\n\n<p><\/p>\n","protected":false},"excerpt":{"rendered":"<p>Bes\u00f6k ett reningsverkM\u00e5lgrupp: \u00e5k 3 &#8211; 9Vid bes\u00f6ket f\u00e5r ni rundvandring i reningsverket och information om rening av avloppsvatten. Skolbes\u00f6k RiskLab\u00aeM\u00e5lgrupp: \u00e5k 1-9Bes\u00f6k RiskLab\u00ae vid Karlstads universitet och l\u00e4r er mer om klimatf\u00f6r\u00e4ndringar och klimatrelaterade risker. Tidigare studiebes\u00f6kAnm\u00e4lan f\u00f6r nedanst\u00e5ende bes\u00f6k har st\u00e4ngt.<\/p>\n","protected":false},"author":3593,"featured_media":0,"parent":0,"menu_order":0,"comment_status":"closed","ping_status":"closed","template":"","meta":{"footnotes":""},"class_list":["post-713","page","type-page","status-publish","hentry"],"_links":{"self":[{"href":"https:\/\/skola.karlstad.se\/gronatraden\/wp-json\/wp\/v2\/pages\/713","targetHints":{"allow":["GET"]}}],"collection":[{"href":"https:\/\/skola.karlstad.se\/gronatraden\/wp-json\/wp\/v2\/pages"}],"about":[{"href":"https:\/\/skola.karlstad.se\/gronatraden\/wp-json\/wp\/v2\/types\/page"}],"author":[{"embeddable":true,"href":"https:\/\/skola.karlstad.se\/gronatraden\/wp-json\/wp\/v2\/users\/3593"}],"replies":[{"embeddable":true,"href":"https:\/\/skola.karlstad.se\/gronatraden\/wp-json\/wp\/v2\/comments?post=713"}],"version-history":[{"count":63,"href":"https:\/\/skola.karlstad.se\/gronatraden\/wp-json\/wp\/v2\/pages\/713\/revisions"}],"predecessor-version":[{"id":2031,"href":"https:\/\/skola.karlstad.se\/gronatraden\/wp-json\/wp\/v2\/pages\/713\/revisions\/2031"}],"wp:attachment":[{"href":"https:\/\/skola.karlstad.se\/gronatraden\/wp-json\/wp\/v2\/media?parent=713"}],"curies":[{"name":"wp","href":"https:\/\/api.w.org\/{rel}","templated":true}]}}