{"id":753,"date":"2024-05-29T10:41:16","date_gmt":"2024-05-29T08:41:16","guid":{"rendered":"https:\/\/skola.karlstad.se\/gronatraden\/?page_id=753"},"modified":"2026-02-16T11:39:14","modified_gmt":"2026-02-16T10:39:14","slug":"besok-ett-reningsverk","status":"publish","type":"page","link":"https:\/\/skola.karlstad.se\/gronatraden\/besok-ett-reningsverk\/","title":{"rendered":"Bes\u00f6k ett reningsverk"},"content":{"rendered":"\n<figure class=\"wp-block-image size-full\"><img loading=\"lazy\" decoding=\"async\" width=\"813\" height=\"289\" src=\"https:\/\/skola.karlstad.se\/gronatraden\/wp-content\/uploads\/sites\/1520\/2024\/05\/Vattenkran2-1.jpg\" alt=\"\" class=\"wp-image-757\" srcset=\"https:\/\/skola.karlstad.se\/gronatraden\/wp-content\/uploads\/sites\/1520\/2024\/05\/Vattenkran2-1.jpg 813w, https:\/\/skola.karlstad.se\/gronatraden\/wp-content\/uploads\/sites\/1520\/2024\/05\/Vattenkran2-1-300x107.jpg 300w, https:\/\/skola.karlstad.se\/gronatraden\/wp-content\/uploads\/sites\/1520\/2024\/05\/Vattenkran2-1-768x273.jpg 768w\" sizes=\"auto, (max-width: 767px) 89vw, (max-width: 1000px) 54vw, (max-width: 1071px) 543px, 580px\" \/><\/figure>\n\n\n\n<p>Alla klasser i \u00e5k 3-9 i Karlstads kommun har m\u00f6jlighet att \u00e5ka p\u00e5 studiebes\u00f6k till reningsverk. Vid studiebes\u00f6ken f\u00e5r ni l\u00e4ra er mer om hur det g\u00e5r till att rena avloppsvattnet, varf\u00f6r man m\u00e5ste rena avloppsvattnet, vad man f\u00e5r och inte f\u00e5r spola ner i toaletten, vad vattnet kostar m.m. Ni f\u00e5r ocks\u00e5 se de olika delarna av reningsverket, och vad det doftar(!). Vad \u00e4r det egentligen f\u00f6r skillnad mellan vattnet som kommer in i verket och hur rent det \u00e4r n\u00e4r det sl\u00e4pps ut?<\/p>\n\n\n\n<p><strong>Plats:<\/strong> Det st\u00f6rsta reningsverket \u00e4r vid Sj\u00f6stad. <br>Det finns ocks\u00e5 m\u00f6jlighet att bes\u00f6ka de lokala reningsverken i Sk\u00e5re, V\u00e5lberg och Molkom.<br>(Under 2026 p\u00e5g\u00e5r ombyggnationer vid Sj\u00f6stad och Sk\u00e5re s\u00e5 d\u00e4rf\u00f6r \u00e4r m\u00f6jligheterna n\u00e5got begr\u00e4nsade d\u00e4r, anm\u00e4l intresse f\u00f6r att unders\u00f6ka f\u00f6ruts\u00e4ttningarna.)<br><strong>M\u00e5lgrupp: <\/strong>\u00e5k 3 &#8211; 9<br><strong>Tids\u00e5tg\u00e5ng: <\/strong>1,5 timmar<br><strong>Dag: <\/strong>m\u00e5ndag &#8211; fredag<br><strong>Gruppstorlek:<\/strong> helst max 15 elever, men det kan ocks\u00e5 vara m\u00f6jligt att komma med en st\u00f6rre grupp. En medf\u00f6ljande vuxen per 15 elever. <br><strong>Kopplingar till undervisning och styrdokument:<\/strong> <br>&#8211; Kursplaner i teknik, kemi, fysik och geografi.<br>&#8211; Globala m\u00e5len: 6, 11 och 15<br>&#8211; Passar s\u00e4rskilt bra i samband med att ni arbetar med NTA-temat F\u00f6r\u00e4ndringar eller Kemif\u00f6rs\u00f6k. <br><br><strong>Att ta sig hit:<\/strong><br>Det st\u00f6rsta reningsverket \u00e4r vid Sj\u00f6stad och dit kan man \u00e5ka med stadsbuss 8 \u00e4ndh\u00e5llplats Sj\u00f6stad, d\u00e4rifr\u00e5n \u00e4r det ca 10 minuters promenad. <a href=\"https:\/\/solsidan.omniacloud.net\/start\/service-och-stod\/resor-logi-och-transporter\/buss\">Information om bussbokning<\/a>.<\/p>\n\n\n\n<div class=\"wp-block-group\"><div class=\"wp-block-group__inner-container is-layout-constrained wp-block-group-is-layout-constrained\">\n<div class=\"wp-block-buttons is-content-justification-left is-layout-flex wp-container-core-buttons-is-layout-45245d17 wp-block-buttons-is-layout-flex\">\n<div class=\"wp-block-button\"><a class=\"wp-block-button__link has-text-align-left wp-element-button\" href=\"https:\/\/forms.office.com\/e\/NBiMUT6pC3\" target=\"_blank\" rel=\"noreferrer noopener\">Anm\u00e4l intresse h\u00e4r<\/a><\/div>\n<\/div>\n<\/div><\/div>\n\n\n\n<p><br>Anm\u00e4l intresse senast en m\u00e5nad innan ni vill komma p\u00e5 studiebes\u00f6k. <br>Alla som anm\u00e4ler intresse f\u00e5r mer information och f\u00f6rslag p\u00e5 material till f\u00f6r- och efterarbete. Att delta \u00e4r kostnadsfritt.<\/p>\n\n\n\n<p>I <a href=\"http:\/\/tiny.cc\/yrkesbiblioteket\">Yrkesbiblioteket <\/a>finns mer tips p\u00e5 studiebes\u00f6k och andra aktiviteter f\u00f6r att samverka med arbetslivet. &nbsp;<\/p>\n","protected":false},"excerpt":{"rendered":"<p>Alla klasser i \u00e5k 3-9 i Karlstads kommun har m\u00f6jlighet att \u00e5ka p\u00e5 studiebes\u00f6k till reningsverk. Vid studiebes\u00f6ken f\u00e5r ni l\u00e4ra er mer om hur det g\u00e5r till att rena avloppsvattnet, varf\u00f6r man m\u00e5ste rena avloppsvattnet, vad man f\u00e5r och inte f\u00e5r spola ner i toaletten, vad vattnet kostar m.m. Ni f\u00e5r ocks\u00e5 se de &hellip; <\/p>\n<p class=\"link-more\"><a href=\"https:\/\/skola.karlstad.se\/gronatraden\/besok-ett-reningsverk\/\" class=\"more-link\">Forts\u00e4tt l\u00e4sa<span class=\"screen-reader-text\"> \u201dBes\u00f6k ett reningsverk\u201d<\/span><\/a><\/p>\n","protected":false},"author":3593,"featured_media":0,"parent":0,"menu_order":0,"comment_status":"closed","ping_status":"closed","template":"","meta":{"footnotes":""},"class_list":["post-753","page","type-page","status-publish","hentry"],"_links":{"self":[{"href":"https:\/\/skola.karlstad.se\/gronatraden\/wp-json\/wp\/v2\/pages\/753","targetHints":{"allow":["GET"]}}],"collection":[{"href":"https:\/\/skola.karlstad.se\/gronatraden\/wp-json\/wp\/v2\/pages"}],"about":[{"href":"https:\/\/skola.karlstad.se\/gronatraden\/wp-json\/wp\/v2\/types\/page"}],"author":[{"embeddable":true,"href":"https:\/\/skola.karlstad.se\/gronatraden\/wp-json\/wp\/v2\/users\/3593"}],"replies":[{"embeddable":true,"href":"https:\/\/skola.karlstad.se\/gronatraden\/wp-json\/wp\/v2\/comments?post=753"}],"version-history":[{"count":34,"href":"https:\/\/skola.karlstad.se\/gronatraden\/wp-json\/wp\/v2\/pages\/753\/revisions"}],"predecessor-version":[{"id":1992,"href":"https:\/\/skola.karlstad.se\/gronatraden\/wp-json\/wp\/v2\/pages\/753\/revisions\/1992"}],"wp:attachment":[{"href":"https:\/\/skola.karlstad.se\/gronatraden\/wp-json\/wp\/v2\/media?parent=753"}],"curies":[{"name":"wp","href":"https:\/\/api.w.org\/{rel}","templated":true}]}}