{"id":823,"date":"2024-08-06T12:23:39","date_gmt":"2024-08-06T10:23:39","guid":{"rendered":"https:\/\/skola.karlstad.se\/gronatraden\/?page_id=823"},"modified":"2024-08-07T13:03:37","modified_gmt":"2024-08-07T11:03:37","slug":"besok-vaxnas-atervinningscentral","status":"publish","type":"page","link":"https:\/\/skola.karlstad.se\/gronatraden\/besok-vaxnas-atervinningscentral\/","title":{"rendered":"Bes\u00f6k V\u00e5xn\u00e4s \u00e5tervinningscentral"},"content":{"rendered":"\n<figure class=\"wp-block-image size-full\"><img loading=\"lazy\" decoding=\"async\" width=\"910\" height=\"334\" src=\"https:\/\/skola.karlstad.se\/gronatraden\/wp-content\/uploads\/sites\/1520\/2024\/08\/Karlstads-energi.jpg\" alt=\"\" class=\"wp-image-824\" srcset=\"https:\/\/skola.karlstad.se\/gronatraden\/wp-content\/uploads\/sites\/1520\/2024\/08\/Karlstads-energi.jpg 910w, https:\/\/skola.karlstad.se\/gronatraden\/wp-content\/uploads\/sites\/1520\/2024\/08\/Karlstads-energi-300x110.jpg 300w, https:\/\/skola.karlstad.se\/gronatraden\/wp-content\/uploads\/sites\/1520\/2024\/08\/Karlstads-energi-768x282.jpg 768w\" sizes=\"auto, (max-width: 767px) 89vw, (max-width: 1000px) 54vw, (max-width: 1071px) 543px, 580px\" \/><\/figure>\n\n\n\n<p>Klasser i \u00e5k 3 i Karlstads kommun har m\u00f6jlighet att \u00e5ka p\u00e5 studiebes\u00f6k till Karlstads energi p\u00e5 V\u00e5xn\u00e4s \u00e5tervinningscentral.<br>Vid studiebes\u00f6ket f\u00e5r ni l\u00e4ra er mer om sopsortering genom lekfulla och l\u00e4rorika aktiviteter. <br>M\u00e5let \u00e4r att det ska vara pedagogiskt och lekfullt att l\u00e4ra sig om \u00e5tervinning, grovavfall och \u00e5terbruk!<\/p>\n\n\n\n<p><strong>Plats:<\/strong>\u00a0\u00c5tervinningcentral V\u00e5xn\u00e4s,\u00a0\u00a0Nya Dep\u00e5v\u00e4gen 2.<br><strong>M\u00e5lgrupp:\u00a0<\/strong>\u00e5k 3<br><strong>Tids\u00e5tg\u00e5ng:\u00a0<\/strong>1 timme<br><strong>Period:\u00a0<\/strong>Vecka 39, m\u00e5ndag \u2013 fredag<br><strong>Tid:\u00a0<\/strong>09:30 &#8211; 10:30 eller 12:00 &#8211; 13:00<br><strong>Gruppstorlek:<\/strong>\u00a0Klassvis, med minst tv\u00e5 medf\u00f6ljande pedagoger\u00a0<br><strong>Kopplingar till undervisning och styrdokument:<\/strong> <br>\u2013 Kursplanen i NO<br>\u2013 Globala m\u00e5len: 11 och 12<br>\u2013 Framtidsval<br>\u2013 Passar bra f\u00f6r er som arbetat med NTA-temat &#8221;Fasta \u00e4mnen och v\u00e4tskor&#8221; under v\u00e5rterminen<\/p>\n\n\n\n<p><strong>Att ta sig hit:<\/strong><br>Cykel:&nbsp;<br>Det g\u00e5r fint att ta sig till \u00e5tervinningscentralen med cykel. Parkera cyklarna vid racketcenter och g\u00e5 den sista biten till \u00e5tervinningscentralen. Det g\u00e5r inte att parkera cyklarna p\u00e5 \u00e5tervinningscentralen.&nbsp;<\/p>\n\n\n\n<p>Buss:<br>Den n\u00e4rmsta bussh\u00e5llplats \u00e4r &#8221;Bl\u00e5ljusbyn&#8221; dit kan man \u00e5ka med stadsbuss 3, d\u00e4rifr\u00e5n \u00e4r det cirka 1 minuts promenad. Man kan \u00e4ven ta stadsbussen till bussh\u00e5llplats &#8221;Innebandy arena&#8221; med stadsbuss 1 och 5, d\u00e4rifr\u00e5n \u00e4r det cirka 10 minuters promenad.<br><a href=\"https:\/\/solsidan.omniacloud.net\/start\/service-och-stod\/resor-logi-och-transporter\/buss\" data-type=\"link\" data-id=\"https:\/\/solsidan.omniacloud.net\/start\/service-och-stod\/resor-logi-och-transporter\/buss\" target=\"_blank\" rel=\"noreferrer noopener\">Information om bussbokning.<\/a>&nbsp;<br>Har ni inte m\u00f6jlighet att resa med stadsbuss, ange det i anm\u00e4lan s\u00e5 kan vi unders\u00f6ka m\u00f6jligheten att erbjuda en best\u00e4lld buss till er.<\/p>\n\n\n\n<div class=\"wp-block-buttons is-layout-flex wp-block-buttons-is-layout-flex\">\n<div class=\"wp-block-button\"><a class=\"wp-block-button__link wp-element-button\" href=\"https:\/\/forms.office.com\/e\/H9HxPfZL8X\" target=\"_blank\" rel=\"noreferrer noopener\">Anm\u00e4l intresse h\u00e4r<\/a><\/div>\n<\/div>\n\n\n\n<p><br><strong>Sista anm\u00e4lan: 30 augusti.&nbsp;<\/strong><br>Detta \u00e4r en intresseanm\u00e4lan, vi kommer att s\u00e4tta ihop ett schema i v.36 och ni f\u00e5r besked om eventuellt studiebes\u00f6k senast den 9 september.&nbsp; Att delta \u00e4r kostnadsfritt!&nbsp;<\/p>\n\n\n\n<div class=\"wp-block-columns is-layout-flex wp-container-core-columns-is-layout-9d6595d7 wp-block-columns-is-layout-flex\">\n<div class=\"wp-block-column is-layout-flow wp-block-column-is-layout-flow\">\n<figure class=\"wp-block-image size-full\"><a href=\"https:\/\/karlstadskommunonline.sharepoint.com\/:b:\/s\/Laboratoriet168\/EdkWj6W69WJFgndm9smBEJcBqVsiarZPWaRPXfTJVqya4A?e=jqd7ot\" target=\"_blank\" rel=\"noreferrer noopener\"><img loading=\"lazy\" decoding=\"async\" width=\"675\" height=\"956\" src=\"https:\/\/skola.karlstad.se\/gronatraden\/wp-content\/uploads\/sites\/1520\/2024\/08\/Karlstads-energi-infoblad-1.jpg\" alt=\"\" class=\"wp-image-829\" srcset=\"https:\/\/skola.karlstad.se\/gronatraden\/wp-content\/uploads\/sites\/1520\/2024\/08\/Karlstads-energi-infoblad-1.jpg 675w, https:\/\/skola.karlstad.se\/gronatraden\/wp-content\/uploads\/sites\/1520\/2024\/08\/Karlstads-energi-infoblad-1-212x300.jpg 212w\" sizes=\"auto, (max-width: 675px) 100vw, 675px\" \/><\/a><\/figure>\n\n\n\n<p class=\"has-text-align-center\"><strong><a href=\"https:\/\/karlstadskommunonline.sharepoint.com\/:b:\/s\/Laboratoriet168\/EdkWj6W69WJFgndm9smBEJcBqVsiarZPWaRPXfTJVqya4A?e=jqd7ot\" target=\"_blank\" rel=\"noreferrer noopener\">Infoblad i PDF format<\/a><\/strong><\/p>\n<\/div>\n\n\n\n<div class=\"wp-block-column is-layout-flow wp-block-column-is-layout-flow\"><\/div>\n\n\n\n<div class=\"wp-block-column is-layout-flow wp-block-column-is-layout-flow\"><\/div>\n<\/div>\n\n\n\n<p>I&nbsp;<a href=\"http:\/\/tiny.cc\/yrkesbiblioteket\" target=\"_blank\" rel=\"noreferrer noopener\">Yrkesbiblioteket&nbsp;<\/a>finns mer tips p\u00e5 studiebes\u00f6k och andra aktiviteter f\u00f6r att samverka med arbetslivet.<\/p>\n","protected":false},"excerpt":{"rendered":"<p>Klasser i \u00e5k 3 i Karlstads kommun har m\u00f6jlighet att \u00e5ka p\u00e5 studiebes\u00f6k till Karlstads energi p\u00e5 V\u00e5xn\u00e4s \u00e5tervinningscentral.Vid studiebes\u00f6ket f\u00e5r ni l\u00e4ra er mer om sopsortering genom lekfulla och l\u00e4rorika aktiviteter. M\u00e5let \u00e4r att det ska vara pedagogiskt och lekfullt att l\u00e4ra sig om \u00e5tervinning, grovavfall och \u00e5terbruk! Plats:\u00a0\u00c5tervinningcentral V\u00e5xn\u00e4s,\u00a0\u00a0Nya Dep\u00e5v\u00e4gen 2.M\u00e5lgrupp:\u00a0\u00e5k 3Tids\u00e5tg\u00e5ng:\u00a01 timmePeriod:\u00a0Vecka &hellip; <\/p>\n<p class=\"link-more\"><a href=\"https:\/\/skola.karlstad.se\/gronatraden\/besok-vaxnas-atervinningscentral\/\" class=\"more-link\">Forts\u00e4tt l\u00e4sa<span class=\"screen-reader-text\"> \u201dBes\u00f6k V\u00e5xn\u00e4s \u00e5tervinningscentral\u201d<\/span><\/a><\/p>\n","protected":false},"author":3593,"featured_media":0,"parent":0,"menu_order":0,"comment_status":"closed","ping_status":"closed","template":"","meta":{"footnotes":""},"class_list":["post-823","page","type-page","status-publish","hentry"],"_links":{"self":[{"href":"https:\/\/skola.karlstad.se\/gronatraden\/wp-json\/wp\/v2\/pages\/823","targetHints":{"allow":["GET"]}}],"collection":[{"href":"https:\/\/skola.karlstad.se\/gronatraden\/wp-json\/wp\/v2\/pages"}],"about":[{"href":"https:\/\/skola.karlstad.se\/gronatraden\/wp-json\/wp\/v2\/types\/page"}],"author":[{"embeddable":true,"href":"https:\/\/skola.karlstad.se\/gronatraden\/wp-json\/wp\/v2\/users\/3593"}],"replies":[{"embeddable":true,"href":"https:\/\/skola.karlstad.se\/gronatraden\/wp-json\/wp\/v2\/comments?post=823"}],"version-history":[{"count":12,"href":"https:\/\/skola.karlstad.se\/gronatraden\/wp-json\/wp\/v2\/pages\/823\/revisions"}],"predecessor-version":[{"id":904,"href":"https:\/\/skola.karlstad.se\/gronatraden\/wp-json\/wp\/v2\/pages\/823\/revisions\/904"}],"wp:attachment":[{"href":"https:\/\/skola.karlstad.se\/gronatraden\/wp-json\/wp\/v2\/media?parent=823"}],"curies":[{"name":"wp","href":"https:\/\/api.w.org\/{rel}","templated":true}]}}