{"id":862,"date":"2024-08-07T14:55:51","date_gmt":"2024-08-07T12:55:51","guid":{"rendered":"https:\/\/skola.karlstad.se\/gronatraden\/?page_id=862"},"modified":"2025-01-10T10:29:56","modified_gmt":"2025-01-10T09:29:56","slug":"besok-en-bondgard-ht2024","status":"publish","type":"page","link":"https:\/\/skola.karlstad.se\/gronatraden\/besok-en-bondgard-ht2024\/","title":{"rendered":"Bes\u00f6k en bondg\u00e5rd ht 2024"},"content":{"rendered":"\n<figure class=\"wp-block-gallery has-nested-images columns-default is-cropped wp-block-gallery-1 is-layout-flex wp-block-gallery-is-layout-flex\">\n<figure class=\"wp-block-image size-large\"><img loading=\"lazy\" decoding=\"async\" width=\"674\" height=\"310\" data-id=\"877\" src=\"https:\/\/skola.karlstad.se\/gronatraden\/wp-content\/uploads\/sites\/1520\/2024\/08\/Mjolkkor-3.jpg\" alt=\"\" class=\"wp-image-877\" srcset=\"https:\/\/skola.karlstad.se\/gronatraden\/wp-content\/uploads\/sites\/1520\/2024\/08\/Mjolkkor-3.jpg 674w, https:\/\/skola.karlstad.se\/gronatraden\/wp-content\/uploads\/sites\/1520\/2024\/08\/Mjolkkor-3-300x138.jpg 300w\" sizes=\"auto, (max-width: 674px) 100vw, 674px\" \/><\/figure>\n<\/figure>\n\n\n\n<p>Genom ett samarbete med LRF (Lantbrukarnas riksf\u00f6rbund) kan vi nu erbjuda studiebes\u00f6k till bondg\u00e5rdar. Bondg\u00e5rdarna har olika verksamheter, som t.ex. v\u00e4xtodling, skog, k\u00f6ttdjur och mj\u00f6lkkor. Bes\u00f6ken riktar sig i f\u00f6rsta hand till \u00e5k 4-6, men ocks\u00e5 klasser i andra \u00e5rskurser kan anm\u00e4la intresse. <\/p>\n\n\n\n<p>Vid bes\u00f6ken f\u00e5r eleverna l\u00e4ra sig mer om var maten vi \u00e4ter kommer ifr\u00e5n och hur det \u00e4r att arbeta som bonde. Bes\u00f6ket och det f\u00f6r- och efterarbete ni g\u00f6r i klassrummet kan kopplas till m\u00e5nga olika \u00e4mnen. Se g\u00e4rna <a href=\"https:\/\/www.bondeniskolan.se\/for-pedagog\/\" target=\"_blank\" rel=\"noreferrer noopener\">Bonden i skolans hemsida<\/a> f\u00f6r inspiration och exempel p\u00e5 l\u00e4roplanskopplingar. <\/p>\n\n\n\n<p><strong>Plats:<\/strong>&nbsp;Olika bondg\u00e5rdar i V\u00e4rmland<br><strong>M\u00e5lgrupp:&nbsp;<\/strong>\u00c5k 4 \u2013 6<br><strong>Period<\/strong>: September &#8211; oktober 2024<br><strong>Tids\u00e5tg\u00e5ng:<\/strong> Ca 2 timmar + restid<br><strong>Gruppstorlek:<\/strong>&nbsp;Klassvis <br><strong>Kopplingar till undervisning och styrdokument:<\/strong> <br>\u2013 <a href=\"https:\/\/www.bondeniskolan.se\/media\/g4sd5crh\/l%C3%A4roplanskopplingar-g%C3%A5rdsbes%C3%B6k.pdf\" data-type=\"link\" data-id=\"https:\/\/www.bondeniskolan.se\/media\/g4sd5crh\/l%C3%A4roplanskopplingar-g%C3%A5rdsbes%C3%B6k.pdf\" target=\"_blank\" rel=\"noreferrer noopener\">Kursplaner i NO och teknik, SO, bild, svenska, matematik och hemkunskap. <\/a><br>\u2013 Framtidsval<br>\u2013 Globala m\u00e5len: 12 och 15<br>\u2013 Passar i samband med NTA-teman &#8221;Fr\u00e5n fr\u00f6 till fr\u00f6&#8221;, &#8221;Papper&#8221; och &#8221;Matens kemi&#8221;.<\/p>\n\n\n\n<p><strong>Att ta sig hit:<\/strong> <br>Ni har m\u00f6jlighet att \u00e5ka med best\u00e4lld buss som finansieras av projektet Gr\u00f6na tr\u00e5den. <\/p>\n\n\n\n<div class=\"wp-block-buttons is-layout-flex wp-block-buttons-is-layout-flex\">\n<div class=\"wp-block-button\"><a class=\"wp-block-button__link wp-element-button\" href=\"https:\/\/forms.office.com\/pages\/responsepage.aspx?id=-Ogf-sViikKANAOLyKbPZoYe3Uynm-dAhcuauYR64chUMDNMTVcxNkhaQVlRWlA2VDNUNExSRVFPQy4u\" target=\"_blank\" rel=\"noreferrer noopener\">Anm\u00e4l intresse h\u00e4r<\/a><\/div>\n<\/div>\n\n\n\n<p><\/p>\n\n\n\n<ol class=\"wp-block-list\">\n<li><strong>Anm\u00e4l intresse senast 23 augusti 2024<\/strong>. Att delta \u00e4r kostnadsfritt.<\/li>\n\n\n\n<li>Under v. 35-36 f\u00e5r ni besked om ni f\u00e5r m\u00f6jlighet att \u00e5ka. <\/li>\n\n\n\n<li>Om ni blir utvalda f\u00e5r ni kontaktuppgifter till en g\u00e5rd f\u00f6r att best\u00e4mma dag &amp; tid f\u00f6r bes\u00f6ket.<\/li>\n\n\n\n<li>Ni f\u00e5r information om hur ni g\u00f6r f\u00f6r att boka buss (projektet st\u00e5r f\u00f6r kostnaden).<\/li>\n<\/ol>\n\n\n\n<p>Det kommer ocks\u00e5 finnas m\u00f6jlighet f\u00f6r studiebes\u00f6k p\u00e5 bondg\u00e5rdar under v\u00e5rterminen 2025, mer information kommer senare under h\u00f6stterminen. <\/p>\n","protected":false},"excerpt":{"rendered":"<p>Genom ett samarbete med LRF (Lantbrukarnas riksf\u00f6rbund) kan vi nu erbjuda studiebes\u00f6k till bondg\u00e5rdar. Bondg\u00e5rdarna har olika verksamheter, som t.ex. v\u00e4xtodling, skog, k\u00f6ttdjur och mj\u00f6lkkor. Bes\u00f6ken riktar sig i f\u00f6rsta hand till \u00e5k 4-6, men ocks\u00e5 klasser i andra \u00e5rskurser kan anm\u00e4la intresse. Vid bes\u00f6ken f\u00e5r eleverna l\u00e4ra sig mer om var maten vi \u00e4ter &hellip; <\/p>\n<p class=\"link-more\"><a href=\"https:\/\/skola.karlstad.se\/gronatraden\/besok-en-bondgard-ht2024\/\" class=\"more-link\">Forts\u00e4tt l\u00e4sa<span class=\"screen-reader-text\"> \u201dBes\u00f6k en bondg\u00e5rd ht 2024\u201d<\/span><\/a><\/p>\n","protected":false},"author":42,"featured_media":0,"parent":0,"menu_order":0,"comment_status":"closed","ping_status":"closed","template":"","meta":{"footnotes":""},"class_list":["post-862","page","type-page","status-publish","hentry"],"_links":{"self":[{"href":"https:\/\/skola.karlstad.se\/gronatraden\/wp-json\/wp\/v2\/pages\/862","targetHints":{"allow":["GET"]}}],"collection":[{"href":"https:\/\/skola.karlstad.se\/gronatraden\/wp-json\/wp\/v2\/pages"}],"about":[{"href":"https:\/\/skola.karlstad.se\/gronatraden\/wp-json\/wp\/v2\/types\/page"}],"author":[{"embeddable":true,"href":"https:\/\/skola.karlstad.se\/gronatraden\/wp-json\/wp\/v2\/users\/42"}],"replies":[{"embeddable":true,"href":"https:\/\/skola.karlstad.se\/gronatraden\/wp-json\/wp\/v2\/comments?post=862"}],"version-history":[{"count":24,"href":"https:\/\/skola.karlstad.se\/gronatraden\/wp-json\/wp\/v2\/pages\/862\/revisions"}],"predecessor-version":[{"id":1314,"href":"https:\/\/skola.karlstad.se\/gronatraden\/wp-json\/wp\/v2\/pages\/862\/revisions\/1314"}],"wp:attachment":[{"href":"https:\/\/skola.karlstad.se\/gronatraden\/wp-json\/wp\/v2\/media?parent=862"}],"curies":[{"name":"wp","href":"https:\/\/api.w.org\/{rel}","templated":true}]}}