{"id":1198,"date":"2019-09-16T14:53:26","date_gmt":"2019-09-16T12:53:26","guid":{"rendered":"http:\/\/skola.karlstad.se\/naturskolan\/?page_id=1198"},"modified":"2019-09-16T14:56:17","modified_gmt":"2019-09-16T12:56:17","slug":"friluftsliv","status":"publish","type":"page","link":"https:\/\/skola.karlstad.se\/naturskolan\/friluftsliv\/","title":{"rendered":"Friluftsliv"},"content":{"rendered":"<p>I denna l\u00e5da hittar ni material till en m\u00e4ngd olika aktiviteter. De kan anv\u00e4ndas p\u00e5 lektioner eller till l\u00e4ngre utevistelse. I l\u00e4rarhandledningen finns det \u00f6vningar som kan hj\u00e4lpa eleverna att uppleva naturen och se friluftslivet som rekreation, och det finns \u00f6vningar som tr\u00e4nar dem i friluftsteknik. Som l\u00e4rare kan du v\u00e4lja beroende p\u00e5 syftet med friluftslivet och vilka m\u00e5l ni arbetar mot.<\/p>\n<p><a href=\"https:\/\/1drv.ms\/w\/s!AuuVogClbtYZkxVRWngZ1DaEv0e6?e=zKbTZs\">Till l\u00e4rarhandledningen &gt;<\/a><\/p>\n<p><a href=\"https:\/\/1drv.ms\/w\/s!AuuVogClbtYZkxSDenXAEapTKTbf?e=zf3Yf4\">Till materiallistan &gt;<\/a><\/p>\n","protected":false},"excerpt":{"rendered":"<p>I denna l\u00e5da hittar ni material till en m\u00e4ngd olika aktiviteter. De kan anv\u00e4ndas p\u00e5 lektioner eller till l\u00e4ngre utevistelse. I l\u00e4rarhandledningen finns det \u00f6vningar som kan hj\u00e4lpa eleverna att uppleva naturen och se friluftslivet som rekreation, och det finns \u00f6vningar som tr\u00e4nar dem i friluftsteknik. Som l\u00e4rare kan du v\u00e4lja beroende p\u00e5 syftet med &hellip; <\/p>\n<p class=\"link-more\"><a href=\"https:\/\/skola.karlstad.se\/naturskolan\/friluftsliv\/\" class=\"more-link\">Forts\u00e4tt l\u00e4sa<span class=\"screen-reader-text\"> \u201dFriluftsliv\u201d<\/span><\/a><\/p>\n","protected":false},"author":590,"featured_media":0,"parent":0,"menu_order":0,"comment_status":"closed","ping_status":"closed","template":"","meta":{"footnotes":""},"class_list":["post-1198","page","type-page","status-publish","hentry"],"_links":{"self":[{"href":"https:\/\/skola.karlstad.se\/naturskolan\/wp-json\/wp\/v2\/pages\/1198","targetHints":{"allow":["GET"]}}],"collection":[{"href":"https:\/\/skola.karlstad.se\/naturskolan\/wp-json\/wp\/v2\/pages"}],"about":[{"href":"https:\/\/skola.karlstad.se\/naturskolan\/wp-json\/wp\/v2\/types\/page"}],"author":[{"embeddable":true,"href":"https:\/\/skola.karlstad.se\/naturskolan\/wp-json\/wp\/v2\/users\/590"}],"replies":[{"embeddable":true,"href":"https:\/\/skola.karlstad.se\/naturskolan\/wp-json\/wp\/v2\/comments?post=1198"}],"version-history":[{"count":2,"href":"https:\/\/skola.karlstad.se\/naturskolan\/wp-json\/wp\/v2\/pages\/1198\/revisions"}],"predecessor-version":[{"id":1201,"href":"https:\/\/skola.karlstad.se\/naturskolan\/wp-json\/wp\/v2\/pages\/1198\/revisions\/1201"}],"wp:attachment":[{"href":"https:\/\/skola.karlstad.se\/naturskolan\/wp-json\/wp\/v2\/media?parent=1198"}],"curies":[{"name":"wp","href":"https:\/\/api.w.org\/{rel}","templated":true}]}}