{"id":1202,"date":"2019-09-16T15:02:18","date_gmt":"2019-09-16T13:02:18","guid":{"rendered":"http:\/\/skola.karlstad.se\/naturskolan\/?page_id=1202"},"modified":"2019-10-15T10:07:20","modified_gmt":"2019-10-15T08:07:20","slug":"iskunskap","status":"publish","type":"page","link":"https:\/\/skola.karlstad.se\/naturskolan\/iskunskap\/","title":{"rendered":"Iskunskap"},"content":{"rendered":"<p><img loading=\"lazy\" decoding=\"async\" class=\"alignleft size-medium wp-image-1245\" src=\"http:\/\/skola.karlstad.se\/naturskolan\/wp-content\/uploads\/sites\/427\/2019\/10\/IMG_0580-300x225.jpg\" alt=\"\" width=\"300\" height=\"225\" srcset=\"https:\/\/skola.karlstad.se\/naturskolan\/wp-content\/uploads\/sites\/427\/2019\/10\/IMG_0580-300x225.jpg 300w, https:\/\/skola.karlstad.se\/naturskolan\/wp-content\/uploads\/sites\/427\/2019\/10\/IMG_0580-768x576.jpg 768w, https:\/\/skola.karlstad.se\/naturskolan\/wp-content\/uploads\/sites\/427\/2019\/10\/IMG_0580-1024x768.jpg 1024w, https:\/\/skola.karlstad.se\/naturskolan\/wp-content\/uploads\/sites\/427\/2019\/10\/IMG_0580-640x480.jpg 640w\" sizes=\"auto, (max-width: 300px) 100vw, 300px\" \/>I denna l\u00e5da hittar du s\u00e4kerhetsutrustning f\u00f6r att kunna \u00f6va dina elever i s\u00e4kerhet vid vatten vintertid. V\u00e5r stad \u00e4r uppbyggd p\u00e5 Klar\u00e4lvens deltasystem som mynnar ut i V\u00e4nern s\u00e5 sj\u00e4lvklart b\u00f6r alla l\u00e4ra sig att r\u00e4dda sig sj\u00e4lv och andra. Med denna utrustning kan eleverna p\u00e5 riktigt f\u00e5 k\u00e4nna hur det \u00e4r att f\u00f6rs\u00f6ka r\u00e4dda n\u00e5gon som g\u00e5tt genom isen.<\/p>\n<p>I l\u00e4rarhandledningen finner du teori om istillv\u00e4xt, iss\u00e4kerhet, isfiske och kl\u00e4dsel. D\u00e4r finns ocks\u00e5 aktiviteter beskrivna f\u00f6r att praktiskt \u00f6va inom varje omr\u00e5de.<\/p>\n<p>H\u00e4r kan du se <a href=\"https:\/\/1drv.ms\/w\/s!AuuVogClbtYZkxj_hQ6gyJJOdvBd?e=YdQVRf\">materiallistan &gt;<\/a><\/p>\n<p>H\u00e4r hittar du <a href=\"https:\/\/1drv.ms\/w\/s!AuuVogClbtYZkyZJVQMu1Ixtzm3Q?e=rXteAS\">l\u00e4rarhandledningen &gt;<\/a><\/p>\n","protected":false},"excerpt":{"rendered":"<p>I denna l\u00e5da hittar du s\u00e4kerhetsutrustning f\u00f6r att kunna \u00f6va dina elever i s\u00e4kerhet vid vatten vintertid. V\u00e5r stad \u00e4r uppbyggd p\u00e5 Klar\u00e4lvens deltasystem som mynnar ut i V\u00e4nern s\u00e5 sj\u00e4lvklart b\u00f6r alla l\u00e4ra sig att r\u00e4dda sig sj\u00e4lv och andra. Med denna utrustning kan eleverna p\u00e5 riktigt f\u00e5 k\u00e4nna hur det \u00e4r att f\u00f6rs\u00f6ka &hellip; <\/p>\n<p class=\"link-more\"><a href=\"https:\/\/skola.karlstad.se\/naturskolan\/iskunskap\/\" class=\"more-link\">Forts\u00e4tt l\u00e4sa<span class=\"screen-reader-text\"> \u201dIskunskap\u201d<\/span><\/a><\/p>\n","protected":false},"author":590,"featured_media":0,"parent":0,"menu_order":0,"comment_status":"closed","ping_status":"closed","template":"","meta":{"footnotes":""},"class_list":["post-1202","page","type-page","status-publish","hentry"],"_links":{"self":[{"href":"https:\/\/skola.karlstad.se\/naturskolan\/wp-json\/wp\/v2\/pages\/1202","targetHints":{"allow":["GET"]}}],"collection":[{"href":"https:\/\/skola.karlstad.se\/naturskolan\/wp-json\/wp\/v2\/pages"}],"about":[{"href":"https:\/\/skola.karlstad.se\/naturskolan\/wp-json\/wp\/v2\/types\/page"}],"author":[{"embeddable":true,"href":"https:\/\/skola.karlstad.se\/naturskolan\/wp-json\/wp\/v2\/users\/590"}],"replies":[{"embeddable":true,"href":"https:\/\/skola.karlstad.se\/naturskolan\/wp-json\/wp\/v2\/comments?post=1202"}],"version-history":[{"count":5,"href":"https:\/\/skola.karlstad.se\/naturskolan\/wp-json\/wp\/v2\/pages\/1202\/revisions"}],"predecessor-version":[{"id":1246,"href":"https:\/\/skola.karlstad.se\/naturskolan\/wp-json\/wp\/v2\/pages\/1202\/revisions\/1246"}],"wp:attachment":[{"href":"https:\/\/skola.karlstad.se\/naturskolan\/wp-json\/wp\/v2\/media?parent=1202"}],"curies":[{"name":"wp","href":"https:\/\/api.w.org\/{rel}","templated":true}]}}