{"id":1207,"date":"2019-09-18T14:48:56","date_gmt":"2019-09-18T12:48:56","guid":{"rendered":"http:\/\/skola.karlstad.se\/naturskolan\/?page_id=1207"},"modified":"2019-10-15T10:04:13","modified_gmt":"2019-10-15T08:04:13","slug":"smakryp-pa-land","status":"publish","type":"page","link":"https:\/\/skola.karlstad.se\/naturskolan\/smakryp-pa-land\/","title":{"rendered":"Sm\u00e5kryp p\u00e5 land"},"content":{"rendered":"<p><img loading=\"lazy\" decoding=\"async\" class=\"alignleft size-medium wp-image-1243\" src=\"http:\/\/skola.karlstad.se\/naturskolan\/wp-content\/uploads\/sites\/427\/2019\/10\/IMG_0578-300x225.jpg\" alt=\"\" width=\"300\" height=\"225\" srcset=\"https:\/\/skola.karlstad.se\/naturskolan\/wp-content\/uploads\/sites\/427\/2019\/10\/IMG_0578-300x225.jpg 300w, https:\/\/skola.karlstad.se\/naturskolan\/wp-content\/uploads\/sites\/427\/2019\/10\/IMG_0578-768x576.jpg 768w, https:\/\/skola.karlstad.se\/naturskolan\/wp-content\/uploads\/sites\/427\/2019\/10\/IMG_0578-1024x768.jpg 1024w, https:\/\/skola.karlstad.se\/naturskolan\/wp-content\/uploads\/sites\/427\/2019\/10\/IMG_0578-640x480.jpg 640w\" sizes=\"auto, (max-width: 300px) 100vw, 300px\" \/>I denna l\u00e5da finns material f\u00f6r att kunna utforska insekter och andra sm\u00e5kryps fascinerande v\u00e4rld. Dessa viktiga sm\u00e5 kryp som ser till att vi f\u00e5r b\u00e4r, blommor, frukt och n\u00e4ring tillbaka till v\u00e5ra marker. Temat passar utm\u00e4rkt att anv\u00e4nda i samband med NTA temat Jord och\/eller Fr\u00f6 till fr\u00f6.<\/p>\n<p>H\u00e4r kan du se <a href=\"https:\/\/1drv.ms\/x\/s!AuuVogClbtYZkxp8VTueqBQm_co-?e=PhYnKu\">materiallistan &gt;<\/a><\/p>\n<p>H\u00e4r finner du <a href=\"https:\/\/1drv.ms\/w\/s!AuuVogClbtYZkxn3mSR4NYz6Z1uD?e=hpDoqH\">l\u00e4rarhandledningen &gt;<\/a><\/p>\n","protected":false},"excerpt":{"rendered":"<p>I denna l\u00e5da finns material f\u00f6r att kunna utforska insekter och andra sm\u00e5kryps fascinerande v\u00e4rld. Dessa viktiga sm\u00e5 kryp som ser till att vi f\u00e5r b\u00e4r, blommor, frukt och n\u00e4ring tillbaka till v\u00e5ra marker. Temat passar utm\u00e4rkt att anv\u00e4nda i samband med NTA temat Jord och\/eller Fr\u00f6 till fr\u00f6. H\u00e4r kan du se materiallistan &gt; &hellip; <\/p>\n<p class=\"link-more\"><a href=\"https:\/\/skola.karlstad.se\/naturskolan\/smakryp-pa-land\/\" class=\"more-link\">Forts\u00e4tt l\u00e4sa<span class=\"screen-reader-text\"> \u201dSm\u00e5kryp p\u00e5 land\u201d<\/span><\/a><\/p>\n","protected":false},"author":590,"featured_media":0,"parent":0,"menu_order":0,"comment_status":"closed","ping_status":"closed","template":"","meta":{"footnotes":""},"class_list":["post-1207","page","type-page","status-publish","hentry"],"_links":{"self":[{"href":"https:\/\/skola.karlstad.se\/naturskolan\/wp-json\/wp\/v2\/pages\/1207","targetHints":{"allow":["GET"]}}],"collection":[{"href":"https:\/\/skola.karlstad.se\/naturskolan\/wp-json\/wp\/v2\/pages"}],"about":[{"href":"https:\/\/skola.karlstad.se\/naturskolan\/wp-json\/wp\/v2\/types\/page"}],"author":[{"embeddable":true,"href":"https:\/\/skola.karlstad.se\/naturskolan\/wp-json\/wp\/v2\/users\/590"}],"replies":[{"embeddable":true,"href":"https:\/\/skola.karlstad.se\/naturskolan\/wp-json\/wp\/v2\/comments?post=1207"}],"version-history":[{"count":2,"href":"https:\/\/skola.karlstad.se\/naturskolan\/wp-json\/wp\/v2\/pages\/1207\/revisions"}],"predecessor-version":[{"id":1244,"href":"https:\/\/skola.karlstad.se\/naturskolan\/wp-json\/wp\/v2\/pages\/1207\/revisions\/1244"}],"wp:attachment":[{"href":"https:\/\/skola.karlstad.se\/naturskolan\/wp-json\/wp\/v2\/media?parent=1207"}],"curies":[{"name":"wp","href":"https:\/\/api.w.org\/{rel}","templated":true}]}}